{"id":1438,"date":"2017-09-18T17:31:19","date_gmt":"2017-09-18T15:31:19","guid":{"rendered":"https:\/\/gassin.eu\/?page_id=1438"},"modified":"2026-05-05T14:37:56","modified_gmt":"2026-05-05T12:37:56","slug":"personalisierte-aufnahme","status":"publish","type":"page","link":"https:\/\/gassin.eu\/de\/praktische-informationen\/personalisierte-aufnahme\/","title":{"rendered":"Pers\u00f6nlicher Empfang"},"content":{"rendered":"\n<p class=\"wp-block-paragraph\"><strong>Bereiten Sie Ihren Aufenthalt in Gassin in aller Ruhe vor!<\/strong><br\/>Vereinbaren Sie telefonisch oder pers\u00f6nlich einen Termin mit einer unserer Reiseberaterinnen im Fremdenverkehrsb\u00fcro. Wer k\u00f6nnte Ihnen besser helfen, Ihren Urlaub aus der Ferne oder vor Ort in aller Ruhe zu planen, als eine Expertin des Reiseziels? <\/p>\n\n<p class=\"wp-block-paragraph\">Gemeinsam k\u00f6nnen Sie einen Aufenthalt in Gassin und im Golf von Saint-Tropez nach Ihren Vorstellungen planen, ganz nach Ihren W\u00fcnschen, Ihrem Geschmack und Ihren Erwartungen. Sportliche oder kulturelle Aktivit\u00e4ten, lokale Entdeckungen, <a href=\"https:\/\/gassin.eu\/de\/veranstaltungen\/\">Veranstaltungen<\/a>: Wir leiten Sie an und k\u00f6nnen einige Reservierungen im Voraus vornehmen, wenn Sie dies w\u00fcnschen. <\/p>\n\n<p class=\"wp-block-paragraph\">Konzerte, F\u00fchrungen, Theater, spielerische Spazierg\u00e4nge, Wassersport, Reiten, Polo, Golf&#8230; Nicht zu vergessen der Charme unseres mittelalterlichen Dorfes, die Weing\u00fcter, die Kapelle Notre-Dame de la Consolation oder auch die M\u00fchle Br\u00fbl\u00e2t. Wir sagen Ihnen alles, was <a href=\"https:\/\/gassin.eu\/de\/kulturerbe\/\">Sie in Gassin nicht verpassen sollten<\/a>!   <\/p>\n\n<p class=\"wp-block-paragraph\">Unsere Beraterinnen empfangen Sie nach Terminvereinbarung:<br\/>&#8211; Montagnachmittag von 14:30 bis 16:30 Uhr<br\/>&#8211; Dienstag- und Freitagmorgen von 9:00 bis 11:00 Uhr, das ganze Jahr \u00fcber.<\/p>\n\n<p class=\"wp-block-paragraph\">Per Telefon: +33 (0)4 98 11 56 51<br\/> Per E-Mail: <a>accueil@gassin.eu<\/a><\/p>\n\n<div class=\"wp-block-group is-layout-constrained wp-block-group-is-layout-constrained\">\n<p class=\"has-text-align-center wp-block-paragraph\">\u00a0<\/p>\n<\/div>\n","protected":false},"excerpt":{"rendered":"<p>Bereiten Sie Ihren Aufenthalt in Gassin in aller Ruhe vor!Vereinbaren Sie telefonisch oder pers\u00f6nlich einen Termin mit einer unserer Reiseberaterinnen im Fremdenverkehrsb\u00fcro. Wer k\u00f6nnte Ihnen besser helfen, Ihren Urlaub aus der Ferne oder vor Ort in aller Ruhe zu planen, als eine Expertin des Reiseziels? Gemeinsam k\u00f6nnen Sie einen Aufenthalt in Gassin und im Golf&#8230;<\/p>\n","protected":false},"author":7,"featured_media":3258,"parent":138,"menu_order":118,"comment_status":"closed","ping_status":"closed","template":"","meta":{"_acf_changed":false,"_crdt_document":"","footnotes":""},"class_list":["post-1438","page","type-page","status-publish","has-post-thumbnail","hentry"],"acf":[],"_links":{"self":[{"href":"https:\/\/gassin.eu\/de\/wp-json\/wp\/v2\/pages\/1438","targetHints":{"allow":["GET"]}}],"collection":[{"href":"https:\/\/gassin.eu\/de\/wp-json\/wp\/v2\/pages"}],"about":[{"href":"https:\/\/gassin.eu\/de\/wp-json\/wp\/v2\/types\/page"}],"author":[{"embeddable":true,"href":"https:\/\/gassin.eu\/de\/wp-json\/wp\/v2\/users\/7"}],"replies":[{"embeddable":true,"href":"https:\/\/gassin.eu\/de\/wp-json\/wp\/v2\/comments?post=1438"}],"version-history":[{"count":5,"href":"https:\/\/gassin.eu\/de\/wp-json\/wp\/v2\/pages\/1438\/revisions"}],"predecessor-version":[{"id":7445,"href":"https:\/\/gassin.eu\/de\/wp-json\/wp\/v2\/pages\/1438\/revisions\/7445"}],"up":[{"embeddable":true,"href":"https:\/\/gassin.eu\/de\/wp-json\/wp\/v2\/pages\/138"}],"wp:featuredmedia":[{"embeddable":true,"href":"https:\/\/gassin.eu\/de\/wp-json\/wp\/v2\/media\/3258"}],"wp:attachment":[{"href":"https:\/\/gassin.eu\/de\/wp-json\/wp\/v2\/media?parent=1438"}],"curies":[{"name":"wp","href":"https:\/\/api.w.org\/{rel}","templated":true}]}}