{"id":1859,"date":"2020-10-07T16:46:23","date_gmt":"2020-10-07T14:46:23","guid":{"rendered":"https:\/\/gassin.eu\/?page_id=1859"},"modified":"2020-11-09T11:04:34","modified_gmt":"2020-11-09T10:04:34","slug":"covid-19-massnahmen-und-sperrgesten","status":"publish","type":"page","link":"https:\/\/gassin.eu\/de\/praktische-informationen\/covid-19-massnahmen-und-sperrgesten\/","title":{"rendered":"COVID-19-Ma\u00dfnahmen und Sperrgesten"},"content":{"rendered":"\n<p class=\"wp-block-paragraph\">W\u00e4hrend wir die B\u00fcros einsperren, bleiben unsere B\u00fcros bis auf weiteres geschlossen, aber unsere Agenten sichern die Kontinuit\u00e4t aller Dienste und bleiben bei Ihnen. Wir bitten Sie, uns per Mail oder Telefon bei allen Anfragen zu Ihrem n\u00e4chsten Aufenthalt zu kontaktieren.<\/p>\n\n\n\n<p class=\"wp-block-paragraph\">Pr\u00e4ventive Gesundheitsinformationen und -ma\u00dfnahmen innerhalb des Amtes:<\/p>\n\n\n\n<figure class=\"wp-block-image size-large\"><img loading=\"lazy\" decoding=\"async\" width=\"692\" height=\"979\" data-tippy-content=\"Infos-Covid-19-en-all\" src=\"https:\/\/gassin.eu\/wp-content\/uploads\/2020\/10\/Infos-Covid-19-en-all.jpg\" alt=\"\" class=\"wp-image-1862\" srcset=\"https:\/\/gassin.eu\/wp-content\/uploads\/2020\/10\/Infos-Covid-19-en-all.jpg 692w, https:\/\/gassin.eu\/wp-content\/uploads\/2020\/10\/Infos-Covid-19-en-all-212x300.jpg 212w\" sizes=\"auto, (max-width: 692px) 100vw, 692px\" \/><\/figure>\n\n\n\n<p class=\"wp-block-paragraph\">Informationen \u00fcber Coronavirus<\/p>\n\n\n\n<p class=\"wp-block-paragraph\">Antworten auf Fragen im Zusammenhang mit dem Coronavirus COVID-19 (Sachstand). Eine Telefonplattform steht Ihnen zur Verf\u00fcgung: 0 800 130 000 (kostenloser Anruf)<br>Coronavirus COVID-19, Informationen, Empfehlungen und Gesundheitsma\u00dfnahmen<br>Weltgesundheitsorganisation: , die<br>Gesetz vom 23. M\u00e4rz 2020 zur Bek\u00e4mpfung der Covid-19-Epidemie und Durchf\u00fchrungsdekret<br>Verordnung vom 25. M\u00e4rz 2020 \u00fcber die finanziellen Bedingungen f\u00fcr die Abwicklung bestimmter Vertr\u00e4ge \u00fcber Touristenreisen und Aufenthalte im Falle au\u00dfergew\u00f6hnlicher und unvermeidlicher Umst\u00e4nde oder h\u00f6herer Gewalt<br>FAQ zu R\u00fcckzahlungsregeln im Tourismussektor<br>Erlass Nr. 2020-371 vom 30. M\u00e4rz 2020 \u00fcber Legifrance \u00fcber den Solidarit\u00e4tsfonds.<br>Gesundheitsbezogene Vorsichtsma\u00dfnahmen bei der Lieferung von Packst\u00fccken<br>Abweichende Reisebescheinigung. Mit einem Smartphone kann nun eine &#8222;Bescheinigung der digitalen Verschiebung&#8220; mit einem QR-Code erstellt werden, der im Falle einer Kontrolle gescannt wird (f\u00fcr eine erlaubte Verbringung \u00fcber 100 km Heimatbereich)<br>Gr\u00fcne Nummer &#8222;Solidarit\u00e4t Entreprises Covid-19&#8220; der Insolvenzverwalter: kostenlose Nummer 0800 942 564<\/p>\n","protected":false},"excerpt":{"rendered":"<p>W\u00e4hrend wir die B\u00fcros einsperren, bleiben unsere B\u00fcros bis auf weiteres geschlossen, aber unsere Agenten sichern die Kontinuit\u00e4t aller Dienste und bleiben bei Ihnen. Wir bitten Sie, uns per Mail oder Telefon bei allen Anfragen zu Ihrem n\u00e4chsten Aufenthalt zu kontaktieren. Pr\u00e4ventive Gesundheitsinformationen und -ma\u00dfnahmen innerhalb des Amtes: Informationen \u00fcber Coronavirus Antworten auf Fragen im&#8230;<\/p>\n","protected":false},"author":7,"featured_media":0,"parent":138,"menu_order":130,"comment_status":"closed","ping_status":"closed","template":"","meta":{"_acf_changed":false,"_crdt_document":"","footnotes":""},"class_list":["post-1859","page","type-page","status-publish","hentry"],"acf":[],"_links":{"self":[{"href":"https:\/\/gassin.eu\/de\/wp-json\/wp\/v2\/pages\/1859","targetHints":{"allow":["GET"]}}],"collection":[{"href":"https:\/\/gassin.eu\/de\/wp-json\/wp\/v2\/pages"}],"about":[{"href":"https:\/\/gassin.eu\/de\/wp-json\/wp\/v2\/types\/page"}],"author":[{"embeddable":true,"href":"https:\/\/gassin.eu\/de\/wp-json\/wp\/v2\/users\/7"}],"replies":[{"embeddable":true,"href":"https:\/\/gassin.eu\/de\/wp-json\/wp\/v2\/comments?post=1859"}],"version-history":[{"count":4,"href":"https:\/\/gassin.eu\/de\/wp-json\/wp\/v2\/pages\/1859\/revisions"}],"predecessor-version":[{"id":2000,"href":"https:\/\/gassin.eu\/de\/wp-json\/wp\/v2\/pages\/1859\/revisions\/2000"}],"up":[{"embeddable":true,"href":"https:\/\/gassin.eu\/de\/wp-json\/wp\/v2\/pages\/138"}],"wp:attachment":[{"href":"https:\/\/gassin.eu\/de\/wp-json\/wp\/v2\/media?parent=1859"}],"curies":[{"name":"wp","href":"https:\/\/api.w.org\/{rel}","templated":true}]}}