{"id":202,"date":"2017-07-07T00:50:00","date_gmt":"2017-07-06T22:50:00","guid":{"rendered":"https:\/\/gassin.eu\/?page_id=202"},"modified":"2025-06-29T21:00:33","modified_gmt":"2025-06-29T19:00:33","slug":"dokumentation","status":"publish","type":"page","link":"https:\/\/gassin.eu\/de\/praktische-informationen\/dokumentation\/","title":{"rendered":"Dokumentation"},"content":{"rendered":"\n<div class=\"wp-block-group is-layout-constrained wp-block-group-is-layout-constrained\">\n<h2 class=\"wp-block-heading\"><strong>Village\/ Villagio\/ Dorf\/ Pueblo<\/strong><\/h2>\n\n\n\n<ul class=\"wp-block-list\">\n<li><a href=\"https:\/\/gassin.eu\/wp-content\/uploads\/documentation\/Au%20coeur%20du%20village-Gassin-FR.pdf\" data-type=\"URL\" data-id=\"https:\/\/gassin.eu\/wp-content\/uploads\/documentation\/Au%20coeur%20du%20village-Gassin-FR.pdf\">Au c\u0153ur du Village \u2013 Gassin (pdf, FR)<\/a>.<\/li>\n\n\n\n<li><a href=\"https:\/\/gassin.eu\/wp-content\/uploads\/documentation\/Au%20coeur%20du%20village-Gassin-At-the-heart-of-the-village-EN.pdf\" data-type=\"URL\">At the heart of the Village \u2013 Gassin (pdf, EN)<\/a>.<\/li>\n\n\n\n<li><a href=\"https:\/\/gassin.eu\/wp-content\/uploads\/documentation\/Au%20coeur%20du%20village-Gassin-Nel-cuore-del-villagio.pdf\">Nel cuore del villagio \u2013 Gassin (pdf, IT)<\/a>.<\/li>\n\n\n\n<li><a href=\"https:\/\/gassin.eu\/wp-content\/uploads\/documentation\/Au coeur du village-Gassin-Im-Herzen-des-Dorfes-DE.pdf\">Im Herzen des Dorfes \u2013 Gassin (pdf, DE)<\/a>.<\/li>\n\n\n\n<li><a href=\"https:\/\/gassin.eu\/wp-content\/uploads\/documentation\/Au coeur du village-Gassin-En-el-corazon-del-pueblo-ES.pdf\">En el corazon del pueblo &#8211; Gassin (pdf, ES).<\/a><\/li>\n<\/ul>\n\n\n\n<h2 class=\"wp-block-heading\"><strong>Randonn\u00e9es\/ Hiking\/ Camminare\/ Wanderwege\/ Caminatas<\/strong><\/h2>\n\n\n\n<p class=\"wp-block-paragraph\">(Boucles de l\u2019Arlatane, Chemin de la chapelle Notre-Dame-de-la-Consolation, Panoramas du golfe de Saint-Tropez et de la baie de Cavalaire)<\/p>\n\n\n\n<ul class=\"wp-block-list\">\n<li><a href=\"https:\/\/gassin.eu\/wp-content\/uploads\/documentation\/Au-coeur-des-sentier-randonner-a-Gassin-et-presqu-ile-de-Saint-Tropez-FR.pdf\" data-type=\"URL\" data-id=\"https:\/\/gassin.eu\/wp-content\/uploads\/documentation\/Au-coeur-des-sentier-randonner-a-Gassin-et-presqu-ile-de-Saint-Tropez-FR.pdf\">Au c\u0153ur des Sentiers-Randonner au c\u0153ur du Golfe, Gassin (pdf, FR)<\/a><\/li>\n\n\n\n<li><a href=\"https:\/\/gassin.eu\/wp-content\/uploads\/documentation\/Au-coeur-des-sentier-randonner-a-Gassin-et-presqu-ile-de-Saint-Tropez-EN.pdf\">At the Heart of the Trails \u2013 Hinking in the heart of the Gulf \u2013 (pdf, EN)<\/a><\/li>\n\n\n\n<li><a href=\"https:\/\/gassin.eu\/wp-content\/uploads\/documentation\/Au-coeur-des-sentier-randonner-a-Gassin-et-presqu-ile-de-Saint-Tropez-IT.pdf\" data-type=\"URL\">Nel cuore dei sentieri-Camminare nel cuore del Golfo, Gassin (pdf, IT)<\/a><\/li>\n\n\n\n<li><a href=\"https:\/\/gassin.eu\/wp-content\/uploads\/documentation\/Au-coeur-des-sentier-randonner-a-Gassin-et-presqu-ile-de-Saint-Tropez-DE.pdf\" data-type=\"URL\">Im herzen des wanderwege, Gassin (PDF, DE)<\/a><\/li>\n\n\n\n<li><a href=\"https:\/\/gassin.eu\/wp-content\/uploads\/documentation\/Au-coeur-des-sentier-randonner-a-Gassin-et-presqu-ile-de-Saint-Tropez-ES.pdf\" data-type=\"URL\">En el corazon de los senderos, Gassin (PDF, ES)<\/a><\/li>\n<\/ul>\n\n\n\n<p class=\"wp-block-paragraph\"><strong>Attention. V\u00e9rifier la carte d&#8217;acc\u00e8s des massifs <\/strong>\/ Warning. Check the access map for the forest moutains \/ <strong>Avvertimento. Controlla la carta di accesso per i massicci \/ <\/strong>Warnung. \u00dcberpr\u00fcfen Sie die Zugangskarte f\u00fcr die Berge \/ <strong>Atenci\u00f3n. Consulta el plano de acceso a los macizos.<\/strong><\/p>\n\n\n\n<div id=\"Fire\"><fire title=\"Promenade dans les massifs forestiers\"><\/fire><\/div>\n\n\n\n<h2 class=\"wp-block-heading\"> <strong>Animations <\/strong><\/h2>\n\n\n\n<p class=\"wp-block-paragraph\"><a href=\"https:\/\/gassin.eu\/wp-content\/uploads\/2024\/05\/202405-guidanim-ete-2024-v4.pdf\">Guide des animations \u00c9T\u00c9 2024.<\/a><\/p>\n\n\n\n<ul class=\"wp-block-list\">\n<li>Rendez-vous sur la page <a href=\"https:\/\/gassin.eu\/de\/veranstaltungen\/\" data-type=\"URL\" data-id=\"https:\/\/gassin.eu\/fr\/animations\/\">animations du site pour plus d&#8217;informations <\/a>ou sur <a href=\"https:\/\/www.facebook.com\/OT.Gassin\/\" data-type=\"URL\" data-id=\"https:\/\/www.facebook.com\/OT.Gassin\/\">Facebook<\/a>.<\/li>\n\n\n\n<li>Go to the <a href=\"https:\/\/gassin.eu\/de\/veranstaltungen\/\">animations page of the site for more information<\/a> or on <a href=\"https:\/\/www.facebook.com\/OT.Gassin\/\" data-type=\"URL\" data-id=\"https:\/\/www.facebook.com\/OT.Gassin\/\">Facebook<\/a>.<\/li>\n\n\n\n<li>Vai alla pagina <a href=\"https:\/\/gassin.eu\/de\/veranstaltungen\/\">delle animazioni del sito per maggiori informazioni<\/a> o su <a href=\"https:\/\/www.facebook.com\/OT.Gassin\/\" data-type=\"URL\" data-id=\"https:\/\/www.facebook.com\/OT.Gassin\/\">Facebook<\/a>.<\/li>\n\n\n\n<li>Weitere Informationen finden Sie <a href=\"https:\/\/gassin.eu\/de\/veranstaltungen\/\">auf der Animationsseite der Website <\/a>oder auf <a href=\"https:\/\/www.facebook.com\/OT.Gassin\/\" data-type=\"URL\" data-id=\"https:\/\/www.facebook.com\/OT.Gassin\/\">Facebook<\/a>.<\/li>\n\n\n\n<li>Vaya a la p\u00e1gina de <a href=\"https:\/\/gassin.eu\/de\/veranstaltungen\/\">animaciones del sitio <\/a>para m\u00e1s informaci\u00f3n o en <a href=\"https:\/\/www.facebook.com\/OT.Gassin\/\" data-type=\"URL\" data-id=\"https:\/\/www.facebook.com\/OT.Gassin\/\">Facebook<\/a>.<\/li>\n<\/ul>\n\n\n\n<h2 class=\"wp-block-heading\"><strong>Cyclotourisme<\/strong><\/h2>\n\n\n\n<ul class=\"wp-block-list\">\n<li><a href=\"https:\/\/gassin.eu\/wp-content\/uploads\/2021\/03\/accueil-velo-2021-a4-v1.pdf\" data-type=\"URL\" data-id=\"https:\/\/gassin.eu\/wp-content\/uploads\/2021\/03\/accueil-velo-2021-a4-v1.pdf\">Au c\u0153ur de la Presqu&#8217;\u00eele \u00e0 v\u00e9lo (.pdf, FR)<\/a><\/li>\n<\/ul>\n\n\n\n<h2 class=\"wp-block-heading\"><strong>Vignobles\/ Vineyards\/ Vigneti\/ Weinberge\/ Vi\u00f1edo<\/strong><\/h2>\n\n\n\n<ul class=\"wp-block-list\">\n<li><a href=\"https:\/\/gassin.eu\/wp-content\/uploads\/2020\/08\/VIGNOBLE-VIN-2020-a4-v0.2-.pdf\">Au c\u0153ur des vignobles (pdf, FR)<\/a>.<\/li>\n\n\n\n<li><a href=\"https:\/\/gassin.eu\/wp-content\/uploads\/documentation\/Au coeur des vignobles EN-At-the-heart-of-the-vineyards.pdf\">At the heart of the Vineyards (pdf, EN)<\/a>.<\/li>\n\n\n\n<li><a href=\"https:\/\/gassin.eu\/wp-content\/uploads\/documentation\/Au coeur des vignobles IT-Nel-cuore-dei-vigneti.pdf\">Nel Cuore dei vigneti (pdf, IT)<\/a>.<\/li>\n\n\n\n<li><a href=\"https:\/\/gassin.eu\/wp-content\/uploads\/documentation\/Au coeur des vignobles DE-Im herzen-der-weinberg.pdf\">Im herzen deir weinberge (PDF, DE)<\/a><\/li>\n<\/ul>\n\n\n\n<h2 class=\"wp-block-heading\"><strong>Plan\/ Map\/ Piano\/ Planen\/ Mapa\/<\/strong><\/h2>\n\n\n\n<ul class=\"wp-block-list\">\n<li><a href=\"https:\/\/gassin.eu\/wp-content\/uploads\/documentation\/plan-commune-de-Gassin.pdf\" data-type=\"URL\">Plan de la commune\/&nbsp;Map of the town\/ Piano del comune\/&nbsp;Plan der Kommune\/ Mapa de la ciudad (pdf, 5,2 Mo)<\/a>.<\/li>\n\n\n\n<li><a href=\"https:\/\/gassin.eu\/wp-content\/uploads\/documentation\/plages-et-sentier-littoral-presqu-ile-Gassin.pdf\" data-type=\"URL\" data-id=\"https:\/\/gassin.eu\/wp-content\/uploads\/documentation\/plages-et-sentier-littoral-presqu-ile-Gassin.pdf\">Carte des plages et sentier littoral de la presqu&#8217;\u00eele de Saint-Tropez (pdf, 14,4 Mo)<\/a>.<\/li>\n<\/ul>\n\n\n\n<h2 class=\"wp-block-heading\"><strong>Documents Histoire et patrimoine<\/strong><\/h2>\n\n\n\n<ul class=\"wp-block-list\">\n<li><a href=\"https:\/\/gassin.eu\/wp-content\/uploads\/documentation\/au-coeur-de-l-eglise-nd-assomption-gassin-fr.pdf\">\u00c0 la d\u00e9couverte de l&#8217;\u00e9glise<\/a> ; <a href=\"https:\/\/gassin.eu\/wp-content\/uploads\/documentation\/au-coeur-de-l-eglise-nd-assomption-gassin-EN.pdf\">Discovering the church<\/a> ; &nbsp;<a href=\"https:\/\/gassin.eu\/wp-content\/uploads\/documentation\/au-coeur-de-l-eglise-nd-assomption-gassin-IT.pdf\">Alla scoperta della chiesa<\/a> ; <a href=\"https:\/\/gassin.eu\/wp-content\/uploads\/documentation\/au-coeur-de-l-eglise-nd-assomption-gassin-ES.pdf\">A la descubierta de la iglesia<\/a> Notre-Dame-de-l&#8217;Assomption<\/li>\n\n\n\n<li><a href=\"https:\/\/gassin.eu\/wp-content\/uploads\/documentation\/Gassin-sentinelle-FR.pdf\">Gassin sentinelle<\/a><\/li>\n\n\n\n<li><a href=\"https:\/\/gassin.eu\/wp-content\/uploads\/documentation\/memoire-des-portes-gassin-FR.pdf\">M\u00e9moire des portes<\/a><\/li>\n<\/ul>\n\n\n\n<h2 class=\"wp-block-heading\"><strong>Divers\/ Various\/ Vario\/ Verschiedene\/ Varios<\/strong><\/h2>\n\n\n\n<ul class=\"wp-block-list\">\n<li><a href=\"https:\/\/gassin.eu\/wp-content\/uploads\/documentation\/guide-des-restaurants-de-Gassin-FR.pdf\" data-type=\"URL\">Guide des restaurants (.pdf. FR)<\/a><\/li>\n\n\n\n<li><a href=\"https:\/\/gassin.eu\/wp-content\/uploads\/documentation\/guide-des-restaurants-de-Gassin-EN.pdf\">Restaurant Guide (.pdf EN)<\/a><\/li>\n\n\n\n<li><a href=\"https:\/\/gassin.eu\/wp-content\/uploads\/documentation\/guide-des-hebergements-de-gassin.pdf\" data-type=\"URL\">Guide des h\u00e9bergements (.pdf FR)<\/a><\/li>\n\n\n\n<li><a href=\"http:\/\/gassin.eu\/wp-content\/uploads\/2016\/08\/enqu\u00eate-satisfaction-2016.pdf\">Enqu\u00eate de satisfaction (fran\u00e7ais)<\/a> \u2013 <a href=\"http:\/\/gassin.eu\/wp-content\/uploads\/2017\/07\/enqu\u00eate-satisfaction-2-EN.pdf\">Satisfaction survey (english)<\/a> \u2013&nbsp;<a href=\"http:\/\/gassin.eu\/wp-content\/uploads\/2017\/07\/enquete-satisfaction-IT-2016-Indagine-soddisfazione.pdf\">Indagine soddisfazione (italiano)<\/a>.<\/li>\n\n\n\n<li> <a href=\"https:\/\/gassin.eu\/de\/liste-des-numeros-utiles-a4x2-2018-2\/\">Num\u00e9ros utiles \/ useful numbers \/ numeri utili \/ n\u00fctzliche nummern (pdf, 1,2Mo, FR\/EN\/IT\/DE) (A3)<\/a><\/li>\n<\/ul>\n\n\n\n<h2 class=\"wp-block-heading\"><strong>Autres documents \/ Others documents \/ Altri documenti \/ Sonstige Unterlagen<\/strong><\/h2>\n\n\n\n<ul class=\"wp-block-list\">\n<li><a href=\"https:\/\/gassin.eu\/wp-content\/uploads\/documentation\/Guide-Essentiel-tourisme--golfe-Saint-Tropez.pdf\">L&#8217;Essentiel<\/a> (guide pratique)<\/li>\n\n\n\n<li><a href=\"https:\/\/gassin.eu\/wp-content\/uploads\/documentation\/Mythique--Golfe-Saint-Tropez-FR.pdf\" data-type=\"URL\" data-id=\"https:\/\/gassin.eu\/wp-content\/uploads\/documentation\/Mythique--Golfe-Saint-Tropez-FR.pdf\">Mythique<\/a> (guide touristique) (<a href=\"https:\/\/gassin.eu\/wp-content\/uploads\/documentation\/Mythique--Golfe-Saint-Tropez-EN.pdf\">EN<\/a>)<\/li>\n\n\n\n<li><a href=\"https:\/\/gassin.eu\/wp-content\/uploads\/documentation\/carte-balades-Golfe-Saint-Tropez-FR.pdf\">Balades (FR)<\/a>, <a href=\"https:\/\/gassin.eu\/wp-content\/uploads\/documentation\/carte-balades-Golfe-Saint-Tropez-EN-Walks.pdf\">Walks (EN)<\/a>, <a href=\"https:\/\/gassin.eu\/wp-content\/uploads\/documentation\/carte-balades-Golfe-Saint-Tropez-IT-Escursioni.pdf\">Escursioni (IT)<\/a>, <a href=\"https:\/\/gassin.eu\/wp-content\/uploads\/documentation\/carte-balades-Golfe-Saint-Tropez-DE-Wanderwege.pdf\">Wanderwege (DE)<\/a><\/li>\n\n\n\n<li><a href=\"https:\/\/gassin.eu\/wp-content\/uploads\/2024\/04\/guide-amusez-vous-2024-web-.png\">Amusez-vous <\/a><\/li>\n\n\n\n<li><a href=\"https:\/\/gassin.eu\/wp-content\/uploads\/2017\/11\/carte-touristique-du-var.pdf\">Le Var Carte touristique<\/a><\/li>\n\n\n\n<li><a href=\"https:\/\/gassin.eu\/wp-content\/uploads\/2020\/08\/rendez-vous-groupe-2018-web.pdf\">Rendez-vous<\/a> (sp\u00e9cial groupes, s\u00e9minaires, incentives, \u00e9v\u00e9nements, mariages \/ groups, seminars, incentives, events, weddings) (FR\/EN)<\/li>\n<\/ul>\n<\/div>\n","protected":false},"excerpt":{"rendered":"<p>Village\/ Villagio\/ Dorf\/ Pueblo Randonn\u00e9es\/ Hiking\/ Camminare\/ Wanderwege\/ Caminatas (Boucles de l\u2019Arlatane, Chemin de la chapelle Notre-Dame-de-la-Consolation, Panoramas du golfe de Saint-Tropez et de la baie de Cavalaire) Attention. V\u00e9rifier la carte d&#8217;acc\u00e8s des massifs \/ Warning. Check the access map for the forest moutains \/ Avvertimento. Controlla la carta di accesso per i massicci&#8230;<\/p>\n","protected":false},"author":7,"featured_media":0,"parent":138,"menu_order":117,"comment_status":"closed","ping_status":"closed","template":"dashboard.blade.php","meta":{"_acf_changed":false,"_crdt_document":"","footnotes":""},"class_list":["post-202","page","type-page","status-publish","hentry"],"acf":[],"_links":{"self":[{"href":"https:\/\/gassin.eu\/de\/wp-json\/wp\/v2\/pages\/202","targetHints":{"allow":["GET"]}}],"collection":[{"href":"https:\/\/gassin.eu\/de\/wp-json\/wp\/v2\/pages"}],"about":[{"href":"https:\/\/gassin.eu\/de\/wp-json\/wp\/v2\/types\/page"}],"author":[{"embeddable":true,"href":"https:\/\/gassin.eu\/de\/wp-json\/wp\/v2\/users\/7"}],"replies":[{"embeddable":true,"href":"https:\/\/gassin.eu\/de\/wp-json\/wp\/v2\/comments?post=202"}],"version-history":[{"count":7,"href":"https:\/\/gassin.eu\/de\/wp-json\/wp\/v2\/pages\/202\/revisions"}],"predecessor-version":[{"id":5349,"href":"https:\/\/gassin.eu\/de\/wp-json\/wp\/v2\/pages\/202\/revisions\/5349"}],"up":[{"embeddable":true,"href":"https:\/\/gassin.eu\/de\/wp-json\/wp\/v2\/pages\/138"}],"wp:attachment":[{"href":"https:\/\/gassin.eu\/de\/wp-json\/wp\/v2\/media?parent=202"}],"curies":[{"name":"wp","href":"https:\/\/api.w.org\/{rel}","templated":true}]}}