{"id":210,"date":"2017-09-10T12:22:37","date_gmt":"2017-09-10T10:22:37","guid":{"rendered":"https:\/\/gassin.eu\/?page_id=210"},"modified":"2025-07-16T09:03:13","modified_gmt":"2025-07-16T07:03:13","slug":"um-zu-gassin-zu-kommen","status":"publish","type":"page","link":"https:\/\/gassin.eu\/de\/praktische-informationen\/um-zu-gassin-zu-kommen\/","title":{"rendered":"Zugang zu Gassin"},"content":{"rendered":"\n<div class=\"wp-block-group is-layout-flow wp-block-group-is-layout-flow\">\n<p class=\"wp-block-paragraph\">Gassin liegt im Herzen der Halbinsel von Saint-Tropez an der C\u00f4te d&#8217;Azur zwischen Saint-Rapha\u00ebl (25 km) und Hy\u00e8res (40 km). Die Gemeinde grenzt an La Croix-Valmer, Ramatuelle und Saint-Tropez. <\/p>\n\n\n\n<p class=\"wp-block-paragraph\">Die GPS-Koordinaten der Touristeninformation<br\/>Breitengrad: N43 13.804<br\/>L\u00e4ngengrad: E6 35.134<\/p>\n\n\n\n<figure class=\"wp-block-image aligncenter\"><a href=\"https:\/\/gassin.eu\/wp-content\/uploads\/2017\/09\/carte-accse-&#xE0;-gassin-2017.jpg\"><img decoding=\"async\" data-tippy-content=\"carte accse \u00e0 gassin 2017\" src=\"https:\/\/gassin.eu\/wp-content\/uploads\/2017\/09\/carte-accse-&#xE0;-gassin-2017-1024x642.jpg\" alt=\"\" class=\"wp-image-287\"\/><\/a><\/figure>\n\n\n\n<p class=\"wp-block-paragraph\"><\/p>\n\n\n\n<h2 class=\"wp-block-heading\">Liste der Ladestationen f\u00fcr Elektrofahrzeuge<\/h2>\n\n\n\n<ul class=\"wp-block-list\">\n<li><a href=\"https:\/\/gassin.eu\/fr\/services\/bornes-de-recharge-pour-vehicules-electriques\/gassin\/station-de-recharge-pour-voitures-electriques-des-marines-de-gassin-4850802\/\">Ladestation von Les Marines de Gassin<\/a><\/li>\n\n\n\n<li><a href=\"https:\/\/gassin.eu\/fr\/services\/bornes-de-recharge-pour-vehicules-electriques\/gassin\/station-de-recharge-pour-voitures-electriques-la-foux-superchargeur-tesla-7034261\/\">Ladestation in La Foux &#8211; Tesla-Supercharger<\/a><\/li>\n\n\n\n<li><a href=\"https:\/\/gassin.eu\/fr\/services\/bornes-de-recharge-pour-vehicules-electriques\/gassin\/station-de-recharge-pour-voitures-electriques-de-l-office-de-tourisme-5716261\/\">Ladestation an der Touristeninformation<\/a><\/li>\n<\/ul>\n\n\n\n<p class=\"wp-block-paragraph\">Kontakt: 04 98 11 56 51 &#8211; 09 70 99 09 08 &#8211; <a id=\"event-email-1\" class=\"gtag email break-words\" href=\"mailto:contact@e55c.com?subject=Demande%20de%20unterricht\" data-action=\"Email vers Station de recharge pour voitures &#xE9;lectriques des Marines de Gassin (4850802 \/ Station de recharge pour voitures &#xE9;lectriques des Marines de Gassin)\" data-category=\"Lien fiche Apidae\">contact@e55c.com<\/a><\/p>\n\n\n\n<p class=\"wp-block-paragraph\">Beispiele f\u00fcr Websites, die Ladestationen auflisten :<\/p>\n\n\n\n<ul class=\"wp-block-list\">\n<li><a href=\"https:\/\/www.izivia.com\/carte-borne-recharge-izivia\">https:\/\/www.izivia.com\/carte-borne-recharge-izivia<\/a><\/li>\n\n\n\n<li><a href=\"https:\/\/fr.chargemap.com\/map\">https:\/\/fr.chargemap.com\/map<\/a><\/li>\n<\/ul>\n\n\n\n<figure class=\"wp-block-image\"><img loading=\"lazy\" decoding=\"async\" width=\"300\" height=\"233\" data-tippy-content=\"station-de-recharge-pour-voitures-electriques-des-marines-de-gassin_4850802_1\" src=\"https:\/\/gassin.eu\/wp-content\/uploads\/2025\/01\/station-de-recharge-pour-voitures-electriques-des-marines-de-gassin_4850802_1-300x233.jpg\" alt=\"\" class=\"wp-image-4727\" srcset=\"https:\/\/gassin.eu\/wp-content\/uploads\/2025\/01\/station-de-recharge-pour-voitures-electriques-des-marines-de-gassin_4850802_1-300x233.jpg 300w, https:\/\/gassin.eu\/wp-content\/uploads\/2025\/01\/station-de-recharge-pour-voitures-electriques-des-marines-de-gassin_4850802_1-1024x794.jpg 1024w, https:\/\/gassin.eu\/wp-content\/uploads\/2025\/01\/station-de-recharge-pour-voitures-electriques-des-marines-de-gassin_4850802_1-768x595.jpg 768w, https:\/\/gassin.eu\/wp-content\/uploads\/2025\/01\/station-de-recharge-pour-voitures-electriques-des-marines-de-gassin_4850802_1.jpg 1241w\" sizes=\"auto, (max-width: 300px) 100vw, 300px\" \/><\/figure>\n\n\n\n<p class=\"wp-block-paragraph\"><\/p>\n\n\n\n<h2 class=\"wp-block-heading\"><span style=\"color: #339966;\">Mit dem Fahrrad<\/span><\/h2>\n\n\n\n<p class=\"wp-block-paragraph\">Verschiedene Wege f\u00fchren mit dem Fahrrad zum Dorf Gassin, drei davon f\u00fchren \u00fcber das Tourismusb\u00fcro, wo Sie den folgenden F\u00fchrer abholen k\u00f6nnen:<strong> <a href=\"https:\/\/gassin.eu\/wp-content\/uploads\/2021\/07\/Au-coeur-de-la-presquile-a-velo-2021-a4-v1.pdf\"><em>Mit dem Fahrrad ins Herz der Presqu&#8217;\u00eele<\/em><\/a>.<\/strong><\/p>\n\n\n\n<p class=\"wp-block-paragraph\">Der Rundweg 1 verbindet das Dorf mit Le Marines de Gassin abseits der Stra\u00dfen und bietet herrliche Panoramen.<\/p>\n\n\n\n<p class=\"wp-block-paragraph\"><strong>Achtung!!! die Ville-vieille-Piste ist nicht f\u00fcr Rennr\u00e4der zug\u00e4nglich. <\/strong><\/p>\n\n\n\n<p class=\"wp-block-paragraph\">Die Tour 5 bietet einen 6,6 km langen Umweg von Gassin (Meerseite) nach Saint-Tropez und verbindet die Marines de Gassin mit dem Strand La Bouillabaisse am Eingang der Gemeinde Saint-Tropez.<\/p>\n\n\n\n<p class=\"wp-block-paragraph\">Die Route 6 bietet einen Abstecher von Gassin (Ebene) nach La Croix-Valmer und verbindet das Gymnasium von Gassin mit der Umgebung von La Foux in La Croix-Valmer.<\/p>\n\n\n\n<p class=\"wp-block-paragraph\">Andere Rundwege sind auch mit dem Mountainbike befahrbar und verbinden f\u00fcr den Rundweg 4 z. B. die bemerkenswerten G\u00e4rten, die vom Dorf Gassin aus herrliche Panoramen bieten.<\/p>\n\n\n\n<h2 class=\"wp-block-heading\"><span style=\"color: #339966;\">Mit dem Bus<\/span><\/h2>\n\n\n\n<p class=\"wp-block-paragraph\"><a href=\"https:\/\/zou.maregionsud.fr\/\">Zou<\/a> bietet regelm\u00e4\u00dfige Verbindungen zu den Gemeinden des Golfs (Cavalaire-sur-Mer, Cogolin, La Croix-Valmer, La Garde-Freinet, Grimaud, La M\u00f4le, Le Plan-de-la-Tour, Ramatuelle, Saint-Tropez, Sainte-Maxime) und zu den wichtigsten Ballungsr\u00e4umen des Departements Var. Es besteht auch eine Verbindung zu den TGV-Bahnh\u00f6fen Les Arcs\/Draguignan, Hy\u00e8res, Toulon, Saint-Rapha\u00ebl. <\/p>\n\n\n\n<p class=\"wp-block-paragraph\">Die Hauptlinien, die die Gemeinde Gassin bedienen, sind :<\/p>\n\n\n\n<p class=\"wp-block-paragraph\"><strong>876<\/strong> <strong>SAINT-RAPHA\u00cbL &#8211; SAINT-TROPEZ<\/strong> (nach Saint-Tropez)<br\/><strong>873<\/strong> <strong>COGOLIN &#8211; HY\u00c8RES<\/strong> (nach Hy\u00e8res)<strong><br\/><\/strong><\/p>\n\n\n\n<p class=\"wp-block-paragraph\"><strong>878 TOULON<\/strong> (Bahnhof) &#8211; <strong>SAINT-TROPEZ<\/strong> (nach Saint-Tropez)<\/p>\n\n\n\n<p class=\"wp-block-paragraph\">Informationen und Reservierungen: <a href=\"https:\/\/zou.maregionsud.fr\/\">Zou.maregionsud.fr<\/a>; 0809 400 013<strong>(Achtung: Preis eines Ortsgespr\u00e4chs, <\/strong>t\u00e4glich von 7 bis 20 Uhr).<\/p>\n\n\n\n<p class=\"wp-block-paragraph\">Es ist nun m\u00f6glich, den Flexibus ab 24,99 Euro auszuleihen, um von Lyon nach La Croix-Valmer (Nachbargemeinde von Gassin) zu fahren.<\/p>\n\n\n\n<p class=\"wp-block-paragraph\">Alle Buchungen und weitere Informationen zu dieser Reise finden Sie unter folgendem Link: <a href=\"https:\/\/www.flixbus.fr\/bus\/la-croix-valmer\">https:\/\/www.flixbus.fr\/bus\/la-croix-valmer<\/a>.<\/p>\n\n\n\n<h2 class=\"wp-block-heading\"><span style=\"color: #339966;\">Mit dem Zug<\/span><\/h2>\n\n\n\n<p class=\"wp-block-paragraph\">Die Anreise in die Region Gassin ist mit dem Zug \u00fcber die TGV-Bahnh\u00f6fe Saint-Rapha\u00ebl-Valescure (25 km), Les Arcs-Draguignan (26 km), Hy\u00e8res (40 km) und Toulon (55 km) m\u00f6glich.<\/p>\n\n\n\n<p class=\"wp-block-paragraph\">Informationen und Reservierungen: <a href=\"http:\/\/www.sncf.com\">www.sncf.com<\/a>; 36 35.<\/p>\n\n\n\n<h2 class=\"wp-block-heading\"><span style=\"color: #339966;\">Mit dem Auto<\/span><\/h2>\n\n\n\n<p class=\"wp-block-paragraph\"><em>\u00dcber die Autobahn :<\/em><\/p>\n\n\n\n<p class=\"wp-block-paragraph\">Von der A8: Ausfahrt 36 Le Muy\/Sainte Maxime: Folgen Sie der D 25 bis Sainte Maxime, dann der D559 (Richtung Saint-Tropez) bis zur Kreuzung von La Foux (Gassin).<\/p>\n\n\n\n<p class=\"wp-block-paragraph\">Von der A57: Ausfahrt 13 Le Cannet des Maures\/ Le Luc: Folgen Sie der D 558 bis zur Kreuzung von La Foux (Gassin).<\/p>\n\n\n\n<p class=\"wp-block-paragraph\"><em>Mit dem Auto :<\/em><\/p>\n\n\n\n<p class=\"wp-block-paragraph\">Von Fr\u00e9jus\/Saint-Rapha\u00ebl: Folgen Sie der D8 Richtung Saint-Maxime und dann der D559 bis zur Kreuzung von La Foux (Gassin) (oder der D559 (Strandpromenade)).<\/p>\n\n\n\n<p class=\"wp-block-paragraph\">Von Bormes-les-Mimosas: Folgen Sie der D41 und dann der D98 in Richtung Saint-Tropez bis zur Kreuzung von La Foux (Gassin) (oder der D559 in Richtung Cavalaire\/La Croix-Valmer (Strandpromenade)).<\/p>\n\n\n\n<p class=\"wp-block-paragraph\">Von der A8: Nehmen Sie die Ausfahrt 36 Le Muy, folgen Sie der D25 in Richtung Sainte-Maxime und dann der D559 bis zur Kreuzung La Foux (Gassin) (oder der D559 (Strandpromenade)).<\/p>\n\n\n\n<p class=\"wp-block-paragraph\">Oder Sie nehmen von der A8 aus die A57 bei Vidauban-Le Luc und nehmen die Ausfahrt 13 Vidauban, folgen der D558 bis Grimaud, dann der D61 in Richtung Saint-Tropez und dann der D98 bis zur Kreuzung von La Foux (Gassin).<\/p>\n\n\n\n<p class=\"wp-block-paragraph\">Um ins Dorf zu gelangen, folgen Sie den Schildern &#8222;Gassin village\/ Office de tourisme&#8220;.<\/p>\n\n\n\n<p class=\"wp-block-paragraph\">Denken Sie an Fahrgemeinschaften!<\/p>\n\n\n\n<h3 class=\"wp-block-heading\"><span style=\"color: #339966;\">Wo kann man im Dorf parken?<\/span><\/h3>\n\n\n\n<p class=\"wp-block-paragraph\">Gassin bietet Ihnen etwa 400 Parkpl\u00e4tze im alten Dorf und in der Umgebung. Alle Parkpl\u00e4tze sind kostenlos. Sie k\u00f6nnen in der N\u00e4he des Fremdenverkehrsamtes parken, wo 3 Pl\u00e4tze vorgesehen sind: place L\u00e9on Martel, place Charles Giordano, place Louis Collomp (71 Pl\u00e4tze). Bei starkem Andrang bieten Ihnen etwas weiter unten die Parkpl\u00e4tze der Kapelle 85 Pl\u00e4tze. Auf der S\u00fcdseite des Dorfes stehen 51 Pl\u00e4tze auf der Route des Moulins de Paillas, vor der Veranstaltungshalle und dem Kindergarten Esp\u00e9lidou zur Verf\u00fcgung.    <\/p>\n\n\n\n<figure class=\"wp-block-image\"><a href=\"https:\/\/gassin.eu\/de\/praktische-informationen\/um-zu-gassin-zu-kommen\/les-parkings-a-gassin-cote-d-azur-ou-se-garer-a-gassin-2022-2\/\" rel=\"attachment wp-att-3389\"><img loading=\"lazy\" decoding=\"async\" width=\"1024\" height=\"544\" data-tippy-content=\"les-parkings-a-Gassin-Cote-d-Azur-ou-se-garer-a-Gassin-2022\" src=\"https:\/\/gassin.eu\/wp-content\/uploads\/2022\/06\/les-parkings-a-Gassin-Cote-d-Azur-ou-se-garer-a-Gassin-2022-1024x544.jpg\" alt=\"\" class=\"wp-image-3389\" srcset=\"https:\/\/gassin.eu\/wp-content\/uploads\/2022\/06\/les-parkings-a-Gassin-Cote-d-Azur-ou-se-garer-a-Gassin-2022-1024x544.jpg 1024w, https:\/\/gassin.eu\/wp-content\/uploads\/2022\/06\/les-parkings-a-Gassin-Cote-d-Azur-ou-se-garer-a-Gassin-2022-300x159.jpg 300w, https:\/\/gassin.eu\/wp-content\/uploads\/2022\/06\/les-parkings-a-Gassin-Cote-d-Azur-ou-se-garer-a-Gassin-2022-768x408.jpg 768w, https:\/\/gassin.eu\/wp-content\/uploads\/2022\/06\/les-parkings-a-Gassin-Cote-d-Azur-ou-se-garer-a-Gassin-2022-1536x815.jpg 1536w, https:\/\/gassin.eu\/wp-content\/uploads\/2022\/06\/les-parkings-a-Gassin-Cote-d-Azur-ou-se-garer-a-Gassin-2022-2048x1087.jpg 2048w\" sizes=\"auto, (max-width: 1024px) 100vw, 1024px\" \/><\/a><\/figure>\n\n\n\n<p class=\"wp-block-paragraph\"><\/p>\n\n\n\n<h2 class=\"wp-block-heading\">Zugang f\u00fcr Menschen mit eingeschr\u00e4nkter Mobilit\u00e4t<\/h2>\n\n\n\n<p class=\"wp-block-paragraph\"><strong><span style=\"font-size: small;\">Au\u00dferhalb des B\u00fcros gibt es eine Rampe f\u00fcr Menschen mit eingeschr\u00e4nkter Mobilit\u00e4t von einem Behindertenparkplatz in unmittelbarer N\u00e4he.  <\/span><\/strong><br\/><span style=\"font-size: small;\">Im Inneren des Amtes ist die Eingangst\u00fcr rollstuhlgerecht und eine Klingel befindet sich unten links am Haupteingang. Bei Bedarf kann ein Bediensteter eingreifen, um der behinderten Person zu helfen. An der Empfangsbank weist ein Piktogramm auf die Hilfe hin, die der Bedienstete Besuchern mit Behinderungen leisten kann.  <\/span><\/p>\n\n\n\n<h2 class=\"wp-block-heading\"><span style=\"color: #339966;\">Mit dem Taxi<\/span><\/h2>\n\n\n\n<p class=\"wp-block-paragraph\">Hier finden Sie eine Liste der <a href=\"https:\/\/gassin.eu\/wp-content\/uploads\/2019\/01\/Taxis-et-transferts.pdf\">Taxis und Transfers in der Gemeinde.<\/a><\/p>\n\n\n\n<h2 class=\"wp-block-heading\"><span style=\"color: #339966;\">Mit dem Flugzeug<\/span><\/h2>\n\n\n\n<p class=\"wp-block-paragraph\">La M\u00f4le-Saint-Tropez (9 km): <a href=\"http:\/\/www.sainttropez.aeroport.fr\">www.sainttropez.aeroport.fr<\/a>; +33 (0)4 94 54 76 40<br\/>Hy\u00e8res-Toulon (38 km): <a href=\"http:\/\/www.toulon-hyeres.aeroport.fr\">www.toulon-hyeres.aeroport.fr<\/a>; +33 (0)8 25 01 83 87<strong>(Achtung: Telefon geb\u00fchrenpflichtig<\/strong>: 0,15\u20ac\/min)<br\/>Nice-C\u00f4te d&#8217;Azur (70 km): <a href=\"http:\/\/www.nice.aeroport.fr\">www.nice.aeroport.fr<\/a>; +33 (0)8 20 42 33 33<strong>(Achtung: Telefon geb\u00fchrenpflichtig:<\/strong> 0,12\u20ac\/min)<br\/>Marseille-Provence (113 km): <a href=\"http:\/\/www.marseille.aeroport.fr\">www.marseille.aeroport.fr<\/a>; +33 (0)4 42 14 14<\/p>\n\n\n\n<h2 class=\"wp-block-heading\"><span style=\"color: #339966;\">Mit dem Hubschrauber<\/span><\/h2>\n\n\n\n<p class=\"wp-block-paragraph\">Hubschrauberlandeplatz Grimaud-Saint-Tropez: <a href=\"http:\/\/helicopter-saint-tropez.com\">helicopter-saint-tropez.com<\/a>; +33 (0)4 94 55 59 99 oder +33 (0)4 94 43 39 30<\/p>\n<\/div>\n","protected":false},"excerpt":{"rendered":"<p>Gassin liegt im Herzen der Halbinsel von Saint-Tropez an der C\u00f4te d&#8217;Azur zwischen Saint-Rapha\u00ebl (25 km) und Hy\u00e8res (40 km). Die Gemeinde grenzt an La Croix-Valmer, Ramatuelle und Saint-Tropez. Die GPS-Koordinaten der TouristeninformationBreitengrad: N43 13.804L\u00e4ngengrad: E6 35.134 Liste der Ladestationen f\u00fcr Elektrofahrzeuge Kontakt: 04 98 11 56 51 &#8211; 09 70 99 09 08 &#8211;&#8230;<\/p>\n","protected":false},"author":7,"featured_media":0,"parent":138,"menu_order":72,"comment_status":"closed","ping_status":"closed","template":"","meta":{"_acf_changed":false,"_crdt_document":"","footnotes":""},"class_list":["post-210","page","type-page","status-publish","hentry"],"acf":[],"_links":{"self":[{"href":"https:\/\/gassin.eu\/de\/wp-json\/wp\/v2\/pages\/210","targetHints":{"allow":["GET"]}}],"collection":[{"href":"https:\/\/gassin.eu\/de\/wp-json\/wp\/v2\/pages"}],"about":[{"href":"https:\/\/gassin.eu\/de\/wp-json\/wp\/v2\/types\/page"}],"author":[{"embeddable":true,"href":"https:\/\/gassin.eu\/de\/wp-json\/wp\/v2\/users\/7"}],"replies":[{"embeddable":true,"href":"https:\/\/gassin.eu\/de\/wp-json\/wp\/v2\/comments?post=210"}],"version-history":[{"count":14,"href":"https:\/\/gassin.eu\/de\/wp-json\/wp\/v2\/pages\/210\/revisions"}],"predecessor-version":[{"id":5596,"href":"https:\/\/gassin.eu\/de\/wp-json\/wp\/v2\/pages\/210\/revisions\/5596"}],"up":[{"embeddable":true,"href":"https:\/\/gassin.eu\/de\/wp-json\/wp\/v2\/pages\/138"}],"wp:attachment":[{"href":"https:\/\/gassin.eu\/de\/wp-json\/wp\/v2\/media?parent=210"}],"curies":[{"name":"wp","href":"https:\/\/api.w.org\/{rel}","templated":true}]}}