{"id":218,"date":"2017-09-10T12:29:40","date_gmt":"2017-09-10T10:29:40","guid":{"rendered":"https:\/\/gassin.eu\/?page_id=218"},"modified":"2025-06-29T20:56:41","modified_gmt":"2025-06-29T18:56:41","slug":"fremdenverkehrsverein","status":"publish","type":"page","link":"https:\/\/gassin.eu\/de\/praktische-informationen\/fremdenverkehrsverein\/","title":{"rendered":"Gassin Tourist Office"},"content":{"rendered":"\n<div class=\"wp-block-group is-layout-constrained wp-block-group-is-layout-constrained\">\n<p class=\"wp-block-paragraph\">Das Tourismusb\u00fcro von Gassin, das sich im Herzen der Halbinsel des Golfs von Saint-Tropez befindet, wurde am 1. April 20216 er\u00f6ffnet und hat seit seiner Er\u00f6ffnung mehr als 150.000 Besucher empfangen. Dieser \u00f6ffentliche Verwaltungsdienst arbeitet als autonomer Regiebetrieb unterhalb des Rathauses und besch\u00e4ftigt derzeit 5 Mitarbeiter. <\/p>\n\n\n\n<p class=\"wp-block-paragraph\">Das Tourismusb\u00fcro von Gassin, das Anfang 2018 in die <strong data-start=\"563\" data-end=\"578\">Kategorie I<\/strong> eingestuft wurde, formalisierte seinen Qualit\u00e4tsansatz, indem es sich f\u00fcr die Marke <strong data-start=\"689\" data-end=\"709\">Qualit\u00e9 Tourisme<\/strong> einsetzte, deren offizieller Inhaber es seit dem 1. Dezember 2017 ist. Das Fremdenverkehrsamt, das die Destination Gassin auf ihrem Weg zur Auszeichnung als <strong data-start=\"892\" data-end=\"915\">Tourismusort<\/strong> begleitet hat, ist stolz darauf, zu den fast 500 franz\u00f6sischen Tourismusorten zu geh\u00f6ren, die per Ministerialerlass f\u00fcr eine Dauer von zw\u00f6lf Jahren bestimmt werden. <\/p>\n\n\n\n<p class=\"wp-block-paragraph\">Mit dem Ziel, allen Besuchern einen qualitativ hochwertigen Empfang zu bieten, kommuniziert die Destination Gassin ihr Engagement im Bereich der Barrierefreiheit. Es verf\u00fcgt \u00fcber einen Anbieter mit dem Label <strong data-start=\"316\" data-end=\"339\">Tourisme &amp; Handicap<\/strong>, in diesem Fall das <strong data-start=\"360\" data-end=\"382\">Ch\u00e2teau de Chausse<\/strong>, das 2024 gekennzeichnet wurde. <\/p>\n\n\n\n<p class=\"wp-block-paragraph\">Im Folgenden finden Sie Informationen \u00fcber das Team des Fremdenverkehrsamtes, unsere \u00d6ffnungszeiten, unsere <strong data-start=\"1207\" data-end=\"1218\">Qualit\u00e4tspolitik<\/strong> und -verpflichtungen sowie unsere Verpflichtungen in Bezug auf die <strong data-start=\"1260\" data-end=\"1275\">Kategorie I<\/strong> und unsere Mitgliedschaft bei <strong data-start=\"1296\" data-end=\"1329\">Offices de Tourisme de France<\/strong>.<\/p>\n\n\n\n<p class=\"has-lg-font-size wp-block-paragraph\">Im Inhaltsverzeichnis :<\/p>\n\n\n\n<nav aria-label=\"Inhaltsverzeichnis\" class=\"wp-block-table-of-contents\"><ol><li><a class=\"wp-block-table-of-contents__entry\" href=\"https:\/\/gassin.eu\/de\/praktische-informationen\/fremdenverkehrsverein\/#periodes-et-horaires-d-ouverture-de-l-office-de-tourisme\">Perioden und \u00d6ffnungszeiten des Tourismusb\u00fcros<\/a><\/li><li><a class=\"wp-block-table-of-contents__entry\" href=\"https:\/\/gassin.eu\/de\/praktische-informationen\/fremdenverkehrsverein\/#politique-et-objectifs-qualite\">Qualit\u00e4tspolitik und -ziele  <\/a><\/li><li><a class=\"wp-block-table-of-contents__entry\" href=\"https:\/\/gassin.eu\/de\/praktische-informationen\/fremdenverkehrsverein\/#engagements-et-politique-qualite\">Verpflichtungen und Qualit\u00e4tspolitik<\/a><\/li><li><a class=\"wp-block-table-of-contents__entry\" href=\"https:\/\/gassin.eu\/de\/praktische-informationen\/fremdenverkehrsverein\/#engagements-categorie-i\">Verpflichtungen Kategorie I<\/a><\/li><li><a class=\"wp-block-table-of-contents__entry\" href=\"https:\/\/gassin.eu\/de\/praktische-informationen\/fremdenverkehrsverein\/#reseau-adn-tourisme\">ADN-Tourismus-Netzwerk  <\/a><\/li><\/ol><\/nav>\n\n\n\n<figure class=\"wp-block-image aligncenter size-large\"><img loading=\"lazy\" decoding=\"async\" width=\"1024\" height=\"1024\" data-tippy-content=\"\u00e9quipe OTG uniformes 2023 vue mer\" src=\"https:\/\/gassin.eu\/wp-content\/uploads\/2025\/02\/equipe-OTG-uniformes-2023-vue-mer-1024x1024.jpg\" alt=\"\" class=\"wp-image-4797\" srcset=\"https:\/\/gassin.eu\/wp-content\/uploads\/2025\/02\/equipe-OTG-uniformes-2023-vue-mer-1024x1024.jpg 1024w, https:\/\/gassin.eu\/wp-content\/uploads\/2025\/02\/equipe-OTG-uniformes-2023-vue-mer-300x300.jpg 300w, https:\/\/gassin.eu\/wp-content\/uploads\/2025\/02\/equipe-OTG-uniformes-2023-vue-mer-150x150.jpg 150w, https:\/\/gassin.eu\/wp-content\/uploads\/2025\/02\/equipe-OTG-uniformes-2023-vue-mer-768x768.jpg 768w, https:\/\/gassin.eu\/wp-content\/uploads\/2025\/02\/equipe-OTG-uniformes-2023-vue-mer-125x125.jpg 125w, https:\/\/gassin.eu\/wp-content\/uploads\/2025\/02\/equipe-OTG-uniformes-2023-vue-mer.jpg 1440w\" sizes=\"auto, (max-width: 1024px) 100vw, 1024px\" \/><\/figure>\n\n\n\n<h2 class=\"wp-block-heading has-text-align-center\" id=\"periodes-et-horaires-d-ouverture-de-l-office-de-tourisme\">Perioden und \u00d6ffnungszeiten des Tourismusb\u00fcros<a name=\"horaires\"><\/a><\/h2>\n\n\n\n<p class=\"has-text-align-center wp-block-paragraph\"><strong>Vom 1. Wochenende im Oktober bis zu den Osterferien :<\/strong><\/p>\n\n\n\n<p class=\"has-text-align-center wp-block-paragraph\">Montag bis Freitag von 9:00 bis 12:00 Uhr und von 14:00 bis 17:00 Uhr<\/p>\n\n\n\n<p class=\"has-text-align-center wp-block-paragraph\"><strong>Vom ersten Tag der Osterferien bis Mitte Oktober (Ende der Voiles de Saint-Tropez) :<\/strong><\/p>\n\n\n\n<p class=\"has-text-align-center wp-block-paragraph\">Montag bis Samstag von 9:00 bis 13:00 Uhr und von 14:00 bis 18:00 Uhr<br\/>Sonntag von 9:00 bis 13:00 Uhr<\/p>\n\n\n\n<h2 class=\"wp-block-heading\" id=\"politique-et-objectifs-qualite\">Qualit\u00e4tspolitik und -ziele<br\/><a name=\"qualite\"><\/a><\/h2>\n\n\n\n<p class=\"western wp-block-paragraph\">Im Jahr 2017 wollte sich das Tourismusb\u00fcro dem von der FROT geleiteten Prozess Qualit\u00e9 Tourisme anschlie\u00dfen und begann, alle Verfahren umzusetzen. Dieses Engagement m\u00fcndete in der Verleihung der Marke Qualit\u00e9 Tourisme am 1. Dezember 2017. <\/p>\n\n\n\n<p class=\"western wp-block-paragraph\">Dar\u00fcber hinaus f\u00fchrt das Tourismusb\u00fcro auch die Erneuerung seiner Klassifizierung durch und erh\u00e4lt am 6. Februar 2018 die Klassifizierung in Kategorie I.<\/p>\n\n\n\n<p class=\"western wp-block-paragraph\">Unter dem Impuls der neuen Direktion hat das Fremdenverkehrsamt einen Qualit\u00e4tsprozess eingeleitet, der vom Fremdenverkehrsamt von Ramatuelle motiviert wurde und urspr\u00fcnglich dazu diente, die internen Arbeitsmethoden der Struktur zu verbessern, um effizienter zu werden. Nach und nach entschied man sich f\u00fcr die Marke Qualit\u00e9 Tourisme, die vom Staat (Ministerium f\u00fcr Tourismus) vergeben wird und in den Augen der breiten \u00d6ffentlichkeit (Besucher, Sozioprofessionelle, Institutionen&#8230;) selbsterkl\u00e4rend ist. <\/p>\n\n\n\n<p class=\"western wp-block-paragraph\">Im M\u00e4rz 2017 bekr\u00e4ftigte das Tourismusb\u00fcro daher sein Engagement und beantragte die Begleitung zum Erhalt der Marke, die vom Regionalverband der Tourismusb\u00fcros der Region Provence-Alpes-C\u00f4te d&#8217;Azur eingef\u00fchrt wurde.<\/p>\n\n\n\n<p class=\"western wp-block-paragraph\">Im Rahmen der Ziel- und Mittelvereinbarung, die das Tourismusb\u00fcro von Gassin mit der Stadt verbindet, schreibe ich mich als Pilot eines umfassenden Qualit\u00e4tskonzepts ein, das sich auf drei Hauptziele bezieht: die Zufriedenheit der Kunden, der Dienstleister und der gew\u00e4hlten Vertreter.<\/p>\n\n\n\n<p class=\"western wp-block-paragraph\"><span style=\"font-size: small;\"><span style=\"font-size: medium;\"><u>Die Qualit\u00e4tsziele des OTG sind :<\/u><\/span><\/span><\/p>\n\n\n\n<ul class=\"wp-block-list\">\n<li><p lang=\"fr-FR\" align=\"left\"><span style=\"font-size: small;\">Qualitativ hochwertige menschliche Beziehungen<\/span><\/p><\/li>\n\n\n\n<li><p lang=\"fr-FR\" align=\"left\"><span style=\"font-size: small;\">Effiziente und ruhige Arbeitsbedingungen<\/span><\/p><\/li>\n\n\n\n<li><p lang=\"fr-FR\" align=\"left\"><span style=\"font-size: small;\">Ein kompetentes und geschultes Team<\/span><\/p><\/li>\n<\/ul>\n\n\n\n<p class=\"western wp-block-paragraph\"><u>Um unseren Besuchern qualitativ hochwertige Dienstleistungen zu bieten, verpflichten wir uns :<\/u><\/p>\n\n\n\n<ul class=\"wp-block-list\">\n<li><p lang=\"fr-FR\" align=\"left\"><span style=\"font-size: small;\">Verbesserung der Zug\u00e4nglichkeit und Sichtbarkeit des E.T.O.<\/span><\/p><\/li>\n\n\n\n<li><p lang=\"fr-FR\" align=\"left\"><span style=\"font-size: small;\">Erleichterung des Zugangs zu Informationen f\u00fcr alle, zu jeder Zeit<\/span><\/p><\/li>\n\n\n\n<li><p lang=\"fr-FR\" align=\"left\"><span style=\"font-size: small;\">Die Bereitstellung von Tourismusinformationen und deren Verwaltung optimieren<\/span><\/p><\/li>\n\n\n\n<li><p lang=\"fr-FR\" align=\"left\"><span style=\"font-size: small;\">Jedem klare, genaue und aktuelle Informationen garantieren<\/span><\/p><\/li>\n\n\n\n<li><p lang=\"fr-FR\" align=\"left\"><span style=\"font-size: small;\">Einen pers\u00f6nlichen und herzlichen Empfang gew\u00e4hrleisten, der den W\u00fcnschen und Bed\u00fcrfnissen des Besuchers m\u00f6glichst nahe kommt<\/span><\/p><\/li>\n\n\n\n<li><p lang=\"fr-FR\" align=\"left\"><span style=\"font-size: small;\">unsere Besucher bei der Organisation und Buchung ihres Aufenthalts begleiten<\/span><\/p><\/li>\n\n\n\n<li><p lang=\"fr-FR\" align=\"left\"><span style=\"font-size: small;\">Unseren Besuchern eine Stimme geben, damit sie zur st\u00e4ndigen Verbesserung unserer Dienstleistungen beitragen k\u00f6nnen<\/span><\/p><\/li>\n<\/ul>\n\n\n\n<p class=\"western wp-block-paragraph\"><u>Um unseren Partnern qualitativ hochwertige Dienstleistungen zu bieten, verpflichten wir uns zu :<\/u><\/p>\n\n\n\n<ul class=\"wp-block-list\">\n<li><p lang=\"fr-FR\" align=\"left\"><span style=\"font-size: small;\">Strukturierung, Qualifizierung, F\u00f6rderung und Verkauf des touristischen Angebots des Gebiets<\/span><\/p><\/li>\n\n\n\n<li><p lang=\"fr-FR\" align=\"left\"><span style=\"font-size: small;\">Den Bekanntheitsgrad des Territoriums \u00fcberwachen und auf dessen Steigerung hinarbeiten<\/span><\/p><\/li>\n\n\n\n<li><p lang=\"fr-FR\" align=\"left\"><span style=\"font-size: small;\">Lokale Ressourcen aufwerten<\/span><\/p><\/li>\n\n\n\n<li><p lang=\"fr-FR\" align=\"left\"><span style=\"font-size: small;\">Kollaborative Ma\u00dfnahmen zur Ankurbelung der Wirtschaftst\u00e4tigkeit in der Region vorschlagen<\/span><\/p><\/li>\n\n\n\n<li><p lang=\"fr-FR\" align=\"left\"><span style=\"font-size: small;\">Jedem Partner Werkzeuge zur Verf\u00fcgung stellen, mit denen er seine Kunden informieren kann<\/span><\/p><\/li>\n\n\n\n<li><p lang=\"fr-FR\" align=\"left\"><span style=\"font-size: small;\">Sensibilisierung der Partner f\u00fcr neue Trends und Entwicklungen in der Welt des Tourismus<\/span><\/p><\/li>\n\n\n\n<li><p lang=\"fr-FR\" align=\"left\"><span style=\"font-size: small;\">Mit lokalen und regionalen Tourismusnetzwerken zusammenarbeiten<\/span><\/p><\/li>\n<\/ul>\n\n\n\n<p class=\"western wp-block-paragraph\">Im Rahmen der Ziel- und Mittelvereinbarung verpflichte ich, R\u00e9mi Potier-Saffroy, Direktor des Fremdenverkehrsamtes von Gassin, mich in meiner Eigenschaft als Pilot eines globalen Ansatzes dazu, unsere Qualit\u00e4tsverpflichtungen zu definieren und sie mindestens alle drei Jahre zu aktualisieren, Sie an das Personal (E-Mail) und die Partner (Website und Plattform) weiterzuleiten, einen j\u00e4hrlichen Aktionsplan festzulegen, der im j\u00e4hrlichen Aktivit\u00e4tsprojekt pr\u00e4zisiert wird, und eine j\u00e4hrliche Bilanz der Aktionen (finanziell, qualitativ und quantitativ) im Rahmen der j\u00e4hrlichen Aktivit\u00e4tsbilanz zu erstellen.<\/p>\n\n\n\n<p class=\"western wp-block-paragraph\">Die Ziele unserer Qualit\u00e4tspolitik sind zahlreich und beschr\u00e4nken sich nicht nur auf den Empfang von Besuchern.<\/p>\n\n\n\n<p class=\"western wp-block-paragraph\">Die Mitglieder des EK und die Gesch\u00e4ftsleitung verpflichten sich daher zu :<\/p>\n\n\n\n<ul class=\"wp-block-list\">\n<li><p lang=\"fr-FR\" align=\"justify\"><span style=\"font-size: small;\">Ein b\u00fcrgernahes Tourismusb\u00fcro bleiben, das Menschen und nicht Profite f\u00f6rdert<\/span><\/p><\/li>\n\n\n\n<li><p lang=\"fr-FR\" align=\"justify\"><span style=\"font-size: small;\">Die Entdeckung des Var aufwerten<\/span><\/p><\/li>\n\n\n\n<li><p lang=\"fr-FR\" align=\"justify\"><span style=\"font-size: small;\">Den Kunden zuh\u00f6ren, sich auf ihre Erwartungen und W\u00fcnsche konzentrieren<\/span><\/p><\/li>\n\n\n\n<li><p lang=\"fr-FR\" align=\"justify\"><span style=\"font-size: small;\">In einer st\u00e4ndigen Dynamik der kontinuierlichen Verbesserung bleiben.<\/span><\/p><\/li>\n<\/ul>\n\n\n\n<p class=\"western wp-block-paragraph\">Um die Koordination und die Dynamik des Prozesses zu gew\u00e4hrleisten, wurde Frau Min\u00e9o Marilyne, Beraterin f\u00fcr Ferienaufenthalte, zur Qualit\u00e4tsbeauftragten ernannt. Sie verpflichtet sich, die Umsetzung des Konzepts zu \u00fcberwachen, zu \u00fcberpr\u00fcfen, ob die Verfahren tats\u00e4chlich von allen Mitarbeitern angewendet werden, und in Absprache mit dem gesamten Team Vorschl\u00e4ge zu machen, um die umzusetzende Organisation zu verbessern. <\/p>\n\n\n\n<p class=\"western wp-block-paragraph\">Dar\u00fcber hinaus m\u00f6chte ich als Direktor mein Management verbessern, um meinen Mitarbeitern mehr Rahmenbedingungen, Instrumente und Unterst\u00fctzung zu bieten. Ich z\u00e4hle auf das Engagement aller, um dieses Ergebnis zu erreichen, das unsere Professionalit\u00e4t und damit die Anerkennung unserer Partner unterstreicht <\/p>\n\n\n\n<p class=\"western wp-block-paragraph\">Ich verpflichte mich daher, mein Team auf allen Ebenen zu begleiten, um dieses Ergebnis zu erreichen.<\/p>\n\n\n\n<p class=\"western wp-block-paragraph\">R\u00e9mi Potier-Saffroy, Direktor.<\/p>\n\n\n\n<figure class=\"wp-block-image aligncenter\"><img loading=\"lazy\" decoding=\"async\" width=\"300\" height=\"300\" data-tippy-content=\"Destination E_400x400\" src=\"https:\/\/gassin.eu\/wp-content\/uploads\/2024\/07\/Destination-E_400x400-300x300.jpg\" alt=\"\" class=\"wp-image-4569\" srcset=\"https:\/\/gassin.eu\/wp-content\/uploads\/2024\/07\/Destination-E_400x400-300x300.jpg 300w, https:\/\/gassin.eu\/wp-content\/uploads\/2024\/07\/Destination-E_400x400-150x150.jpg 150w, https:\/\/gassin.eu\/wp-content\/uploads\/2024\/07\/Destination-E_400x400-125x125.jpg 125w, https:\/\/gassin.eu\/wp-content\/uploads\/2024\/07\/Destination-E_400x400.jpg 400w\" sizes=\"auto, (max-width: 300px) 100vw, 300px\" \/><\/figure>\n\n\n\n<h2 class=\"wp-block-heading\" id=\"engagements-et-politique-qualite\">Verpflichtungen und Qualit\u00e4tspolitik<\/h2>\n\n\n\n<p class=\"wp-block-paragraph\">Bei seiner Er\u00f6ffnung im April 2016 wollte sich die Leitung des Fremdenverkehrsamts von Gassin f\u00fcr einen Qualit\u00e4tsprozess einsetzen. Es wurden Instrumente eingef\u00fchrt, um die Erwartungen der Besucher und ihre Empfindungen zu erfahren und Probleme zu erfassen, um eine Verbesserung des Service zu erm\u00f6glichen. <\/p>\n\n\n\n<p class=\"wp-block-paragraph\">Da wir die Wiedergabe der erstellten Indikatoren verbessern und uns in einen allgemeinen Ansatz der Fremdenverkehrs\u00e4mter Frankreichs einf\u00fcgen wollten, haben wir 2017 einen Ausbildungszyklus integriert, mit dem Ziel, die Marke Qualit\u00e9 Tourisme zu erhalten.<\/p>\n\n\n\n<p class=\"wp-block-paragraph\">Diese Vorgehensweise erm\u00f6glicht es dem Fremdenverkehrsamt, sich nach einem anerkannten Verfahren zu organisieren, das den Besuchern eine qualitativ hochwertige Dienstleistung garantiert und folgende Schwerpunkte setzt: ein herzlicher Empfang durch aufmerksames Personal, das Fremdsprachen beherrscht, personalisierte Dienstleistungen und klare und pr\u00e4zise Informationen in einem sauberen und komfortablen Raum. Ziel ist es, den G\u00e4sten die M\u00f6glichkeit zu geben, das Reiseziel Gassin zu entdecken. <\/p>\n\n\n\n<p class=\"wp-block-paragraph\">Das Label Destination d&#8217;excellence zielt auf die St\u00e4rkung der Qualit\u00e4t im gesamten Bereich des touristischen Angebots ab: Unterk\u00fcnfte, Restaurants, Orte f\u00fcr Besichtigungen oder Freizeitaktivit\u00e4ten, Orte f\u00fcr Touristeninformationen (insbesondere Fremdenverkehrsb\u00fcros), Transport.  <strong>Es ersetzt seit Mai 2024 die Marke &#8222;Qualit\u00e9 Tourisme&#8220;. Informationen zu diesem G\u00fctesiegel finden Sie unter diesem Link :   <\/strong><a href=\"https:\/\/www.atout-france.fr\/fr\/destination-dexcellence.\">https:\/\/www.atout-france.fr\/fr\/destination-dexcellence.<\/a><\/p>\n\n\n\n<h2 class=\"wp-block-heading\" id=\"engagements-categorie-i\">Verpflichtungen Kategorie I<a name=\"categorie\"><\/a><\/h2>\n\n\n\n<p class=\"wp-block-paragraph\"><em>Das Tourismusb\u00fcro von Gassin ist in Kategorie I eingestuft.<\/em><\/p>\n\n\n\n<p class=\"wp-block-paragraph\"><em>Im Rahmen dieser Klassifizierung, die vom Pr\u00e4fekten des Departements Var vergeben wird, verpflichten wir uns zu :<\/em><\/p>\n\n\n\n<p class=\"wp-block-paragraph\">Stellen Sie Ihnen einen leicht zug\u00e4nglichen Empfangs- und Informationsbereich zur Verf\u00fcgung.<\/p>\n\n\n\n<ul class=\"wp-block-list\">\n<li>Erleichtern Sie Ihre Schritte.<\/li>\n\n\n\n<li>Ihnen M\u00f6bel f\u00fcr ein bequemes Sitzen schenken.<\/li>\n\n\n\n<li>Sie kostenlos \u00fcber das lokale Tourismusangebot informieren.<\/li>\n\n\n\n<li>Ihre \u00d6ffnungszeiten ausgedr\u00fcckt in mindestens zwei Fremdsprachen anzeigen und verbreiten.<\/li>\n\n\n\n<li>An mindestens 305 Tagen im Jahr einschlie\u00dflich Samstag und Sonntag in Zeiten des Tourismus oder der Unterhaltung ge\u00f6ffnet sein.<\/li>\n\n\n\n<li>Beantworten Sie das ganze Jahr \u00fcber Ihre Briefe.<\/li>\n\n\n\n<li>Gew\u00e4hrleistung einer st\u00e4ndigen Anlaufstelle, die von Personal betreut wird, das mindestens eine Fremdsprache beherrscht.<\/li>\n\n\n\n<li>Sicherstellung der Bereitstellung von Touristenkarten, Pl\u00e4nen und Reisef\u00fchrern in Papierform.<\/li>\n\n\n\n<li>Ihnen Zugang zu seiner dreisprachigen Website zu geben, die speziell f\u00fcr die Konsultation \u00fcber Bordmedien geeignet ist.<\/li>\n\n\n\n<li>Verbreitet seine touristischen Informationen auch in Papierform und in mindestens zwei Fremdsprachen \u00fcbersetzt:\n<ul class=\"wp-block-list\">\n<li><span style=\"font-size: small;\">alle klassifizierten touristischen Unterk\u00fcnfte, die mindestens den Namen der Einrichtung, die Postanschrift, die E-Mail-Adresse, die Adresse der Website, die Telefonverbindung und die Klassifizierungsstufe enthalten;<\/span><\/li>\n\n\n\n<li><span style=\"font-size: small;\">Kultur-, Natur- und Freizeitdenkm\u00e4ler und -st\u00e4tten, die die Angabe von Nutzungsgeb\u00fchren, \u00d6ffnungszeiten, Internetseiten sowie Telefon- und Postanschriften enthalten k\u00f6nnen;<\/span><\/li>\n\n\n\n<li><span style=\"font-size: small;\">zu Veranstaltungen und Animationen ;<\/span><\/li>\n\n\n\n<li><span style=\"font-size: small;\">zu den Notfalltelefonnummern.<\/span><\/li>\n<\/ul>\n<\/li>\n\n\n\n<li>Ihre Tourismusinformationen j\u00e4hrlich aktualisieren.<\/li>\n\n\n\n<li>Zeigen Sie drau\u00dfen die Notfalltelefonnummern an.<\/li>\n\n\n\n<li>Das gesamte qualifizierte Angebot seines Einzugsgebiets f\u00fcr alle Kundengruppen pr\u00e4sentieren.<\/li>\n\n\n\n<li>Ihnen Zugang zur Abfrage der Verf\u00fcgbarkeit von klassifizierten Unterk\u00fcnften geben.<\/li>\n\n\n\n<li>Bearbeiten Sie Ihre Beschwerden und messen Sie Ihre Zufriedenheit.<\/li>\n\n\n\n<li>Einen touristischen Informationsdienst anbieten, der die neuen Informations- und Kommunikationstechnologien integriert (soziale Netzwerke, Mobiltelefonie, Geolokalisierung&#8230;).<\/li>\n\n\n\n<li>die Anforderungen der Marke Destination D <span style=\"font-family: Liberation\\ Serif, serif;\">excellence\u00a9<\/span> erf\u00fcllen.<\/li>\n\n\n\n<li>Ihnen einen Aufenthaltsberater zur Verf\u00fcgung stellen.*<\/li>\n\n\n\n<li>Gew\u00e4hrleistung der Zuverl\u00e4ssigkeit und Aktualit\u00e4t von Informationen \u00fcber das lokale Tourismusangebot.<\/li>\n\n\n\n<li>Daten \u00fcber das touristische Angebot in seinem geografischen Einsatzgebiet aktualisieren<\/li>\n<\/ul>\n\n\n\n<h2 class=\"wp-block-heading\" id=\"reseau-adn-tourisme\">ADN-Tourismus-Netzwerk<br\/><a name=\"otf\"><\/a><\/h2>\n\n\n\n<p class=\"wp-block-paragraph\"><em>Das Fremdenverkehrsamt von Gassin ist Mitglied von ADN Tourisme, das <\/em><strong>drei historische Verb\u00e4nde der institutionellen Akteure des Tourismus umfasst<\/strong>: Offices de Tourisme de France, Tourisme &amp; Territoires und Destination R\u00e9gions.<\/p>\n\n\n\n<figure class=\"wp-block-image aligncenter\"><img loading=\"lazy\" decoding=\"async\" width=\"300\" height=\"182\" data-tippy-content=\"adn-logo-2024-1\" src=\"https:\/\/gassin.eu\/wp-content\/uploads\/2024\/07\/adn-logo-2024-1-300x182.png\" alt=\"\" class=\"wp-image-4564\" srcset=\"https:\/\/gassin.eu\/wp-content\/uploads\/2024\/07\/adn-logo-2024-1-300x182.png 300w, https:\/\/gassin.eu\/wp-content\/uploads\/2024\/07\/adn-logo-2024-1.png 469w\" sizes=\"auto, (max-width: 300px) 100vw, 300px\" \/><\/figure>\n<\/div>\n","protected":false},"excerpt":{"rendered":"<p>Das Tourismusb\u00fcro von Gassin, das sich im Herzen der Halbinsel des Golfs von Saint-Tropez befindet, wurde am 1. April 20216 er\u00f6ffnet und hat seit seiner Er\u00f6ffnung mehr als 150.000 Besucher empfangen. Dieser \u00f6ffentliche Verwaltungsdienst arbeitet als autonomer Regiebetrieb unterhalb des Rathauses und besch\u00e4ftigt derzeit 5 Mitarbeiter. Das Tourismusb\u00fcro von Gassin, das Anfang 2018 in die&#8230;<\/p>\n","protected":false},"author":7,"featured_media":0,"parent":138,"menu_order":96,"comment_status":"closed","ping_status":"closed","template":"","meta":{"_acf_changed":false,"_crdt_document":"","footnotes":""},"class_list":["post-218","page","type-page","status-publish","hentry"],"acf":[],"_links":{"self":[{"href":"https:\/\/gassin.eu\/de\/wp-json\/wp\/v2\/pages\/218","targetHints":{"allow":["GET"]}}],"collection":[{"href":"https:\/\/gassin.eu\/de\/wp-json\/wp\/v2\/pages"}],"about":[{"href":"https:\/\/gassin.eu\/de\/wp-json\/wp\/v2\/types\/page"}],"author":[{"embeddable":true,"href":"https:\/\/gassin.eu\/de\/wp-json\/wp\/v2\/users\/7"}],"replies":[{"embeddable":true,"href":"https:\/\/gassin.eu\/de\/wp-json\/wp\/v2\/comments?post=218"}],"version-history":[{"count":8,"href":"https:\/\/gassin.eu\/de\/wp-json\/wp\/v2\/pages\/218\/revisions"}],"predecessor-version":[{"id":5340,"href":"https:\/\/gassin.eu\/de\/wp-json\/wp\/v2\/pages\/218\/revisions\/5340"}],"up":[{"embeddable":true,"href":"https:\/\/gassin.eu\/de\/wp-json\/wp\/v2\/pages\/138"}],"wp:attachment":[{"href":"https:\/\/gassin.eu\/de\/wp-json\/wp\/v2\/media?parent=218"}],"curies":[{"name":"wp","href":"https:\/\/api.w.org\/{rel}","templated":true}]}}