{"id":5033,"date":"2025-06-29T17:53:51","date_gmt":"2025-06-29T15:53:51","guid":{"rendered":"https:\/\/gassin.eu\/rechtliche-hinweise\/"},"modified":"2025-06-29T18:20:22","modified_gmt":"2025-06-29T16:20:22","slug":"rechtliche-hinweise","status":"publish","type":"page","link":"https:\/\/gassin.eu\/de\/rechtliche-hinweise\/","title":{"rendered":"Rechtliche Hinweise"},"content":{"rendered":"\n<div class=\"wp-block-group is-layout-constrained wp-block-group-is-layout-constrained\">\n<p class=\"wp-block-paragraph\"><strong>Eigent\u00fcmer der Website <a href=\"https:\/\/gassin.eu\/\">gassin.eu<\/a>:<\/strong><br\/>OFFICE DE TOURISME DE GASSIN<br\/>20 place L\u00e9on Martel<br\/>83580 Gassin<br\/>T\u00e9l. +33 (0)4 98 11 56 51<\/p>\n\n\n\n<p class=\"wp-block-paragraph\"><strong>Realisierung der Website:<\/strong><br\/>Franck M\u00e9zi\u00e8re &#8211; Webdesign &amp; Entwicklung &#8211; <a href=\"http:\/\/meziere.net\">meziere.net<\/a><\/p>\n\n\n\n<p class=\"wp-block-paragraph\"><strong>Musik vom Anrufbeantworter:<\/strong> Titel: <a href=\"https:\/\/auboutdufil.com\/?id=610\">Stay With Me<\/a>, Autor: <a href=\"https:\/\/soundcloud.com\/rexlambo*\">Rexlambo<\/a>. Lizenz: <a href=\"https:\/\/creativecommons.org\/licenses\/by\/3.0\/deed.fr\">https:\/\/creativecommons.org\/licenses\/by\/3.0\/deed.fr.<\/a> <\/p>\n\n\n\n<p class=\"wp-block-paragraph\"><strong>Fotografien:<\/strong> e.bertrand, Guillaume Voiturier, Aurelien Ferriere, Office de tourisme de Gassin<\/p>\n\n\n\n<p class=\"wp-block-paragraph\">Diese Website ist eine originelle geistige Sch\u00f6pfung, die folglich unter den Schutz des Urheberrechts f\u00e4llt. Ihr Inhalt ist au\u00dferdem durch geistige und\/oder gewerbliche Eigentumsrechte gesch\u00fctzt. Jede Person, die die geistigen Eigentumsrechte an den verschiedenen Objekten dieser Website verletzt, macht sich der F\u00e4lschung schuldig und unterliegt den gesetzlich vorgesehenen strafrechtlichen Sanktionen.  <\/p>\n\n\n\n<p class=\"wp-block-paragraph\">Datenverarbeitung:<br\/>Die gesammelten Informationen werden elektronisch verarbeitet, um Ihnen zu antworten.<\/p>\n\n\n\n<p class=\"wp-block-paragraph\">Gem\u00e4\u00df dem Gesetz &#8222;Informatik und Freiheiten&#8220; vom 6. Januar 1978, ge\u00e4ndert 2004, haben Sie ein Recht auf Zugang und Berichtigung der Sie betreffenden Informationen, das Sie aus\u00fcben k\u00f6nnen, indem Sie sich an Office de Tourisme &#8211; 20 place L\u00e9on Martel &#8211; 83580 Gassin wenden.<\/p>\n\n\n\n<p class=\"wp-block-paragraph\">Sie k\u00f6nnen auch aus legitimen Gr\u00fcnden gegen die Verarbeitung Ihrer Daten Widerspruch einlegen.<\/p>\n<\/div>\n","protected":false},"excerpt":{"rendered":"<p>Eigent\u00fcmer der Website gassin.eu:OFFICE DE TOURISME DE GASSIN20 place L\u00e9on Martel83580 GassinT\u00e9l. +33 (0)4 98 11 56 51 Realisierung der Website:Franck M\u00e9zi\u00e8re &#8211; Webdesign &amp; Entwicklung &#8211; meziere.net Musik vom Anrufbeantworter: Titel: Stay With Me, Autor: Rexlambo. Lizenz: https:\/\/creativecommons.org\/licenses\/by\/3.0\/deed.fr. Fotografien: e.bertrand, Guillaume Voiturier, Aurelien Ferriere, Office de tourisme de Gassin Diese Website ist eine originelle&#8230;<\/p>\n","protected":false},"author":6,"featured_media":0,"parent":0,"menu_order":46,"comment_status":"closed","ping_status":"closed","template":"","meta":{"_acf_changed":false,"_crdt_document":"","footnotes":""},"class_list":["post-5033","page","type-page","status-publish","hentry"],"acf":[],"_links":{"self":[{"href":"https:\/\/gassin.eu\/de\/wp-json\/wp\/v2\/pages\/5033","targetHints":{"allow":["GET"]}}],"collection":[{"href":"https:\/\/gassin.eu\/de\/wp-json\/wp\/v2\/pages"}],"about":[{"href":"https:\/\/gassin.eu\/de\/wp-json\/wp\/v2\/types\/page"}],"author":[{"embeddable":true,"href":"https:\/\/gassin.eu\/de\/wp-json\/wp\/v2\/users\/6"}],"replies":[{"embeddable":true,"href":"https:\/\/gassin.eu\/de\/wp-json\/wp\/v2\/comments?post=5033"}],"version-history":[{"count":1,"href":"https:\/\/gassin.eu\/de\/wp-json\/wp\/v2\/pages\/5033\/revisions"}],"predecessor-version":[{"id":5034,"href":"https:\/\/gassin.eu\/de\/wp-json\/wp\/v2\/pages\/5033\/revisions\/5034"}],"wp:attachment":[{"href":"https:\/\/gassin.eu\/de\/wp-json\/wp\/v2\/media?parent=5033"}],"curies":[{"name":"wp","href":"https:\/\/api.w.org\/{rel}","templated":true}]}}