{"id":5704,"date":"2024-08-12T00:42:48","date_gmt":"2024-08-11T22:42:48","guid":{"rendered":"https:\/\/gassin.eu\/erklaerung-zur-barrierefreiheit\/"},"modified":"2025-07-11T12:18:57","modified_gmt":"2025-07-11T10:18:57","slug":"erklaerung-zur-barrierefreiheit","status":"publish","type":"page","link":"https:\/\/gassin.eu\/de\/erklaerung-zur-barrierefreiheit\/","title":{"rendered":"Erkl\u00e4rung zur Barrierefreiheit"},"content":{"rendered":"\n<div class=\"wp-block-group is-layout-constrained wp-block-group-is-layout-constrained\">\n<p class=\"wp-block-paragraph\">Das Office de Tourisme de Gassin verpflichtet sich, seine Website gem\u00e4\u00df Artikel 47 des Gesetzes Nr. 2005-102 vom 11. Februar 2005 zug\u00e4nglich zu machen.<\/p>\n\n\n\n<p class=\"wp-block-paragraph\">Diese Erkl\u00e4rung zur Barrierefreiheit gilt f\u00fcr die Website <a href=\"https:\/\/gassin.eu\">https:\/\/gassin.eu<\/a>.<\/p>\n\n\n\n<h2 class=\"wp-block-heading\">Stand der Einhaltung<\/h2>\n\n\n\n<p class=\"wp-block-paragraph\">Die Website <a href=\"https:\/\/gassin.eu\">https:\/\/gassin.eu<\/a> entspricht aufgrund der unten aufgef\u00fchrten Nichtkonformit\u00e4ten und Ausnahmeregelungen teilweise dem Allgemeinen Standard zur Verbesserung der Barrierefreiheit (RGAA), Version 4.1.2.<\/p>\n\n\n\n<h2 class=\"wp-block-heading\">Ergebnis der Tests<\/h2>\n\n\n\n<p class=\"wp-block-paragraph\">Die Pr\u00fcfung der Barrierefreiheit wurde am 8. Juli 2025 auf einer repr\u00e4sentativen Stichprobe von 10 Seiten durchgef\u00fchrt und ergab, dass :<\/p>\n\n\n\n<ul class=\"wp-block-list\">\n<li>87% der Kriterien der RGAA Version 4.1.2 werden erf\u00fcllt ;<\/li>\n\n\n\n<li>Zur Information: Die durchschnittliche Einhaltungsquote der Website liegt bei 94% ;<\/li>\n<\/ul>\n\n\n\n<h3 class=\"wp-block-heading\">Seiten der Website, die der Konformit\u00e4tspr\u00fcfung unterzogen wurden<\/h3>\n\n\n\n<figure class=\"wp-block-table is-style-regular\"><table><thead><tr><th><strong>Name<\/strong><\/th><th><strong>Url<\/strong><\/th><th><strong>Bedeutende Elemente<\/strong><\/th><\/tr><\/thead><tbody><tr><td>Startseite<\/td><td><a href=\"https:\/\/gassin.eu\/\">https:\/\/gassin.eu\/<\/a><\/td><td>Pflichtseite<\/td><\/tr><tr><td>Kontakt<\/td><td><a href=\"https:\/\/gassin.eu\/de\/praktische-informationen\/contact\/\">https:\/\/gassin.eu\/fr\/informations-pratiques\/contact\/<\/a><\/td><td>Pflichtseite<\/td><\/tr><tr><td>Rechtliche Hinweise<\/td><td><a href=\"https:\/\/gassin.eu\/de\/rechtliche-hinweise\/\">https:\/\/gassin.eu\/fr\/mentions-legales\/<\/a><\/td><td>Pflichtseite<\/td><\/tr><tr><td>Zug\u00e4nglichkeit<\/td><td><a href=\"https:\/\/gassin.eu\/de\/erklaerung-zur-barrierefreiheit\/\">https:\/\/gassin.eu\/fr\/accessibilite\/<\/a><\/td><td>Pflichtseite<\/td><\/tr><tr><td>Suche<\/td><td><a href=\"https:\/\/gassin.eu\/de\/suchen\/\">https:\/\/gassin.eu\/fr\/search\/<\/a><\/td><td>Suchseite und Seite mit den Suchergebnissen<\/td><\/tr><tr><td>Veranstaltungen<\/td><td><a href=\"https:\/\/gassin.eu\/de\/veranstaltungen\/\">https:\/\/gassin.eu\/fr\/animations\/<\/a><\/td><td>Veranstaltungsseite<\/td><\/tr><tr><td>Ereignis<\/td><td><a href=\"https:\/\/gassin.eu\/fr\/animation\/culture\/gassin\/commemoration-de-l-appel-du-18juin-5828500\/\">https:\/\/gassin.eu\/fr\/animation\/culture\/gassin\/commemoration-de-l-appel-du-18juin-5828500\/<\/a><\/td><td>Seite einer Veranstaltung<\/td><\/tr><tr><td>Was kann man in Gassin unternehmen?<\/td><td><a href=\"https:\/\/gassin.eu\/de\/praktische-informationen\/was-koennen-sie-in-gassin-machen\/\">https:\/\/gassin.eu\/fr\/informations-pratiques\/quoi-faire-a-gassin\/<\/a><\/td><td>Redaktionelle Seite<\/td><\/tr><tr><td>Zugang zu Gassin<\/td><td><a href=\"https:\/\/gassin.eu\/de\/praktische-informationen\/um-zu-gassin-zu-kommen\/\">https:\/\/gassin.eu\/fr\/informations-pratiques\/acces-a-gassin\/<\/a><\/td><td>Zugangsseite<\/td><\/tr><tr><td>Dokumentation<\/td><td><a href=\"https:\/\/gassin.eu\/de\/praktische-informationen\/dokumentation\/\">https:\/\/gassin.eu\/fr\/informations-pratiques\/documentation\/<\/a><\/td><td>Seite zum Herunterladen der Dokumentation<\/td><\/tr><\/tbody><\/table><\/figure>\n\n\n\n<h3 class=\"wp-block-heading\">Testumgebung und Werkzeuge zur Bewertung der Barrierefreiheit<\/h3>\n\n\n\n<ul class=\"wp-block-list\">\n<li>Manueller Test auf der Grundlage von RGAA 4.1.2 (Kriterien und Tests)<\/li>\n\n\n\n<li>Rendering-Engine: Blink, Gecko  <\/li>\n\n\n\n<li>Analysetools: Chrome Version 137, Firefox Version 140, Web Developer Version 3.0.1 (Erweiterung), Color Contrast Analyzer Version 3.5.4  <\/li>\n\n\n\n<li>Screenreader: NVDA Version 2024.4.2, JAWS 2025.2505.43<\/li>\n<\/ul>\n\n\n\n<h3 class=\"wp-block-heading\">Nicht zug\u00e4ngliche Inhalte<\/h3>\n\n\n\n<p class=\"wp-block-paragraph\">Trotz unserer Bem\u00fchungen sind einige Inhalte nicht zug\u00e4nglich :<\/p>\n\n\n\n<ul class=\"wp-block-list\">\n<li>Das Hauptmen\u00fc ist bei der Deaktivierung von Skripten unsichtbar.<\/li>\n\n\n\n<li>Die zum Herunterladen angebotenen Dokumente entsprechen nicht den Kriterien f\u00fcr Barrierefreiheit.<\/li>\n\n\n\n<li>Einige informative Bilder verf\u00fcgen nicht \u00fcber Textalternativen zum visuellen Inhalt oder diese sind irrelevant oder zu lang.<\/li>\n\n\n\n<li>Einige nicht getaggte Links enthalten Text, der in einer anderen Sprache als der Hauptsprache der Seite verfasst ist.<\/li>\n\n\n\n<li>Der Artikelz\u00e4hler im Einkaufswagen zeigt nicht die Anzahl der Elemente im barrierefreien Text an und weist nicht auf dynamische Aktualisierungen an assistierenden Technologien hin.<\/li>\n<\/ul>\n\n\n\n<h3 class=\"wp-block-heading\">Ausnahmen wegen unverh\u00e4ltnism\u00e4\u00dfiger Belastung<\/h3>\n\n\n\n<ul class=\"wp-block-list\">\n<li>Einige \u00e4ltere PDF-Publikationen werden aufgrund ihres Alters und der unverh\u00e4ltnism\u00e4\u00dfig hohen Kosten nicht zug\u00e4nglich gemacht.<\/li>\n<\/ul>\n\n\n\n<h3 class=\"wp-block-heading\">Inhalte, die nicht der Pflicht zur Barrierefreiheit unterliegen<\/h3>\n\n\n\n<ul class=\"wp-block-list\">\n<li>Inhalte von Dritten, die nicht von der betreffenden Organisation finanziert oder entwickelt wurden und die nicht unter ihrer Kontrolle stehen (Online-Rahmen, Youtube-Player, Kartenmaterial).<\/li>\n\n\n\n<li>Dateien, die in B\u00fcroformaten verf\u00fcgbar sind, die vor dem 23. September 2018 ver\u00f6ffentlicht wurden, es sei denn, sie sind f\u00fcr die Durchf\u00fchrung eines Verwaltungsvorgangs erforderlich, der zu den von der betreffenden Einrichtung durchgef\u00fchrten Aufgaben geh\u00f6rt.<\/li>\n\n\n\n<li>Voraufgezeichnete Audio- und Videoinhalte, einschlie\u00dflich solcher mit interaktiven Komponenten, die vor dem 23. September 2020 ver\u00f6ffentlicht wurden.<\/li>\n<\/ul>\n\n\n\n<h2 class=\"wp-block-heading\">Erstellung dieser Erkl\u00e4rung<\/h2>\n\n\n\n<p class=\"wp-block-paragraph\">Diese Erkl\u00e4rung wurde am 8. Juli 2025 auf der Grundlage einer umfassenden Pr\u00fcfung durch einen externen Dienstleister erstellt.<\/p>\n\n\n\n<h2 class=\"wp-block-heading\">Feedback und Kontakt<\/h2>\n\n\n\n<p class=\"wp-block-paragraph\">Wenn Sie auf einen Inhalt nicht zugreifen k\u00f6nnen oder einen Mangel an Zug\u00e4nglichkeit feststellen, k\u00f6nnen Sie den Verantwortlichen der Website kontaktieren, um auf eine zug\u00e4ngliche Alternative verwiesen zu werden oder den Inhalt in einer anderen Form zu erhalten.<\/p>\n\n\n\n<p class=\"wp-block-paragraph\"><a href=\"https:\/\/gassin.eu\/de\/praktische-informationen\/contact\/\" data-type=\"page\" data-id=\"222\">Eine Nachricht senden<\/a><\/p>\n\n\n\n<h2 class=\"wp-block-heading\">Rechtsmittel<\/h2>\n\n\n\n<p class=\"wp-block-paragraph\">Wenn Sie einen Mangel an Zug\u00e4nglichkeit feststellen, der Sie daran hindert, auf einen Inhalt oder eine Funktion der Website zuzugreifen, und Sie uns dies melden und keine Antwort von uns erhalten, haben Sie das Recht, Ihre Beschwerden oder einen Antrag auf Befassung an den Rechtsverteidiger zu richten.<\/p>\n\n\n\n<p class=\"wp-block-paragraph\">Es stehen Ihnen mehrere M\u00f6glichkeiten zur Verf\u00fcgung:<\/p>\n\n\n\n<ul class=\"wp-block-list\">\n<li>Schreiben Sie eine Nachricht an den Rechtsverteidiger<a href=\"https:\/\/formulaire.defenseurdesdroits.fr\/\">(formulaire.defenseurdesdroits.fr<\/a>)<\/li>\n\n\n\n<li>Kontaktieren Sie den Delegierten des D\u00e9fenseur des droits in Ihrer N\u00e4he<a href=\"https:\/\/defenseurdesdroits.fr\/saisir\/delegues\">(defenseurdesdroits.fr\/saisir\/delegues<\/a>)<\/li>\n\n\n\n<li>Einen Brief per Post versenden (kostenlos, keine Briefmarke verwenden) :<\/li>\n<\/ul>\n\n\n\n<p class=\"wp-block-paragraph\">D\u00e9fenseur des droits<br\/>Freie Antwort 71120<br\/>75342 Paris CEDEX 07<\/p>\n<\/div>\n","protected":false},"excerpt":{"rendered":"<p>Das Office de Tourisme de Gassin verpflichtet sich, seine Website gem\u00e4\u00df Artikel 47 des Gesetzes Nr. 2005-102 vom 11. Februar 2005 zug\u00e4nglich zu machen. Diese Erkl\u00e4rung zur Barrierefreiheit gilt f\u00fcr die Website https:\/\/gassin.eu. Stand der Einhaltung Die Website https:\/\/gassin.eu entspricht aufgrund der unten aufgef\u00fchrten Nichtkonformit\u00e4ten und Ausnahmeregelungen teilweise dem Allgemeinen Standard zur Verbesserung der Barrierefreiheit&#8230;<\/p>\n","protected":false},"author":6,"featured_media":0,"parent":0,"menu_order":157,"comment_status":"closed","ping_status":"closed","template":"","meta":{"_acf_changed":false,"_crdt_document":"","footnotes":""},"class_list":["post-5704","page","type-page","status-publish","hentry"],"acf":[],"_links":{"self":[{"href":"https:\/\/gassin.eu\/de\/wp-json\/wp\/v2\/pages\/5704","targetHints":{"allow":["GET"]}}],"collection":[{"href":"https:\/\/gassin.eu\/de\/wp-json\/wp\/v2\/pages"}],"about":[{"href":"https:\/\/gassin.eu\/de\/wp-json\/wp\/v2\/types\/page"}],"author":[{"embeddable":true,"href":"https:\/\/gassin.eu\/de\/wp-json\/wp\/v2\/users\/6"}],"replies":[{"embeddable":true,"href":"https:\/\/gassin.eu\/de\/wp-json\/wp\/v2\/comments?post=5704"}],"version-history":[{"count":1,"href":"https:\/\/gassin.eu\/de\/wp-json\/wp\/v2\/pages\/5704\/revisions"}],"predecessor-version":[{"id":5705,"href":"https:\/\/gassin.eu\/de\/wp-json\/wp\/v2\/pages\/5704\/revisions\/5705"}],"wp:attachment":[{"href":"https:\/\/gassin.eu\/de\/wp-json\/wp\/v2\/media?parent=5704"}],"curies":[{"name":"wp","href":"https:\/\/api.w.org\/{rel}","templated":true}]}}