{"id":7315,"date":"2021-03-29T18:01:30","date_gmt":"2021-03-29T16:01:30","guid":{"rendered":"https:\/\/gassin.eu\/archiv-osterparcours-2021-in-gassin\/"},"modified":"2026-05-05T14:36:31","modified_gmt":"2026-05-05T12:36:31","slug":"archiv-osterparcours-2021-in-gassin","status":"publish","type":"page","link":"https:\/\/gassin.eu\/de\/archiv-osterparcours-2021-in-gassin\/","title":{"rendered":"Archiv Osterparcours 2021 in Gassin"},"content":{"rendered":"\n<div class=\"wp-block-group is-layout-constrained wp-block-group-is-layout-constrained\">\n<h2 class=\"wp-block-heading\">2023<\/h2>\n\n\n\n<p class=\"wp-block-paragraph\">Hier finden Sie die Antworten des von der Touristeninformation organisierten Osterparcours 2023: L&#8217;\u00e9chapp\u00e9e des poules (Die Flucht der H\u00fchner).<\/p>\n\n\n\n<p class=\"wp-block-paragraph\"><\/p>\n\n\n\n<p class=\"has-luminous-vivid-orange-color has-text-color wp-block-paragraph\">Frage 1: 7 Eier in der Voliere, 1000 Gramm Mehl, 2,5 Flaschen Milch, 450 Gramm Zucker<\/p>\n\n\n\n<p class=\"wp-block-paragraph\">Frage 2:<strong> <\/strong>2 in den B\u00e4umen, eine hinter der Kiste<\/p>\n\n\n\n<p class=\"has-vivid-green-cyan-color has-text-color wp-block-paragraph\"><strong>Frage 3:<\/strong> Gallino<\/p>\n\n\n\n<p class=\"has-vivid-cyan-blue-color has-text-color wp-block-paragraph\">Frage 4: 2 3 4 5 6 7 8 10 13 14 15 16 17 18<\/p>\n\n\n\n<p class=\"has-luminous-vivid-orange-color has-text-color wp-block-paragraph\"><strong>Frage 5:<\/strong> zu Regenrinnen<\/p>\n\n\n\n<p class=\"has-vivid-purple-color has-text-color wp-block-paragraph\">Frage 6: 2+7=9, 4+5=9, 3+6=9, 1+8=9<\/p>\n\n\n\n<p class=\"has-vivid-green-cyan-color has-text-color wp-block-paragraph\"><strong>Frage 7:<\/strong> Maulwurfsh\u00fcgel=4, H\u00f6hle=6 Bau=1, Kaninchenstall=7, Schweinestall=2, Schafstall=3, Bienenstock=5<\/p>\n\n\n\n<p class=\"wp-block-paragraph\">Frage 8: <strong>Schokolade<\/strong><\/p>\n\n\n\n<p class=\"has-vivid-cyan-blue-color has-text-color wp-block-paragraph\"><strong>Frage 9:<\/strong> Gitter, Dachrinnen, Lorbeer, bei der Steige<\/p>\n\n\n\n<p class=\"has-vivid-green-cyan-color has-text-color wp-block-paragraph\">Frage 10: Das K\u00fcken piepst<\/p>\n\n\n\n<p class=\"has-luminous-vivid-orange-color has-text-color wp-block-paragraph\"><strong>Frage 11 <\/strong>: zu Regenrinnen<\/p>\n\n\n\n<p class=\"has-vivid-red-color has-text-color wp-block-paragraph\">Frage 12: Der Fuchs, die Elster, die Schlange, der Marder, der Sperber<\/p>\n\n\n\n<p class=\"wp-block-paragraph\">Frage 13: Gassinette ist die Nummer 3<\/p>\n\n\n\n<p class=\"wp-block-paragraph\"><\/p>\n\n\n\n<p class=\"wp-block-paragraph\"><\/p>\n\n\n\n<h2 class=\"wp-block-heading\">2021<\/h2>\n\n\n\n<p class=\"wp-block-paragraph\"><\/p>\n\n\n\n<figure class=\"wp-block-image size-large\"><img loading=\"lazy\" decoding=\"async\" width=\"724\" height=\"1024\" data-tippy-content=\"AFFICHE-paques-1\" src=\"https:\/\/gassin.eu\/wp-content\/uploads\/2021\/04\/AFFICHE-paques-1-724x1024.jpg\" alt=\"\" class=\"wp-image-2332\" srcset=\"https:\/\/gassin.eu\/wp-content\/uploads\/2021\/04\/AFFICHE-paques-1-724x1024.jpg 724w, https:\/\/gassin.eu\/wp-content\/uploads\/2021\/04\/AFFICHE-paques-1-212x300.jpg 212w, https:\/\/gassin.eu\/wp-content\/uploads\/2021\/04\/AFFICHE-paques-1-768x1086.jpg 768w, https:\/\/gassin.eu\/wp-content\/uploads\/2021\/04\/AFFICHE-paques-1-1086x1536.jpg 1086w, https:\/\/gassin.eu\/wp-content\/uploads\/2021\/04\/AFFICHE-paques-1-1448x2048.jpg 1448w, https:\/\/gassin.eu\/wp-content\/uploads\/2021\/04\/AFFICHE-paques-1-scaled.jpg 1810w\" sizes=\"auto, (max-width: 724px) 100vw, 724px\" \/><\/figure>\n\n\n\n<p class=\"wp-block-paragraph\"><\/p>\n\n\n\n<figure class=\"wp-block-image size-large\"><img loading=\"lazy\" decoding=\"async\" width=\"724\" height=\"1024\" data-tippy-content=\"fond-de-carte-paques-ok\" src=\"https:\/\/gassin.eu\/wp-content\/uploads\/2021\/04\/fond-de-carte-paques-ok-724x1024.jpg\" alt=\"\" class=\"wp-image-2337\" srcset=\"https:\/\/gassin.eu\/wp-content\/uploads\/2021\/04\/fond-de-carte-paques-ok-724x1024.jpg 724w, https:\/\/gassin.eu\/wp-content\/uploads\/2021\/04\/fond-de-carte-paques-ok-212x300.jpg 212w, https:\/\/gassin.eu\/wp-content\/uploads\/2021\/04\/fond-de-carte-paques-ok-768x1086.jpg 768w, https:\/\/gassin.eu\/wp-content\/uploads\/2021\/04\/fond-de-carte-paques-ok-1086x1536.jpg 1086w, https:\/\/gassin.eu\/wp-content\/uploads\/2021\/04\/fond-de-carte-paques-ok-1448x2048.jpg 1448w, https:\/\/gassin.eu\/wp-content\/uploads\/2021\/04\/fond-de-carte-paques-ok-scaled.jpg 1810w\" sizes=\"auto, (max-width: 724px) 100vw, 724px\" \/><\/figure>\n\n\n\n<p class=\"wp-block-paragraph\"><\/p>\n\n\n\n<p class=\"wp-block-paragraph\"><\/p>\n\n\n\n<p class=\"wp-block-paragraph\">Hier finden Sie alle Antworten zum Osterparcours 2021 in Gassin!<\/p>\n\n\n\n<p class=\"wp-block-paragraph\"><strong>Antworten<\/strong><\/p>\n\n\n\n<p class=\"wp-block-paragraph\"><strong>1- Dach des Tourismusb\u00fcros<\/strong><\/p>\n\n\n\n<p class=\"wp-block-paragraph\">Unter dem Orientierungstisch<\/p>\n\n\n\n<p class=\"wp-block-paragraph\"><strong>2- <\/strong><strong>Stadtmauern<\/strong><\/p>\n\n\n\n<p class=\"wp-block-paragraph\"><strong>3- <\/strong><strong>Passage des B\u00e9n\u00e9dictins<\/strong><strong>: <\/strong>2 und 6<\/p>\n\n\n\n<p class=\"wp-block-paragraph\"><strong>4- <\/strong><strong>Kirche:<\/strong> 1758<\/p>\n\n\n\n<p class=\"wp-block-paragraph\"><strong>5- Sarazenentor<\/strong> auf dem Scharnier<\/p>\n\n\n\n<p class=\"wp-block-paragraph\"><strong>6- <\/strong><strong>Rue de la Tasco: <\/strong>Pascal<\/p>\n\n\n\n<p class=\"wp-block-paragraph\"><strong>7- Rue de la Calade<\/strong><\/p>\n\n\n\n<figure class=\"wp-block-image size-large\"><img loading=\"lazy\" decoding=\"async\" width=\"425\" height=\"476\" data-tippy-content=\"image\" src=\"https:\/\/gassin.eu\/wp-content\/uploads\/2021\/03\/image.png\" alt=\"\" class=\"wp-image-2282\" srcset=\"https:\/\/gassin.eu\/wp-content\/uploads\/2021\/03\/image.png 425w, https:\/\/gassin.eu\/wp-content\/uploads\/2021\/03\/image-268x300.png 268w\" sizes=\"auto, (max-width: 425px) 100vw, 425px\" \/><\/figure>\n\n\n\n<p class=\"wp-block-paragraph\"><\/p>\n\n\n\n<p class=\"wp-block-paragraph\"><strong>8- <\/strong><strong>Treppen<\/strong><strong>: <\/strong>M\u00e4usedorn<\/p>\n\n\n\n<p class=\"wp-block-paragraph\"><strong>9- Orientierungstisch auf den Goldenen Inseln: <\/strong>auf der Rampe<\/p>\n\n\n\n<p class=\"wp-block-paragraph\"><strong>10- <\/strong><strong>Rue de l&#8217;Enclos: <\/strong>Gallina<\/p>\n\n\n\n<p class=\"wp-block-paragraph\"><strong>11- <\/strong><strong>Rue du Puits: <\/strong>K\u00fcken<\/p>\n\n\n\n<p class=\"wp-block-paragraph\"><strong>12- Androuno-Passage<\/strong><\/p>\n\n\n\n<p class=\"wp-block-paragraph\"><strong>13- <\/strong><strong>Stra\u00dfe der Fabriken : <\/strong><strong>4-2-6-3-1-5<\/strong><\/p>\n\n\n\n<p class=\"wp-block-paragraph\"><strong>14- <\/strong><strong>Rue de la Treille <\/strong>: a)<\/p>\n\n\n\n<p class=\"wp-block-paragraph\"><strong>15- <\/strong><strong>Rue Troubadour Rollet de Garcin <\/strong>: Sie haben sich zerstritten<\/p>\n\n\n\n<p class=\"wp-block-paragraph\"><strong>16- <\/strong><strong>Rue Rompecuou : <\/strong>Gassin<\/p>\n\n\n\n<p class=\"wp-block-paragraph\"><strong>17- <\/strong><strong>Lange Stra\u00dfe<\/strong><\/p>\n\n\n\n<p class=\"wp-block-paragraph\">Jacinta<\/p>\n\n\n\n<p class=\"wp-block-paragraph\">Primel oder G\u00e4nsebl\u00fcmchen oder Schneegl\u00f6ckchen<\/p>\n\n\n\n<p class=\"wp-block-paragraph\">Tulpe<\/p>\n\n\n\n<p class=\"wp-block-paragraph\">Magnolie oder G\u00e4nsebl\u00fcmchen<\/p>\n\n\n\n<p class=\"wp-block-paragraph\">Narzisse<\/p>\n\n\n\n<p class=\"wp-block-paragraph\"><strong>18- <\/strong><strong>G<\/strong><strong>geschm\u00fcckte rotte<\/strong><\/p>\n<\/div>\n","protected":false},"excerpt":{"rendered":"<p>2023 Hier finden Sie die Antworten des von der Touristeninformation organisierten Osterparcours 2023: L&#8217;\u00e9chapp\u00e9e des poules (Die Flucht der H\u00fchner). Frage 1: 7 Eier in der Voliere, 1000 Gramm Mehl, 2,5 Flaschen Milch, 450 Gramm Zucker Frage 2: 2 in den B\u00e4umen, eine hinter der Kiste Frage 3: Gallino Frage 4: 2 3 4 5&#8230;<\/p>\n","protected":false},"author":7,"featured_media":0,"parent":0,"menu_order":183,"comment_status":"closed","ping_status":"closed","template":"","meta":{"_acf_changed":false,"_crdt_document":"","footnotes":""},"class_list":["post-7315","page","type-page","status-publish","hentry"],"acf":[],"_links":{"self":[{"href":"https:\/\/gassin.eu\/de\/wp-json\/wp\/v2\/pages\/7315","targetHints":{"allow":["GET"]}}],"collection":[{"href":"https:\/\/gassin.eu\/de\/wp-json\/wp\/v2\/pages"}],"about":[{"href":"https:\/\/gassin.eu\/de\/wp-json\/wp\/v2\/types\/page"}],"author":[{"embeddable":true,"href":"https:\/\/gassin.eu\/de\/wp-json\/wp\/v2\/users\/7"}],"replies":[{"embeddable":true,"href":"https:\/\/gassin.eu\/de\/wp-json\/wp\/v2\/comments?post=7315"}],"version-history":[{"count":1,"href":"https:\/\/gassin.eu\/de\/wp-json\/wp\/v2\/pages\/7315\/revisions"}],"predecessor-version":[{"id":7317,"href":"https:\/\/gassin.eu\/de\/wp-json\/wp\/v2\/pages\/7315\/revisions\/7317"}],"wp:attachment":[{"href":"https:\/\/gassin.eu\/de\/wp-json\/wp\/v2\/media?parent=7315"}],"curies":[{"name":"wp","href":"https:\/\/api.w.org\/{rel}","templated":true}]}}