{"id":7331,"date":"2022-04-29T14:26:25","date_gmt":"2022-04-29T12:26:25","guid":{"rendered":"https:\/\/gassin.eu\/nachhaltige-entwicklung\/"},"modified":"2026-05-05T14:36:41","modified_gmt":"2026-05-05T12:36:41","slug":"nachhaltige-entwicklung","status":"publish","type":"page","link":"https:\/\/gassin.eu\/de\/nachhaltige-entwicklung\/","title":{"rendered":"Nachhaltige Entwicklung"},"content":{"rendered":"\n<div class=\"wp-block-group is-layout-constrained wp-block-group-is-layout-constrained\">\n<p class=\"wp-block-paragraph\">Das Gassin Tourist Office hat sich einem nachhaltigen Ansatz verschrieben und seine Mitarbeiter, die sich der nachhaltigen Entwicklung bewusst sind, ermutigen auch Sozioprofis und Partner, ihnen zu folgen.<br\/>Beispiele f\u00fcr Aktionen, die dies f\u00f6rdern, umfassen:<br\/>i reduce my color printing and my paper shipments limit my own editions to favor common brochures, for example.i opt for carpooling and public transit manage my use of water and household products in case of work, i think of improving the isolation of my building program my computer to automatically sleep beyond a 15-minute non-use.i prefer low energy lighting turn off the light of the room that i systematically leave<br\/>A Gassin charter is committed to sustainable tourism and reminds us of good actions (to favor walking and carpooling for travel, reduce electricity consumption, properly maintain equipment, use cups rather than disposable cups, print only the necessary documents, etc).<br\/>The OT team acquired an electric vehicle received in October 2020, it joins the dynamics and objectives of the city council which are to &#8222;green&#8220; public parks and fight against CO2 emissions. Die Gemeinde Gassin \u00fcbertrifft die gesetzlichen Verpflichtungen, da die letzten vier erworbenen Fahrzeuge Elektrofahrzeuge sind. Zus\u00e4tzlich zur Umweltgeste sind bereits erhebliche Einsparungen bei den Brennstoffen zu verzeichnen.<br\/>Um das Aufladen von Fahrzeugen privater, einheimischer oder ausl\u00e4ndischer Personen zu erm\u00f6glichen, wurde im Herbst 2018 auf dem Parkplatz der Marines von Gassin ein Terminal der im Golf von Saint-Tropez ans\u00e4ssigen Firma Electric 55 Charging installiert. Ein zweites Terminal wird auf dem Place L\u00e9on Martel vor der Touristeninformation installiert.<br\/>Die M\u00fclltrennung wird t\u00e4glich in allen \u00c4mtern des Amtes durchgef\u00fchrt.<br\/>Die Website des Gemeindeverbands, der f\u00fcr die M\u00fcllsammlung zust\u00e4ndig ist, bietet Ihnen eine Seite zu dieser Sondergeb\u00fchr.<br\/>Sie k\u00f6nnen hier einen Leitfaden zu diesem Thema herunterladen.   <\/p>\n\n\n\n<p class=\"wp-block-paragraph\">Sie k\u00f6nnen unsere Referentin Nathalie im B\u00fcro \u00fcber unsere E-Mail-Adresse kontaktieren.<\/p>\n\n\n\n<p class=\"wp-block-paragraph\">You can find all the useful information on https:\/\/www.cc-golfedesainttropez.fr\/dechets or send your contactdechets@cc-golfedesainttropez.fr<\/p>\n\n\n\n<p class=\"wp-block-paragraph\">Die Charta: Gassin hat sich dem nachhaltigen Tourismus verschrieben.<\/p>\n<\/div>\n","protected":false},"excerpt":{"rendered":"<p>Das Gassin Tourist Office hat sich einem nachhaltigen Ansatz verschrieben und seine Mitarbeiter, die sich der nachhaltigen Entwicklung bewusst sind, ermutigen auch Sozioprofis und Partner, ihnen zu folgen.Beispiele f\u00fcr Aktionen, die dies f\u00f6rdern, umfassen:i reduce my color printing and my paper shipments limit my own editions to favor common brochures, for example.i opt for carpooling&#8230;<\/p>\n","protected":false},"author":7,"featured_media":0,"parent":0,"menu_order":265,"comment_status":"closed","ping_status":"closed","template":"","meta":{"_acf_changed":false,"_crdt_document":"","footnotes":""},"class_list":["post-7331","page","type-page","status-publish","hentry"],"acf":[],"_links":{"self":[{"href":"https:\/\/gassin.eu\/de\/wp-json\/wp\/v2\/pages\/7331","targetHints":{"allow":["GET"]}}],"collection":[{"href":"https:\/\/gassin.eu\/de\/wp-json\/wp\/v2\/pages"}],"about":[{"href":"https:\/\/gassin.eu\/de\/wp-json\/wp\/v2\/types\/page"}],"author":[{"embeddable":true,"href":"https:\/\/gassin.eu\/de\/wp-json\/wp\/v2\/users\/7"}],"replies":[{"embeddable":true,"href":"https:\/\/gassin.eu\/de\/wp-json\/wp\/v2\/comments?post=7331"}],"version-history":[{"count":1,"href":"https:\/\/gassin.eu\/de\/wp-json\/wp\/v2\/pages\/7331\/revisions"}],"predecessor-version":[{"id":7333,"href":"https:\/\/gassin.eu\/de\/wp-json\/wp\/v2\/pages\/7331\/revisions\/7333"}],"wp:attachment":[{"href":"https:\/\/gassin.eu\/de\/wp-json\/wp\/v2\/media?parent=7331"}],"curies":[{"name":"wp","href":"https:\/\/api.w.org\/{rel}","templated":true}]}}