{"id":7451,"date":"2020-10-16T13:10:07","date_gmt":"2020-10-16T11:10:07","guid":{"rendered":"https:\/\/gassin.eu\/halloween-parcours-2025-der-hexensabbat\/"},"modified":"2026-05-05T14:38:09","modified_gmt":"2026-05-05T12:38:09","slug":"halloween-parcours-2025-der-hexensabbat","status":"publish","type":"page","link":"https:\/\/gassin.eu\/de\/halloween-parcours-2025-der-hexensabbat\/","title":{"rendered":"Halloween-Parcours 2025 &#8211; Der Hexensabbat"},"content":{"rendered":"\n<p class=\"wp-block-paragraph\">Gassin verwandelt sich anl\u00e4sslich von Halloween in ein verfluchtes Dorf! Lassen Sie sich vom 11. Oktober bis zum 2. November vom Hexensabbat mitrei\u00dfen, einem geheimnisvollen und furchterregenden Rundgang durch die mittelalterlichen Gassen. Zwischen gruseligen R\u00e4tseln und Monstern, die im Schatten lauern, ist G\u00e4nsehaut garantiert!  <\/p>\n\n<figure class=\"wp-block-image size-large is-resized\"><img loading=\"lazy\" decoding=\"async\" width=\"724\" height=\"1024\" data-tippy-content=\"202510-affiche-halloween-sabbat-sorcieres\" src=\"https:\/\/gassin.eu\/wp-content\/uploads\/2025\/09\/202510-affiche-halloween-sabbat-sorcieres-724x1024.jpg\" alt=\"\" class=\"wp-image-6403\" style=\"aspect-ratio:0.7071172242552289;width:457px;height:auto\" srcset=\"https:\/\/gassin.eu\/wp-content\/uploads\/2025\/09\/202510-affiche-halloween-sabbat-sorcieres-724x1024.jpg 724w, https:\/\/gassin.eu\/wp-content\/uploads\/2025\/09\/202510-affiche-halloween-sabbat-sorcieres-212x300.jpg 212w, https:\/\/gassin.eu\/wp-content\/uploads\/2025\/09\/202510-affiche-halloween-sabbat-sorcieres-768x1086.jpg 768w, https:\/\/gassin.eu\/wp-content\/uploads\/2025\/09\/202510-affiche-halloween-sabbat-sorcieres-1086x1536.jpg 1086w, https:\/\/gassin.eu\/wp-content\/uploads\/2025\/09\/202510-affiche-halloween-sabbat-sorcieres-1448x2048.jpg 1448w, https:\/\/gassin.eu\/wp-content\/uploads\/2025\/09\/202510-affiche-halloween-sabbat-sorcieres-scaled.jpg 1810w\" sizes=\"auto, (max-width: 724px) 100vw, 724px\" \/><\/figure>\n\n<p class=\"wp-block-paragraph\">Alle hundert Jahre findet im Dorf der gro\u00dfe Hexensabbat statt. Doch dann ereignete sich eine Trag\u00f6die: Die Seiten des Grimoire des Ombres wurden zerrissen und st\u00fcrzten Gassin in einen Fluch. Azala\u00efs, die m\u00e4chtige Hexe des Dorfes, hat ihr Ged\u00e4chtnis verloren und ihre G\u00e4ste aus aller Welt sind furchterregender denn je geworden&#8230; Um den Fluch aufzuheben, musst du die 13 verstreuten Seiten finden und die Pr\u00fcfungen bestehen, die jede Hexe stellt.  <\/p>\n\n<p class=\"wp-block-paragraph\">Es erwartet Sie eine kostenlose Schnitzeljagd f\u00fcr jedermann mit einem Heft, das Sie in der Touristeninformation erhalten. Aber Vorsicht: Nur den Mutigsten wird es gelingen, das Grimoire zu rekonstruieren und Gassin vor dem Fluch zu retten! <\/p>\n\n<p class=\"wp-block-paragraph\"><em> <a href=\"https:\/\/gassin.eu\/fr\/animation\/distractions-et-loisirs\/gassin\/parcours-halloween-7215813\/\" data-type=\"URL\" data-id=\"https:\/\/gassin.eu\/fr\/animation\/distractions-et-loisirs\/gassin\/parcours-halloween-le-vampire-de-gassin-6268900\/\">hier ist das Vorstellungsblatt der Veranstaltung mit allen Infos<\/a>.<\/em><\/p>\n\n<p class=\"wp-block-paragraph\"><\/p>\n\n<h2 class=\"wp-block-heading\">Halloween-Parcours 2024 &#8211; Das Geheimnis der verlorenen Ruinen<\/h2>\n\n<div class=\"wp-block-group is-layout-constrained wp-block-group-is-layout-constrained\">\n<p class=\"wp-block-paragraph\"><strong>Bravo! Du bist am Ende deiner Reise in Gassin, dem Dorf der Hexen&#8230; und nun frei von Zombies! Im Folgenden findest du die Antworten auf die gestellten Fragen!  <\/strong><\/p>\n\n\n\n<figure class=\"wp-block-image size-large is-resized\"><img loading=\"lazy\" decoding=\"async\" width=\"724\" height=\"1024\" data-tippy-content=\"affiche-teasing&#8211; copie\" src=\"https:\/\/gassin.eu\/wp-content\/uploads\/2024\/10\/affiche-teasing-copie-724x1024.jpg\" alt=\"\" class=\"wp-image-4611\" style=\"width:220px;height:auto\" srcset=\"https:\/\/gassin.eu\/wp-content\/uploads\/2024\/10\/affiche-teasing-copie-724x1024.jpg 724w, https:\/\/gassin.eu\/wp-content\/uploads\/2024\/10\/affiche-teasing-copie-212x300.jpg 212w, https:\/\/gassin.eu\/wp-content\/uploads\/2024\/10\/affiche-teasing-copie-768x1086.jpg 768w, https:\/\/gassin.eu\/wp-content\/uploads\/2024\/10\/affiche-teasing-copie-1086x1536.jpg 1086w, https:\/\/gassin.eu\/wp-content\/uploads\/2024\/10\/affiche-teasing-copie-1448x2048.jpg 1448w, https:\/\/gassin.eu\/wp-content\/uploads\/2024\/10\/affiche-teasing-copie-scaled.jpg 1810w\" sizes=\"auto, (max-width: 724px) 100vw, 724px\" \/><\/figure>\n\n\n\n<p class=\"wp-block-paragraph\"><em>Falls du noch nicht angefangen hast: <a href=\"https:\/\/gassin.eu\/fr\/animation\/distractions-et-loisirs\/gassin\/parcours-halloween-le-secret-des-ruines-perdues-7039872\/\" data-type=\"URL\" data-id=\"https:\/\/gassin.eu\/fr\/animation\/distractions-et-loisirs\/gassin\/parcours-halloween-le-vampire-de-gassin-6268900\/\">Hier ist die Veranstaltungs\u00fcbersicht mit allen Infos<\/a>.<\/em><\/p>\n\n\n\n<p class=\"wp-block-paragraph\"><\/p>\n\n\n\n<p class=\"wp-block-paragraph\">Schritt 1: DODECAERE<\/p>\n\n\n\n<p class=\"has-orange-600-color has-text-color has-link-color wp-elements-6da5daae37048e3e8f244547c7795905 wp-block-paragraph\">Schritt 2: KAR und SEN<\/p>\n\n\n\n<p class=\"wp-block-paragraph\">Es ist ein Name vorindoeurop\u00e4ischen Ursprungs, der &#8222;Stein&#8220; und &#8222;auf&#8220; bedeutet.<\/p>\n\n\n\n<p class=\"has-orange-500-color has-text-color has-link-color wp-elements-0230af8552e402ae26e7decbf944d6ab wp-block-paragraph\">Schritt 3: Die BELLADONE<\/p>\n\n\n\n<p class=\"wp-block-paragraph\">Schritt 4: KARBON<\/p>\n\n\n\n<p class=\"has-orange-600-color has-text-color has-link-color wp-elements-e359877bd7721cda28b65efd182c32c5 wp-block-paragraph\">Schritt 5: <strong>CORDyceps<\/strong><\/p>\n\n\n\n<p class=\"wp-block-paragraph\">Schritt 6: Die Zahlen sind 2, 5, 6 und 7.<\/p>\n\n\n\n<p class=\"wp-block-paragraph\">Sie m\u00fcssen in Richtung LA RUE LONGUE DES PIERRES AGRIPPANTES gehen.<\/p>\n\n\n\n<p class=\"has-orange-600-color has-text-color has-link-color wp-elements-c0d77d2ecf558f8608cc174c571e6187 wp-block-paragraph\">Schritt 7: SERPENTINA und BASALTE<\/p>\n\n\n\n<p class=\"wp-block-paragraph\">Schritt 8: Zombie = 5; Leiter = 7; Stufe = 1; Inschrift = 8; Thy\u00e4odolith = 3; Axt = 4; Amphore = 2; Lupe = 6<\/p>\n\n\n\n<p class=\"wp-block-paragraph\">Das Wort lautet ZENITHAL.<\/p>\n\n\n\n<p class=\"wp-block-paragraph\">Horizontal ist das Adjektiv zu AZIMUTHAL und vertikal das Adjektiv zu ZENITHAL.<\/p>\n\n\n\n<p class=\"has-alert-color has-text-color has-link-color wp-elements-8484ac1a2673f72ec4c199998aea1575 wp-block-paragraph\">Schritt 9: DAS IST DAS HAUS DER HEXE<\/p>\n\n\n\n<p class=\"wp-block-paragraph\">Schritt 10:  <\/p>\n\n\n\n<p class=\"has-warning-color has-text-color has-link-color wp-elements-c9b2d0522a2d099ffaa004c420ba782d wp-block-paragraph\">Schritt 11: Die richtige Schreibweise lautet: MACCHAB\u00c9ES<\/p>\n\n\n\n<p class=\"wp-block-paragraph\">Schritt 12: Die MIAULE KATZE<\/p>\n\n\n\n<p class=\"wp-block-paragraph\">der HUND bellt<\/p>\n\n\n\n<p class=\"wp-block-paragraph\">die CANCANE-ENTE<\/p>\n\n\n\n<p class=\"wp-block-paragraph\">der CERF BRAME<\/p>\n\n\n\n<p class=\"wp-block-paragraph\">das HENNIT-PFERD<\/p>\n\n\n\n<p class=\"wp-block-paragraph\">die HULULE KEULE<\/p>\n\n\n\n<p class=\"wp-block-paragraph\">der CRAPAUD COASSE<\/p>\n\n\n\n<p class=\"wp-block-paragraph\">die JAPPENKAKAL<\/p>\n\n\n\n<p class=\"wp-block-paragraph\">der KROSCHENRABE<\/p>\n\n\n\n<p class=\"wp-block-paragraph\">das CHAMEAU BLAT\u00c8RE<\/p>\n\n\n\n<p class=\"wp-block-paragraph\">die Mausohrfledermaus GRINCE<\/p>\n\n\n\n<p class=\"wp-block-paragraph\">&#8230;&#8230;&#8230;&#8230;..<\/p>\n\n\n\n<p class=\"wp-block-paragraph\">Vielen Dank f\u00fcr Ihre Teilnahme  <\/p>\n\n\n\n<figure class=\"wp-block-gallery has-nested-images columns-default is-cropped wp-block-gallery-1 is-layout-flex wp-block-gallery-is-layout-flex\">\n<figure class=\"wp-block-image size-large\"><img loading=\"lazy\" decoding=\"async\" width=\"724\" height=\"1024\" data-id=\"4617\" data-tippy-content=\"elogie&#8212;311084\" src=\"https:\/\/gassin.eu\/wp-content\/uploads\/2024\/10\/elogie-311084-724x1024.png\" alt=\"\" class=\"wp-image-4617\" srcset=\"https:\/\/gassin.eu\/wp-content\/uploads\/2024\/10\/elogie-311084-724x1024.png 724w, https:\/\/gassin.eu\/wp-content\/uploads\/2024\/10\/elogie-311084-212x300.png 212w, https:\/\/gassin.eu\/wp-content\/uploads\/2024\/10\/elogie-311084-768x1087.png 768w, https:\/\/gassin.eu\/wp-content\/uploads\/2024\/10\/elogie-311084.png 848w\" sizes=\"auto, (max-width: 724px) 100vw, 724px\" \/><\/figure>\n\n\n\n<figure class=\"wp-block-image size-large\"><img loading=\"lazy\" decoding=\"async\" width=\"724\" height=\"1024\" data-id=\"4630\" data-tippy-content=\"antoine&#8212;311084\" src=\"https:\/\/gassin.eu\/wp-content\/uploads\/2024\/10\/antoine-311084-724x1024.png\" alt=\"\" class=\"wp-image-4630\" srcset=\"https:\/\/gassin.eu\/wp-content\/uploads\/2024\/10\/antoine-311084-724x1024.png 724w, https:\/\/gassin.eu\/wp-content\/uploads\/2024\/10\/antoine-311084-212x300.png 212w, https:\/\/gassin.eu\/wp-content\/uploads\/2024\/10\/antoine-311084-768x1086.png 768w, https:\/\/gassin.eu\/wp-content\/uploads\/2024\/10\/antoine-311084.png 849w\" sizes=\"auto, (max-width: 724px) 100vw, 724px\" \/><\/figure>\n\n\n\n<figure class=\"wp-block-image size-large\"><img loading=\"lazy\" decoding=\"async\" width=\"724\" height=\"1024\" data-id=\"4628\" data-tippy-content=\"camille&#8211;311084\" src=\"https:\/\/gassin.eu\/wp-content\/uploads\/2024\/10\/camille-311084-724x1024.png\" alt=\"\" class=\"wp-image-4628\" srcset=\"https:\/\/gassin.eu\/wp-content\/uploads\/2024\/10\/camille-311084-724x1024.png 724w, https:\/\/gassin.eu\/wp-content\/uploads\/2024\/10\/camille-311084-212x300.png 212w, https:\/\/gassin.eu\/wp-content\/uploads\/2024\/10\/camille-311084-768x1086.png 768w, https:\/\/gassin.eu\/wp-content\/uploads\/2024\/10\/camille-311084.png 849w\" sizes=\"auto, (max-width: 724px) 100vw, 724px\" \/><\/figure>\n\n\n\n<figure class=\"wp-block-image size-large\"><img loading=\"lazy\" decoding=\"async\" width=\"724\" height=\"1024\" data-id=\"4627\" data-tippy-content=\"julien&#8212;-311084\" src=\"https:\/\/gassin.eu\/wp-content\/uploads\/2024\/10\/julien-311084-724x1024.png\" alt=\"\" class=\"wp-image-4627\" srcset=\"https:\/\/gassin.eu\/wp-content\/uploads\/2024\/10\/julien-311084-724x1024.png 724w, https:\/\/gassin.eu\/wp-content\/uploads\/2024\/10\/julien-311084-212x300.png 212w, https:\/\/gassin.eu\/wp-content\/uploads\/2024\/10\/julien-311084-768x1086.png 768w, https:\/\/gassin.eu\/wp-content\/uploads\/2024\/10\/julien-311084.png 849w\" sizes=\"auto, (max-width: 724px) 100vw, 724px\" \/><\/figure>\n\n\n\n<figure class=\"wp-block-image size-large\"><img loading=\"lazy\" decoding=\"async\" width=\"724\" height=\"1024\" data-id=\"4632\" data-tippy-content=\"maxime&#8211;311084\" src=\"https:\/\/gassin.eu\/wp-content\/uploads\/2024\/10\/maxime-311084-724x1024.png\" alt=\"\" class=\"wp-image-4632\" srcset=\"https:\/\/gassin.eu\/wp-content\/uploads\/2024\/10\/maxime-311084-724x1024.png 724w, https:\/\/gassin.eu\/wp-content\/uploads\/2024\/10\/maxime-311084-212x300.png 212w, https:\/\/gassin.eu\/wp-content\/uploads\/2024\/10\/maxime-311084-768x1086.png 768w, https:\/\/gassin.eu\/wp-content\/uploads\/2024\/10\/maxime-311084.png 849w\" sizes=\"auto, (max-width: 724px) 100vw, 724px\" \/><\/figure>\n\n\n\n<figure class=\"wp-block-image size-large\"><img loading=\"lazy\" decoding=\"async\" width=\"724\" height=\"1024\" data-id=\"4622\" data-tippy-content=\"emilie-311084\" src=\"https:\/\/gassin.eu\/wp-content\/uploads\/2024\/10\/emilie-311084-724x1024.png\" alt=\"\" class=\"wp-image-4622\" srcset=\"https:\/\/gassin.eu\/wp-content\/uploads\/2024\/10\/emilie-311084-724x1024.png 724w, https:\/\/gassin.eu\/wp-content\/uploads\/2024\/10\/emilie-311084-212x300.png 212w, https:\/\/gassin.eu\/wp-content\/uploads\/2024\/10\/emilie-311084-768x1087.png 768w, https:\/\/gassin.eu\/wp-content\/uploads\/2024\/10\/emilie-311084.png 848w\" sizes=\"auto, (max-width: 724px) 100vw, 724px\" \/><\/figure>\n<\/figure>\n\n\n\n<p class=\"wp-block-paragraph\">HALLOWEEN ARCHIV 2023 &#8211; Halloween-Parcours 2023 &#8211; Die Jagd nach den Zombies<\/p>\n\n\n\n<p class=\"wp-block-paragraph\"><strong>Bravo! Du bist am Ende deiner Reise in Gassin, dem Dorf der Hexen&#8230; und nun frei von Zombies! Im Folgenden findest du die Antworten auf die gestellten Fragen!  <\/strong><\/p>\n\n\n\n<p class=\"wp-block-paragraph\"><em>Falls du noch nicht angefangen hast: <a href=\"https:\/\/gassin.eu\/fr\/animation\/distractions-et-loisirs\/gassin\/la-traque-des-zombies-6676210\/\" data-type=\"URL\" data-id=\"https:\/\/gassin.eu\/fr\/animation\/distractions-et-loisirs\/gassin\/parcours-halloween-le-vampire-de-gassin-6268900\/\">Hier ist die Veranstaltungs\u00fcbersicht mit allen Infos<\/a>.<\/em><\/p>\n\n\n\n<p class=\"wp-block-paragraph\"><img decoding=\"async\" src=\"https:\/\/gassin.eu\/wp-content\/uploads\/2022\/10\/2022-affiche-halloween-Gassin-le-vampire-de-Gassin-parcours-jeu-pour-enfant-724x1024.png\" alt=\"Das Alt-Attribut dieses Bildes ist leer. Der Dateiname ist 2022-plakat-halloween-Gassin-le-vampire-de-Gassin-parcours-spiel-f&#xFC;r-kinder-724x1024.png.\"\/><\/p><div class=\"components-drop-zone\" data-is-drop-zone=\"true\"><\/div><hr tabindex=\"0\" class=\"block-editor-block-list__block wp-block has-css-opacity wp-block-separator\" id=\"block-a5a057b1-529a-459a-af1a-147a297374db\" role=\"document\" aria-label=\"Bloc&#xA0;: S&#xE9;parateur\" data-block=\"a5a057b1-529a-459a-af1a-147a297374db\" data-type=\"core\/separator\" data-title=\"S&#xE9;parateur\"\/>Les r\u00e9ponses aux questions\n\n\n\n<p class=\"wp-block-paragraph\">Schritt 1: Die Orte sind :<\/p>\n\n\n\n<p class=\"wp-block-paragraph\">A. Das Horroramt<\/p>\n\n\n\n<p class=\"wp-block-paragraph\">B. Jacks H\u00f6hle<\/p>\n\n\n\n<p class=\"wp-block-paragraph\">C. Die Spukterrasse<\/p>\n\n\n\n<p class=\"wp-block-paragraph\">D. Die Endlose Stra\u00dfe<\/p>\n\n\n\n<p class=\"wp-block-paragraph\">E. Die Zombiesche H\u00f6hle<\/p>\n\n\n\n<p class=\"wp-block-paragraph\">F. Die Passage der Alten Geister<\/p>\n\n\n\n<p class=\"wp-block-paragraph\"><\/p>\n\n\n\n<p class=\"wp-block-paragraph\"><\/p>\n\n\n\n<p class=\"wp-block-paragraph\"><\/p>\n\n\n\n<p class=\"wp-block-paragraph\"><\/p>\n<\/div>\n","protected":false},"excerpt":{"rendered":"<p>Gassin verwandelt sich anl\u00e4sslich von Halloween in ein verfluchtes Dorf! Lassen Sie sich vom 11. Oktober bis zum 2. November vom Hexensabbat mitrei\u00dfen, einem geheimnisvollen und furchterregenden Rundgang durch die mittelalterlichen Gassen. Zwischen gruseligen R\u00e4tseln und Monstern, die im Schatten lauern, ist G\u00e4nsehaut garantiert! Alle hundert Jahre findet im Dorf der gro\u00dfe Hexensabbat statt. Doch&#8230;<\/p>\n","protected":false},"author":7,"featured_media":0,"parent":0,"menu_order":248,"comment_status":"closed","ping_status":"closed","template":"","meta":{"_acf_changed":false,"_crdt_document":"","footnotes":""},"class_list":["post-7451","page","type-page","status-publish","hentry"],"acf":[],"_links":{"self":[{"href":"https:\/\/gassin.eu\/de\/wp-json\/wp\/v2\/pages\/7451","targetHints":{"allow":["GET"]}}],"collection":[{"href":"https:\/\/gassin.eu\/de\/wp-json\/wp\/v2\/pages"}],"about":[{"href":"https:\/\/gassin.eu\/de\/wp-json\/wp\/v2\/types\/page"}],"author":[{"embeddable":true,"href":"https:\/\/gassin.eu\/de\/wp-json\/wp\/v2\/users\/7"}],"replies":[{"embeddable":true,"href":"https:\/\/gassin.eu\/de\/wp-json\/wp\/v2\/comments?post=7451"}],"version-history":[{"count":1,"href":"https:\/\/gassin.eu\/de\/wp-json\/wp\/v2\/pages\/7451\/revisions"}],"predecessor-version":[{"id":7452,"href":"https:\/\/gassin.eu\/de\/wp-json\/wp\/v2\/pages\/7451\/revisions\/7452"}],"wp:attachment":[{"href":"https:\/\/gassin.eu\/de\/wp-json\/wp\/v2\/media?parent=7451"}],"curies":[{"name":"wp","href":"https:\/\/api.w.org\/{rel}","templated":true}]}}