{"id":7464,"date":"2021-11-15T15:24:24","date_gmt":"2021-11-15T14:24:24","guid":{"rendered":"https:\/\/gassin.eu\/weihnachtsmalwettbewerb-in-gassin\/"},"modified":"2026-05-05T14:38:10","modified_gmt":"2026-05-05T12:38:10","slug":"weihnachtsmalwettbewerb-in-gassin","status":"publish","type":"page","link":"https:\/\/gassin.eu\/de\/weihnachtsmalwettbewerb-in-gassin\/","title":{"rendered":"Weihnachtsmalwettbewerb in Gassin"},"content":{"rendered":"\n<div class=\"wp-block-group is-layout-constrained wp-block-group-is-layout-constrained\">\n<figure class=\"wp-block-image size-large is-resized\"><img loading=\"lazy\" decoding=\"async\" width=\"724\" height=\"1024\" data-tippy-content=\"NOEL-CONCOURS-DESSIN-2021-PBVDF\" src=\"https:\/\/gassin.eu\/wp-content\/uploads\/2021\/11\/NOEL-CONCOURS-DESSIN-2021-PBVDF-724x1024.png\" alt=\"\" class=\"wp-image-2640\" style=\"width:427px;height:603px\" srcset=\"https:\/\/gassin.eu\/wp-content\/uploads\/2021\/11\/NOEL-CONCOURS-DESSIN-2021-PBVDF-724x1024.png 724w, https:\/\/gassin.eu\/wp-content\/uploads\/2021\/11\/NOEL-CONCOURS-DESSIN-2021-PBVDF-212x300.png 212w, https:\/\/gassin.eu\/wp-content\/uploads\/2021\/11\/NOEL-CONCOURS-DESSIN-2021-PBVDF-768x1086.png 768w, https:\/\/gassin.eu\/wp-content\/uploads\/2021\/11\/NOEL-CONCOURS-DESSIN-2021-PBVDF-1086x1536.png 1086w, https:\/\/gassin.eu\/wp-content\/uploads\/2021\/11\/NOEL-CONCOURS-DESSIN-2021-PBVDF-1448x2048.png 1448w\" sizes=\"auto, (max-width: 724px) 100vw, 724px\" \/><\/figure>\n\n\n\n<h2 class=\"wp-block-heading\">Regeln f\u00fcr den Wettbewerb 2021<\/h2>\n\n\n\n<p class=\"wp-block-paragraph\">Regeln des Malwettbewerbs, der vom Tourismusb\u00fcro in Gassin organisiert wird:<\/p>\n\n\n\n<p class=\"wp-block-paragraph\">Artikel I: Zweck des Wettbewerbs<\/p>\n\n\n\n<p class=\"wp-block-paragraph\">Das Tourismusb\u00fcro von Gassin organisiert einen kostenlosen Zeichenwettbewerb f\u00fcr Kinder von 3 bis 10 Jahren:<\/p>\n\n\n\n<p class=\"wp-block-paragraph\">&#8211; Kinder von 3 bis 5 Jahren<br\/>&#8211; Kinder von 6 bis 8 Jahren<br\/>&#8211; Kinder von 9 bis 10 Jahren<\/p>\n\n\n\n<p class=\"wp-block-paragraph\">F\u00fcr jede Kategorie wird ein Preis verliehen.<\/p>\n\n\n\n<p class=\"wp-block-paragraph\">Artikel II: Thema des Wettbewerbs<\/p>\n\n\n\n<p class=\"wp-block-paragraph\">Die vorgeschlagenen Zeichnungen m\u00fcssen ein Thema &#8222;Warten auf Weihnachten&#8220; behandeln.<\/p>\n\n\n\n<p class=\"wp-block-paragraph\">Artikel III: Teilnahmebedingungen<br\/>Es handelt sich um einen individuellen Wettbewerb. Jeder Teilnehmer darf nur eine einzige Zeichnung einreichen. <br\/>Die Zeichnungen m\u00fcssen auf wei\u00dfem Papier im Format A4 (21&#215;29,7) angefertigt werden.<br\/>Alle manuellen Techniken werden f\u00fcr die Erstellung der Zeichnungen akzeptiert: Filzstift, Bleistift, Pastellfarben, Malerei, Collage, Aquarell, etc.<br\/>Jede Zeichnung muss auf der R\u00fcckseite unbedingt in lesbarer Schrift Folgendes enthalten:<br\/>&#8211; Name, Vorname und Geburtsdatum des Kindes<br\/>&#8211; Eine Telefonnummer<br\/>&#8211; Eine E-Mail-Adresse (wenn m\u00f6glich)<br\/>Bitte senden Sie Ihre Zeichnung an folgende Adresse, entweder per Post oder geben Sie sie ab dem 16. November 2021 direkt im Tourismusb\u00fcro des Dorfes Gassin ab:<\/p>\n\n\n\n<p class=\"wp-block-paragraph\">(Einsendeschluss f\u00fcr die Zeichnungen ist Freitag, der 10. Dezember 2021)<\/p>\n\n\n\n<p class=\"wp-block-paragraph\">Tourismusb\u00fcro von Gassin<br\/>20 place L\u00e9on Martel, mont\u00e9e Saint Joseph<br\/>83580 Gassin<\/p>\n\n\n\n<p class=\"wp-block-paragraph\">Artikel IV: Verantwortlichkeit<\/p>\n\n\n\n<p class=\"wp-block-paragraph\">Die Organisatoren \u00fcbernehmen keine Verantwortung f\u00fcr den Verlust oder die Besch\u00e4digung der Zeichnungen.<\/p>\n\n\n\n<p class=\"wp-block-paragraph\">Artikel V: Auswahl und Ergebnisse des Wettbewerbs<\/p>\n\n\n\n<p class=\"wp-block-paragraph\">Eine Jury, die sich aus Mitgliedern des Fremdenverkehrsamtes und einem professionellen Zeichner zusammensetzt, w\u00e4hlt die ihrer Meinung nach besten Zeichnungen f\u00fcr jede der drei Kategorien aus.<br\/><br\/>Sie st\u00fctzt sich dabei auf die Kriterien Einhaltung des Blattformats, der vorgegebenen Beschr\u00e4nkungen, der Sorgfalt der Zeichnung und der Originalit\u00e4t.<\/p>\n\n\n\n<p class=\"wp-block-paragraph\">Die Zeichnungen m\u00fcssen sich auf das vorgegebene Thema beziehen: &#8222;Dessine moi un sapin&#8220; (Zeichne mir einen Baum).<br\/>Die Zeichnungen der Hauptgewinner werden online auf der Website gassin.eu und anl\u00e4sslich des Weihnachtsfestes in Gassin am 11. Dezember gezeigt.<\/p>\n\n\n\n<p class=\"wp-block-paragraph\">Die Anwesenheit der Teilnehmer oder einer Person, die den Gewinner vertritt, ist angesichts der vergebenen Preise erforderlich.<\/p>\n\n\n\n<p class=\"wp-block-paragraph\">Artikel VI: Die Preise<\/p>\n\n\n\n<p class=\"wp-block-paragraph\">Die beiden besten Zeichnungen in jeder Kategorie werden nach der Beratung der Jurymitglieder am 11. Dezember pr\u00e4miert.<\/p>\n\n\n\n<p class=\"wp-block-paragraph\">Artikel VII: Urheber- und Bildrechte<\/p>\n\n\n\n<p class=\"wp-block-paragraph\">F\u00fcr die erstellten Zeichnungen werden in keinem Fall Urheber- oder Verbreitungsrechte gezahlt. Das Fremdenverkehrsamt kann die Zeichnungen unter allen Umst\u00e4nden und in allen Medien verwerten, die ihm genehm sind. <\/p>\n\n\n\n<p class=\"wp-block-paragraph\">Artikel VIII: Verschiedenes<\/p>\n\n\n\n<p class=\"wp-block-paragraph\">Die Teilnahme an diesem Wettbewerb setzt die vollst\u00e4ndige Annahme der vorliegenden Regeln voraus.<\/p>\n\n\n\n<p class=\"wp-block-paragraph\">Das Fremdenverkehrsamt von Gassin, der Organisator dieses Wettbewerbs, kann nicht haftbar gemacht werden, wenn der Wettbewerb aus Gr\u00fcnden, die au\u00dferhalb seiner Kontrolle liegen, aus Zufall oder h\u00f6herer Gewalt verschoben oder annulliert wird.<\/p>\n\n\n\n<p class=\"wp-block-paragraph\">In Anwendung des Gesetzes \u00fcber Informatik und Freiheiten vom 6. Januar 1978, Art L.27, haben die Teilnehmer das Recht, auf die sie betreffenden Daten zuzugreifen, sie zu \u00e4ndern, zu berichtigen und zu l\u00f6schen.<\/p>\n\n\n\n<p class=\"wp-block-paragraph\"><\/p>\n\n\n\n<p class=\"wp-block-paragraph\"><\/p>\n<\/div>\n","protected":false},"excerpt":{"rendered":"<p>Regeln f\u00fcr den Wettbewerb 2021 Regeln des Malwettbewerbs, der vom Tourismusb\u00fcro in Gassin organisiert wird: Artikel I: Zweck des Wettbewerbs Das Tourismusb\u00fcro von Gassin organisiert einen kostenlosen Zeichenwettbewerb f\u00fcr Kinder von 3 bis 10 Jahren: &#8211; Kinder von 3 bis 5 Jahren&#8211; Kinder von 6 bis 8 Jahren&#8211; Kinder von 9 bis 10 Jahren F\u00fcr&#8230;<\/p>\n","protected":false},"author":7,"featured_media":0,"parent":0,"menu_order":193,"comment_status":"closed","ping_status":"closed","template":"","meta":{"_acf_changed":false,"_crdt_document":"","footnotes":""},"class_list":["post-7464","page","type-page","status-publish","hentry"],"acf":[],"_links":{"self":[{"href":"https:\/\/gassin.eu\/de\/wp-json\/wp\/v2\/pages\/7464","targetHints":{"allow":["GET"]}}],"collection":[{"href":"https:\/\/gassin.eu\/de\/wp-json\/wp\/v2\/pages"}],"about":[{"href":"https:\/\/gassin.eu\/de\/wp-json\/wp\/v2\/types\/page"}],"author":[{"embeddable":true,"href":"https:\/\/gassin.eu\/de\/wp-json\/wp\/v2\/users\/7"}],"replies":[{"embeddable":true,"href":"https:\/\/gassin.eu\/de\/wp-json\/wp\/v2\/comments?post=7464"}],"version-history":[{"count":1,"href":"https:\/\/gassin.eu\/de\/wp-json\/wp\/v2\/pages\/7464\/revisions"}],"predecessor-version":[{"id":7467,"href":"https:\/\/gassin.eu\/de\/wp-json\/wp\/v2\/pages\/7464\/revisions\/7467"}],"wp:attachment":[{"href":"https:\/\/gassin.eu\/de\/wp-json\/wp\/v2\/media?parent=7464"}],"curies":[{"name":"wp","href":"https:\/\/api.w.org\/{rel}","templated":true}]}}