{"id":7470,"date":"2022-03-30T18:37:06","date_gmt":"2022-03-30T16:37:06","guid":{"rendered":"https:\/\/gassin.eu\/ostern-2024-die-suche-nach-den-magischen-eiern\/"},"modified":"2026-05-05T14:38:11","modified_gmt":"2026-05-05T12:38:11","slug":"ostern-2024-die-suche-nach-den-magischen-eiern","status":"publish","type":"page","link":"https:\/\/gassin.eu\/de\/ostern-2024-die-suche-nach-den-magischen-eiern\/","title":{"rendered":"Ostern 2024: Die Suche nach den magischen Eiern."},"content":{"rendered":"\n<div class=\"wp-block-group is-layout-constrained wp-block-group-is-layout-constrained\">\n<p class=\"wp-block-paragraph\">Hier finden Sie die Antworten des von der Touristeninformation organisierten Osterparcours 2024 :  <\/p>\n\n\n\n<p class=\"wp-block-paragraph\"><\/p>\n\n\n\n<p class=\"has-red-600-color has-text-color wp-block-paragraph\">Schritt 1: Die Farbe des Schl\u00fcssels ist rot<\/p>\n\n\n\n<p class=\"wp-block-paragraph\">Schritt 2:<strong> <\/strong>Die Henne und der Adler setzen das Kaninchen zusammen.<\/p>\n\n\n\n<p class=\"has-vivid-green-cyan-color has-text-color wp-block-paragraph\"><strong>Schritt 3:<\/strong> Das fehlende St\u00fcck ist Nr. 1.<\/p>\n\n\n\n<p class=\"has-vivid-cyan-blue-color has-text-color wp-block-paragraph\">Schritt 4: Die beiden Farben, um Violett herzustellen, sind Rot und Blau.<\/p>\n\n\n\n<p class=\"has-blue-500-color has-text-color has-link-color wp-elements-a6666d6d1c2ad7ebc90641ac1539c4cd wp-block-paragraph\">Die beiden Farben, um Gr\u00fcn herzustellen, sind Gelb und Blau.<\/p>\n\n\n\n<p class=\"has-blue-500-color has-text-color has-link-color wp-elements-2a3d91d7eb07a9dfeb9c07894082c0c9 wp-block-paragraph\">Die beiden Farben, um Wei\u00df herzustellen, sind: Gelb, Rot und Blau.<\/p>\n\n\n\n<p class=\"has-luminous-vivid-orange-color has-text-color wp-block-paragraph\"><strong>Schritt 5:<\/strong> Wirbelwind-Spiel<\/p>\n\n\n\n<p class=\"has-vivid-purple-color has-text-color wp-block-paragraph\">Schritt 6:  <\/p>\n\n\n\n<p class=\"has-violet-500-color has-text-color wp-block-paragraph\">Die Anzahl jedes Items  <\/p>\n\n\n\n<p class=\"has-violet-500-color has-text-color wp-block-paragraph\">Schmetterling = 7<\/p>\n\n\n\n<p class=\"has-violet-500-color has-text-color wp-block-paragraph\">Karotte = 6<\/p>\n\n\n\n<p class=\"has-violet-500-color has-text-color wp-block-paragraph\">Warenkorb = 7<\/p>\n\n\n\n<p class=\"has-violet-500-color has-text-color wp-block-paragraph\">Glocke = 7<\/p>\n\n\n\n<p class=\"has-violet-500-color has-text-color wp-block-paragraph\">Ei = 3<\/p>\n\n\n\n<p class=\"has-violet-500-color has-text-color wp-block-paragraph\">Blume = 5<\/p>\n\n\n\n<p class=\"has-alert-color has-text-color wp-block-paragraph\"><strong>Schritt 7:<\/strong> Das Ei wird mit dem Wort FREUNDSCHAFT in Verbindung gebracht.<\/p>\n\n\n\n<p class=\"has-pink-700-color has-text-color wp-block-paragraph\">Schritt 8: Das Ei wird mit dem Wort LOYAUTE in Verbindung gebracht.<\/p>\n\n\n\n<p class=\"has-vivid-cyan-blue-color has-text-color wp-block-paragraph\"><strong>Schritt 9:<\/strong> Das Ei wird mit dem Wort COURAGE in Verbindung gebracht.<\/p>\n\n\n\n<p class=\"has-vivid-green-cyan-color has-text-color wp-block-paragraph\">Schritt 10: Das gemeinsame Element ist das K\u00fcken.<\/p>\n\n\n\n<p class=\"has-luminous-vivid-orange-color has-text-color wp-block-paragraph\"><strong>Schritt 11 <\/strong>: Das Ei wird mit dem Wort EHRLICH verbunden.<\/p>\n\n\n\n<p class=\"has-alert-color has-text-color wp-block-paragraph\">Schritt 12: Die f\u00fcnf Fehler sind :<\/p>\n\n\n\n<p class=\"has-alert-color has-text-color wp-block-paragraph\">das Wei\u00df der ersten Wolke oben links.<\/p>\n\n\n\n<p class=\"has-alert-color has-text-color wp-block-paragraph\">eine gelbe Blume anstelle einer rosafarbenen Blume.<\/p>\n\n\n\n<p class=\"has-alert-color has-text-color wp-block-paragraph\">die umgekehrten Streifen des gelben Eies.<\/p>\n\n\n\n<p class=\"has-alert-color has-text-color wp-block-paragraph\">der Spross ist im blauen Ei k\u00fcrzer.<\/p>\n\n\n\n<p class=\"has-alert-color has-text-color wp-block-paragraph\">Das Ohr des Kaninchens ist k\u00fcrzer.<\/p>\n\n\n\n<p class=\"has-alert-color has-white-background-color has-text-color has-background wp-block-paragraph\">Im gro\u00dfen Ei gibt es drei statt vier Bl\u00fctenbl\u00e4tter.<\/p>\n\n\n\n<p class=\"has-alert-color has-text-color wp-block-paragraph\">Die dritte Wolke ist tiefer.<\/p>\n\n\n\n<p class=\"has-alert-color has-text-color wp-block-paragraph\">Am rechten Zweig fehlt ein Blatt.<\/p>\n<\/div>\n","protected":false},"excerpt":{"rendered":"<p>Hier finden Sie die Antworten des von der Touristeninformation organisierten Osterparcours 2024 : Schritt 1: Die Farbe des Schl\u00fcssels ist rot Schritt 2: Die Henne und der Adler setzen das Kaninchen zusammen. Schritt 3: Das fehlende St\u00fcck ist Nr. 1. Schritt 4: Die beiden Farben, um Violett herzustellen, sind Rot und Blau. Die beiden Farben,&#8230;<\/p>\n","protected":false},"author":7,"featured_media":0,"parent":0,"menu_order":237,"comment_status":"closed","ping_status":"closed","template":"","meta":{"_acf_changed":false,"_crdt_document":"","footnotes":""},"class_list":["post-7470","page","type-page","status-publish","hentry"],"acf":[],"_links":{"self":[{"href":"https:\/\/gassin.eu\/de\/wp-json\/wp\/v2\/pages\/7470","targetHints":{"allow":["GET"]}}],"collection":[{"href":"https:\/\/gassin.eu\/de\/wp-json\/wp\/v2\/pages"}],"about":[{"href":"https:\/\/gassin.eu\/de\/wp-json\/wp\/v2\/types\/page"}],"author":[{"embeddable":true,"href":"https:\/\/gassin.eu\/de\/wp-json\/wp\/v2\/users\/7"}],"replies":[{"embeddable":true,"href":"https:\/\/gassin.eu\/de\/wp-json\/wp\/v2\/comments?post=7470"}],"version-history":[{"count":1,"href":"https:\/\/gassin.eu\/de\/wp-json\/wp\/v2\/pages\/7470\/revisions"}],"predecessor-version":[{"id":7472,"href":"https:\/\/gassin.eu\/de\/wp-json\/wp\/v2\/pages\/7470\/revisions\/7472"}],"wp:attachment":[{"href":"https:\/\/gassin.eu\/de\/wp-json\/wp\/v2\/media?parent=7470"}],"curies":[{"name":"wp","href":"https:\/\/api.w.org\/{rel}","templated":true}]}}