{"id":7511,"date":"2023-07-27T12:24:29","date_gmt":"2023-07-27T10:24:29","guid":{"rendered":"https:\/\/gassin.eu\/faq\/"},"modified":"2026-05-05T14:38:41","modified_gmt":"2026-05-05T12:38:41","slug":"faq","status":"publish","type":"page","link":"https:\/\/gassin.eu\/de\/faq\/","title":{"rendered":"FAQ"},"content":{"rendered":"<div class=\"wp-block-fmz-collapsible align\" x-data=\"{selected:null}\">\n      <ul class=\"flex flex-col gap-4 list-none\">\n        \n\n<li class=\"wp-block-fmz-collapse !m-0 !p-0 relative\"><button type=\"button\" class=\"w-full bg-primary-container border-0 text-on-primary-container dark:text-white px-8 py-6 text-xl rounded-md\" aria-expanded=\"selected == 985853445957771500664 ? 'true' : 'false'\" @click=\"selected !== 985853445957771500664 ? selected = 985853445957771500664 : selected = null\"><div class=\"flex items-center justify-between\"><span>Comment se rendre \u00e0 Gassin \u00e0 v\u00e9lo ?<\/span><span style=\"true ? '' : 'display:none'\"><i class=\"fa-solid fa-plus\" x-bind:style=\"selected == 985853445957771500664 ? 'display:none' : ''\"><\/i><i class=\"fa-solid fa-minus\" x-bind:style=\"selected != 985853445957771500664 ? 'display:none' : ''\"><\/i><\/span><\/div><\/button><div class=\"relative overflow-hidden transition-all max-h-0 duration-700\" x-ref=\"container985853445957771500664\" x-bind:style=\"selected == 985853445957771500664 ? 'max-height: ' + $refs.container985853445957771500664.scrollHeight + 'px' : ''\"><div class=\"px-8 py-6\">\n<p class=\"has-light-color has-solid-background-color has-text-color has-background wp-block-paragraph\">Das Tourismusb\u00fcro ist mit dem G\u00fctesiegel Accueil V\u00e9lo ausgezeichnet und bietet im Dorf und am Zielort Gassin einen Empfang und spezielle Brosch\u00fcren f\u00fcr Radfahrer an.<\/p>\n\n\n\n<p class=\"has-light-color has-solid-background-color has-text-color has-background wp-block-paragraph\">Verschiedene Wege f\u00fchren mit dem Fahrrad zum Dorf Gassin, drei davon f\u00fchren \u00fcber das Tourismusb\u00fcro, wo Sie den folgenden F\u00fchrer abholen k\u00f6nnen:<strong> <\/strong><em><a href=\"https:\/\/gassin.eu\/wp-content\/uploads\/2021\/07\/Au-coeur-de-la-presquile-a-velo-2021-a4-v1.pdf\">Mit dem Fahrrad ins Herz der Halbinsel<\/a><\/em><\/p>\n\n\n\n<p class=\"has-light-color has-solid-background-color has-text-color has-background wp-block-paragraph\">Der Rundweg 1 verbindet das Dorf mit Le Marines de Gassin abseits der Stra\u00dfen und bietet herrliche Panoramen.<\/p>\n\n\n\n<p class=\"has-light-color has-solid-background-color has-text-color has-background wp-block-paragraph\"><strong>Achtung!!! die Piste von Ville-vieille ist nicht f\u00fcr Rennr\u00e4der geeignet. <\/strong><\/p>\n\n\n\n<p class=\"has-light-color has-solid-background-color has-text-color has-background wp-block-paragraph\">Die Tour 5 schl\u00e4gt einen Umweg von Gassin (Meerseite) nach Saint-Tropez \u00fcber 6,6 km vor, der die Marines de Gassin mit dem Strand La Bouillabaisse am Eingang der Gemeinde Saint-Tropez verbindet.<\/p>\n\n\n\n<p class=\"has-light-color has-solid-background-color has-text-color has-background wp-block-paragraph\">Die Route 6 schl\u00e4gt einen Umweg von Gassin (Ebene) nach La Croix Valmer vor und verbindet das Gymnasium von Gassin mit der Umgebung von La Foux in La Croix Valmer.<\/p>\n\n\n\n<p class=\"has-light-color has-solid-background-color has-text-color has-background wp-block-paragraph\">Andere Rundwege sind auch mit dem Mountainbike befahrbar und verbinden f\u00fcr den Rundweg 4 z. B. die bemerkenswerten G\u00e4rten, die vom Dorf Gassin aus herrliche Panoramablicke bieten.<\/p>\n<\/div><\/div><\/li>\n\n\n\n<li class=\"wp-block-fmz-collapse !m-0 !p-0 relative\"><button type=\"button\" class=\"w-full bg-primary-container border-0 text-on-primary-container dark:text-white px-8 py-6 text-xl rounded-md\" aria-expanded=\"selected == 221888869404808467651230 ? 'true' : 'false'\" @click=\"selected !== 221888869404808467651230 ? selected = 221888869404808467651230 : selected = null\"><div class=\"flex items-center justify-between\"><span>Comment venir \u00e0 Gassin en bus ?<\/span><span style=\"true ? '' : 'display:none'\"><i class=\"fa-solid fa-plus\" x-bind:style=\"selected == 221888869404808467651230 ? 'display:none' : ''\"><\/i><i class=\"fa-solid fa-minus\" x-bind:style=\"selected != 221888869404808467651230 ? 'display:none' : ''\"><\/i><\/span><\/div><\/button><div class=\"relative overflow-hidden transition-all max-h-0 duration-700\" x-ref=\"container221888869404808467651230\" x-bind:style=\"selected == 221888869404808467651230 ? 'max-height: ' + $refs.container221888869404808467651230.scrollHeight + 'px' : ''\"><div class=\"px-8 py-6\">\n<p class=\"wp-block-paragraph\"><a href=\"https:\/\/zou.maregionsud.fr\/\">Zou<\/a> bietet regelm\u00e4\u00dfige Verbindungen zu den Gemeinden des Golfs (Cavalaire-sur-Mer, Cogolin, La Croix-Valmer, La Garde-Freinet, Grimaud, La M\u00f4le, Le Plan-de-la-Tour, Ramatuelle, Saint-Tropez, Sainte-Maxime) und zu den wichtigsten Ballungsr\u00e4umen des Departements Var. Es besteht auch eine Verbindung zu den TGV-Bahnh\u00f6fen Les Arcs\/Draguignan, Hy\u00e8res, Toulon, Saint-Rapha\u00ebl. <\/p>\n\n\n\n<p class=\"wp-block-paragraph\">Die Hauptlinien, die die Gemeinde Gassin bedienen, sind :<\/p>\n\n\n\n<p class=\"wp-block-paragraph\"><strong>876<\/strong> <strong>SAINT-RAPHA\u00cbL &#8211; SAINT-TROPEZ<\/strong> (nach Saint-Tropez)<br\/><strong>873<\/strong> <strong>COGOLIN &#8211; HY\u00c8RES<\/strong> (nach Hy\u00e8res)<\/p>\n\n\n\n<p class=\"wp-block-paragraph\"><strong>878 TOULON<\/strong> (Bahnhof) &#8211; <strong>SAINT-TROPEZ<\/strong> (nach Saint-Tropez)<\/p>\n\n\n\n<p class=\"wp-block-paragraph\">Informationen und Reservierungen: <a href=\"https:\/\/zou.maregionsud.fr\/\">Zou.maregionsud.fr<\/a><\/p>\n\n\n\n<p class=\"wp-block-paragraph\">; 0809 400 013<strong>(Achtung: Preis eines lokalen Anrufs, <\/strong>t\u00e4glich von 7 bis 20 Uhr).<\/p>\n\n\n\n<p class=\"wp-block-paragraph\">Es ist nun m\u00f6glich, den Flexibus ab 24,99 Euro auszuleihen, um von Lyon nach La Croix-Valmer (Nachbargemeinde von Gassin) zu fahren.<\/p>\n\n\n\n<p class=\"wp-block-paragraph\">Alle Buchungen und weitere Informationen zu dieser Reise finden Sie unter folgendem Link: <a href=\"https:\/\/www.flixbus.fr\/bus\/la-croix-valmer\">https:\/\/www<\/a>.flixbus.fr\/bus\/la-croix-valmer;<\/p>\n<\/div><\/div><\/li>\n\n\n\n<li class=\"wp-block-fmz-collapse !m-0 !p-0 relative\"><button type=\"button\" class=\"w-full bg-primary-container border-0 text-on-primary-container dark:text-white px-8 py-6 text-xl rounded-md\" aria-expanded=\"selected == 350053010304831173200 ? 'true' : 'false'\" @click=\"selected !== 350053010304831173200 ? selected = 350053010304831173200 : selected = null\"><div class=\"flex items-center justify-between\"><span>Quelles sont les horaires d\u2019ouverture des bureaux de l\u2019office de tourisme\u00a0?<\/span><span style=\"true ? '' : 'display:none'\"><i class=\"fa-solid fa-plus\" x-bind:style=\"selected == 350053010304831173200 ? 'display:none' : ''\"><\/i><i class=\"fa-solid fa-minus\" x-bind:style=\"selected != 350053010304831173200 ? 'display:none' : ''\"><\/i><\/span><\/div><\/button><div class=\"relative overflow-hidden transition-all max-h-0 duration-700\" x-ref=\"container350053010304831173200\" x-bind:style=\"selected == 350053010304831173200 ? 'max-height: ' + $refs.container350053010304831173200.scrollHeight + 'px' : ''\"><div class=\"px-8 py-6\">\n<p class=\"wp-block-paragraph\">Unsere Mitarbeiter empfangen Sie t\u00e4glich (von April bis Oktober) von 9:00 bis 13:00 Uhr und von 14:00 bis 18:00 Uhr, au\u00dfer sonntags von 9:00 bis 13:00 Uhr. In der Nebensaison ist das B\u00fcro von Montag bis Freitag von 8:30 bis 12:30 Uhr und von 14:00 bis 17:00 Uhr ge\u00f6ffnet. Sie k\u00f6nnen uns auch telefonisch unter 04 98 11 56 51, per E-Mail unter accueil@gassin.eu oder auf dem Postweg, Office de tourisme de Gassin 20 place L\u00e9on Martel, 83580 Gassin, erreichen.  <\/p>\n<\/div><\/div><\/li>\n\n\n\n<li class=\"wp-block-fmz-collapse !m-0 !p-0 relative\"><button type=\"button\" class=\"w-full bg-primary-container border-0 text-on-primary-container dark:text-white px-8 py-6 text-xl rounded-md\" aria-expanded=\"selected == 056443464361899954 ? 'true' : 'false'\" @click=\"selected !== 056443464361899954 ? selected = 056443464361899954 : selected = null\"><div class=\"flex items-center justify-between\"><span>Quelle est le jour et l\u2019heure de la visite guid\u00e9e du village\u00a0?<\/span><span style=\"true ? '' : 'display:none'\"><i class=\"fa-solid fa-plus\" x-bind:style=\"selected == 056443464361899954 ? 'display:none' : ''\"><\/i><i class=\"fa-solid fa-minus\" x-bind:style=\"selected != 056443464361899954 ? 'display:none' : ''\"><\/i><\/span><\/div><\/button><div class=\"relative overflow-hidden transition-all max-h-0 duration-700\" x-ref=\"container056443464361899954\" x-bind:style=\"selected == 056443464361899954 ? 'max-height: ' + $refs.container056443464361899954.scrollHeight + 'px' : ''\"><div class=\"px-8 py-6\">\n<p class=\"wp-block-paragraph\">Die gef\u00fchrte Tour durch das Dorf wird vom Tourismusb\u00fcro aus jeden Montag mit Nathalie organisiert, vom 03\/04 bis zum 30\/10, von 16:00 bis 17:30 Uhr. Im Juli und August beginnt die Besichtigung um 17:30 Uhr in Form eines Gourmet-Spaziergangs. Sie haben die M\u00f6glichkeit, am Ende der Besichtigung an einer Weinprobe teilzunehmen.<br\/>Vorbehaltlich g\u00fcnstiger Wetterbedingungen. <\/p>\n<\/div><\/div><\/li>\n\n\n\n<li class=\"wp-block-fmz-collapse !m-0 !p-0 relative\"><button type=\"button\" class=\"w-full bg-primary-container border-0 text-on-primary-container dark:text-white px-8 py-6 text-xl rounded-md\" aria-expanded=\"selected == 01313487905014752046 ? 'true' : 'false'\" selected :=\"\"><div class=\"flex items-center justify-between\"><span>Wo befindet sich die Androuno, die schmalste Stra\u00dfe der Welt?<\/span><span style=\"true ? '' : 'display:none'\"><i class=\"fa-solid fa-plus\" x-bind:style=\"selected == 01313487905014752046 ? 'display:none' : ''\"><\/i><i class=\"fa-solid fa-minus\" x-bind:style=\"selected != 01313487905014752046 ? 'display:none' : ''\"><\/i><\/span><\/div><\/button><div class=\"relative overflow-hidden transition-all max-h-0 duration-700\" x-ref=\"container01313487905014752046\" x-bind:style=\"selected == 01313487905014752046 ? 'max-height: ' + $refs.container01313487905014752046.scrollHeight + 'px' : ''\"><div class=\"px-8 py-6\"><\/div><\/div><\/li>\n\n\n\n<li class=\"wp-block-fmz-collapse !m-0 !p-0 relative\"><button type=\"button\" class=\"w-full bg-primary-container border-0 text-on-primary-container dark:text-white px-8 py-6 text-xl rounded-md\" aria-expanded=\"selected == 149553342747657520 ? 'true' : 'false'\" @click=\"selected !== 149553342747657520 ? selected = 149553342747657520 : selected = null\"><div class=\"flex items-center justify-between\"><span>Les chiens sont-ils les bienvenus \u00e0 l\u2019office de tourisme\u00a0?<\/span><span style=\"true ? '' : 'display:none'\"><i class=\"fa-solid fa-plus\" x-bind:style=\"selected == 149553342747657520 ? 'display:none' : ''\"><\/i><i class=\"fa-solid fa-minus\" x-bind:style=\"selected != 149553342747657520 ? 'display:none' : ''\"><\/i><\/span><\/div><\/button><div class=\"relative overflow-hidden transition-all max-h-0 duration-700\" x-ref=\"container149553342747657520\" x-bind:style=\"selected == 149553342747657520 ? 'max-height: ' + $refs.container149553342747657520.scrollHeight + 'px' : ''\"><div class=\"px-8 py-6\">\n<p class=\"wp-block-paragraph\">Hunde sind in der Touristeninformation willkommen. Im Dorf verf\u00fcgen wir \u00fcber Beutel f\u00fcr Hundekot. Die Str\u00e4nde La Moune und Treizain sind ebenfalls f\u00fcr Hunde zug\u00e4nglich.  <\/p>\n<\/div><\/div><\/li>\n\n\n\n<li class=\"wp-block-fmz-collapse !m-0 !p-0 relative\"><button type=\"button\" class=\"w-full bg-primary-container border-0 text-on-primary-container dark:text-white px-8 py-6 text-xl rounded-md\" aria-expanded=\"selected == 947504622592060622061 ? 'true' : 'false'\" selected :=\"\"><div class=\"flex items-center justify-between\"><span>Gibt es im Dorf Gassin einen speziellen Empfang f\u00fcr Radfahrer?<\/span><span style=\"true ? '' : 'display:none'\"><i class=\"fa-solid fa-plus\" x-bind:style=\"selected == 947504622592060622061 ? 'display:none' : ''\"><\/i><i class=\"fa-solid fa-minus\" x-bind:style=\"selected != 947504622592060622061 ? 'display:none' : ''\"><\/i><\/span><\/div><\/button><div class=\"relative overflow-hidden transition-all max-h-0 duration-700\" x-ref=\"container947504622592060622061\" x-bind:style=\"selected == 947504622592060622061 ? 'max-height: ' + $refs.container947504622592060622061.scrollHeight + 'px' : ''\"><div class=\"px-8 py-6\"><\/div><\/div><\/li>\n\n\n\n<li class=\"wp-block-fmz-collapse !m-0 !p-0 relative\"><button type=\"button\" class=\"w-full bg-primary-container border-0 text-on-primary-container dark:text-white px-8 py-6 text-xl rounded-md\" aria-expanded=\"selected == 6333820874028547553773 ? 'true' : 'false'\" @click=\"selected !== 6333820874028547553773 ? selected = 6333820874028547553773 : selected = null\"><div class=\"flex items-center justify-between\"><span>O\u00f9 puis-je trouver du wifi gratuitement au village\u00a0?<\/span><span style=\"true ? '' : 'display:none'\"><i class=\"fa-solid fa-plus\" x-bind:style=\"selected == 6333820874028547553773 ? 'display:none' : ''\"><\/i><i class=\"fa-solid fa-minus\" x-bind:style=\"selected != 6333820874028547553773 ? 'display:none' : ''\"><\/i><\/span><\/div><\/button><div class=\"relative overflow-hidden transition-all max-h-0 duration-700\" x-ref=\"container6333820874028547553773\" x-bind:style=\"selected == 6333820874028547553773 ? 'max-height: ' + $refs.container6333820874028547553773.scrollHeight + 'px' : ''\"><div class=\"px-8 py-6\">\n<p class=\"wp-block-paragraph\">In der Touristeninformation finden Sie kostenlosen WLAN-Zugang.<\/p>\n<\/div><\/div><\/li>\n\n\n\n<li class=\"wp-block-fmz-collapse !m-0 !p-0 relative\"><button type=\"button\" class=\"w-full bg-primary-container border-0 text-on-primary-container dark:text-white px-8 py-6 text-xl rounded-md\" aria-expanded=\"selected == 2544103242579784037575 ? 'true' : 'false'\" @click=\"selected !== 2544103242579784037575 ? selected = 2544103242579784037575 : selected = null\"><div class=\"flex items-center justify-between\"><span>Quel est le bus qui monte au village\u00a0?<\/span><span style=\"true ? '' : 'display:none'\"><i class=\"fa-solid fa-plus\" x-bind:style=\"selected == 2544103242579784037575 ? 'display:none' : ''\"><\/i><i class=\"fa-solid fa-minus\" x-bind:style=\"selected != 2544103242579784037575 ? 'display:none' : ''\"><\/i><\/span><\/div><\/button><div class=\"relative overflow-hidden transition-all max-h-0 duration-700\" x-ref=\"container2544103242579784037575\" x-bind:style=\"selected == 2544103242579784037575 ? 'max-height: ' + $refs.container2544103242579784037575.scrollHeight + 'px' : ''\"><div class=\"px-8 py-6\">\n<p class=\"wp-block-paragraph\">Der Bus, der zum Dorf Gassin hinauf f\u00e4hrt, ist der Bus 875 an der Haltestelle Esp\u00e9lidou(vom<sup>1.<\/sup> Mai bis zum 30.09.).<\/p>\n<\/div><\/div><\/li>\n\n\n\n<li class=\"wp-block-fmz-collapse !m-0 !p-0 relative\"><button type=\"button\" class=\"w-full bg-primary-container border-0 text-on-primary-container dark:text-white px-8 py-6 text-xl rounded-md\" aria-expanded=\"selected == 3328255466107574 ? 'true' : 'false'\" @click=\"selected !== 3328255466107574 ? selected = 3328255466107574 : selected = null\"><div class=\"flex items-center justify-between\"><span>Y a t-il des plages \u00e0 Gassin\u00a0?<\/span><span style=\"true ? '' : 'display:none'\"><i class=\"fa-solid fa-plus\" x-bind:style=\"selected == 3328255466107574 ? 'display:none' : ''\"><\/i><i class=\"fa-solid fa-minus\" x-bind:style=\"selected != 3328255466107574 ? 'display:none' : ''\"><\/i><\/span><\/div><\/button><div class=\"relative overflow-hidden transition-all max-h-0 duration-700\" x-ref=\"container3328255466107574\" x-bind:style=\"selected == 3328255466107574 ? 'max-height: ' + $refs.container3328255466107574.scrollHeight + 'px' : ''\"><div class=\"px-8 py-6\">\n<p class=\"wp-block-paragraph\">In Gassin gibt es drei Str\u00e4nde: Plage de la Moune, Plage du Treizain und Plage de la Bouillabaisse.<\/p>\n<\/div><\/div><\/li>\n\n\n\n<li class=\"wp-block-fmz-collapse !m-0 !p-0 relative\"><button type=\"button\" class=\"w-full bg-primary-container border-0 text-on-primary-container dark:text-white px-8 py-6 text-xl rounded-md\" aria-expanded=\"selected == 712414470497146023 ? 'true' : 'false'\" @click=\"selected !== 712414470497146023 ? selected = 712414470497146023 : selected = null\"><div class=\"flex items-center justify-between\"><span>Y a-t-il un march\u00e9 \u00e0 Gassin ?<\/span><span style=\"true ? '' : 'display:none'\"><i class=\"fa-solid fa-plus\" x-bind:style=\"selected == 712414470497146023 ? 'display:none' : ''\"><\/i><i class=\"fa-solid fa-minus\" x-bind:style=\"selected != 712414470497146023 ? 'display:none' : ''\"><\/i><\/span><\/div><\/button><div class=\"relative overflow-hidden transition-all max-h-0 duration-700\" x-ref=\"container712414470497146023\" x-bind:style=\"selected == 712414470497146023 ? 'max-height: ' + $refs.container712414470497146023.scrollHeight + 'px' : ''\"><div class=\"px-8 py-6\">\n<p class=\"wp-block-paragraph\">Gassin bietet Ihnen im Juli und August jeden Freitagabend ab 18:30 Uhr einen Nachtmarkt auf dem Place de\u00ef Barri. Hier finden Sie lokale Kunsthandwerker, Kerzen, Leder, T\u00f6pferei, Schmuck und Essensst\u00e4nde (Eisdiele, S\u00fc\u00dfigkeiten, Churros). Um 21 Uhr wird Ihnen ein Konzert geboten.<br\/>Wenn Sie auf der Suche nach einem Tagesmarkt sind, schlagen wir Ihnen vor, M\u00e4rkte in den Nachbargemeinden zu entdecken:  <\/p>\n\n\n\n<ul class=\"wp-block-list\">\n<li>der ber\u00fchmte Markt von Saint-Tropez am Dienstagmorgen. Z\u00f6gern Sie nicht, mit einem Schiffspendelverkehr dorthin zu fahren, um den starken Stra\u00dfenverkehr zu vermeiden (Abfahrt von Cogolin oder Sainte-Maxime). <\/li>\n\n\n\n<li>der Markt in Ramatuelle am Donnerstagmorgen.<\/li>\n\n\n\n<li>den sch\u00f6nen provenzalischen Markt in Croix-Valmer am Sonntagmorgen.<\/li>\n<\/ul>\n<\/div><\/div><\/li>\n\n\n      <\/ul>\n    <\/div>","protected":false},"excerpt":{"rendered":"","protected":false},"author":7,"featured_media":0,"parent":0,"menu_order":210,"comment_status":"closed","ping_status":"closed","template":"","meta":{"_acf_changed":false,"_crdt_document":"","footnotes":""},"class_list":["post-7511","page","type-page","status-publish","hentry"],"acf":[],"_links":{"self":[{"href":"https:\/\/gassin.eu\/de\/wp-json\/wp\/v2\/pages\/7511","targetHints":{"allow":["GET"]}}],"collection":[{"href":"https:\/\/gassin.eu\/de\/wp-json\/wp\/v2\/pages"}],"about":[{"href":"https:\/\/gassin.eu\/de\/wp-json\/wp\/v2\/types\/page"}],"author":[{"embeddable":true,"href":"https:\/\/gassin.eu\/de\/wp-json\/wp\/v2\/users\/7"}],"replies":[{"embeddable":true,"href":"https:\/\/gassin.eu\/de\/wp-json\/wp\/v2\/comments?post=7511"}],"version-history":[{"count":2,"href":"https:\/\/gassin.eu\/de\/wp-json\/wp\/v2\/pages\/7511\/revisions"}],"predecessor-version":[{"id":7516,"href":"https:\/\/gassin.eu\/de\/wp-json\/wp\/v2\/pages\/7511\/revisions\/7516"}],"wp:attachment":[{"href":"https:\/\/gassin.eu\/de\/wp-json\/wp\/v2\/media?parent=7511"}],"curies":[{"name":"wp","href":"https:\/\/api.w.org\/{rel}","templated":true}]}}