{"id":1780,"date":"2020-10-07T10:34:20","date_gmt":"2020-10-07T08:34:20","guid":{"rendered":"https:\/\/gassin.eu\/?page_id=1780"},"modified":"2025-06-29T20:40:15","modified_gmt":"2025-06-29T18:40:15","slug":"shop-ot","status":"publish","type":"page","link":"https:\/\/gassin.eu\/en\/useful-information\/shop-ot\/","title":{"rendered":"Store &amp; ticketing"},"content":{"rendered":"\n<div class=\"wp-block-group is-layout-flow wp-block-group-is-layout-flow\">\n<p class=\"wp-block-paragraph\">The tourist office&#8217;s boutique offers a range of souvenir products for direct sale or by mail order. An area is reserved for products on sale. <\/p>\n\n\n\n<h3 class=\"wp-block-heading\">Products from the tourist office store<\/h3>\n\n\n\n<ul class=\"wp-block-list\">\n<li>Guide Flammarion 2024 <em>Les Plus Beaux Villages de France<\/em> 18.9\u20ac ;<\/li>\n\n\n\n<li>Michelin map of the Most Beautiful Villages in France 7.5\u20ac ;<\/li>\n\n\n\n<li>IGN map 13.4\u20ac ;<\/li>\n\n\n\n<li>Monnaie de Paris de Gassin 3\u20ac ;<\/li>\n\n\n\n<li>Book on <em>Gassin<\/em> by Guy Leduc 8\u20ac ;<\/li>\n\n\n\n<li>Vide poche &#8216;&#8221;Silver&#8221; de Gassin 18\u20ac ;<\/li>\n\n\n\n<li>Vide poche &#8216;&#8221;Classique&#8221; de Gassin 8.5\u20ac ;<\/li>\n\n\n\n<li>Gassin village key 15\u20ac ;<\/li>\n\n\n\n<li>Book by Georges Flanet &#8220;Passion et Couleurs&#8221; dix ann\u00e9es \u00e0 Saint-Tropez 20\u20ac ;<\/li>\n\n\n\n<li>BD &#8220;Le Var, une terre d&#8217;histoire&#8221; (introduction to Gassin) 19.9\u20ac ;<\/li>\n\n\n\n<li>BD Golfe de Saint-Tropez &#8220;Histoires et L\u00e9gendes du Var&#8221; 13.9\u20ac ;<\/li>\n\n\n\n<li>Oukon Va&#8217;R? game (336 questions about the Var) 9\u20ac ; <\/li>\n\n\n\n<li>Submersible plaque 8\u20ac ;<\/li>\n\n\n\n<li>Trousse \u00e9crue petit mod\u00e8le &#8220;Gassin&#8221; 15\u20ac ;<\/li>\n\n\n\n<li>Gassin&#8221; embroidered canvas bags 32\u20ac ;<\/li>\n\n\n\n<li>Recycled tea towels 18\u20ac ;<\/li>\n\n\n\n<li>Gassin&#8221; hand towels 16\u20ac ;<\/li>\n\n\n\n<li>Gassin summer posters 25\u20ac ;<\/li>\n\n\n\n<li>Marine scents &#8220;Gassin&#8221; 14\u20ac ;<\/li>\n\n\n\n<li>Square bowls 15\u20ac ;<\/li>\n\n\n\n<li>Cups &#8220;Gassin&#8221; and &#8220;sous le soleil de Gassin&#8221; 9\u20ac .<\/li>\n<\/ul>\n\n\n\n<p class=\"wp-block-paragraph\">Our boutique emphasizes Made in France, as evidenced by the products on sale in the village boutiques<a href=\"https:\/\/gassin.eu\/fr\/services\/souvenirs\/gassin\/un-ete-a-gassin-4983322\/\">&#8220;Un \u00e9t\u00e9 \u00e0 Gassin<\/a>&#8221; and<a href=\"https:\/\/gassin.eu\/fr\/services\/metiers-d-art\/gassin\/l-authentique-4983379\/\">&#8220;L&#8217;Authentique<\/a>&#8220;.<\/p>\n\n\n\n<figure class=\"wp-block-gallery has-nested-images columns-default is-cropped wp-block-gallery-1 is-layout-flex wp-block-gallery-is-layout-flex\">\n<figure class=\"wp-block-image size-large is-style-default\"><img loading=\"lazy\" decoding=\"async\" width=\"771\" height=\"1024\" data-id=\"4902\" data-tippy-content=\"vue ensemble boutique 2025\" src=\"https:\/\/gassin.eu\/wp-content\/uploads\/2025\/03\/vue-ensemble-boutique-2025-1-771x1024.jpg\" alt=\"\" class=\"wp-image-4902\" srcset=\"https:\/\/gassin.eu\/wp-content\/uploads\/2025\/03\/vue-ensemble-boutique-2025-1-771x1024.jpg 771w, https:\/\/gassin.eu\/wp-content\/uploads\/2025\/03\/vue-ensemble-boutique-2025-1-226x300.jpg 226w, https:\/\/gassin.eu\/wp-content\/uploads\/2025\/03\/vue-ensemble-boutique-2025-1-768x1020.jpg 768w, https:\/\/gassin.eu\/wp-content\/uploads\/2025\/03\/vue-ensemble-boutique-2025-1-1157x1536.jpg 1157w, https:\/\/gassin.eu\/wp-content\/uploads\/2025\/03\/vue-ensemble-boutique-2025-1-1542x2048.jpg 1542w, https:\/\/gassin.eu\/wp-content\/uploads\/2025\/03\/vue-ensemble-boutique-2025-1-scaled.jpg 1928w\" sizes=\"auto, (max-width: 771px) 100vw, 771px\" \/><\/figure>\n\n\n\n<figure class=\"wp-block-image size-large is-style-default\"><img loading=\"lazy\" decoding=\"async\" width=\"936\" height=\"1024\" data-id=\"4833\" data-tippy-content=\"Livre et cartes PBVDF\" src=\"https:\/\/gassin.eu\/wp-content\/uploads\/2025\/03\/Livre-et-cartes-PBVDF-936x1024.jpg\" alt=\"\" class=\"wp-image-4833\" srcset=\"https:\/\/gassin.eu\/wp-content\/uploads\/2025\/03\/Livre-et-cartes-PBVDF-936x1024.jpg 936w, https:\/\/gassin.eu\/wp-content\/uploads\/2025\/03\/Livre-et-cartes-PBVDF-274x300.jpg 274w, https:\/\/gassin.eu\/wp-content\/uploads\/2025\/03\/Livre-et-cartes-PBVDF-768x841.jpg 768w, https:\/\/gassin.eu\/wp-content\/uploads\/2025\/03\/Livre-et-cartes-PBVDF-1403x1536.jpg 1403w, https:\/\/gassin.eu\/wp-content\/uploads\/2025\/03\/Livre-et-cartes-PBVDF-1871x2048.jpg 1871w\" sizes=\"auto, (max-width: 936px) 100vw, 936px\" \/><\/figure>\n\n\n\n<figure class=\"wp-block-image size-large is-style-default\"><img loading=\"lazy\" decoding=\"async\" width=\"820\" height=\"1024\" data-id=\"4832\" data-tippy-content=\"BD Histoires et L\u00e9gendes du Golfe\" src=\"https:\/\/gassin.eu\/wp-content\/uploads\/2025\/03\/BD-Histoires-et-Legendes-du-Golfe-820x1024.jpg\" alt=\"\" class=\"wp-image-4832\" srcset=\"https:\/\/gassin.eu\/wp-content\/uploads\/2025\/03\/BD-Histoires-et-Legendes-du-Golfe-820x1024.jpg 820w, https:\/\/gassin.eu\/wp-content\/uploads\/2025\/03\/BD-Histoires-et-Legendes-du-Golfe-240x300.jpg 240w, https:\/\/gassin.eu\/wp-content\/uploads\/2025\/03\/BD-Histoires-et-Legendes-du-Golfe-768x960.jpg 768w, https:\/\/gassin.eu\/wp-content\/uploads\/2025\/03\/BD-Histoires-et-Legendes-du-Golfe-1229x1536.jpg 1229w, https:\/\/gassin.eu\/wp-content\/uploads\/2025\/03\/BD-Histoires-et-Legendes-du-Golfe-1639x2048.jpg 1639w\" sizes=\"auto, (max-width: 820px) 100vw, 820px\" \/><\/figure>\n<\/figure>\n\n\n\n<figure class=\"wp-block-gallery has-nested-images columns-default is-cropped wp-block-gallery-2 is-layout-flex wp-block-gallery-is-layout-flex\">\n<figure class=\"wp-block-image size-large is-style-default\"><img loading=\"lazy\" decoding=\"async\" width=\"771\" height=\"1024\" data-id=\"4818\" data-tippy-content=\"senteurs marines\" src=\"https:\/\/gassin.eu\/wp-content\/uploads\/2025\/03\/senteurs-marines-771x1024.jpg\" alt=\"\" class=\"wp-image-4818\" srcset=\"https:\/\/gassin.eu\/wp-content\/uploads\/2025\/03\/senteurs-marines-771x1024.jpg 771w, https:\/\/gassin.eu\/wp-content\/uploads\/2025\/03\/senteurs-marines-226x300.jpg 226w, https:\/\/gassin.eu\/wp-content\/uploads\/2025\/03\/senteurs-marines-768x1020.jpg 768w, https:\/\/gassin.eu\/wp-content\/uploads\/2025\/03\/senteurs-marines-1157x1536.jpg 1157w, https:\/\/gassin.eu\/wp-content\/uploads\/2025\/03\/senteurs-marines-1542x2048.jpg 1542w, https:\/\/gassin.eu\/wp-content\/uploads\/2025\/03\/senteurs-marines-scaled.jpg 1928w\" sizes=\"auto, (max-width: 771px) 100vw, 771px\" \/><\/figure>\n\n\n\n<figure class=\"wp-block-image size-large is-style-default\"><img loading=\"lazy\" decoding=\"async\" width=\"1024\" height=\"896\" data-id=\"4903\" data-tippy-content=\"sac en toile brod\u00e9 2025\" src=\"https:\/\/gassin.eu\/wp-content\/uploads\/2025\/03\/sac-en-toile-brode-2025-1-1024x896.jpg\" alt=\"\" class=\"wp-image-4903\" srcset=\"https:\/\/gassin.eu\/wp-content\/uploads\/2025\/03\/sac-en-toile-brode-2025-1-1024x896.jpg 1024w, https:\/\/gassin.eu\/wp-content\/uploads\/2025\/03\/sac-en-toile-brode-2025-1-300x262.jpg 300w, https:\/\/gassin.eu\/wp-content\/uploads\/2025\/03\/sac-en-toile-brode-2025-1-768x672.jpg 768w, https:\/\/gassin.eu\/wp-content\/uploads\/2025\/03\/sac-en-toile-brode-2025-1-1536x1344.jpg 1536w, https:\/\/gassin.eu\/wp-content\/uploads\/2025\/03\/sac-en-toile-brode-2025-1-2048x1791.jpg 2048w\" sizes=\"auto, (max-width: 1024px) 100vw, 1024px\" \/><\/figure>\n\n\n\n<figure class=\"wp-block-image size-large is-style-default\"><img loading=\"lazy\" decoding=\"async\" width=\"1024\" height=\"1024\" data-id=\"4886\" data-tippy-content=\"sac en toile brod\u00e9 bordeau\" src=\"https:\/\/gassin.eu\/wp-content\/uploads\/2025\/03\/sac-en-toile-brode-bordeau-1-edited-1024x1024.jpg\" alt=\"\" class=\"wp-image-4886\" srcset=\"https:\/\/gassin.eu\/wp-content\/uploads\/2025\/03\/sac-en-toile-brode-bordeau-1-edited-1024x1024.jpg 1024w, https:\/\/gassin.eu\/wp-content\/uploads\/2025\/03\/sac-en-toile-brode-bordeau-1-edited-300x300.jpg 300w, https:\/\/gassin.eu\/wp-content\/uploads\/2025\/03\/sac-en-toile-brode-bordeau-1-edited-150x150.jpg 150w, https:\/\/gassin.eu\/wp-content\/uploads\/2025\/03\/sac-en-toile-brode-bordeau-1-edited-768x768.jpg 768w, https:\/\/gassin.eu\/wp-content\/uploads\/2025\/03\/sac-en-toile-brode-bordeau-1-edited-1536x1536.jpg 1536w, https:\/\/gassin.eu\/wp-content\/uploads\/2025\/03\/sac-en-toile-brode-bordeau-1-edited-2048x2048.jpg 2048w, https:\/\/gassin.eu\/wp-content\/uploads\/2025\/03\/sac-en-toile-brode-bordeau-1-edited-125x125.jpg 125w\" sizes=\"auto, (max-width: 1024px) 100vw, 1024px\" \/><\/figure>\n<\/figure>\n\n\n\n<figure class=\"wp-block-gallery has-nested-images columns-default is-cropped wp-block-gallery-3 is-layout-flex wp-block-gallery-is-layout-flex\">\n<figure class=\"wp-block-image size-large is-style-default\"><img loading=\"lazy\" decoding=\"async\" width=\"771\" height=\"1024\" data-id=\"4823\" data-tippy-content=\"PXL_20250304_145636586.MP~2\" src=\"https:\/\/gassin.eu\/wp-content\/uploads\/2025\/03\/PXL_20250304_145636586.MP2_-771x1024.jpg\" alt=\"\" class=\"wp-image-4823\" srcset=\"https:\/\/gassin.eu\/wp-content\/uploads\/2025\/03\/PXL_20250304_145636586.MP2_-771x1024.jpg 771w, https:\/\/gassin.eu\/wp-content\/uploads\/2025\/03\/PXL_20250304_145636586.MP2_-226x300.jpg 226w, https:\/\/gassin.eu\/wp-content\/uploads\/2025\/03\/PXL_20250304_145636586.MP2_-768x1020.jpg 768w, https:\/\/gassin.eu\/wp-content\/uploads\/2025\/03\/PXL_20250304_145636586.MP2_-1157x1536.jpg 1157w, https:\/\/gassin.eu\/wp-content\/uploads\/2025\/03\/PXL_20250304_145636586.MP2_-1542x2048.jpg 1542w, https:\/\/gassin.eu\/wp-content\/uploads\/2025\/03\/PXL_20250304_145636586.MP2_-scaled.jpg 1928w\" sizes=\"auto, (max-width: 771px) 100vw, 771px\" \/><\/figure>\n\n\n\n<figure class=\"wp-block-image size-large is-style-default\"><img loading=\"lazy\" decoding=\"async\" width=\"2560\" height=\"2560\" data-id=\"4891\" data-tippy-content=\"PXL_20250304_145613049~2\" src=\"https:\/\/gassin.eu\/wp-content\/uploads\/2025\/03\/PXL_20250304_1456130492-edited-scaled.jpg\" alt=\"\" class=\"wp-image-4891\" srcset=\"https:\/\/gassin.eu\/wp-content\/uploads\/2025\/03\/PXL_20250304_1456130492-edited-scaled.jpg 2560w, https:\/\/gassin.eu\/wp-content\/uploads\/2025\/03\/PXL_20250304_1456130492-edited-300x300.jpg 300w, https:\/\/gassin.eu\/wp-content\/uploads\/2025\/03\/PXL_20250304_1456130492-edited-1024x1024.jpg 1024w, https:\/\/gassin.eu\/wp-content\/uploads\/2025\/03\/PXL_20250304_1456130492-edited-150x150.jpg 150w, https:\/\/gassin.eu\/wp-content\/uploads\/2025\/03\/PXL_20250304_1456130492-edited-768x768.jpg 768w, https:\/\/gassin.eu\/wp-content\/uploads\/2025\/03\/PXL_20250304_1456130492-edited-1536x1536.jpg 1536w, https:\/\/gassin.eu\/wp-content\/uploads\/2025\/03\/PXL_20250304_1456130492-edited-2048x2048.jpg 2048w, https:\/\/gassin.eu\/wp-content\/uploads\/2025\/03\/PXL_20250304_1456130492-edited-125x125.jpg 125w\" sizes=\"auto, (max-width: 2560px) 100vw, 2560px\" \/><\/figure>\n\n\n\n<figure class=\"wp-block-image size-large is-style-default\"><img loading=\"lazy\" decoding=\"async\" width=\"771\" height=\"1024\" data-id=\"4923\" data-tippy-content=\"essuie mains 2025\" src=\"https:\/\/gassin.eu\/wp-content\/uploads\/2025\/03\/essuie-mains-2025-2-771x1024.jpg\" alt=\"\" class=\"wp-image-4923\" srcset=\"https:\/\/gassin.eu\/wp-content\/uploads\/2025\/03\/essuie-mains-2025-2-771x1024.jpg 771w, https:\/\/gassin.eu\/wp-content\/uploads\/2025\/03\/essuie-mains-2025-2-226x300.jpg 226w, https:\/\/gassin.eu\/wp-content\/uploads\/2025\/03\/essuie-mains-2025-2-768x1020.jpg 768w, https:\/\/gassin.eu\/wp-content\/uploads\/2025\/03\/essuie-mains-2025-2-1157x1536.jpg 1157w, https:\/\/gassin.eu\/wp-content\/uploads\/2025\/03\/essuie-mains-2025-2-1542x2048.jpg 1542w, https:\/\/gassin.eu\/wp-content\/uploads\/2025\/03\/essuie-mains-2025-2-scaled.jpg 1928w\" sizes=\"auto, (max-width: 771px) 100vw, 771px\" \/><\/figure>\n\n\n\n<figure class=\"wp-block-image size-large is-style-default\"><img loading=\"lazy\" decoding=\"async\" width=\"845\" height=\"1024\" data-id=\"4819\" data-tippy-content=\"cendrier de plage\" src=\"https:\/\/gassin.eu\/wp-content\/uploads\/2025\/03\/cendrier-de-plage-845x1024.jpg\" alt=\"\" class=\"wp-image-4819\" srcset=\"https:\/\/gassin.eu\/wp-content\/uploads\/2025\/03\/cendrier-de-plage-845x1024.jpg 845w, https:\/\/gassin.eu\/wp-content\/uploads\/2025\/03\/cendrier-de-plage-247x300.jpg 247w, https:\/\/gassin.eu\/wp-content\/uploads\/2025\/03\/cendrier-de-plage-768x931.jpg 768w, https:\/\/gassin.eu\/wp-content\/uploads\/2025\/03\/cendrier-de-plage-1267x1536.jpg 1267w, https:\/\/gassin.eu\/wp-content\/uploads\/2025\/03\/cendrier-de-plage-1689x2048.jpg 1689w\" sizes=\"auto, (max-width: 845px) 100vw, 845px\" \/><\/figure>\n\n\n\n<figure class=\"wp-block-image size-large is-style-default\"><img loading=\"lazy\" decoding=\"async\" width=\"771\" height=\"1024\" data-id=\"4822\" data-tippy-content=\"torchons 2025\" src=\"https:\/\/gassin.eu\/wp-content\/uploads\/2025\/03\/torchons-2025-771x1024.jpg\" alt=\"\" class=\"wp-image-4822\" srcset=\"https:\/\/gassin.eu\/wp-content\/uploads\/2025\/03\/torchons-2025-771x1024.jpg 771w, https:\/\/gassin.eu\/wp-content\/uploads\/2025\/03\/torchons-2025-226x300.jpg 226w, https:\/\/gassin.eu\/wp-content\/uploads\/2025\/03\/torchons-2025-768x1020.jpg 768w, https:\/\/gassin.eu\/wp-content\/uploads\/2025\/03\/torchons-2025-1157x1536.jpg 1157w, https:\/\/gassin.eu\/wp-content\/uploads\/2025\/03\/torchons-2025-1542x2048.jpg 1542w, https:\/\/gassin.eu\/wp-content\/uploads\/2025\/03\/torchons-2025-scaled.jpg 1928w\" sizes=\"auto, (max-width: 771px) 100vw, 771px\" \/><\/figure>\n\n\n\n<figure class=\"wp-block-image size-large is-style-default\"><img loading=\"lazy\" decoding=\"async\" width=\"1024\" height=\"1024\" data-id=\"4860\" data-tippy-content=\"torchons bleu 2025\" src=\"https:\/\/gassin.eu\/wp-content\/uploads\/2025\/03\/torchons-bleu-2025-edited-1024x1024.jpg\" alt=\"\" class=\"wp-image-4860\" srcset=\"https:\/\/gassin.eu\/wp-content\/uploads\/2025\/03\/torchons-bleu-2025-edited-1024x1024.jpg 1024w, https:\/\/gassin.eu\/wp-content\/uploads\/2025\/03\/torchons-bleu-2025-edited-300x300.jpg 300w, https:\/\/gassin.eu\/wp-content\/uploads\/2025\/03\/torchons-bleu-2025-edited-150x150.jpg 150w, https:\/\/gassin.eu\/wp-content\/uploads\/2025\/03\/torchons-bleu-2025-edited-768x768.jpg 768w, https:\/\/gassin.eu\/wp-content\/uploads\/2025\/03\/torchons-bleu-2025-edited-1536x1536.jpg 1536w, https:\/\/gassin.eu\/wp-content\/uploads\/2025\/03\/torchons-bleu-2025-edited-2048x2048.jpg 2048w, https:\/\/gassin.eu\/wp-content\/uploads\/2025\/03\/torchons-bleu-2025-edited-125x125.jpg 125w\" sizes=\"auto, (max-width: 1024px) 100vw, 1024px\" \/><\/figure>\n\n\n\n<figure class=\"wp-block-image size-large is-style-default\"><img loading=\"lazy\" decoding=\"async\" width=\"771\" height=\"1024\" data-id=\"4824\" data-tippy-content=\"jeux OuKon Var\" src=\"https:\/\/gassin.eu\/wp-content\/uploads\/2025\/03\/jeux-OuKon-Var-771x1024.jpg\" alt=\"\" class=\"wp-image-4824\" srcset=\"https:\/\/gassin.eu\/wp-content\/uploads\/2025\/03\/jeux-OuKon-Var-771x1024.jpg 771w, https:\/\/gassin.eu\/wp-content\/uploads\/2025\/03\/jeux-OuKon-Var-226x300.jpg 226w, https:\/\/gassin.eu\/wp-content\/uploads\/2025\/03\/jeux-OuKon-Var-768x1020.jpg 768w, https:\/\/gassin.eu\/wp-content\/uploads\/2025\/03\/jeux-OuKon-Var-1157x1536.jpg 1157w, https:\/\/gassin.eu\/wp-content\/uploads\/2025\/03\/jeux-OuKon-Var-1542x2048.jpg 1542w, https:\/\/gassin.eu\/wp-content\/uploads\/2025\/03\/jeux-OuKon-Var-scaled.jpg 1928w\" sizes=\"auto, (max-width: 771px) 100vw, 771px\" \/><\/figure>\n\n\n\n<figure class=\"wp-block-image size-large is-style-default\"><img loading=\"lazy\" decoding=\"async\" width=\"1024\" height=\"1024\" data-id=\"4850\" data-tippy-content=\"cl\u00e9 de la ville de Gassin\" src=\"https:\/\/gassin.eu\/wp-content\/uploads\/2025\/03\/cle-de-la-ville-de-Gassin-edited-1024x1024.jpg\" alt=\"\" class=\"wp-image-4850\" srcset=\"https:\/\/gassin.eu\/wp-content\/uploads\/2025\/03\/cle-de-la-ville-de-Gassin-edited-1024x1024.jpg 1024w, https:\/\/gassin.eu\/wp-content\/uploads\/2025\/03\/cle-de-la-ville-de-Gassin-edited-300x300.jpg 300w, https:\/\/gassin.eu\/wp-content\/uploads\/2025\/03\/cle-de-la-ville-de-Gassin-edited-150x150.jpg 150w, https:\/\/gassin.eu\/wp-content\/uploads\/2025\/03\/cle-de-la-ville-de-Gassin-edited-768x768.jpg 768w, https:\/\/gassin.eu\/wp-content\/uploads\/2025\/03\/cle-de-la-ville-de-Gassin-edited-1536x1536.jpg 1536w, https:\/\/gassin.eu\/wp-content\/uploads\/2025\/03\/cle-de-la-ville-de-Gassin-edited-2048x2048.jpg 2048w, https:\/\/gassin.eu\/wp-content\/uploads\/2025\/03\/cle-de-la-ville-de-Gassin-edited-125x125.jpg 125w\" sizes=\"auto, (max-width: 1024px) 100vw, 1024px\" \/><\/figure>\n\n\n\n<figure class=\"wp-block-image size-large is-style-default\"><img loading=\"lazy\" decoding=\"async\" width=\"1024\" height=\"1024\" data-id=\"4855\" data-tippy-content=\"cl\u00e9 de la ville\" src=\"https:\/\/gassin.eu\/wp-content\/uploads\/2025\/03\/cle-de-la-ville-edited-1024x1024.jpg\" alt=\"\" class=\"wp-image-4855\" srcset=\"https:\/\/gassin.eu\/wp-content\/uploads\/2025\/03\/cle-de-la-ville-edited-1024x1024.jpg 1024w, https:\/\/gassin.eu\/wp-content\/uploads\/2025\/03\/cle-de-la-ville-edited-300x300.jpg 300w, https:\/\/gassin.eu\/wp-content\/uploads\/2025\/03\/cle-de-la-ville-edited-150x150.jpg 150w, https:\/\/gassin.eu\/wp-content\/uploads\/2025\/03\/cle-de-la-ville-edited-768x768.jpg 768w, https:\/\/gassin.eu\/wp-content\/uploads\/2025\/03\/cle-de-la-ville-edited-1536x1536.jpg 1536w, https:\/\/gassin.eu\/wp-content\/uploads\/2025\/03\/cle-de-la-ville-edited-2048x2048.jpg 2048w, https:\/\/gassin.eu\/wp-content\/uploads\/2025\/03\/cle-de-la-ville-edited-125x125.jpg 125w\" sizes=\"auto, (max-width: 1024px) 100vw, 1024px\" \/><\/figure>\n<\/figure>\n\n\n\n<p class=\"wp-block-paragraph\"><strong>Tickets for leisure activities in the &#8220;Amusez-Vous&#8221; guide<\/strong><\/p>\n\n\n\n<p class=\"wp-block-paragraph\">The tourist office is a partner and reseller of the leisure activities in the <a href=\"https:\/\/www.amusezvous.net\/\">Amusez-vous guide<\/a>.<br\/>Find a range of leisure activities at irresistible prices throughout the Gulf of Saint-Tropez.<br\/>Make your reservations easily, by clicking on the link below or directly at the tourist office reception desk with our agents!<\/p>\n\n\n\n<div class=\"wp-block-group is-layout-constrained wp-block-group-is-layout-constrained\">\n<div class=\"wp-block-columns is-layout-flex wp-container-core-columns-is-layout-0defc3be wp-block-columns-is-layout-flex\">\n<div class=\"wp-block-column is-layout-flow wp-block-column-is-layout-flow\" style=\"flex-basis:100%\">\n<figure class=\"wp-block-image size-large\"><a href=\"https:\/\/www.amusezvous.net\/\"><img loading=\"lazy\" decoding=\"async\" width=\"1024\" height=\"1024\" data-tippy-content=\"guide-amusez-vous-2024-web-\" src=\"https:\/\/gassin.eu\/wp-content\/uploads\/2024\/04\/guide-amusez-vous-2024-web--1024x1024.png\" alt=\"\" class=\"wp-image-4488\" srcset=\"https:\/\/gassin.eu\/wp-content\/uploads\/2024\/04\/guide-amusez-vous-2024-web--1024x1024.png 1024w, https:\/\/gassin.eu\/wp-content\/uploads\/2024\/04\/guide-amusez-vous-2024-web--300x300.png 300w, https:\/\/gassin.eu\/wp-content\/uploads\/2024\/04\/guide-amusez-vous-2024-web--150x150.png 150w, https:\/\/gassin.eu\/wp-content\/uploads\/2024\/04\/guide-amusez-vous-2024-web--768x768.png 768w, https:\/\/gassin.eu\/wp-content\/uploads\/2024\/04\/guide-amusez-vous-2024-web--125x125.png 125w, https:\/\/gassin.eu\/wp-content\/uploads\/2024\/04\/guide-amusez-vous-2024-web-.png 1200w\" sizes=\"auto, (max-width: 1024px) 100vw, 1024px\" \/><\/a><\/figure>\n<\/div>\n<\/div>\n<\/div>\n\n\n\n<p class=\"wp-block-paragraph\">Tickets for private events such as concerts at Les Musicales dans les Vignes wineries are also available from the Tourist Office.<\/p>\n<\/div>\n","protected":false},"excerpt":{"rendered":"<p>The tourist office&#8217;s boutique offers a range of souvenir products for direct sale or by mail order. An area is reserved for products on sale. Products from the tourist office store Our boutique emphasizes Made in France, as evidenced by the products on sale in the village boutiques&#8220;Un \u00e9t\u00e9 \u00e0 Gassin&#8221; and&#8220;L&#8217;Authentique&#8220;. Tickets for leisure&#8230;<\/p>\n","protected":false},"author":7,"featured_media":1775,"parent":107,"menu_order":62,"comment_status":"closed","ping_status":"closed","template":"","meta":{"_acf_changed":false,"_crdt_document":"","footnotes":""},"class_list":["post-1780","page","type-page","status-publish","has-post-thumbnail","hentry"],"acf":[],"_links":{"self":[{"href":"https:\/\/gassin.eu\/en\/wp-json\/wp\/v2\/pages\/1780","targetHints":{"allow":["GET"]}}],"collection":[{"href":"https:\/\/gassin.eu\/en\/wp-json\/wp\/v2\/pages"}],"about":[{"href":"https:\/\/gassin.eu\/en\/wp-json\/wp\/v2\/types\/page"}],"author":[{"embeddable":true,"href":"https:\/\/gassin.eu\/en\/wp-json\/wp\/v2\/users\/7"}],"replies":[{"embeddable":true,"href":"https:\/\/gassin.eu\/en\/wp-json\/wp\/v2\/comments?post=1780"}],"version-history":[{"count":4,"href":"https:\/\/gassin.eu\/en\/wp-json\/wp\/v2\/pages\/1780\/revisions"}],"predecessor-version":[{"id":5320,"href":"https:\/\/gassin.eu\/en\/wp-json\/wp\/v2\/pages\/1780\/revisions\/5320"}],"up":[{"embeddable":true,"href":"https:\/\/gassin.eu\/en\/wp-json\/wp\/v2\/pages\/107"}],"wp:featuredmedia":[{"embeddable":true,"href":"https:\/\/gassin.eu\/en\/wp-json\/wp\/v2\/media\/1775"}],"wp:attachment":[{"href":"https:\/\/gassin.eu\/en\/wp-json\/wp\/v2\/media?parent=1780"}],"curies":[{"name":"wp","href":"https:\/\/api.w.org\/{rel}","templated":true}]}}