{"id":208,"date":"2017-09-10T12:22:37","date_gmt":"2017-09-10T10:22:37","guid":{"rendered":"https:\/\/gassin.eu\/?page_id=208"},"modified":"2025-07-16T09:03:13","modified_gmt":"2025-07-16T07:03:13","slug":"access-to-gassin","status":"publish","type":"page","link":"https:\/\/gassin.eu\/en\/useful-information\/access-to-gassin\/","title":{"rendered":"Access to Gassin"},"content":{"rendered":"\n<div class=\"wp-block-group is-layout-flow wp-block-group-is-layout-flow\">\n<p class=\"wp-block-paragraph\">Gassin in the heart of the Saint-Tropez peninsula on the C\u00f4te d&#8217;Azur, between Saint-Rapha\u00ebl (25 km) and Hy\u00e8res (40 km). The commune borders La Croix-Valmer, Ramatuelle and Saint-Tropez. <\/p>\n\n\n\n<p class=\"wp-block-paragraph\">Tourism office GPS coordinates<br\/>Latitude: N43 13.804<br\/>Longitude: E6 35.134<\/p>\n\n\n\n<figure class=\"wp-block-image aligncenter\"><a href=\"https:\/\/gassin.eu\/wp-content\/uploads\/2017\/09\/carte-accse-&#xE0;-gassin-2017.jpg\"><img decoding=\"async\" data-tippy-content=\"carte accse \u00e0 gassin 2017\" src=\"https:\/\/gassin.eu\/wp-content\/uploads\/2017\/09\/carte-accse-&#xE0;-gassin-2017-1024x642.jpg\" alt=\"\" class=\"wp-image-287\"\/><\/a><\/figure>\n\n\n\n<p class=\"wp-block-paragraph\"><\/p>\n\n\n\n<h2 class=\"wp-block-heading\">List of electric vehicle charging points<\/h2>\n\n\n\n<ul class=\"wp-block-list\">\n<li><a href=\"https:\/\/gassin.eu\/fr\/services\/bornes-de-recharge-pour-vehicules-electriques\/gassin\/station-de-recharge-pour-voitures-electriques-des-marines-de-gassin-4850802\/\">Marines de Gassin charging station<\/a><\/li>\n\n\n\n<li><a href=\"https:\/\/gassin.eu\/fr\/services\/bornes-de-recharge-pour-vehicules-electriques\/gassin\/station-de-recharge-pour-voitures-electriques-la-foux-superchargeur-tesla-7034261\/\">La Foux charging station &#8211; Tesla supercharger<\/a><\/li>\n\n\n\n<li><a href=\"https:\/\/gassin.eu\/fr\/services\/bornes-de-recharge-pour-vehicules-electriques\/gassin\/station-de-recharge-pour-voitures-electriques-de-l-office-de-tourisme-5716261\/\">Charging station at the tourist office<\/a><\/li>\n<\/ul>\n\n\n\n<p class=\"wp-block-paragraph\">Contact: 04 98 11 56 51 &#8211; 09 70 99 09 08 &#8211; <a id=\"event-email-1\" class=\"gtag email break-words\" href=\"mailto:contact@e55c.com?subject=Demande%20de%20teaching\" data-action=\"Email vers Station de recharge pour voitures &#xE9;lectriques des Marines de Gassin (4850802 \/ Station de recharge pour voitures &#xE9;lectriques des Marines de Gassin)\" data-category=\"Lien fiche Apidae\">contact@e55c.com<\/a><\/p>\n\n\n\n<p class=\"wp-block-paragraph\">Examples of websites that list recharging points:<\/p>\n\n\n\n<ul class=\"wp-block-list\">\n<li><a href=\"https:\/\/www.izivia.com\/carte-borne-recharge-izivia\">https:\/\/www.izivia.com\/carte-borne-recharge-izivia<\/a><\/li>\n\n\n\n<li><a href=\"https:\/\/fr.chargemap.com\/map\">https:\/\/fr.chargemap.com\/map<\/a><\/li>\n<\/ul>\n\n\n\n<figure class=\"wp-block-image\"><img loading=\"lazy\" decoding=\"async\" width=\"300\" height=\"233\" data-tippy-content=\"station-de-recharge-pour-voitures-electriques-des-marines-de-gassin_4850802_1\" src=\"https:\/\/gassin.eu\/wp-content\/uploads\/2025\/01\/station-de-recharge-pour-voitures-electriques-des-marines-de-gassin_4850802_1-300x233.jpg\" alt=\"\" class=\"wp-image-4727\" srcset=\"https:\/\/gassin.eu\/wp-content\/uploads\/2025\/01\/station-de-recharge-pour-voitures-electriques-des-marines-de-gassin_4850802_1-300x233.jpg 300w, https:\/\/gassin.eu\/wp-content\/uploads\/2025\/01\/station-de-recharge-pour-voitures-electriques-des-marines-de-gassin_4850802_1-1024x794.jpg 1024w, https:\/\/gassin.eu\/wp-content\/uploads\/2025\/01\/station-de-recharge-pour-voitures-electriques-des-marines-de-gassin_4850802_1-768x595.jpg 768w, https:\/\/gassin.eu\/wp-content\/uploads\/2025\/01\/station-de-recharge-pour-voitures-electriques-des-marines-de-gassin_4850802_1.jpg 1241w\" sizes=\"auto, (max-width: 300px) 100vw, 300px\" \/><\/figure>\n\n\n\n<p class=\"wp-block-paragraph\"><\/p>\n\n\n\n<h2 class=\"wp-block-heading\"><span style=\"color: #339966;\">By bike<\/span><\/h2>\n\n\n\n<p class=\"wp-block-paragraph\">A number of different routes lead to the village of Gassin by bike, including three that pass through the tourist office, where you can pick up the following guide:<strong> <a href=\"https:\/\/gassin.eu\/wp-content\/uploads\/2021\/07\/Au-coeur-de-la-presquile-a-velo-2021-a4-v1.pdf\"><em>Au c\u0153ur de la Presqu&#8217;\u00eele \u00e0 v\u00e9lo<\/em><\/a>.<\/strong><\/p>\n\n\n\n<p class=\"wp-block-paragraph\">Circuit 1 links the village to the Marines de Gassin, away from the main roads and offering superb panoramic views.<\/p>\n\n\n\n<p class=\"wp-block-paragraph\"><strong>Please note that the Ville-vieille trail is not accessible to road bikes. <\/strong><\/p>\n\n\n\n<p class=\"wp-block-paragraph\">Circuit 5 offers a 6.6 km detour from Gassin (seaside) to Saint-Tropez, linking the Marines de Gassin to the Bouillabaisse beach at the entrance to Saint-Tropez.<\/p>\n\n\n\n<p class=\"wp-block-paragraph\">Route 6 offers a detour from Gassin (plain) to La Croix-Valmer, linking the lyc\u00e9e in Gassin to the outskirts of La Foux in La Croix-Valmer.<\/p>\n\n\n\n<p class=\"wp-block-paragraph\">Other loops are also accessible by mountain bike, and on circuit 4, for example, link the remarkable gardens offering splendid panoramic views from the village of Gassin.<\/p>\n\n\n\n<h2 class=\"wp-block-heading\"><span style=\"color: #339966;\">By bus<\/span><\/h2>\n\n\n\n<p class=\"wp-block-paragraph\">The <a href=\"https:\/\/zou.maregionsud.fr\/\">Zou<\/a> service offers regular routes to the towns on the Gulf (Cavalaire-sur-Mer, Cogolin, La Croix-Valmer, la Garde-Freinet, Grimaud, La M\u00f4le, le Plan-de-la-Tour, Ramatuelle, Saint-Tropez, Sainte-Maxime), and to the main towns in the Var. You can also connect to the TGV stations at Les Arcs\/Draguignan, Hy\u00e8res, Toulon and Saint-Rapha\u00ebl. <\/p>\n\n\n\n<p class=\"wp-block-paragraph\">The main lines serving the commune of Gassin are :<\/p>\n\n\n\n<p class=\"wp-block-paragraph\"><strong>876<\/strong> <strong>SAINT-RAPHA\u00cbL &#8211; SAINT-TROPEZ<\/strong> (towards Saint-Tropez)<br\/><strong>873<\/strong> <strong>COGOLIN &#8211; HY\u00c8RES<\/strong> (towards Hy\u00e8res)<strong><br\/><\/strong><\/p>\n\n\n\n<p class=\"wp-block-paragraph\"><strong>878 TOULON<\/strong> (station) &#8211; <strong>SAINT-TROPEZ<\/strong> (towards Saint-Tropez)<\/p>\n\n\n\n<p class=\"wp-block-paragraph\">Information and bookings: <a href=\"https:\/\/zou.maregionsud.fr\/\">Zou.maregionsud.fr<\/a>; 0809 400 013<strong>(attention: price of a local call, <\/strong>every day from 7am to 8pm).<\/p>\n\n\n\n<p class=\"wp-block-paragraph\">It is now possible to take the flexibus from Lyon to La Croix-Valmer (neighboring Gassin), starting at 24.99 euros.<\/p>\n\n\n\n<p class=\"wp-block-paragraph\">You can make all your reservations and find out more about this route via this link: <a href=\"https:\/\/www.flixbus.fr\/bus\/la-croix-valmer\">https:\/\/www.flixbus.fr\/bus\/la-croix-valmer.<\/a><\/p>\n\n\n\n<h2 class=\"wp-block-heading\"><span style=\"color: #339966;\">By train<\/span><\/h2>\n\n\n\n<p class=\"wp-block-paragraph\">The Gassin area can be reached by train via the TGV stations at Saint-Rapha\u00ebl-Valescure (25 km), Les Arcs-Draguignan (26 km), Hy\u00e8res (40 km) and Toulon (55 km).<\/p>\n\n\n\n<p class=\"wp-block-paragraph\">Information and reservations: <a href=\"http:\/\/www.sncf.com\">www.sncf.com<\/a>; 36 35.<\/p>\n\n\n\n<h2 class=\"wp-block-heading\"><span style=\"color: #339966;\">By car<\/span><\/h2>\n\n\n\n<p class=\"wp-block-paragraph\"><em>By freeway :<\/em><\/p>\n\n\n\n<p class=\"wp-block-paragraph\">From the A8: exit 36 Le Muy\/Sainte Maxime: follow the D25 to Sainte Maxime, then the D559 (towards Saint-Tropez) to the Foux crossroads (Gassin).<\/p>\n\n\n\n<p class=\"wp-block-paragraph\">From A57: exit 13 Le Cannet des Maures\/ Le Luc: follow D 558 to Foux crossroads (Gassin).<\/p>\n\n\n\n<p class=\"wp-block-paragraph\"><em>By road :<\/em><\/p>\n\n\n\n<p class=\"wp-block-paragraph\">From Fr\u00e9jus\/Saint-Rapha\u00ebl: take the D8 towards Saint-Maxime, then the D559 to the Foux (Gassin) crossroads (or the D559 (seaside)).<\/p>\n\n\n\n<p class=\"wp-block-paragraph\">From Bormes-les-Mimosas: follow the D41, then the D98 towards Saint-Tropez as far as the La Foux (Gassin) crossroads (or the D559 towards Cavalaire\/La Croix-Valmer (seaside)).<\/p>\n\n\n\n<p class=\"wp-block-paragraph\">From the A8: take exit 36 Le Muy, follow the D25 towards Sainte-Maxime, then the D559 to the crossroads at La Foux (Gassin) (or the D559 (seaside)).<\/p>\n\n\n\n<p class=\"wp-block-paragraph\">Or, from the A8, branch off onto the A57 at Vidauban-Le Luc and take exit 13 Vidauban, then follow the D558 to Grimaud, then the D61 to Saint-Tropez, then the D98 to the crossroads at La Foux (Gassin).<\/p>\n\n\n\n<p class=\"wp-block-paragraph\">To reach the village, follow the signs for &#8220;Gassin village\/ Office de tourisme&#8221;.<\/p>\n\n\n\n<p class=\"wp-block-paragraph\">Think about carpooling!<\/p>\n\n\n\n<h3 class=\"wp-block-heading\"><span style=\"color: #339966;\">Where to park in the village?<\/span><\/h3>\n\n\n\n<p class=\"wp-block-paragraph\">Gassin offers around 400 parking spaces in and around the old village. All parking lots are free of charge. You can park near the tourist office, where 3 spaces are available: place L\u00e9on Martel, place Charles Giordano, place Louis Collomp (71 spaces). In case of heavy traffic, the Chapelle parking lots offer 85 spaces a little further down the road. On the south side of the village, 51 spaces are available on the route des Moulins de Paillas, in front of the auditorium and the Esp\u00e9lidou nursery school.    <\/p>\n\n\n\n<figure class=\"wp-block-image\"><a href=\"https:\/\/gassin.eu\/en\/useful-information\/access-to-gassin\/les-parkings-a-gassin-cote-d-azur-ou-se-garer-a-gassin-2022-2\/\" rel=\"attachment wp-att-3389\"><img loading=\"lazy\" decoding=\"async\" width=\"1024\" height=\"544\" data-tippy-content=\"les-parkings-a-Gassin-Cote-d-Azur-ou-se-garer-a-Gassin-2022\" src=\"https:\/\/gassin.eu\/wp-content\/uploads\/2022\/06\/les-parkings-a-Gassin-Cote-d-Azur-ou-se-garer-a-Gassin-2022-1024x544.jpg\" alt=\"\" class=\"wp-image-3389\" srcset=\"https:\/\/gassin.eu\/wp-content\/uploads\/2022\/06\/les-parkings-a-Gassin-Cote-d-Azur-ou-se-garer-a-Gassin-2022-1024x544.jpg 1024w, https:\/\/gassin.eu\/wp-content\/uploads\/2022\/06\/les-parkings-a-Gassin-Cote-d-Azur-ou-se-garer-a-Gassin-2022-300x159.jpg 300w, https:\/\/gassin.eu\/wp-content\/uploads\/2022\/06\/les-parkings-a-Gassin-Cote-d-Azur-ou-se-garer-a-Gassin-2022-768x408.jpg 768w, https:\/\/gassin.eu\/wp-content\/uploads\/2022\/06\/les-parkings-a-Gassin-Cote-d-Azur-ou-se-garer-a-Gassin-2022-1536x815.jpg 1536w, https:\/\/gassin.eu\/wp-content\/uploads\/2022\/06\/les-parkings-a-Gassin-Cote-d-Azur-ou-se-garer-a-Gassin-2022-2048x1087.jpg 2048w\" sizes=\"auto, (max-width: 1024px) 100vw, 1024px\" \/><\/a><\/figure>\n\n\n\n<p class=\"wp-block-paragraph\"><\/p>\n\n\n\n<h2 class=\"wp-block-heading\">Access for people with reduced mobility<\/h2>\n\n\n\n<p class=\"wp-block-paragraph\"><strong><span style=\"font-size: small;\">Outside the office, there is an access ramp for people with reduced mobility from a nearby disabled parking space.  <\/span><\/strong><br\/><span style=\"font-size: small;\">Inside, the entrance door is wheelchair-accessible, and a doorbell is installed at the bottom left of the main entrance. If necessary, a member of staff can intervene to help the disabled person. A pictogram on the reception desk indicates the assistance the agent can provide to disabled visitors.  <\/span><\/p>\n\n\n\n<h2 class=\"wp-block-heading\"><span style=\"color: #339966;\">By cab<\/span><\/h2>\n\n\n\n<p class=\"wp-block-paragraph\">Here you&#8217;ll find a list <a href=\"https:\/\/gassin.eu\/wp-content\/uploads\/2019\/01\/Taxis-et-transferts.pdf\">of cabs and transfers in the commune.<\/a><\/p>\n\n\n\n<h2 class=\"wp-block-heading\"><span style=\"color: #339966;\">By plane<\/span><\/h2>\n\n\n\n<p class=\"wp-block-paragraph\">La M\u00f4le-Saint-Tropez (9 km): <a href=\"http:\/\/www.sainttropez.aeroport.fr\">www.sainttropez.aeroport.fr<\/a>; +33 (0)4 94 54 76 40<br\/>Hy\u00e8res-Toulon (38 km): <a href=\"http:\/\/www.toulon-hyeres.aeroport.fr\">www.toulon-hyeres.aeroport.fr<\/a>; +33 (0)8 25 01 83 87<strong>(attention: chargeable telephone<\/strong>: \u20ac0.15\/min)<br\/>Nice-C\u00f4te d&#8217;Azur (70 km): <a href=\"http:\/\/www.nice.aeroport.fr\">www.nice.aeroport.fr<\/a>; +33 (0)8 20 42 33 33<strong>(attention: chargeable telephone<\/strong>: \u20ac0.12\/min)<br\/>Marseille-Provence (113 km): <a href=\"http:\/\/www.marseille.aeroport.fr\">www.marseille.aeroport.fr<\/a>; +33 (0)4 42 14 14 14<\/p>\n\n\n\n<h2 class=\"wp-block-heading\"><span style=\"color: #339966;\">By helicopter<\/span><\/h2>\n\n\n\n<p class=\"wp-block-paragraph\">Grimaud-Saint-Tropez heliport: <a href=\"http:\/\/helicopter-saint-tropez.com\">helicopter-saint-tropez.com<\/a>; +33 (0)4 94 55 59 99 or +33 (0)4 94 43 39 30<\/p>\n<\/div>\n","protected":false},"excerpt":{"rendered":"<p>Gassin in the heart of the Saint-Tropez peninsula on the C\u00f4te d&#8217;Azur, between Saint-Rapha\u00ebl (25 km) and Hy\u00e8res (40 km). The commune borders La Croix-Valmer, Ramatuelle and Saint-Tropez. Tourism office GPS coordinatesLatitude: N43 13.804Longitude: E6 35.134 List of electric vehicle charging points Contact: 04 98 11 56 51 &#8211; 09 70 99 09 08 &#8211;&#8230;<\/p>\n","protected":false},"author":7,"featured_media":0,"parent":107,"menu_order":71,"comment_status":"closed","ping_status":"closed","template":"","meta":{"_acf_changed":false,"_crdt_document":"","footnotes":""},"class_list":["post-208","page","type-page","status-publish","hentry"],"acf":[],"_links":{"self":[{"href":"https:\/\/gassin.eu\/en\/wp-json\/wp\/v2\/pages\/208","targetHints":{"allow":["GET"]}}],"collection":[{"href":"https:\/\/gassin.eu\/en\/wp-json\/wp\/v2\/pages"}],"about":[{"href":"https:\/\/gassin.eu\/en\/wp-json\/wp\/v2\/types\/page"}],"author":[{"embeddable":true,"href":"https:\/\/gassin.eu\/en\/wp-json\/wp\/v2\/users\/7"}],"replies":[{"embeddable":true,"href":"https:\/\/gassin.eu\/en\/wp-json\/wp\/v2\/comments?post=208"}],"version-history":[{"count":24,"href":"https:\/\/gassin.eu\/en\/wp-json\/wp\/v2\/pages\/208\/revisions"}],"predecessor-version":[{"id":5597,"href":"https:\/\/gassin.eu\/en\/wp-json\/wp\/v2\/pages\/208\/revisions\/5597"}],"up":[{"embeddable":true,"href":"https:\/\/gassin.eu\/en\/wp-json\/wp\/v2\/pages\/107"}],"wp:attachment":[{"href":"https:\/\/gassin.eu\/en\/wp-json\/wp\/v2\/media?parent=208"}],"curies":[{"name":"wp","href":"https:\/\/api.w.org\/{rel}","templated":true}]}}