{"id":216,"date":"2017-09-10T12:29:40","date_gmt":"2017-09-10T10:29:40","guid":{"rendered":"https:\/\/gassin.eu\/?page_id=216"},"modified":"2025-06-29T20:56:33","modified_gmt":"2025-06-29T18:56:33","slug":"tourist-information-office","status":"publish","type":"page","link":"https:\/\/gassin.eu\/en\/useful-information\/tourist-information-office\/","title":{"rendered":"Gassin Tourist Office"},"content":{"rendered":"\n<div class=\"wp-block-group is-layout-constrained wp-block-group-is-layout-constrained\">\n<p class=\"wp-block-paragraph\">The Gassin Tourist Office, located in the heart of the Gulf of Saint-Tropez peninsula, opened its doors on April 1, 20216 and has welcomed over 150,000 visitors since its opening. This public administrative service, which operates autonomously under the town hall, currently employs 5 staff. <\/p>\n\n\n\n<p class=\"wp-block-paragraph\">Classified as a <strong data-start=\"563\" data-end=\"578\">Category I<\/strong> resort at the beginning of 2018, the Gassin Tourist Office formalized its quality approach by committing to the <strong data-start=\"689\" data-end=\"709\">Qualit\u00e9 Tourisme<\/strong> mark, of which it has been an official holder since December 1, 2017. The Tourist Office, which supported the destination of Gassin in its efforts to obtain the <strong data-start=\"892\" data-end=\"915\">tourist resort<\/strong> label, is proud to be one of almost 500 French tourist resorts designated by ministerial decree for a period of twelve years. <\/p>\n\n\n\n<p class=\"wp-block-paragraph\">With the aim of offering a quality welcome to all its visitors, the destination of Gassin communicates its commitment to accessibility. The <strong data-start=\"360\" data-end=\"382\">Ch\u00e2teau de Chausse<\/strong> has been awarded the <strong data-start=\"316\" data-end=\"339\">Tourisme &amp; Handicap<\/strong> label for 2024. <\/p>\n\n\n\n<p class=\"wp-block-paragraph\">Find out more about the Tourist Office team, our opening hours, our <strong data-start=\"1207\" data-end=\"1218\">Quality<\/strong> policy and commitments, as well as our <strong data-start=\"1260\" data-end=\"1275\">Category I<\/strong> commitments and our membership of <strong data-start=\"1296\" data-end=\"1329\">Offices de Tourisme de France<\/strong>.<\/p>\n\n\n\n<p class=\"has-lg-font-size wp-block-paragraph\">Contents:<\/p>\n\n\n\n<nav aria-label=\"Table of Contents\" class=\"wp-block-table-of-contents\"><ol><li><a class=\"wp-block-table-of-contents__entry\" href=\"https:\/\/gassin.eu\/en\/useful-information\/tourist-information-office\/#periodes-et-horaires-d-ouverture-de-l-office-de-tourisme\">Tourist office opening times and periods<\/a><\/li><li><a class=\"wp-block-table-of-contents__entry\" href=\"https:\/\/gassin.eu\/en\/useful-information\/tourist-information-office\/#politique-et-objectifs-qualite\">Quality policy and objectives  <\/a><\/li><li><a class=\"wp-block-table-of-contents__entry\" href=\"https:\/\/gassin.eu\/en\/useful-information\/tourist-information-office\/#engagements-et-politique-qualite\">Quality commitments and policy<\/a><\/li><li><a class=\"wp-block-table-of-contents__entry\" href=\"https:\/\/gassin.eu\/en\/useful-information\/tourist-information-office\/#engagements-categorie-i\">Category I commitments<\/a><\/li><li><a class=\"wp-block-table-of-contents__entry\" href=\"https:\/\/gassin.eu\/en\/useful-information\/tourist-information-office\/#reseau-adn-tourisme\">ADN Tourism network  <\/a><\/li><\/ol><\/nav>\n\n\n\n<figure class=\"wp-block-image aligncenter size-large\"><img loading=\"lazy\" decoding=\"async\" width=\"1024\" height=\"1024\" data-tippy-content=\"\u00e9quipe OTG uniformes 2023 vue mer\" src=\"https:\/\/gassin.eu\/wp-content\/uploads\/2025\/02\/equipe-OTG-uniformes-2023-vue-mer-1024x1024.jpg\" alt=\"\" class=\"wp-image-4797\" srcset=\"https:\/\/gassin.eu\/wp-content\/uploads\/2025\/02\/equipe-OTG-uniformes-2023-vue-mer-1024x1024.jpg 1024w, https:\/\/gassin.eu\/wp-content\/uploads\/2025\/02\/equipe-OTG-uniformes-2023-vue-mer-300x300.jpg 300w, https:\/\/gassin.eu\/wp-content\/uploads\/2025\/02\/equipe-OTG-uniformes-2023-vue-mer-150x150.jpg 150w, https:\/\/gassin.eu\/wp-content\/uploads\/2025\/02\/equipe-OTG-uniformes-2023-vue-mer-768x768.jpg 768w, https:\/\/gassin.eu\/wp-content\/uploads\/2025\/02\/equipe-OTG-uniformes-2023-vue-mer-125x125.jpg 125w, https:\/\/gassin.eu\/wp-content\/uploads\/2025\/02\/equipe-OTG-uniformes-2023-vue-mer.jpg 1440w\" sizes=\"auto, (max-width: 1024px) 100vw, 1024px\" \/><\/figure>\n\n\n\n<h2 class=\"wp-block-heading has-text-align-center\" id=\"periodes-et-horaires-d-ouverture-de-l-office-de-tourisme\">Tourist office opening times and periods<a name=\"horaires\"><\/a><\/h2>\n\n\n\n<p class=\"has-text-align-center wp-block-paragraph\"><strong>From October 1st weekend to Easter vacation:<\/strong><\/p>\n\n\n\n<p class=\"has-text-align-center wp-block-paragraph\">Monday to Friday, 9 a.m. to 12 p.m. and 2 p.m. to 5 p.m.<\/p>\n\n\n\n<p class=\"has-text-align-center wp-block-paragraph\"><strong>From the first day of the Easter vacations to mid-October (end of Les Voiles de Saint-Tropez):<\/strong><\/p>\n\n\n\n<p class=\"has-text-align-center wp-block-paragraph\">Monday to Saturday, 9 a.m. to 1 p.m. and 2 p.m. to 6 p.m.<br\/>Sunday, 9 a.m. to 1 p.m.<\/p>\n\n\n\n<h2 class=\"wp-block-heading\" id=\"politique-et-objectifs-qualite\">Quality policy and objectives<br\/><a name=\"qualite\"><\/a><\/h2>\n\n\n\n<p class=\"western wp-block-paragraph\">In 2017, the tourist office wished to commit to the Qualit\u00e9 Tourisme approach, steered by the FROT, and began to implement all the procedures. This commitment culminated in the award of the Marque Qualit\u00e9 Tourisme on December 1, 2017. <\/p>\n\n\n\n<p class=\"western wp-block-paragraph\">The tourist office also renewed its classification, obtaining category I status on February 6, 2018.<\/p>\n\n\n\n<p class=\"western wp-block-paragraph\">Under the impetus of the new management team, the Tourist Office has embarked on a quality approach, motivated by the Ramatuelle Tourist Office, initially to improve the structure&#8217;s internal working methods, in order to gain in efficiency. Gradually, the choice fell on the Qualit\u00e9 Tourisme mark, which is issued by the French government (Ministry of Tourism) and is clearly visible to the general public (visitors, socio-professionals, institutions, etc.). <\/p>\n\n\n\n<p class=\"western wp-block-paragraph\">In March 2017, the tourist office therefore confirmed its commitment by applying for support in obtaining the mark set up by the F\u00e9d\u00e9ration r\u00e9gionale des offices de tourisme de la r\u00e9gion Provence-Alpes-C\u00f4te d&#8217;Azur.<\/p>\n\n\n\n<p class=\"western wp-block-paragraph\">As part of the agreement on objectives and resources between the Gassin Tourist Office and the town, I am in charge of a global quality approach focusing on three main targets: customer satisfaction, service providers and elected officials.<\/p>\n\n\n\n<p class=\"western wp-block-paragraph\"><span style=\"font-size: small;\"><span style=\"font-size: medium;\"><u>OTG&#8217;s quality objectives are :<\/u><\/span><\/span><\/p>\n\n\n\n<ul class=\"wp-block-list\">\n<li><p lang=\"fr-FR\" align=\"left\"><span style=\"font-size: small;\">Quality human relations<\/span><\/p><\/li>\n\n\n\n<li><p lang=\"fr-FR\" align=\"left\"><span style=\"font-size: small;\">Efficient, stress-free working conditions<\/span><\/p><\/li>\n\n\n\n<li><p lang=\"fr-FR\" align=\"left\"><span style=\"font-size: small;\">A skilled, well-trained team<\/span><\/p><\/li>\n<\/ul>\n\n\n\n<p class=\"western wp-block-paragraph\"><u>To offer quality services to our visitors, we are committed to :<\/u><\/p>\n\n\n\n<ul class=\"wp-block-list\">\n<li><p lang=\"fr-FR\" align=\"left\"><span style=\"font-size: small;\">Improve accessibility and visibility of the tourist office<\/span><\/p><\/li>\n\n\n\n<li><p lang=\"fr-FR\" align=\"left\"><span style=\"font-size: small;\">Easy access to information for everyone, all the time<\/span><\/p><\/li>\n\n\n\n<li><p lang=\"fr-FR\" align=\"left\"><span style=\"font-size: small;\">Optimize the provision and management of tourist information<\/span><\/p><\/li>\n\n\n\n<li><p lang=\"fr-FR\" align=\"left\"><span style=\"font-size: small;\">Guarantee clear, precise and up-to-date information for everyone<\/span><\/p><\/li>\n\n\n\n<li><p lang=\"fr-FR\" align=\"left\"><span style=\"font-size: small;\">Ensure a warm, personalized welcome, tailored to visitors&#8217; needs and desires<\/span><\/p><\/li>\n\n\n\n<li><p lang=\"fr-FR\" align=\"left\"><span style=\"font-size: small;\">Help our visitors organize and book their stays<\/span><\/p><\/li>\n\n\n\n<li><p lang=\"fr-FR\" align=\"left\"><span style=\"font-size: small;\">Giving our visitors a voice so that they can contribute to the continuous improvement of our services<\/span><\/p><\/li>\n<\/ul>\n\n\n\n<p class=\"western wp-block-paragraph\"><u>To offer quality services to our partners, we are committed to :<\/u><\/p>\n\n\n\n<ul class=\"wp-block-list\">\n<li><p lang=\"fr-FR\" align=\"left\"><span style=\"font-size: small;\">Structure, qualify, promote and sell the region&#8217;s tourism offering<\/span><\/p><\/li>\n\n\n\n<li><p lang=\"fr-FR\" align=\"left\"><span style=\"font-size: small;\">Monitor and increase awareness of the region<\/span><\/p><\/li>\n\n\n\n<li><p lang=\"fr-FR\" align=\"left\"><span style=\"font-size: small;\">Making the most of local resources<\/span><\/p><\/li>\n\n\n\n<li><p lang=\"fr-FR\" align=\"left\"><span style=\"font-size: small;\">Propose collaborative actions to boost local economic activity<\/span><\/p><\/li>\n\n\n\n<li><p lang=\"fr-FR\" align=\"left\"><span style=\"font-size: small;\">Provide each partner with the tools they need to inform their customers<\/span><\/p><\/li>\n\n\n\n<li><p lang=\"fr-FR\" align=\"left\"><span style=\"font-size: small;\">Make partners aware of new trends and developments in the world of tourism<\/span><\/p><\/li>\n\n\n\n<li><p lang=\"fr-FR\" align=\"left\"><span style=\"font-size: small;\">Working with local and regional tourism networks<\/span><\/p><\/li>\n<\/ul>\n\n\n\n<p class=\"western wp-block-paragraph\">Within the framework of the agreement of objectives and means, I, R\u00e9mi Potier-Saffroy, Director of the Gassin Tourist Office, undertake, in my capacity as pilot of a global approach, to define our commitments in terms of quality and to update it at least every 3 years, to communicate it to staff (e-mail) and partners (website and platform), to define an annual action plan specified in the annual business plan, and to draw up an annual assessment of actions (financial, qualitative and quantitative) as part of the annual business report.<\/p>\n\n\n\n<p class=\"western wp-block-paragraph\">The objectives of our quality policy are many and are not confined to welcoming visitors.<\/p>\n\n\n\n<p class=\"western wp-block-paragraph\">The members of the Works Council and management therefore undertake to :<\/p>\n\n\n\n<ul class=\"wp-block-list\">\n<li><p lang=\"fr-FR\" align=\"justify\"><span style=\"font-size: small;\">Remain a local tourist office that promotes people, not profits<\/span><\/p><\/li>\n\n\n\n<li><p lang=\"fr-FR\" align=\"justify\"><span style=\"font-size: small;\">Discovering the Var<\/span><\/p><\/li>\n\n\n\n<li><p lang=\"fr-FR\" align=\"justify\"><span style=\"font-size: small;\">Listening to customers, focusing on their expectations and requests<\/span><\/p><\/li>\n\n\n\n<li><p lang=\"fr-FR\" align=\"justify\"><span style=\"font-size: small;\">Remain committed to continuous improvement.<\/span><\/p><\/li>\n<\/ul>\n\n\n\n<p class=\"western wp-block-paragraph\">To ensure the coordination and dynamism of the approach, Ms. Min\u00e9o Marilyne, a stay advisor, has been appointed Quality Manager. She undertakes to monitor the implementation of the approach, to check that procedures are actually applied by all staff, and to make proposals in consultation with the entire team, in order to improve the organization to be implemented. <\/p>\n\n\n\n<p class=\"western wp-block-paragraph\">What&#8217;s more, as director, I want to improve my management to provide my colleagues with a better framework, tools and support. I&#8217;m counting on everyone&#8217;s involvement to achieve this result, which will guarantee our professionalism and the recognition of our partners. <\/p>\n\n\n\n<p class=\"western wp-block-paragraph\">I am therefore committed to supporting my team at all levels to achieve this result.<\/p>\n\n\n\n<p class=\"western wp-block-paragraph\">R\u00e9mi Potier-Saffroy, Director.<\/p>\n\n\n\n<figure class=\"wp-block-image aligncenter\"><img loading=\"lazy\" decoding=\"async\" width=\"300\" height=\"300\" data-tippy-content=\"Destination E_400x400\" src=\"https:\/\/gassin.eu\/wp-content\/uploads\/2024\/07\/Destination-E_400x400-300x300.jpg\" alt=\"\" class=\"wp-image-4569\" srcset=\"https:\/\/gassin.eu\/wp-content\/uploads\/2024\/07\/Destination-E_400x400-300x300.jpg 300w, https:\/\/gassin.eu\/wp-content\/uploads\/2024\/07\/Destination-E_400x400-150x150.jpg 150w, https:\/\/gassin.eu\/wp-content\/uploads\/2024\/07\/Destination-E_400x400-125x125.jpg 125w, https:\/\/gassin.eu\/wp-content\/uploads\/2024\/07\/Destination-E_400x400.jpg 400w\" sizes=\"auto, (max-width: 300px) 100vw, 300px\" \/><\/figure>\n\n\n\n<h2 class=\"wp-block-heading\" id=\"engagements-et-politique-qualite\">Quality commitments and policy<\/h2>\n\n\n\n<p class=\"wp-block-paragraph\">When it opened in April 2016, the management of the Gassin tourist office decided to embark on a quality approach. Instruments have been put in place to find out what visitors expect, how they feel, and to identify issues to help improve service. <\/p>\n\n\n\n<p class=\"wp-block-paragraph\">Wishing to improve the rendering of the indicators created and to become part of a general approach by French tourist offices, in 2017 we joined a training cycle with the aim of obtaining the Qualit\u00e9 Tourisme mark.<\/p>\n\n\n\n<p class=\"wp-block-paragraph\">This approach has enabled the office to organize itself around a recognized process, guaranteeing a quality service to visitors, based on a number of key points: a warm welcome from attentive staff with foreign language skills, personalized services and clear, precise information in clean, comfortable premises. The aim is to help visitors discover Gassin as a destination. <\/p>\n\n\n\n<p class=\"wp-block-paragraph\">The Destination d&#8217;excellence label is designed to enhance the quality of the entire tourism offering: accommodation, restaurants, visitor and leisure facilities, tourist information points (tourist offices in particular) and transport.  <strong>It has replaced the &#8220;Qualit\u00e9 Tourisme&#8221; mark since May 2024. To find out more about this label, click here:   <\/strong><a href=\"https:\/\/www.atout-france.fr\/fr\/destination-dexcellence.\">https:\/\/www.atout-france.fr\/fr\/destination-dexcellence.<\/a><\/p>\n\n\n\n<h2 class=\"wp-block-heading\" id=\"engagements-categorie-i\">Category I commitments<a name=\"categorie\"><\/a><\/h2>\n\n\n\n<p class=\"wp-block-paragraph\"><em>The Gassin Tourist Office is classified in category I.<\/em><\/p>\n\n\n\n<p class=\"wp-block-paragraph\"><em>By virtue of this classification, awarded by the Prefect of the Var, we undertake to :<\/em><\/p>\n\n\n\n<p class=\"wp-block-paragraph\">Provide an easily accessible reception and information area.<\/p>\n\n\n\n<ul class=\"wp-block-list\">\n<li>To make your life easier.<\/li>\n\n\n\n<li>Furniture for comfortable seating.<\/li>\n\n\n\n<li>Free information on local tourist attractions.<\/li>\n\n\n\n<li>Display and broadcast its opening times in at least two foreign languages.<\/li>\n\n\n\n<li>Be open at least 305 days a year, including Saturdays and Sundays during tourist or entertainment periods.<\/li>\n\n\n\n<li>Answering your letters all year round.<\/li>\n\n\n\n<li>Provide a permanent reception service staffed by people who speak at least one foreign language.<\/li>\n\n\n\n<li>Supply tourist maps, plans and guides in hard copy.<\/li>\n\n\n\n<li>Give you access to its dedicated trilingual website, adapted for consultation via on-board media.<\/li>\n\n\n\n<li>Distribute tourist information on paper, translated into at least two foreign languages:\n<ul class=\"wp-block-list\">\n<li><span style=\"font-size: small;\">to all classified tourist accommodation, including at least the name of the establishment, postal address, e-mail address, website address, telephone number and classification level;<\/span><\/li>\n\n\n\n<li><span style=\"font-size: small;\">cultural, natural or leisure monuments and tourist sites, which may include information on user fees, opening times and periods, website, telephone and postal contact details;<\/span><\/li>\n\n\n\n<li><span style=\"font-size: small;\">events and activities;<\/span><\/li>\n\n\n\n<li><span style=\"font-size: small;\">emergency telephone numbers.<\/span><\/li>\n<\/ul>\n<\/li>\n\n\n\n<li>Update tourist information annually.<\/li>\n\n\n\n<li>Post emergency telephone numbers outside.<\/li>\n\n\n\n<li>Present the full range of qualified products and services available in the area for all customer segments.<\/li>\n\n\n\n<li>Give you access to classified accommodation availability.<\/li>\n\n\n\n<li>Handle your complaints and measure your satisfaction.<\/li>\n\n\n\n<li>Offer a tourist information service that integrates new information and communication technologies (social networks, mobile telephony, geolocation, etc.).<\/li>\n\n\n\n<li>Respect the requirements of the Destination D&#8217;<span style=\"font-family: Liberation\\ Serif, serif;\">excellence\u00a9<\/span> brand.<\/li>\n\n\n\n<li>Put a travel consultant at your disposal*.<\/li>\n\n\n\n<li>Guarantee the reliability and timeliness of information on the local tourism offer.<\/li>\n\n\n\n<li>Update data on the tourism offering in its geographical area of operation<\/li>\n<\/ul>\n\n\n\n<h2 class=\"wp-block-heading\" id=\"reseau-adn-tourisme\">ADN Tourism network<br\/><a name=\"otf\"><\/a><\/h2>\n\n\n\n<p class=\"wp-block-paragraph\"><em>The Gassin Tourist Office is a member of ADN Tourisme, which <\/em><strong>brings together three historic federations of institutional players in the tourism industry<\/strong>: Offices de Tourisme de France, Tourisme &amp; Territoires and Destination R\u00e9gions.<\/p>\n\n\n\n<figure class=\"wp-block-image aligncenter\"><img loading=\"lazy\" decoding=\"async\" width=\"300\" height=\"182\" data-tippy-content=\"adn-logo-2024-1\" src=\"https:\/\/gassin.eu\/wp-content\/uploads\/2024\/07\/adn-logo-2024-1-300x182.png\" alt=\"\" class=\"wp-image-4564\" srcset=\"https:\/\/gassin.eu\/wp-content\/uploads\/2024\/07\/adn-logo-2024-1-300x182.png 300w, https:\/\/gassin.eu\/wp-content\/uploads\/2024\/07\/adn-logo-2024-1.png 469w\" sizes=\"auto, (max-width: 300px) 100vw, 300px\" \/><\/figure>\n<\/div>\n","protected":false},"excerpt":{"rendered":"<p>The Gassin Tourist Office, located in the heart of the Gulf of Saint-Tropez peninsula, opened its doors on April 1, 20216 and has welcomed over 150,000 visitors since its opening. This public administrative service, which operates autonomously under the town hall, currently employs 5 staff. Classified as a Category I resort at the beginning of&#8230;<\/p>\n","protected":false},"author":7,"featured_media":1482,"parent":107,"menu_order":95,"comment_status":"closed","ping_status":"closed","template":"","meta":{"_acf_changed":false,"_crdt_document":"","footnotes":""},"class_list":["post-216","page","type-page","status-publish","has-post-thumbnail","hentry"],"acf":[],"_links":{"self":[{"href":"https:\/\/gassin.eu\/en\/wp-json\/wp\/v2\/pages\/216","targetHints":{"allow":["GET"]}}],"collection":[{"href":"https:\/\/gassin.eu\/en\/wp-json\/wp\/v2\/pages"}],"about":[{"href":"https:\/\/gassin.eu\/en\/wp-json\/wp\/v2\/types\/page"}],"author":[{"embeddable":true,"href":"https:\/\/gassin.eu\/en\/wp-json\/wp\/v2\/users\/7"}],"replies":[{"embeddable":true,"href":"https:\/\/gassin.eu\/en\/wp-json\/wp\/v2\/comments?post=216"}],"version-history":[{"count":15,"href":"https:\/\/gassin.eu\/en\/wp-json\/wp\/v2\/pages\/216\/revisions"}],"predecessor-version":[{"id":5336,"href":"https:\/\/gassin.eu\/en\/wp-json\/wp\/v2\/pages\/216\/revisions\/5336"}],"up":[{"embeddable":true,"href":"https:\/\/gassin.eu\/en\/wp-json\/wp\/v2\/pages\/107"}],"wp:featuredmedia":[{"embeddable":true,"href":"https:\/\/gassin.eu\/en\/wp-json\/wp\/v2\/media\/1482"}],"wp:attachment":[{"href":"https:\/\/gassin.eu\/en\/wp-json\/wp\/v2\/media?parent=216"}],"curies":[{"name":"wp","href":"https:\/\/api.w.org\/{rel}","templated":true}]}}