{"id":5031,"date":"2025-06-29T17:53:51","date_gmt":"2025-06-29T15:53:51","guid":{"rendered":"https:\/\/gassin.eu\/terms-of-use\/"},"modified":"2025-06-29T18:19:56","modified_gmt":"2025-06-29T16:19:56","slug":"terms-of-use","status":"publish","type":"page","link":"https:\/\/gassin.eu\/en\/terms-of-use\/","title":{"rendered":"Terms of use"},"content":{"rendered":"\n<div class=\"wp-block-group is-layout-constrained wp-block-group-is-layout-constrained\">\n<p class=\"wp-block-paragraph\"><strong>Owner of the <a href=\"https:\/\/gassin.eu\/\">gassin.eu<\/a> website:<\/strong><br\/>OFFICE DE TOURISME DE GASSIN<br\/>20 place L\u00e9on Martel<br\/>83580 Gassin<br\/>Tel. +33 (0)4 98 11 56 51<\/p>\n\n\n\n<p class=\"wp-block-paragraph\"><strong>Site design:<\/strong><br\/>Franck M\u00e9zi\u00e8re &#8211; Webdesign &amp; development &#8211; <a href=\"http:\/\/meziere.net\">meziere.net<\/a><\/p>\n\n\n\n<p class=\"wp-block-paragraph\"><strong>Music from the answering machine:<\/strong> Title: <a href=\"https:\/\/auboutdufil.com\/?id=610\">Stay With Me<\/a>, Author: <a href=\"https:\/\/soundcloud.com\/rexlambo*\">Rexlambo<\/a>. License: <a href=\"https:\/\/creativecommons.org\/licenses\/by\/3.0\/deed.fr\">https:\/\/creativecommons.org\/licenses\/by\/3.0\/deed.fr.<\/a> <\/p>\n\n\n\n<p class=\"wp-block-paragraph\"><strong>Photographs:<\/strong> e.bertrand, Guillaume Voiturier, Aurelien Ferriere, Gassin Tourist Office<\/p>\n\n\n\n<p class=\"wp-block-paragraph\">This website is an original intellectual creation and therefore falls within the scope of copyright protection. Its content is also protected by intellectual and\/or industrial property rights. Any person who infringes the intellectual property rights attached to the various objects on this website is guilty of the offence of counterfeiting and is liable to the penal sanctions provided for by law.  <\/p>\n\n\n\n<p class=\"wp-block-paragraph\">Data processing:<br\/>The information collected is processed electronically for the purpose of replying to you.<\/p>\n\n\n\n<p class=\"wp-block-paragraph\">In accordance with the French Data Protection Act of January 6, 1978, amended in 2004, you have the right to access and rectify any information concerning you. You can exercise this right by contacting Office de Tourisme &#8211; 20 place L\u00e9on Martel &#8211; 83580 Gassin.<\/p>\n\n\n\n<p class=\"wp-block-paragraph\">You may also, for legitimate reasons, object to the processing of your personal data.<\/p>\n<\/div>\n","protected":false},"excerpt":{"rendered":"<p>Owner of the gassin.eu website:OFFICE DE TOURISME DE GASSIN20 place L\u00e9on Martel83580 GassinTel. +33 (0)4 98 11 56 51 Site design:Franck M\u00e9zi\u00e8re &#8211; Webdesign &amp; development &#8211; meziere.net Music from the answering machine: Title: Stay With Me, Author: Rexlambo. License: https:\/\/creativecommons.org\/licenses\/by\/3.0\/deed.fr. Photographs: e.bertrand, Guillaume Voiturier, Aurelien Ferriere, Gassin Tourist Office This website is an original&#8230;<\/p>\n","protected":false},"author":6,"featured_media":0,"parent":0,"menu_order":45,"comment_status":"closed","ping_status":"closed","template":"","meta":{"_acf_changed":false,"_crdt_document":"","footnotes":""},"class_list":["post-5031","page","type-page","status-publish","hentry"],"acf":[],"_links":{"self":[{"href":"https:\/\/gassin.eu\/en\/wp-json\/wp\/v2\/pages\/5031","targetHints":{"allow":["GET"]}}],"collection":[{"href":"https:\/\/gassin.eu\/en\/wp-json\/wp\/v2\/pages"}],"about":[{"href":"https:\/\/gassin.eu\/en\/wp-json\/wp\/v2\/types\/page"}],"author":[{"embeddable":true,"href":"https:\/\/gassin.eu\/en\/wp-json\/wp\/v2\/users\/6"}],"replies":[{"embeddable":true,"href":"https:\/\/gassin.eu\/en\/wp-json\/wp\/v2\/comments?post=5031"}],"version-history":[{"count":1,"href":"https:\/\/gassin.eu\/en\/wp-json\/wp\/v2\/pages\/5031\/revisions"}],"predecessor-version":[{"id":5032,"href":"https:\/\/gassin.eu\/en\/wp-json\/wp\/v2\/pages\/5031\/revisions\/5032"}],"wp:attachment":[{"href":"https:\/\/gassin.eu\/en\/wp-json\/wp\/v2\/media?parent=5031"}],"curies":[{"name":"wp","href":"https:\/\/api.w.org\/{rel}","templated":true}]}}