{"id":7517,"date":"2023-07-27T12:24:29","date_gmt":"2023-07-27T10:24:29","guid":{"rendered":"https:\/\/gassin.eu\/faq\/"},"modified":"2026-05-05T14:38:47","modified_gmt":"2026-05-05T12:38:47","slug":"faq","status":"publish","type":"page","link":"https:\/\/gassin.eu\/en\/faq\/","title":{"rendered":"FAQ"},"content":{"rendered":"<div class=\"wp-block-fmz-collapsible align\" x-data=\"{selected:null}\">\n      <ul class=\"flex flex-col gap-4 list-none\">\n        \n\n<li class=\"wp-block-fmz-collapse !m-0 !p-0 relative\"><button type=\"button\" class=\"w-full bg-primary-container border-0 text-on-primary-container dark:text-white px-8 py-6 text-xl rounded-md\" aria-expanded=\"selected == 985853445957771500664 ? 'true' : 'false'\" @click=\"selected !== 985853445957771500664 ? selected = 985853445957771500664 : selected = null\"><div class=\"flex items-center justify-between\"><span>Comment se rendre \u00e0 Gassin \u00e0 v\u00e9lo ?<\/span><span style=\"true ? '' : 'display:none'\"><i class=\"fa-solid fa-plus\" x-bind:style=\"selected == 985853445957771500664 ? 'display:none' : ''\"><\/i><i class=\"fa-solid fa-minus\" x-bind:style=\"selected != 985853445957771500664 ? 'display:none' : ''\"><\/i><\/span><\/div><\/button><div class=\"relative overflow-hidden transition-all max-h-0 duration-700\" x-ref=\"container985853445957771500664\" x-bind:style=\"selected == 985853445957771500664 ? 'max-height: ' + $refs.container985853445957771500664.scrollHeight + 'px' : ''\"><div class=\"px-8 py-6\">\n<p class=\"has-light-color has-solid-background-color has-text-color has-background wp-block-paragraph\">The tourist office has been awarded the &#8220;Accueil V\u00e9lo&#8221; label, and offers a special welcome and brochures for cyclists in the village and in Gassin.<\/p>\n\n\n\n<p class=\"has-light-color has-solid-background-color has-text-color has-background wp-block-paragraph\">A number of different routes lead to the village of Gassin by bike, including three that pass through the tourist office, where you can pick up the following guide:<strong> <\/strong><em><a href=\"https:\/\/gassin.eu\/wp-content\/uploads\/2021\/07\/Au-coeur-de-la-presquile-a-velo-2021-a4-v1.pdf\">In the heart of the Presqu&#8217;\u00eele by bike<\/a><\/em><\/p>\n\n\n\n<p class=\"has-light-color has-solid-background-color has-text-color has-background wp-block-paragraph\">Circuit 1 links the village to the Marines de Gassin, away from the main roads and offering superb panoramic views.<\/p>\n\n\n\n<p class=\"has-light-color has-solid-background-color has-text-color has-background wp-block-paragraph\"><strong>Please note that the Ville-vieille trail is not accessible to road bikes. <\/strong><\/p>\n\n\n\n<p class=\"has-light-color has-solid-background-color has-text-color has-background wp-block-paragraph\">Circuit 5 offers a 6.6 km detour from Gassin (seaside) to Saint-Tropez, linking the Marines de Gassin to the Bouillabaisse beach at the entrance to Saint-Tropez.<\/p>\n\n\n\n<p class=\"has-light-color has-solid-background-color has-text-color has-background wp-block-paragraph\">Route 6 offers a detour from Gassin (plain) to La Croix Valmer, linking the lyc\u00e9e in Gassin to the outskirts of La Foux in La Croix Valmer.<\/p>\n\n\n\n<p class=\"has-light-color has-solid-background-color has-text-color has-background wp-block-paragraph\">Other loops are also accessible by mountain bike, and on circuit 4, for example, link the remarkable gardens offering splendid panoramic views from the village of Gassin.<\/p>\n<\/div><\/div><\/li>\n\n\n\n<li class=\"wp-block-fmz-collapse !m-0 !p-0 relative\"><button type=\"button\" class=\"w-full bg-primary-container border-0 text-on-primary-container dark:text-white px-8 py-6 text-xl rounded-md\" aria-expanded=\"selected == 221888869404808467651230 ? 'true' : 'false'\" @click=\"selected !== 221888869404808467651230 ? selected = 221888869404808467651230 : selected = null\"><div class=\"flex items-center justify-between\"><span>Comment venir \u00e0 Gassin en bus ?<\/span><span style=\"true ? '' : 'display:none'\"><i class=\"fa-solid fa-plus\" x-bind:style=\"selected == 221888869404808467651230 ? 'display:none' : ''\"><\/i><i class=\"fa-solid fa-minus\" x-bind:style=\"selected != 221888869404808467651230 ? 'display:none' : ''\"><\/i><\/span><\/div><\/button><div class=\"relative overflow-hidden transition-all max-h-0 duration-700\" x-ref=\"container221888869404808467651230\" x-bind:style=\"selected == 221888869404808467651230 ? 'max-height: ' + $refs.container221888869404808467651230.scrollHeight + 'px' : ''\"><div class=\"px-8 py-6\">\n<p class=\"wp-block-paragraph\">The <a href=\"https:\/\/zou.maregionsud.fr\/\">Zou<\/a> service offers regular routes to the towns on the Gulf (Cavalaire-sur-Mer, Cogolin, La Croix-Valmer, la Garde-Freinet, Grimaud, La M\u00f4le, le Plan-de-la-Tour, Ramatuelle, Saint-Tropez, Sainte-Maxime), and to the main towns in the Var. You can also connect to the TGV stations at Les Arcs\/Draguignan, Hy\u00e8res, Toulon and Saint-Rapha\u00ebl. <\/p>\n\n\n\n<p class=\"wp-block-paragraph\">The main lines serving the commune of Gassin are :<\/p>\n\n\n\n<p class=\"wp-block-paragraph\"><strong>876<\/strong> <strong>SAINT-RAPHA\u00cbL &#8211; SAINT-TROPEZ<\/strong> (towards Saint-Tropez)<br\/><strong>873<\/strong> <strong>COGOLIN &#8211; HY\u00c8RES<\/strong> (towards Hy\u00e8res)<\/p>\n\n\n\n<p class=\"wp-block-paragraph\"><strong>878 TOULON<\/strong> (station) &#8211; <strong>SAINT-TROPEZ<\/strong> (towards Saint-Tropez)<\/p>\n\n\n\n<p class=\"wp-block-paragraph\">Information and reservations: <a href=\"https:\/\/zou.maregionsud.fr\/\">Zou.maregionsud.fr<\/a><\/p>\n\n\n\n<p class=\"wp-block-paragraph\">0809 400 013<strong>(attention: price of a local call, <\/strong>every day from 7am to 8pm).<\/p>\n\n\n\n<p class=\"wp-block-paragraph\">It is now possible to take the flexibus from Lyon to La Croix-Valmer (neighboring Gassin), starting at 24.99 euros.<\/p>\n\n\n\n<p class=\"wp-block-paragraph\">You can make all your bookings and find out more about this route via this link: <a href=\"https:\/\/www.flixbus.fr\/bus\/la-croix-valmer\">https:\/\/www.flixbus.fr\/bus\/la-croix-valmer;<\/a><\/p>\n<\/div><\/div><\/li>\n\n\n\n<li class=\"wp-block-fmz-collapse !m-0 !p-0 relative\"><button type=\"button\" class=\"w-full bg-primary-container border-0 text-on-primary-container dark:text-white px-8 py-6 text-xl rounded-md\" aria-expanded=\"selected == 350053010304831173200 ? 'true' : 'false'\" @click=\"selected !== 350053010304831173200 ? selected = 350053010304831173200 : selected = null\"><div class=\"flex items-center justify-between\"><span>Quelles sont les horaires d\u2019ouverture des bureaux de l\u2019office de tourisme\u00a0?<\/span><span style=\"true ? '' : 'display:none'\"><i class=\"fa-solid fa-plus\" x-bind:style=\"selected == 350053010304831173200 ? 'display:none' : ''\"><\/i><i class=\"fa-solid fa-minus\" x-bind:style=\"selected != 350053010304831173200 ? 'display:none' : ''\"><\/i><\/span><\/div><\/button><div class=\"relative overflow-hidden transition-all max-h-0 duration-700\" x-ref=\"container350053010304831173200\" x-bind:style=\"selected == 350053010304831173200 ? 'max-height: ' + $refs.container350053010304831173200.scrollHeight + 'px' : ''\"><div class=\"px-8 py-6\">\n<p class=\"wp-block-paragraph\">Our agents welcome you every day (April to October) from 9am to 1pm and from 2pm to 6pm, except Sundays from 9am to 1pm. Out of season, the office is open Monday to Friday, 8.30am to 12.30pm and 2pm to 5pm. You can also reach us by telephone on 04 98 11 56 51, by e-mail at accueil@gassin.eu or by post at Office de tourisme de Gassin 20 place L\u00e9on Martel, 83580 Gassin.  <\/p>\n<\/div><\/div><\/li>\n\n\n\n<li class=\"wp-block-fmz-collapse !m-0 !p-0 relative\"><button type=\"button\" class=\"w-full bg-primary-container border-0 text-on-primary-container dark:text-white px-8 py-6 text-xl rounded-md\" aria-expanded=\"selected == 056443464361899954 ? 'true' : 'false'\" @click=\"selected !== 056443464361899954 ? selected = 056443464361899954 : selected = null\"><div class=\"flex items-center justify-between\"><span>Quelle est le jour et l\u2019heure de la visite guid\u00e9e du village\u00a0?<\/span><span style=\"true ? '' : 'display:none'\"><i class=\"fa-solid fa-plus\" x-bind:style=\"selected == 056443464361899954 ? 'display:none' : ''\"><\/i><i class=\"fa-solid fa-minus\" x-bind:style=\"selected != 056443464361899954 ? 'display:none' : ''\"><\/i><\/span><\/div><\/button><div class=\"relative overflow-hidden transition-all max-h-0 duration-700\" x-ref=\"container056443464361899954\" x-bind:style=\"selected == 056443464361899954 ? 'max-height: ' + $refs.container056443464361899954.scrollHeight + 'px' : ''\"><div class=\"px-8 py-6\">\n<p class=\"wp-block-paragraph\">Guided tours of the village depart from the tourist office every Monday with Nathalie, from 03\/04 to 30\/10, from 4pm to 5:30pm. In July and August, the tour starts at 5:30 pm, in the form of a gourmet stroll, with the possibility of a wine tasting at the end of the visit.<br\/>Subject to favorable weather conditions. <\/p>\n<\/div><\/div><\/li>\n\n\n\n<li class=\"wp-block-fmz-collapse !m-0 !p-0 relative\"><button type=\"button\" class=\"w-full bg-primary-container border-0 text-on-primary-container dark:text-white px-8 py-6 text-xl rounded-md\" aria-expanded=\"selected == 01313487905014752046 ? 'true' : 'false'\" selected :=\"\"><div class=\"flex items-center justify-between\"><span>Where is Androuno, the narrowest street in the world?<\/span><span style=\"true ? '' : 'display:none'\"><i class=\"fa-solid fa-plus\" x-bind:style=\"selected == 01313487905014752046 ? 'display:none' : ''\"><\/i><i class=\"fa-solid fa-minus\" x-bind:style=\"selected != 01313487905014752046 ? 'display:none' : ''\"><\/i><\/span><\/div><\/button><div class=\"relative overflow-hidden transition-all max-h-0 duration-700\" x-ref=\"container01313487905014752046\" x-bind:style=\"selected == 01313487905014752046 ? 'max-height: ' + $refs.container01313487905014752046.scrollHeight + 'px' : ''\"><div class=\"px-8 py-6\"><\/div><\/div><\/li>\n\n\n\n<li class=\"wp-block-fmz-collapse !m-0 !p-0 relative\"><button type=\"button\" class=\"w-full bg-primary-container border-0 text-on-primary-container dark:text-white px-8 py-6 text-xl rounded-md\" aria-expanded=\"selected == 149553342747657520 ? 'true' : 'false'\" @click=\"selected !== 149553342747657520 ? selected = 149553342747657520 : selected = null\"><div class=\"flex items-center justify-between\"><span>Les chiens sont-ils les bienvenus \u00e0 l\u2019office de tourisme\u00a0?<\/span><span style=\"true ? '' : 'display:none'\"><i class=\"fa-solid fa-plus\" x-bind:style=\"selected == 149553342747657520 ? 'display:none' : ''\"><\/i><i class=\"fa-solid fa-minus\" x-bind:style=\"selected != 149553342747657520 ? 'display:none' : ''\"><\/i><\/span><\/div><\/button><div class=\"relative overflow-hidden transition-all max-h-0 duration-700\" x-ref=\"container149553342747657520\" x-bind:style=\"selected == 149553342747657520 ? 'max-height: ' + $refs.container149553342747657520.scrollHeight + 'px' : ''\"><div class=\"px-8 py-6\">\n<p class=\"wp-block-paragraph\">Dogs are welcome at the tourist office. Dog waste bags are available in the village. The Moune and Treizain beaches are also dog-friendly.  <\/p>\n<\/div><\/div><\/li>\n\n\n\n<li class=\"wp-block-fmz-collapse !m-0 !p-0 relative\"><button type=\"button\" class=\"w-full bg-primary-container border-0 text-on-primary-container dark:text-white px-8 py-6 text-xl rounded-md\" aria-expanded=\"selected == 947504622592060622061 ? 'true' : 'false'\" selected :=\"\"><div class=\"flex items-center justify-between\"><span>Is there a special reception area for cyclists in the village of Gassin?<\/span><span style=\"true ? '' : 'display:none'\"><i class=\"fa-solid fa-plus\" x-bind:style=\"selected == 947504622592060622061 ? 'display:none' : ''\"><\/i><i class=\"fa-solid fa-minus\" x-bind:style=\"selected != 947504622592060622061 ? 'display:none' : ''\"><\/i><\/span><\/div><\/button><div class=\"relative overflow-hidden transition-all max-h-0 duration-700\" x-ref=\"container947504622592060622061\" x-bind:style=\"selected == 947504622592060622061 ? 'max-height: ' + $refs.container947504622592060622061.scrollHeight + 'px' : ''\"><div class=\"px-8 py-6\"><\/div><\/div><\/li>\n\n\n\n<li class=\"wp-block-fmz-collapse !m-0 !p-0 relative\"><button type=\"button\" class=\"w-full bg-primary-container border-0 text-on-primary-container dark:text-white px-8 py-6 text-xl rounded-md\" aria-expanded=\"selected == 6333820874028547553773 ? 'true' : 'false'\" @click=\"selected !== 6333820874028547553773 ? selected = 6333820874028547553773 : selected = null\"><div class=\"flex items-center justify-between\"><span>O\u00f9 puis-je trouver du wifi gratuitement au village\u00a0?<\/span><span style=\"true ? '' : 'display:none'\"><i class=\"fa-solid fa-plus\" x-bind:style=\"selected == 6333820874028547553773 ? 'display:none' : ''\"><\/i><i class=\"fa-solid fa-minus\" x-bind:style=\"selected != 6333820874028547553773 ? 'display:none' : ''\"><\/i><\/span><\/div><\/button><div class=\"relative overflow-hidden transition-all max-h-0 duration-700\" x-ref=\"container6333820874028547553773\" x-bind:style=\"selected == 6333820874028547553773 ? 'max-height: ' + $refs.container6333820874028547553773.scrollHeight + 'px' : ''\"><div class=\"px-8 py-6\">\n<p class=\"wp-block-paragraph\">Free wifi access is available at the tourist office.<\/p>\n<\/div><\/div><\/li>\n\n\n\n<li class=\"wp-block-fmz-collapse !m-0 !p-0 relative\"><button type=\"button\" class=\"w-full bg-primary-container border-0 text-on-primary-container dark:text-white px-8 py-6 text-xl rounded-md\" aria-expanded=\"selected == 2544103242579784037575 ? 'true' : 'false'\" @click=\"selected !== 2544103242579784037575 ? selected = 2544103242579784037575 : selected = null\"><div class=\"flex items-center justify-between\"><span>Quel est le bus qui monte au village\u00a0?<\/span><span style=\"true ? '' : 'display:none'\"><i class=\"fa-solid fa-plus\" x-bind:style=\"selected == 2544103242579784037575 ? 'display:none' : ''\"><\/i><i class=\"fa-solid fa-minus\" x-bind:style=\"selected != 2544103242579784037575 ? 'display:none' : ''\"><\/i><\/span><\/div><\/button><div class=\"relative overflow-hidden transition-all max-h-0 duration-700\" x-ref=\"container2544103242579784037575\" x-bind:style=\"selected == 2544103242579784037575 ? 'max-height: ' + $refs.container2544103242579784037575.scrollHeight + 'px' : ''\"><div class=\"px-8 py-6\">\n<p class=\"wp-block-paragraph\">The bus to Gassin village is bus 875 to the Esp\u00e9lidou stop (May<sup>1<\/sup> to 09\/30).<\/p>\n<\/div><\/div><\/li>\n\n\n\n<li class=\"wp-block-fmz-collapse !m-0 !p-0 relative\"><button type=\"button\" class=\"w-full bg-primary-container border-0 text-on-primary-container dark:text-white px-8 py-6 text-xl rounded-md\" aria-expanded=\"selected == 3328255466107574 ? 'true' : 'false'\" @click=\"selected !== 3328255466107574 ? selected = 3328255466107574 : selected = null\"><div class=\"flex items-center justify-between\"><span>Y a t-il des plages \u00e0 Gassin\u00a0?<\/span><span style=\"true ? '' : 'display:none'\"><i class=\"fa-solid fa-plus\" x-bind:style=\"selected == 3328255466107574 ? 'display:none' : ''\"><\/i><i class=\"fa-solid fa-minus\" x-bind:style=\"selected != 3328255466107574 ? 'display:none' : ''\"><\/i><\/span><\/div><\/button><div class=\"relative overflow-hidden transition-all max-h-0 duration-700\" x-ref=\"container3328255466107574\" x-bind:style=\"selected == 3328255466107574 ? 'max-height: ' + $refs.container3328255466107574.scrollHeight + 'px' : ''\"><div class=\"px-8 py-6\">\n<p class=\"wp-block-paragraph\">There are three beaches in Gassin: Plage de la Moune, Plage du Treizain and Plage de la Bouillabaisse.<\/p>\n<\/div><\/div><\/li>\n\n\n\n<li class=\"wp-block-fmz-collapse !m-0 !p-0 relative\"><button type=\"button\" class=\"w-full bg-primary-container border-0 text-on-primary-container dark:text-white px-8 py-6 text-xl rounded-md\" aria-expanded=\"selected == 712414470497146023 ? 'true' : 'false'\" @click=\"selected !== 712414470497146023 ? selected = 712414470497146023 : selected = null\"><div class=\"flex items-center justify-between\"><span>Y a-t-il un march\u00e9 \u00e0 Gassin ?<\/span><span style=\"true ? '' : 'display:none'\"><i class=\"fa-solid fa-plus\" x-bind:style=\"selected == 712414470497146023 ? 'display:none' : ''\"><\/i><i class=\"fa-solid fa-minus\" x-bind:style=\"selected != 712414470497146023 ? 'display:none' : ''\"><\/i><\/span><\/div><\/button><div class=\"relative overflow-hidden transition-all max-h-0 duration-700\" x-ref=\"container712414470497146023\" x-bind:style=\"selected == 712414470497146023 ? 'max-height: ' + $refs.container712414470497146023.scrollHeight + 'px' : ''\"><div class=\"px-8 py-6\">\n<p class=\"wp-block-paragraph\">Every Friday evening in July and August from 6.30pm, Gassin hosts a night market in the Place de\u00ef Barri. You&#8217;ll find local craftspeople, candles, leather, pottery, jewelry and food stalls (ice cream, sweets, churros). At 9pm, a concert is offered.<br\/>If you&#8217;re looking for a day market, we suggest you discover markets in neighboring towns:  <\/p>\n\n\n\n<ul class=\"wp-block-list\">\n<li>the famous Saint-Tropez market on Tuesday mornings. Don&#8217;t hesitate to take a shuttle bus to get there to avoid the heavy road traffic (departing from Cogolin or Sainte-Maxime). <\/li>\n\n\n\n<li>the Ramatuelle market on Thursday mornings.<\/li>\n\n\n\n<li>the beautiful Provencal market in Croix-Valmer on Sunday mornings.<\/li>\n<\/ul>\n<\/div><\/div><\/li>\n\n\n      <\/ul>\n    <\/div>","protected":false},"excerpt":{"rendered":"","protected":false},"author":7,"featured_media":0,"parent":0,"menu_order":211,"comment_status":"closed","ping_status":"closed","template":"","meta":{"_acf_changed":false,"_crdt_document":"","footnotes":""},"class_list":["post-7517","page","type-page","status-publish","hentry"],"acf":[],"_links":{"self":[{"href":"https:\/\/gassin.eu\/en\/wp-json\/wp\/v2\/pages\/7517","targetHints":{"allow":["GET"]}}],"collection":[{"href":"https:\/\/gassin.eu\/en\/wp-json\/wp\/v2\/pages"}],"about":[{"href":"https:\/\/gassin.eu\/en\/wp-json\/wp\/v2\/types\/page"}],"author":[{"embeddable":true,"href":"https:\/\/gassin.eu\/en\/wp-json\/wp\/v2\/users\/7"}],"replies":[{"embeddable":true,"href":"https:\/\/gassin.eu\/en\/wp-json\/wp\/v2\/comments?post=7517"}],"version-history":[{"count":2,"href":"https:\/\/gassin.eu\/en\/wp-json\/wp\/v2\/pages\/7517\/revisions"}],"predecessor-version":[{"id":7521,"href":"https:\/\/gassin.eu\/en\/wp-json\/wp\/v2\/pages\/7517\/revisions\/7521"}],"wp:attachment":[{"href":"https:\/\/gassin.eu\/en\/wp-json\/wp\/v2\/media?parent=7517"}],"curies":[{"name":"wp","href":"https:\/\/api.w.org\/{rel}","templated":true}]}}