{"id":1253,"date":"2017-09-10T12:22:37","date_gmt":"2017-09-10T10:22:37","guid":{"rendered":"https:\/\/gassin.eu\/?page_id=1253"},"modified":"2025-07-16T09:03:13","modified_gmt":"2025-07-16T07:03:13","slug":"acceso-a-gassin","status":"publish","type":"page","link":"https:\/\/gassin.eu\/es\/informaciones-practicas\/acceso-a-gassin\/","title":{"rendered":"C\u00f3mo llegar a Gassin"},"content":{"rendered":"\n<div class=\"wp-block-group is-layout-flow wp-block-group-is-layout-flow\">\n<p class=\"wp-block-paragraph\">Gassin est\u00e1 en el coraz\u00f3n de la pen\u00ednsula de Saint-Tropez, en la Costa Azul, entre Saint-Rapha\u00ebl (25 km) y Hy\u00e8res (40 km). El municipio limita con La Croix-Valmer, Ramatuelle y Saint-Tropez. <\/p>\n\n\n\n<p class=\"wp-block-paragraph\">Coordenadas GPS de la oficina de turismo<br\/>Latitud: N43 13.804<br\/>Longitud: E6 35.134<\/p>\n\n\n\n<figure class=\"wp-block-image aligncenter\"><a href=\"https:\/\/gassin.eu\/wp-content\/uploads\/2017\/09\/carte-accse-&#xE0;-gassin-2017.jpg\"><img decoding=\"async\" data-tippy-content=\"carte accse \u00e0 gassin 2017\" src=\"https:\/\/gassin.eu\/wp-content\/uploads\/2017\/09\/carte-accse-&#xE0;-gassin-2017-1024x642.jpg\" alt=\"\" class=\"wp-image-287\"\/><\/a><\/figure>\n\n\n\n<p class=\"wp-block-paragraph\"><\/p>\n\n\n\n<h2 class=\"wp-block-heading\">Lista de puntos de recarga de veh\u00edculos el\u00e9ctricos<\/h2>\n\n\n\n<ul class=\"wp-block-list\">\n<li><a href=\"https:\/\/gassin.eu\/fr\/services\/bornes-de-recharge-pour-vehicules-electriques\/gassin\/station-de-recharge-pour-voitures-electriques-des-marines-de-gassin-4850802\/\">Estaci\u00f3n de recarga de Marines de Gassin<\/a><\/li>\n\n\n\n<li><a href=\"https:\/\/gassin.eu\/fr\/services\/bornes-de-recharge-pour-vehicules-electriques\/gassin\/station-de-recharge-pour-voitures-electriques-la-foux-superchargeur-tesla-7034261\/\">Estaci\u00f3n de recarga de La Foux &#8211; Supercargador Tesla<\/a><\/li>\n\n\n\n<li><a href=\"https:\/\/gassin.eu\/fr\/services\/bornes-de-recharge-pour-vehicules-electriques\/gassin\/station-de-recharge-pour-voitures-electriques-de-l-office-de-tourisme-5716261\/\">Estaci\u00f3n de carga en la oficina de turismo<\/a><\/li>\n<\/ul>\n\n\n\n<p class=\"wp-block-paragraph\">Contacto: 04 98 11 56 51 &#8211; 09 70 99 09 08 &#8211; <a id=\"event-email-1\" class=\"gtag email break-words\" href=\"mailto:contact@e55c.com?subject=Demande%20de%20ense&#xF1;anza\" data-action=\"Email vers Station de recharge pour voitures &#xE9;lectriques des Marines de Gassin (4850802 \/ Station de recharge pour voitures &#xE9;lectriques des Marines de Gassin)\" data-category=\"Lien fiche Apidae\">contact@e55c.com<\/a><\/p>\n\n\n\n<p class=\"wp-block-paragraph\">Ejemplos de sitios web con listas de puntos de recarga:<\/p>\n\n\n\n<ul class=\"wp-block-list\">\n<li><a href=\"https:\/\/www.izivia.com\/carte-borne-recharge-izivia\">https:\/\/www.izivia.com\/carte-borne-recharge-izivia<\/a><\/li>\n\n\n\n<li><a href=\"https:\/\/fr.chargemap.com\/map\">https:\/\/fr.chargemap.com\/map<\/a><\/li>\n<\/ul>\n\n\n\n<figure class=\"wp-block-image\"><img loading=\"lazy\" decoding=\"async\" width=\"300\" height=\"233\" data-tippy-content=\"station-de-recharge-pour-voitures-electriques-des-marines-de-gassin_4850802_1\" src=\"https:\/\/gassin.eu\/wp-content\/uploads\/2025\/01\/station-de-recharge-pour-voitures-electriques-des-marines-de-gassin_4850802_1-300x233.jpg\" alt=\"\" class=\"wp-image-4727\" srcset=\"https:\/\/gassin.eu\/wp-content\/uploads\/2025\/01\/station-de-recharge-pour-voitures-electriques-des-marines-de-gassin_4850802_1-300x233.jpg 300w, https:\/\/gassin.eu\/wp-content\/uploads\/2025\/01\/station-de-recharge-pour-voitures-electriques-des-marines-de-gassin_4850802_1-1024x794.jpg 1024w, https:\/\/gassin.eu\/wp-content\/uploads\/2025\/01\/station-de-recharge-pour-voitures-electriques-des-marines-de-gassin_4850802_1-768x595.jpg 768w, https:\/\/gassin.eu\/wp-content\/uploads\/2025\/01\/station-de-recharge-pour-voitures-electriques-des-marines-de-gassin_4850802_1.jpg 1241w\" sizes=\"auto, (max-width: 300px) 100vw, 300px\" \/><\/figure>\n\n\n\n<p class=\"wp-block-paragraph\"><\/p>\n\n\n\n<h2 class=\"wp-block-heading\"><span style=\"color: #339966;\">En bicicleta<\/span><\/h2>\n\n\n\n<p class=\"wp-block-paragraph\">Hay varias rutas para llegar al pueblo de Gassin en bicicleta, entre ellas tres que pasan por la oficina de turismo, donde podr\u00e1 recoger la siguiente gu\u00eda:<strong> <a href=\"https:\/\/gassin.eu\/wp-content\/uploads\/2021\/07\/Au-coeur-de-la-presquile-a-velo-2021-a4-v1.pdf\"><em>Au c\u0153ur de la Presqu&#8217;\u00eele \u00e0 v\u00e9lo<\/em><\/a>.<\/strong><\/p>\n\n\n\n<p class=\"wp-block-paragraph\">La ruta 1 une el pueblo con los Marines de Gassin, lejos de las carreteras principales y ofreciendo magn\u00edficas vistas panor\u00e1micas.<\/p>\n\n\n\n<p class=\"wp-block-paragraph\"><strong>Tenga en cuenta que el sendero Ville-vieille no es accesible para bicicletas de carretera. <\/strong><\/p>\n\n\n\n<p class=\"wp-block-paragraph\">La ruta 5 ofrece un desv\u00edo de 6,6 km desde Gassin (en primera l\u00ednea de playa) hasta Saint-Tropez, uniendo los Marines de Gassin con la playa de Bouillabaisse, a la entrada de Saint-Tropez.<\/p>\n\n\n\n<p class=\"wp-block-paragraph\">La ruta 6 ofrece un desv\u00edo de Gassin (llanura) a La Croix-Valmer, uniendo el liceo de Gassin con los alrededores de La Foux en La Croix-Valmer.<\/p>\n\n\n\n<p class=\"wp-block-paragraph\">Otros circuitos tambi\u00e9n son accesibles en bicicleta de monta\u00f1a y, en el circuito 4, por ejemplo, enlazan los notables jardines que ofrecen espl\u00e9ndidas vistas panor\u00e1micas desde el pueblo de Gassin.<\/p>\n\n\n\n<h2 class=\"wp-block-heading\"><span style=\"color: #339966;\">En autob\u00fas<\/span><\/h2>\n\n\n\n<p class=\"wp-block-paragraph\">El servicio <a href=\"https:\/\/zou.maregionsud.fr\/\">Zou<\/a> ofrece conexiones regulares con las ciudades del Golfo (Cavalaire-sur-Mer, Cogolin, La Croix-Valmer, la Garde-Freinet, Grimaud, La M\u00f4le, le Plan-de-la-Tour, Ramatuelle, Saint-Tropez, Sainte-Maxime) y con las principales aglomeraciones del Var. Tambi\u00e9n hay enlaces con las estaciones de TGV de Les Arcs\/Draguignan, Hy\u00e8res, Toulon y Saint-Rapha\u00ebl. <\/p>\n\n\n\n<p class=\"wp-block-paragraph\">Las principales l\u00edneas que dan servicio al municipio de Gassin son :<\/p>\n\n\n\n<p class=\"wp-block-paragraph\"><strong>876<\/strong> <strong>SAINT-RAPHA\u00cbL &#8211; SAINT-TROPEZ<\/strong> (direcci\u00f3n Saint-Tropez)<br\/><strong>873<\/strong> <strong>COGOLIN &#8211; HY\u00c8RES<\/strong> (direcci\u00f3n Hy\u00e8res)<strong><br\/><\/strong><\/p>\n\n\n\n<p class=\"wp-block-paragraph\"><strong>878 TOULON<\/strong> (estaci\u00f3n) &#8211; <strong>SAINT-TROPEZ<\/strong> (direcci\u00f3n Saint-Tropez)<\/p>\n\n\n\n<p class=\"wp-block-paragraph\">Informaci\u00f3n y reservas: <a href=\"https:\/\/zou.maregionsud.fr\/\">Zou.maregionsud.fr<\/a>; 0809 400 013<strong>(atenci\u00f3n: precio de una llamada local, <\/strong>todos los d\u00edas de 7 a 20 h).<\/p>\n\n\n\n<p class=\"wp-block-paragraph\">Ahora es posible tomar el flexibus de Lyon a La Croix-Valmer (municipio vecino de Gassin) por tan s\u00f3lo 24,99 euros.<\/p>\n\n\n\n<p class=\"wp-block-paragraph\">Puede hacer todas sus reservas y obtener m\u00e1s informaci\u00f3n sobre esta ruta a trav\u00e9s de este enlace: <a href=\"https:\/\/www.flixbus.fr\/bus\/la-croix-valmer\">https:\/\/www.flixbus.fr\/bus\/la-croix-valmer.<\/a><\/p>\n\n\n\n<h2 class=\"wp-block-heading\"><span style=\"color: #339966;\">En tren<\/span><\/h2>\n\n\n\n<p class=\"wp-block-paragraph\">A la zona de Gassin se puede llegar en tren a trav\u00e9s de las estaciones de TGV de Saint-Rapha\u00ebl-Valescure (25 km), Les Arcs-Draguignan (26 km), Hy\u00e8res (40 km) y Toulon (55 km).<\/p>\n\n\n\n<p class=\"wp-block-paragraph\">Informaci\u00f3n y reservas: <a href=\"http:\/\/www.sncf.com\">www.sncf.com;<\/a> 36 35.<\/p>\n\n\n\n<h2 class=\"wp-block-heading\"><span style=\"color: #339966;\">En coche<\/span><\/h2>\n\n\n\n<p class=\"wp-block-paragraph\"><em>Por autopista :<\/em><\/p>\n\n\n\n<p class=\"wp-block-paragraph\">Desde la A8: salida 36 Le Muy\/Sainte Maxime: seguir la D25 hasta Sainte Maxime, despu\u00e9s la D559 (direcci\u00f3n Saint-Tropez) hasta el cruce de Foux (Gassin).<\/p>\n\n\n\n<p class=\"wp-block-paragraph\">Desde la A57: salida 13 Le Cannet des Maures\/ Le Luc: seguir la D 558 hasta el cruce de La Foux (Gassin).<\/p>\n\n\n\n<p class=\"wp-block-paragraph\"><em>Por carretera :<\/em><\/p>\n\n\n\n<p class=\"wp-block-paragraph\">Desde Fr\u00e9jus\/Saint-Rapha\u00ebl: tomar la D8 en direcci\u00f3n a Saint-Maxime, despu\u00e9s la D559 hasta el cruce de Foux (Gassin) (o la D559 (paseo mar\u00edtimo)).<\/p>\n\n\n\n<p class=\"wp-block-paragraph\">Desde Bormes-les-Mimosas: siga la D41 y despu\u00e9s la D98 en direcci\u00f3n a Saint-Tropez hasta el cruce de La Foux (Gassin) (o la D559 en direcci\u00f3n a Cavalaire\/La Croix-Valmer (paseo mar\u00edtimo)).<\/p>\n\n\n\n<p class=\"wp-block-paragraph\">Desde la A8: tome la salida 36 Le Muy, siga la D25 en direcci\u00f3n a Sainte-Maxime y despu\u00e9s la D559 hasta el cruce de Foux (Gassin) (o la D559 (paseo mar\u00edtimo)).<\/p>\n\n\n\n<p class=\"wp-block-paragraph\">O bien, desde la A8, incorporarse a la A57 en Vidauban-Le Luc y tomar la salida 13 Vidauban, seguir la D558 hasta Grimaud y despu\u00e9s la D61 hacia Saint-Tropez y luego la D98 hasta el cruce de Foux (Gassin).<\/p>\n\n\n\n<p class=\"wp-block-paragraph\">Para entrar en el pueblo, siga las indicaciones \u00abGassin village\/ Office de tourisme\u00bb.<\/p>\n\n\n\n<p class=\"wp-block-paragraph\">Piensa en compartir coche<\/p>\n\n\n\n<h3 class=\"wp-block-heading\"><span style=\"color: #339966;\">\u00bfD\u00f3nde puedo aparcar en el pueblo?<\/span><\/h3>\n\n\n\n<p class=\"wp-block-paragraph\">Gassin ofrece unas 400 plazas de aparcamiento en el casco antiguo y sus alrededores. Todos los aparcamientos son gratuitos. Puede aparcar cerca de la oficina de turismo, donde hay 3 plazas: Place L\u00e9on Martel, Place Charles Giordano y Place Louis Collomp (71 plazas). En caso de tr\u00e1fico denso, los aparcamientos de la Chapelle ofrecen 85 plazas un poco m\u00e1s adelante. En la parte sur del pueblo, hay 51 plazas disponibles en la ruta des Moulins de Paillas, frente al auditorio y la guarder\u00eda Esp\u00e9lidou.    <\/p>\n\n\n\n<figure class=\"wp-block-image\"><a href=\"https:\/\/gassin.eu\/es\/informaciones-practicas\/acceso-a-gassin\/les-parkings-a-gassin-cote-d-azur-ou-se-garer-a-gassin-2022-2\/\" rel=\"attachment wp-att-3389\"><img loading=\"lazy\" decoding=\"async\" width=\"1024\" height=\"544\" data-tippy-content=\"les-parkings-a-Gassin-Cote-d-Azur-ou-se-garer-a-Gassin-2022\" src=\"https:\/\/gassin.eu\/wp-content\/uploads\/2022\/06\/les-parkings-a-Gassin-Cote-d-Azur-ou-se-garer-a-Gassin-2022-1024x544.jpg\" alt=\"\" class=\"wp-image-3389\" srcset=\"https:\/\/gassin.eu\/wp-content\/uploads\/2022\/06\/les-parkings-a-Gassin-Cote-d-Azur-ou-se-garer-a-Gassin-2022-1024x544.jpg 1024w, https:\/\/gassin.eu\/wp-content\/uploads\/2022\/06\/les-parkings-a-Gassin-Cote-d-Azur-ou-se-garer-a-Gassin-2022-300x159.jpg 300w, https:\/\/gassin.eu\/wp-content\/uploads\/2022\/06\/les-parkings-a-Gassin-Cote-d-Azur-ou-se-garer-a-Gassin-2022-768x408.jpg 768w, https:\/\/gassin.eu\/wp-content\/uploads\/2022\/06\/les-parkings-a-Gassin-Cote-d-Azur-ou-se-garer-a-Gassin-2022-1536x815.jpg 1536w, https:\/\/gassin.eu\/wp-content\/uploads\/2022\/06\/les-parkings-a-Gassin-Cote-d-Azur-ou-se-garer-a-Gassin-2022-2048x1087.jpg 2048w\" sizes=\"auto, (max-width: 1024px) 100vw, 1024px\" \/><\/a><\/figure>\n\n\n\n<p class=\"wp-block-paragraph\"><\/p>\n\n\n\n<h2 class=\"wp-block-heading\">Acceso para personas con movilidad reducida<\/h2>\n\n\n\n<p class=\"wp-block-paragraph\"><strong><span style=\"font-size: small;\">Fuera de la oficina, hay una rampa de acceso para personas con movilidad reducida desde una plaza de aparcamiento para minusv\u00e1lidos cercana.  <\/span><\/strong><br\/><span style=\"font-size: small;\">Dentro del restaurante, la puerta de entrada es accesible en silla de ruedas y hay un timbre instalado en la parte inferior izquierda de la entrada principal. En caso necesario, un miembro del personal puede intervenir para ayudar a la persona discapacitada. Un pictograma en el mostrador de recepci\u00f3n indica la asistencia que el miembro del personal puede prestar a los visitantes con discapacidad.  <\/span><\/p>\n\n\n\n<h2 class=\"wp-block-heading\"><span style=\"color: #339966;\">En taxi<\/span><\/h2>\n\n\n\n<p class=\"wp-block-paragraph\">Aqu\u00ed encontrar\u00e1 la lista de <a href=\"https:\/\/gassin.eu\/wp-content\/uploads\/2019\/01\/Taxis-et-transferts.pdf\">Taxis y Transfers del municipio.<\/a><\/p>\n\n\n\n<h2 class=\"wp-block-heading\"><span style=\"color: #339966;\">En avi\u00f3n<\/span><\/h2>\n\n\n\n<p class=\"wp-block-paragraph\">La M\u00f4le-Saint-Tropez (9 km) : <a href=\"http:\/\/www.sainttropez.aeroport.fr\">www.sainttropez.aeroport.fr<\/a> ; +33 (0)4 94 54 76 40<br\/>Hy\u00e8res-Toulon (38 km) : <a href=\"http:\/\/www.toulon-hyeres.aeroport.fr\">www.toulon-hyeres.aeroport.fr<\/a> ; +33 (0)8 25 01 83 87 (<strong>attention : t\u00e9l\u00e9phone payant<\/strong> : 0,15\u20ac\/min)<br\/>Nice-C\u00f4te d&#8217;Azur (70 km) : <a href=\"http:\/\/www.nice.aeroport.fr\">www.nice.aeroport.fr<\/a> ; +33 (0)8 20 42 33 33 (<strong>attention : t\u00e9l\u00e9phone payant<\/strong> : 0,12\u20ac\/min)<br\/>Marseille-Provence (113 km) : <a href=\"http:\/\/www.marseille.aeroport.fr\">www.marseille.aeroport.fr<\/a> ; +33 (0)4 42 14 14 14<\/p>\n\n\n\n<h2 class=\"wp-block-heading\"><span style=\"color: #339966;\">En helic\u00f3ptero<\/span><\/h2>\n\n\n\n<p class=\"wp-block-paragraph\">Helipuerto de Grimaud-Saint-Tropez: <a href=\"http:\/\/helicopter-saint-tropez.com\">helicopter-saint-tropez.com<\/a>; +33 (0)4 94 55 59 99 o +33 (0)4 94 43 39 30<\/p>\n<\/div>\n","protected":false},"excerpt":{"rendered":"<p>Gassin est\u00e1 en el coraz\u00f3n de la pen\u00ednsula de Saint-Tropez, en la Costa Azul, entre Saint-Rapha\u00ebl (25 km) y Hy\u00e8res (40 km). El municipio limita con La Croix-Valmer, Ramatuelle y Saint-Tropez. Coordenadas GPS de la oficina de turismoLatitud: N43 13.804Longitud: E6 35.134 Lista de puntos de recarga de veh\u00edculos el\u00e9ctricos Contacto: 04 98 11 56&#8230;<\/p>\n","protected":false},"author":7,"featured_media":0,"parent":1280,"menu_order":74,"comment_status":"closed","ping_status":"closed","template":"","meta":{"_acf_changed":false,"_crdt_document":"","footnotes":""},"class_list":["post-1253","page","type-page","status-publish","hentry"],"acf":[],"_links":{"self":[{"href":"https:\/\/gassin.eu\/es\/wp-json\/wp\/v2\/pages\/1253","targetHints":{"allow":["GET"]}}],"collection":[{"href":"https:\/\/gassin.eu\/es\/wp-json\/wp\/v2\/pages"}],"about":[{"href":"https:\/\/gassin.eu\/es\/wp-json\/wp\/v2\/types\/page"}],"author":[{"embeddable":true,"href":"https:\/\/gassin.eu\/es\/wp-json\/wp\/v2\/users\/7"}],"replies":[{"embeddable":true,"href":"https:\/\/gassin.eu\/es\/wp-json\/wp\/v2\/comments?post=1253"}],"version-history":[{"count":14,"href":"https:\/\/gassin.eu\/es\/wp-json\/wp\/v2\/pages\/1253\/revisions"}],"predecessor-version":[{"id":5594,"href":"https:\/\/gassin.eu\/es\/wp-json\/wp\/v2\/pages\/1253\/revisions\/5594"}],"up":[{"embeddable":true,"href":"https:\/\/gassin.eu\/es\/wp-json\/wp\/v2\/pages\/1280"}],"wp:attachment":[{"href":"https:\/\/gassin.eu\/es\/wp-json\/wp\/v2\/media?parent=1253"}],"curies":[{"name":"wp","href":"https:\/\/api.w.org\/{rel}","templated":true}]}}