{"id":1256,"date":"2017-09-10T12:29:40","date_gmt":"2017-09-10T10:29:40","guid":{"rendered":"https:\/\/gassin.eu\/?page_id=1256"},"modified":"2025-06-29T20:56:47","modified_gmt":"2025-06-29T18:56:47","slug":"oficina-de-turismo","status":"publish","type":"page","link":"https:\/\/gassin.eu\/es\/informaciones-practicas\/oficina-de-turismo\/","title":{"rendered":"Oficina de Turismo de Gassin"},"content":{"rendered":"\n<div class=\"wp-block-group is-layout-constrained wp-block-group-is-layout-constrained\">\n<p class=\"wp-block-paragraph\">La Oficina de Turismo de Gassin, situada en el coraz\u00f3n de la pen\u00ednsula del Golfo de Saint-Tropez, abri\u00f3 sus puertas el 1 de abril de 20216 y ha recibido a m\u00e1s de 150.000 visitantes desde su apertura. Este servicio p\u00fablico administrativo funciona de forma aut\u00f3noma bajo la tutela del ayuntamiento y emplea actualmente a 5 personas. <\/p>\n\n\n\n<p class=\"wp-block-paragraph\">Clasificada en <strong data-start=\"563\" data-end=\"578\">la categor\u00eda I<\/strong> a principios de 2018, la Oficina de Turismo de Gassin formaliz\u00f3 su enfoque de calidad comprometi\u00e9ndose con la marca <strong data-start=\"689\" data-end=\"709\">Qualit\u00e9 Tourisme<\/strong>, que ostenta oficialmente desde el 1 de diciembre de 2017. La Oficina de Turismo, que apoy\u00f3 al destino de Gassin en sus esfuerzos por obtener la etiqueta de <strong data-start=\"892\" data-end=\"915\">estaci\u00f3n tur\u00edstica<\/strong>, se enorgullece de ser una de las casi 500 estaciones tur\u00edsticas francesas designadas por decreto ministerial por un periodo de doce a\u00f1os. <\/p>\n\n\n\n<p class=\"wp-block-paragraph\">Con el objetivo de ofrecer una acogida de calidad a todos sus visitantes, Gassin da a conocer su compromiso con la accesibilidad. <strong data-start=\"360\" data-end=\"382\">El Ch\u00e2teau de Chausse<\/strong> ha obtenido la etiqueta <strong data-start=\"316\" data-end=\"339\">Tourisme &amp; Handicap<\/strong> para 2024. <\/p>\n\n\n\n<p class=\"wp-block-paragraph\">A continuaci\u00f3n encontrar\u00e1 informaci\u00f3n sobre el equipo de la Oficina de Turismo, nuestros horarios de apertura, nuestra pol\u00edtica de <strong data-start=\"1207\" data-end=\"1218\">Calidad<\/strong> y nuestros compromisos, as\u00ed como nuestros compromisos de <strong data-start=\"1260\" data-end=\"1275\">Categor\u00eda I<\/strong> y nuestra pertenencia a <strong data-start=\"1296\" data-end=\"1329\">Offices de Tourisme de France<\/strong>.<\/p>\n\n\n\n<p class=\"has-lg-font-size wp-block-paragraph\">Contenido:<\/p>\n\n\n\n<nav aria-label=\"Tabla de contenidos\" class=\"wp-block-table-of-contents\"><ol><li><a class=\"wp-block-table-of-contents__entry\" href=\"https:\/\/gassin.eu\/es\/informaciones-practicas\/oficina-de-turismo\/#periodes-et-horaires-d-ouverture-de-l-office-de-tourisme\">Horarios y periodos de apertura de la Oficina de Turismo<\/a><\/li><li><a class=\"wp-block-table-of-contents__entry\" href=\"https:\/\/gassin.eu\/es\/informaciones-practicas\/oficina-de-turismo\/#politique-et-objectifs-qualite\">Pol\u00edtica y objetivos de calidad  <\/a><\/li><li><a class=\"wp-block-table-of-contents__entry\" href=\"https:\/\/gassin.eu\/es\/informaciones-practicas\/oficina-de-turismo\/#engagements-et-politique-qualite\">Compromisos y pol\u00edtica de calidad<\/a><\/li><li><a class=\"wp-block-table-of-contents__entry\" href=\"https:\/\/gassin.eu\/es\/informaciones-practicas\/oficina-de-turismo\/#engagements-categorie-i\">Compromisos de categor\u00eda I<\/a><\/li><li><a class=\"wp-block-table-of-contents__entry\" href=\"https:\/\/gassin.eu\/es\/informaciones-practicas\/oficina-de-turismo\/#reseau-adn-tourisme\">ADN Red de turismo  <\/a><\/li><\/ol><\/nav>\n\n\n\n<figure class=\"wp-block-image aligncenter size-large\"><img loading=\"lazy\" decoding=\"async\" width=\"1024\" height=\"1024\" data-tippy-content=\"\u00e9quipe OTG uniformes 2023 vue mer\" src=\"https:\/\/gassin.eu\/wp-content\/uploads\/2025\/02\/equipe-OTG-uniformes-2023-vue-mer-1024x1024.jpg\" alt=\"\" class=\"wp-image-4797\" srcset=\"https:\/\/gassin.eu\/wp-content\/uploads\/2025\/02\/equipe-OTG-uniformes-2023-vue-mer-1024x1024.jpg 1024w, https:\/\/gassin.eu\/wp-content\/uploads\/2025\/02\/equipe-OTG-uniformes-2023-vue-mer-300x300.jpg 300w, https:\/\/gassin.eu\/wp-content\/uploads\/2025\/02\/equipe-OTG-uniformes-2023-vue-mer-150x150.jpg 150w, https:\/\/gassin.eu\/wp-content\/uploads\/2025\/02\/equipe-OTG-uniformes-2023-vue-mer-768x768.jpg 768w, https:\/\/gassin.eu\/wp-content\/uploads\/2025\/02\/equipe-OTG-uniformes-2023-vue-mer-125x125.jpg 125w, https:\/\/gassin.eu\/wp-content\/uploads\/2025\/02\/equipe-OTG-uniformes-2023-vue-mer.jpg 1440w\" sizes=\"auto, (max-width: 1024px) 100vw, 1024px\" \/><\/figure>\n\n\n\n<h2 class=\"wp-block-heading has-text-align-center\" id=\"periodes-et-horaires-d-ouverture-de-l-office-de-tourisme\">Horarios y periodos de apertura de la Oficina de Turismo<a name=\"horaires\"><\/a><\/h2>\n\n\n\n<p class=\"has-text-align-center wp-block-paragraph\"><strong>Del primer fin de semana de octubre a las vacaciones de Semana Santa:<\/strong><\/p>\n\n\n\n<p class=\"has-text-align-center wp-block-paragraph\">De lunes a viernes, de 9.00 a 12.00 h. y de 14.00 a 17.00 h.<\/p>\n\n\n\n<p class=\"has-text-align-center wp-block-paragraph\"><strong>Desde el primer d\u00eda de las vacaciones de Semana Santa hasta mediados de octubre (fin de las Voiles de Saint-Tropez):<\/strong><\/p>\n\n\n\n<p class=\"has-text-align-center wp-block-paragraph\">De lunes a s\u00e1bado, de 9.00 a 13.00 h. y de 14.00 a 18.00 h.<br\/>Domingo, de 9.00 a 13.00 h.<\/p>\n\n\n\n<h2 class=\"wp-block-heading\" id=\"politique-et-objectifs-qualite\">Pol\u00edtica y objetivos de calidad<br\/><a name=\"qualite\"><\/a><\/h2>\n\n\n\n<p class=\"western wp-block-paragraph\">En 2017, la oficina de turismo quiso comprometerse con el enfoque Qualit\u00e9 Tourisme, dirigido por el FROT, y comenz\u00f3 a aplicar todos los procedimientos. Este compromiso culmin\u00f3 con la concesi\u00f3n de la Marca Qualit\u00e9 Tourisme el 1 de diciembre de 2017. <\/p>\n\n\n\n<p class=\"western wp-block-paragraph\">La oficina de turismo tambi\u00e9n renov\u00f3 su clasificaci\u00f3n, obteniendo la categor\u00eda I el 6 de febrero de 2018.<\/p>\n\n\n\n<p class=\"western wp-block-paragraph\">Bajo el impulso del nuevo equipo directivo, la Oficina de Turismo se ha embarcado en un enfoque de calidad, motivado por la Oficina de Turismo de Ramatuelle, inicialmente para mejorar los m\u00e9todos de trabajo internos de la organizaci\u00f3n, con el fin de ganar en eficacia. Poco a poco, la elecci\u00f3n recay\u00f3 en la marca Qualit\u00e9 Tourisme, otorgada por el Estado (Ministerio encargado del Turismo) y expl\u00edcita a los ojos del gran p\u00fablico (visitantes, socioprofesionales, instituciones, etc.). <\/p>\n\n\n\n<p class=\"western wp-block-paragraph\">Por ello, en marzo de 2017, la oficina de turismo confirm\u00f3 su compromiso solicitando apoyo para obtener la marca creada por la Federaci\u00f3n Regional de Oficinas de Turismo de la regi\u00f3n Provenza-Alpes-Costa Azul.<\/p>\n\n\n\n<p class=\"western wp-block-paragraph\">En el marco del acuerdo sobre objetivos y recursos entre la Oficina de Turismo de Gassin y la ciudad, me encargo de un enfoque global de la calidad centrado en tres objetivos principales: la satisfacci\u00f3n del cliente, los proveedores de servicios y los representantes elegidos.<\/p>\n\n\n\n<p class=\"western wp-block-paragraph\"><span style=\"font-size: small;\"><span style=\"font-size: medium;\"><u>Los objetivos de calidad del OTG son :<\/u><\/span><\/span><\/p>\n\n\n\n<ul class=\"wp-block-list\">\n<li><p lang=\"fr-FR\" align=\"left\"><span style=\"font-size: small;\">Relaciones humanas de calidad<\/span><\/p><\/li>\n\n\n\n<li><p lang=\"fr-FR\" align=\"left\"><span style=\"font-size: small;\">Condiciones de trabajo eficaces y sin estr\u00e9s<\/span><\/p><\/li>\n\n\n\n<li><p lang=\"fr-FR\" align=\"left\"><span style=\"font-size: small;\">Un equipo cualificado y bien formado<\/span><\/p><\/li>\n<\/ul>\n\n\n\n<p class=\"western wp-block-paragraph\"><u>Para ofrecer servicios de calidad a nuestros visitantes, nos comprometemos a :<\/u><\/p>\n\n\n\n<ul class=\"wp-block-list\">\n<li><p lang=\"fr-FR\" align=\"left\"><span style=\"font-size: small;\">Mejorar la accesibilidad y visibilidad de la Oficina de Turismo<\/span><\/p><\/li>\n\n\n\n<li><p lang=\"fr-FR\" align=\"left\"><span style=\"font-size: small;\">Facilitar el acceso a la informaci\u00f3n a todo el mundo y en todo momento<\/span><\/p><\/li>\n\n\n\n<li><p lang=\"fr-FR\" align=\"left\"><span style=\"font-size: small;\">Optimizar el suministro y la gesti\u00f3n de la informaci\u00f3n tur\u00edstica<\/span><\/p><\/li>\n\n\n\n<li><p lang=\"fr-FR\" align=\"left\"><span style=\"font-size: small;\">Garantizar una informaci\u00f3n clara, precisa y actualizada para todos<\/span><\/p><\/li>\n\n\n\n<li><p lang=\"fr-FR\" align=\"left\"><span style=\"font-size: small;\">Garantizar una acogida c\u00e1lida y personalizada, adaptada a los deseos y necesidades de los visitantes.<\/span><\/p><\/li>\n\n\n\n<li><p lang=\"fr-FR\" align=\"left\"><span style=\"font-size: small;\">Ayudar a nuestros visitantes a organizar y reservar sus vacaciones<\/span><\/p><\/li>\n\n\n\n<li><p lang=\"fr-FR\" align=\"left\"><span style=\"font-size: small;\">Dar voz a nuestros visitantes para que puedan contribuir a la mejora continua de nuestros servicios.<\/span><\/p><\/li>\n<\/ul>\n\n\n\n<p class=\"western wp-block-paragraph\"><u>Para ofrecer servicios de calidad a nuestros socios, nos comprometemos a :<\/u><\/p>\n\n\n\n<ul class=\"wp-block-list\">\n<li><p lang=\"fr-FR\" align=\"left\"><span style=\"font-size: small;\">Estructurar, cualificar, promover y vender la oferta tur\u00edstica de la regi\u00f3n.<\/span><\/p><\/li>\n\n\n\n<li><p lang=\"fr-FR\" align=\"left\"><span style=\"font-size: small;\">Seguimiento y sensibilizaci\u00f3n de la regi\u00f3n<\/span><\/p><\/li>\n\n\n\n<li><p lang=\"fr-FR\" align=\"left\"><span style=\"font-size: small;\">Aprovechar al m\u00e1ximo los recursos locales<\/span><\/p><\/li>\n\n\n\n<li><p lang=\"fr-FR\" align=\"left\"><span style=\"font-size: small;\">Proponer iniciativas de colaboraci\u00f3n para impulsar la actividad econ\u00f3mica local<\/span><\/p><\/li>\n\n\n\n<li><p lang=\"fr-FR\" align=\"left\"><span style=\"font-size: small;\">Proporcionar a cada socio las herramientas que necesita para informar a sus clientes.<\/span><\/p><\/li>\n\n\n\n<li><p lang=\"fr-FR\" align=\"left\"><span style=\"font-size: small;\">Sensibilizar a los socios sobre las nuevas tendencias y la evoluci\u00f3n del mundo del turismo.<\/span><\/p><\/li>\n\n\n\n<li><p lang=\"fr-FR\" align=\"left\"><span style=\"font-size: small;\">Trabajar con redes tur\u00edsticas locales y regionales<\/span><\/p><\/li>\n<\/ul>\n\n\n\n<p class=\"western wp-block-paragraph\">En el marco del acuerdo sobre objetivos y recursos, yo, R\u00e9mi Potier-Saffroy, Director de la Oficina de Turismo de Gassin, me comprometo, en mi calidad de piloto de un enfoque global, a definir nuestros compromisos en materia de calidad y a actualizarlo al menos cada 3 a\u00f1os, transmitirlo al personal (por correo electr\u00f3nico) y a los socios (sitio web y plataforma), definir un plan de acci\u00f3n anual inscrito en el plan de empresa anual y elaborar una evaluaci\u00f3n anual de las acciones (financiera, cualitativa y cuantitativa) en el marco del informe de empresa anual.<\/p>\n\n\n\n<p class=\"western wp-block-paragraph\">Los objetivos de nuestra pol\u00edtica de calidad son m\u00faltiples y no se limitan a la acogida de visitantes.<\/p>\n\n\n\n<p class=\"western wp-block-paragraph\">Por ello, los miembros del Comit\u00e9 de Empresa y la Direcci\u00f3n se comprometen a :<\/p>\n\n\n\n<ul class=\"wp-block-list\">\n<li><p lang=\"fr-FR\" align=\"justify\"><span style=\"font-size: small;\">Seguir siendo una oficina de turismo local que promueve a las personas, no los beneficios<\/span><\/p><\/li>\n\n\n\n<li><p lang=\"fr-FR\" align=\"justify\"><span style=\"font-size: small;\">Promover el descubrimiento del Var<\/span><\/p><\/li>\n\n\n\n<li><p lang=\"fr-FR\" align=\"justify\"><span style=\"font-size: small;\">Escuchar a los clientes, centr\u00e1ndose en sus expectativas y peticiones<\/span><\/p><\/li>\n\n\n\n<li><p lang=\"fr-FR\" align=\"justify\"><span style=\"font-size: small;\">Mantener el compromiso de mejora continua.<\/span><\/p><\/li>\n<\/ul>\n\n\n\n<p class=\"western wp-block-paragraph\">Para garantizar la coordinaci\u00f3n y el dinamismo del enfoque, la Sra. Min\u00e9o Marilyne, consejera de vacaciones, ha sido nombrada Responsable de Calidad. Se compromete a supervisar la aplicaci\u00f3n del enfoque, a comprobar que todo el personal aplica realmente los procedimientos y a hacer propuestas, en concertaci\u00f3n con todo el equipo, para mejorar la organizaci\u00f3n que debe aplicarse. <\/p>\n\n\n\n<p class=\"western wp-block-paragraph\">Adem\u00e1s, como Director, quiero mejorar mi gesti\u00f3n para dotar a mi personal de m\u00e1s marco, herramientas y apoyo. Cuento con la implicaci\u00f3n de todos para lograr este resultado, que garantizar\u00e1 nuestra profesionalidad y el reconocimiento de nuestros socios. <\/p>\n\n\n\n<p class=\"western wp-block-paragraph\">Por tanto, me comprometo a apoyar a mi equipo a todos los niveles para lograr este resultado.<\/p>\n\n\n\n<p class=\"western wp-block-paragraph\">R\u00e9mi Potier-Saffroy, Director.<\/p>\n\n\n\n<figure class=\"wp-block-image aligncenter\"><img loading=\"lazy\" decoding=\"async\" width=\"300\" height=\"300\" data-tippy-content=\"Destination E_400x400\" src=\"https:\/\/gassin.eu\/wp-content\/uploads\/2024\/07\/Destination-E_400x400-300x300.jpg\" alt=\"\" class=\"wp-image-4569\" srcset=\"https:\/\/gassin.eu\/wp-content\/uploads\/2024\/07\/Destination-E_400x400-300x300.jpg 300w, https:\/\/gassin.eu\/wp-content\/uploads\/2024\/07\/Destination-E_400x400-150x150.jpg 150w, https:\/\/gassin.eu\/wp-content\/uploads\/2024\/07\/Destination-E_400x400-125x125.jpg 125w, https:\/\/gassin.eu\/wp-content\/uploads\/2024\/07\/Destination-E_400x400.jpg 400w\" sizes=\"auto, (max-width: 300px) 100vw, 300px\" \/><\/figure>\n\n\n\n<h2 class=\"wp-block-heading\" id=\"engagements-et-politique-qualite\">Compromisos y pol\u00edtica de calidad<\/h2>\n\n\n\n<p class=\"wp-block-paragraph\">Cuando abri\u00f3 sus puertas en abril de 2016, la direcci\u00f3n de la Oficina de Turismo de Gassin decidi\u00f3 embarcarse en una iniciativa de calidad. Se han puesto en marcha herramientas para saber qu\u00e9 esperan los visitantes, c\u00f3mo se sienten y qu\u00e9 problemas encuentran, a fin de poder mejorar el servicio. <\/p>\n\n\n\n<p class=\"wp-block-paragraph\">Con vistas a mejorar los indicadores que creamos y a integrarnos en un enfoque general adoptado por las oficinas de turismo francesas, en 2017 nos sumamos a un ciclo de formaci\u00f3n con el objetivo de obtener la marca Qualit\u00e9 Tourisme.<\/p>\n\n\n\n<p class=\"wp-block-paragraph\">Este enfoque ha permitido a la oficina organizarse en torno a un proceso reconocido, garantizando un servicio de calidad a los visitantes, basado en una serie de puntos clave: una c\u00e1lida acogida por parte de un personal atento y con conocimientos de lenguas extranjeras, servicios personalizados e informaci\u00f3n clara y precisa en locales limpios y confortables. El objetivo es ayudar a los visitantes a descubrir Gassin como destino. <\/p>\n\n\n\n<p class=\"wp-block-paragraph\">La etiqueta Destination d&#8217;excellence est\u00e1 concebida para mejorar la calidad en toda la gama de servicios tur\u00edsticos: alojamiento, restaurantes, instalaciones para visitantes y de ocio, puntos de informaci\u00f3n tur\u00edstica (oficinas de turismo en particular) y transporte.  <strong>Sustituye a la marca \u00abQualit\u00e9 Tourisme\u00bb desde mayo de 2024. Para m\u00e1s informaci\u00f3n sobre esta etiqueta, haga clic aqu\u00ed:   <\/strong><a href=\"https:\/\/www.atout-france.fr\/fr\/destination-dexcellence.\">https:\/\/www.atout-france.fr\/fr\/destination-dexcellence.<\/a><\/p>\n\n\n\n<h2 class=\"wp-block-heading\" id=\"engagements-categorie-i\">Compromisos de categor\u00eda I<a name=\"categorie\"><\/a><\/h2>\n\n\n\n<p class=\"wp-block-paragraph\"><em>La Oficina de Turismo de Gassin est\u00e1 clasificada en la categor\u00eda I.<\/em><\/p>\n\n\n\n<p class=\"wp-block-paragraph\"><em>En virtud de esta clasificaci\u00f3n, otorgada por el Prefecto del Var, nos comprometemos a :<\/em><\/p>\n\n\n\n<p class=\"wp-block-paragraph\">Proporcionar una zona de recepci\u00f3n e informaci\u00f3n de f\u00e1cil acceso.<\/p>\n\n\n\n<ul class=\"wp-block-list\">\n<li>Facilitarle los negocios.<\/li>\n\n\n\n<li>Muebles para sentarse c\u00f3modamente.<\/li>\n\n\n\n<li>Informaci\u00f3n gratuita sobre atracciones tur\u00edsticas locales.<\/li>\n\n\n\n<li>Exponer y publicitar sus horarios de apertura en al menos dos lenguas extranjeras.<\/li>\n\n\n\n<li>Estar abierto al menos 305 d\u00edas al a\u00f1o, incluidos s\u00e1bados y domingos durante la temporada tur\u00edstica o de ocio.<\/li>\n\n\n\n<li>Respondiendo a sus cartas todo el a\u00f1o.<\/li>\n\n\n\n<li>Proporcionar un servicio de recepci\u00f3n permanente con personal que hable al menos una lengua extranjera.<\/li>\n\n\n\n<li>Suministro de mapas, planos y gu\u00edas tur\u00edsticas en papel.<\/li>\n\n\n\n<li>Darle acceso a su sitio web triling\u00fce espec\u00edfico, adaptado para su consulta a trav\u00e9s de los medios de a bordo.<\/li>\n\n\n\n<li>Distribuir informaci\u00f3n tur\u00edstica en papel, traducida al menos a dos lenguas extranjeras:\n<ul class=\"wp-block-list\">\n<li><span style=\"font-size: small;\">a todos los alojamientos tur\u00edsticos clasificados, incluyendo al menos el nombre del establecimiento, la direcci\u00f3n postal, la direcci\u00f3n de correo electr\u00f3nico, la direcci\u00f3n del sitio web, el n\u00famero de tel\u00e9fono y el nivel de clasificaci\u00f3n;<\/span><\/li>\n\n\n\n<li><span style=\"font-size: small;\">monumentos y lugares de turismo cultural, natural o de ocio, que pueden incluir informaci\u00f3n sobre las tarifas de uso, los horarios y periodos de apertura al p\u00fablico, el sitio web y los datos de contacto telef\u00f3nico y postal;<\/span><\/li>\n\n\n\n<li><span style=\"font-size: small;\">actos y actividades;<\/span><\/li>\n\n\n\n<li><span style=\"font-size: small;\">n\u00fameros de tel\u00e9fono de emergencia.<\/span><\/li>\n<\/ul>\n<\/li>\n\n\n\n<li>Actualizar anualmente su informaci\u00f3n tur\u00edstica.<\/li>\n\n\n\n<li>Mostrar los n\u00fameros de tel\u00e9fono de emergencia en el exterior.<\/li>\n\n\n\n<li>Presentar toda la gama de servicios cualificados disponibles en la zona para todos los grupos de clientes.<\/li>\n\n\n\n<li>Darle acceso a la disponibilidad de alojamientos clasificados.<\/li>\n\n\n\n<li>Gestionar sus reclamaciones y medir su satisfacci\u00f3n.<\/li>\n\n\n\n<li>Ofrecer un servicio de informaci\u00f3n tur\u00edstica que incorpore las nuevas tecnolog\u00edas de la informaci\u00f3n y la comunicaci\u00f3n (redes sociales, telefon\u00eda m\u00f3vil, geolocalizaci\u00f3n, etc.).<\/li>\n\n\n\n<li>Respetar las exigencias de la marca Destination D<span style=\"font-family: Liberation\\ Serif, serif;\">&#8216;excellence\u00a9<\/span>.<\/li>\n\n\n\n<li>Poner a su disposici\u00f3n un asesor de viajes*.<\/li>\n\n\n\n<li>Aseg\u00farese de que la informaci\u00f3n sobre la oferta tur\u00edstica local es fiable y est\u00e1 actualizada.<\/li>\n\n\n\n<li>Actualizaci\u00f3n de datos sobre la oferta tur\u00edstica en su zona geogr\u00e1fica de actuaci\u00f3n<\/li>\n<\/ul>\n\n\n\n<h2 class=\"wp-block-heading\" id=\"reseau-adn-tourisme\">ADN Red de turismo<br\/><a name=\"otf\"><\/a><\/h2>\n\n\n\n<p class=\"wp-block-paragraph\"><em>La Oficina de Turismo de Gassin es miembro de ADN Tourisme, que agrupa <\/em><strong>a tres federaciones hist\u00f3ricas de agentes institucionales del turismo<\/strong>: Offices de Tourisme de France, Tourisme &amp; Territoires y Destination R\u00e9gions.<\/p>\n\n\n\n<figure class=\"wp-block-image aligncenter\"><img loading=\"lazy\" decoding=\"async\" width=\"300\" height=\"182\" data-tippy-content=\"adn-logo-2024-1\" src=\"https:\/\/gassin.eu\/wp-content\/uploads\/2024\/07\/adn-logo-2024-1-300x182.png\" alt=\"\" class=\"wp-image-4564\" srcset=\"https:\/\/gassin.eu\/wp-content\/uploads\/2024\/07\/adn-logo-2024-1-300x182.png 300w, https:\/\/gassin.eu\/wp-content\/uploads\/2024\/07\/adn-logo-2024-1.png 469w\" sizes=\"auto, (max-width: 300px) 100vw, 300px\" \/><\/figure>\n<\/div>\n","protected":false},"excerpt":{"rendered":"<p>La Oficina de Turismo de Gassin, situada en el coraz\u00f3n de la pen\u00ednsula del Golfo de Saint-Tropez, abri\u00f3 sus puertas el 1 de abril de 20216 y ha recibido a m\u00e1s de 150.000 visitantes desde su apertura. Este servicio p\u00fablico administrativo funciona de forma aut\u00f3noma bajo la tutela del ayuntamiento y emplea actualmente a 5&#8230;<\/p>\n","protected":false},"author":7,"featured_media":0,"parent":1280,"menu_order":98,"comment_status":"closed","ping_status":"closed","template":"","meta":{"_acf_changed":false,"_crdt_document":"","footnotes":""},"class_list":["post-1256","page","type-page","status-publish","hentry"],"acf":[],"_links":{"self":[{"href":"https:\/\/gassin.eu\/es\/wp-json\/wp\/v2\/pages\/1256","targetHints":{"allow":["GET"]}}],"collection":[{"href":"https:\/\/gassin.eu\/es\/wp-json\/wp\/v2\/pages"}],"about":[{"href":"https:\/\/gassin.eu\/es\/wp-json\/wp\/v2\/types\/page"}],"author":[{"embeddable":true,"href":"https:\/\/gassin.eu\/es\/wp-json\/wp\/v2\/users\/7"}],"replies":[{"embeddable":true,"href":"https:\/\/gassin.eu\/es\/wp-json\/wp\/v2\/comments?post=1256"}],"version-history":[{"count":5,"href":"https:\/\/gassin.eu\/es\/wp-json\/wp\/v2\/pages\/1256\/revisions"}],"predecessor-version":[{"id":5342,"href":"https:\/\/gassin.eu\/es\/wp-json\/wp\/v2\/pages\/1256\/revisions\/5342"}],"up":[{"embeddable":true,"href":"https:\/\/gassin.eu\/es\/wp-json\/wp\/v2\/pages\/1280"}],"wp:attachment":[{"href":"https:\/\/gassin.eu\/es\/wp-json\/wp\/v2\/media?parent=1256"}],"curies":[{"name":"wp","href":"https:\/\/api.w.org\/{rel}","templated":true}]}}