{"id":1441,"date":"2017-09-18T17:31:19","date_gmt":"2017-09-18T15:31:19","guid":{"rendered":"https:\/\/gassin.eu\/?page_id=1441"},"modified":"2025-06-29T20:43:16","modified_gmt":"2025-06-29T18:43:16","slug":"acogida-personalizada","status":"publish","type":"page","link":"https:\/\/gassin.eu\/es\/informaciones-practicas\/acogida-personalizada\/","title":{"rendered":"Bienvenida personalizada"},"content":{"rendered":"\n<div class=\"wp-block-group is-layout-constrained wp-block-group-is-layout-constrained\">\n<p class=\"wp-block-paragraph\">Le sugerimos que concierte una cita por tel\u00e9fono o en persona con un asesor de la oficina de turismo. Qu\u00e9 mejor que reunirse con un especialista del destino para organizar sus vacaciones con antelaci\u00f3n o a distancia, con toda tranquilidad? <\/p>\n\n\n\n<p class=\"wp-block-paragraph\">Podemos ayudarle a organizar unas vacaciones a medida en Gassin y el Golfo de Saint-Tropez que se adapten a sus necesidades, gustos y deseos. Le propondremos un amplio abanico de actividades que podr\u00e1 reservar con antelaci\u00f3n si lo desea. <\/p>\n\n\n\n<p class=\"wp-block-paragraph\">Conciertos, visitas guiadas, teatro, deportes n\u00e1uticos, equitaci\u00f3n, polo, golf&#8230; le contamos <a href=\"https:\/\/gassin.eu\/es\/eventos\/\">qu\u00e9 hacer en Gassin<\/a>&#8230; Pueblo medieval encaramado, haciendas vin\u00edcolas, capilla rural, aprisco restaurado, molino&#8230; \u00a1le contamos todo lo que <a href=\"https:\/\/gassin.eu\/es\/patrimonio\/\">hay que ver en<\/a> Gassin! <\/p>\n\n\n\n<p class=\"wp-block-paragraph\">Nuestros agentes est\u00e1n disponibles con cita previa los lunes por la tarde, de 14.30 a 16.30 horas, y los martes y viernes por la ma\u00f1ana, de 9.00 a 11.00 horas, durante todo el a\u00f1o.<\/p>\n\n\n\n<p class=\"wp-block-paragraph\">No dude en ponerse en contacto con nosotros y concertar una cita con su asesor tur\u00edstico dirigi\u00e9ndose a la oficina de turismo:<br\/>Por tel\u00e9fono: +33 (0)4 98 11 56 51<br\/>Por correo electr\u00f3nico: accueil@gassin.eu<\/p>\n\n\n\n<p class=\"has-text-align-center wp-block-paragraph\">\u00a0<\/p>\n<\/div>\n","protected":false},"excerpt":{"rendered":"<p>Le sugerimos que concierte una cita por tel\u00e9fono o en persona con un asesor de la oficina de turismo. Qu\u00e9 mejor que reunirse con un especialista del destino para organizar sus vacaciones con antelaci\u00f3n o a distancia, con toda tranquilidad? Podemos ayudarle a organizar unas vacaciones a medida en Gassin y el Golfo de Saint-Tropez&#8230;<\/p>\n","protected":false},"author":7,"featured_media":3262,"parent":1280,"menu_order":104,"comment_status":"closed","ping_status":"closed","template":"","meta":{"_acf_changed":false,"_crdt_document":"","footnotes":""},"class_list":["post-1441","page","type-page","status-publish","has-post-thumbnail","hentry"],"acf":[],"_links":{"self":[{"href":"https:\/\/gassin.eu\/es\/wp-json\/wp\/v2\/pages\/1441","targetHints":{"allow":["GET"]}}],"collection":[{"href":"https:\/\/gassin.eu\/es\/wp-json\/wp\/v2\/pages"}],"about":[{"href":"https:\/\/gassin.eu\/es\/wp-json\/wp\/v2\/types\/page"}],"author":[{"embeddable":true,"href":"https:\/\/gassin.eu\/es\/wp-json\/wp\/v2\/users\/7"}],"replies":[{"embeddable":true,"href":"https:\/\/gassin.eu\/es\/wp-json\/wp\/v2\/comments?post=1441"}],"version-history":[{"count":3,"href":"https:\/\/gassin.eu\/es\/wp-json\/wp\/v2\/pages\/1441\/revisions"}],"predecessor-version":[{"id":5323,"href":"https:\/\/gassin.eu\/es\/wp-json\/wp\/v2\/pages\/1441\/revisions\/5323"}],"up":[{"embeddable":true,"href":"https:\/\/gassin.eu\/es\/wp-json\/wp\/v2\/pages\/1280"}],"wp:featuredmedia":[{"embeddable":true,"href":"https:\/\/gassin.eu\/es\/wp-json\/wp\/v2\/media\/3262"}],"wp:attachment":[{"href":"https:\/\/gassin.eu\/es\/wp-json\/wp\/v2\/media?parent=1441"}],"curies":[{"name":"wp","href":"https:\/\/api.w.org\/{rel}","templated":true}]}}