{"id":2003,"date":"2020-10-07T16:46:23","date_gmt":"2020-10-07T14:46:23","guid":{"rendered":"https:\/\/gassin.eu\/?page_id=2003"},"modified":"2020-11-09T11:17:37","modified_gmt":"2020-11-09T10:17:37","slug":"2003-2","status":"publish","type":"page","link":"https:\/\/gassin.eu\/es\/informaciones-practicas\/2003-2\/","title":{"rendered":"Medidas Covid-19 y gesti\u00f3n de barreras"},"content":{"rendered":"\n<p class=\"wp-block-paragraph\">Mientras nuestras oficinas permanecen cerradas hasta nuevo orden, nuestros agentes aseguran la continuidad de todos los servicios y permanecen a su escucha. Le invitamos a contactar con nosotros por tel\u00e9fono o por correo electr\u00f3nico para cualquier solicitud relacionada con su pr\u00f3xima estancia.<\/p>\n\n\n\n<p class=\"wp-block-paragraph\">Informaci\u00f3n y medidas sanitarias preventivas en la Oficina:<\/p>\n\n\n\n<figure class=\"wp-block-image size-large\"><img loading=\"lazy\" decoding=\"async\" width=\"331\" height=\"1024\" data-tippy-content=\"info-visiteur-coronavirus-copie-\" src=\"https:\/\/gassin.eu\/wp-content\/uploads\/2020\/10\/info-visiteur-coronavirus-copie--331x1024.jpg\" alt=\"\" class=\"wp-image-1971\" srcset=\"https:\/\/gassin.eu\/wp-content\/uploads\/2020\/10\/info-visiteur-coronavirus-copie--331x1024.jpg 331w, https:\/\/gassin.eu\/wp-content\/uploads\/2020\/10\/info-visiteur-coronavirus-copie--97x300.jpg 97w, https:\/\/gassin.eu\/wp-content\/uploads\/2020\/10\/info-visiteur-coronavirus-copie--768x2373.jpg 768w, https:\/\/gassin.eu\/wp-content\/uploads\/2020\/10\/info-visiteur-coronavirus-copie--497x1536.jpg 497w\" sizes=\"auto, (max-width: 331px) 100vw, 331px\" \/><\/figure>\n","protected":false},"excerpt":{"rendered":"<p>Mientras nuestras oficinas permanecen cerradas hasta nuevo orden, nuestros agentes aseguran la continuidad de todos los servicios y permanecen a su escucha. Le invitamos a contactar con nosotros por tel\u00e9fono o por correo electr\u00f3nico para cualquier solicitud relacionada con su pr\u00f3xima estancia. Informaci\u00f3n y medidas sanitarias preventivas en la Oficina:<\/p>\n","protected":false},"author":7,"featured_media":0,"parent":1280,"menu_order":132,"comment_status":"closed","ping_status":"closed","template":"","meta":{"_acf_changed":false,"_crdt_document":"","footnotes":""},"class_list":["post-2003","page","type-page","status-publish","hentry"],"acf":[],"_links":{"self":[{"href":"https:\/\/gassin.eu\/es\/wp-json\/wp\/v2\/pages\/2003","targetHints":{"allow":["GET"]}}],"collection":[{"href":"https:\/\/gassin.eu\/es\/wp-json\/wp\/v2\/pages"}],"about":[{"href":"https:\/\/gassin.eu\/es\/wp-json\/wp\/v2\/types\/page"}],"author":[{"embeddable":true,"href":"https:\/\/gassin.eu\/es\/wp-json\/wp\/v2\/users\/7"}],"replies":[{"embeddable":true,"href":"https:\/\/gassin.eu\/es\/wp-json\/wp\/v2\/comments?post=2003"}],"version-history":[{"count":3,"href":"https:\/\/gassin.eu\/es\/wp-json\/wp\/v2\/pages\/2003\/revisions"}],"predecessor-version":[{"id":2007,"href":"https:\/\/gassin.eu\/es\/wp-json\/wp\/v2\/pages\/2003\/revisions\/2007"}],"up":[{"embeddable":true,"href":"https:\/\/gassin.eu\/es\/wp-json\/wp\/v2\/pages\/1280"}],"wp:attachment":[{"href":"https:\/\/gassin.eu\/es\/wp-json\/wp\/v2\/media?parent=2003"}],"curies":[{"name":"wp","href":"https:\/\/api.w.org\/{rel}","templated":true}]}}