{"id":5037,"date":"2025-06-29T17:53:51","date_gmt":"2025-06-29T15:53:51","guid":{"rendered":"https:\/\/gassin.eu\/informacion-juridica\/"},"modified":"2025-06-29T18:21:08","modified_gmt":"2025-06-29T16:21:08","slug":"informacion-juridica","status":"publish","type":"page","link":"https:\/\/gassin.eu\/es\/informacion-juridica\/","title":{"rendered":"Informaci\u00f3n jur\u00eddica"},"content":{"rendered":"\n<div class=\"wp-block-group is-layout-constrained wp-block-group-is-layout-constrained\">\n<p class=\"wp-block-paragraph\"><strong>Propietario del sitio web <a href=\"https:\/\/gassin.eu\/\">gassin.eu<\/a>:<\/strong><br\/>OFFICE DE TOURISME DE GASSIN<br\/>20 place L\u00e9on Martel<br\/>83580 Gassin<br\/>Tel. +33 (0)4 98 11 56 51<\/p>\n\n\n\n<p class=\"wp-block-paragraph\"><strong>Realizaci\u00f3n de la p\u00e1gina web:<\/strong><br\/>Franck M\u00e9zi\u00e8re &#8211; Dise\u00f1o y desarrollo web &#8211; <a href=\"http:\/\/meziere.net\">meziere.net<\/a><\/p>\n\n\n\n<p class=\"wp-block-paragraph\"><strong>M\u00fasica del contestador autom\u00e1tico:<\/strong> T\u00edtulo: <a href=\"https:\/\/auboutdufil.com\/?id=610\">Stay With Me<\/a>, Autor: <a href=\"https:\/\/soundcloud.com\/rexlambo*\">Rexlambo<\/a>. Licencia: <a href=\"https:\/\/creativecommons.org\/licenses\/by\/3.0\/deed.fr\">https:\/\/creativecommons.org\/licenses\/by\/3.0\/deed.fr.<\/a> <\/p>\n\n\n\n<p class=\"wp-block-paragraph\"><strong>Fotograf\u00edas:<\/strong> e.bertrand, Guillaume Voiturier, Aurelien Ferriere, Oficina de Turismo de Gassin<\/p>\n\n\n\n<p class=\"wp-block-paragraph\">Este sitio web es una creaci\u00f3n intelectual original y, por tanto, est\u00e1 protegido por derechos de autor. Su contenido tambi\u00e9n est\u00e1 protegido por derechos de propiedad intelectual y\/o industrial. Toda persona que infrinja los derechos de propiedad intelectual vinculados a los distintos objetos de este sitio web incurrir\u00e1 en un delito de falsificaci\u00f3n y se expondr\u00e1 a las sanciones penales previstas por la ley.  <\/p>\n\n\n\n<p class=\"wp-block-paragraph\">Tratamiento de datos:<br\/>La informaci\u00f3n recogida se trata electr\u00f3nicamente con el fin de responderle.<\/p>\n\n\n\n<p class=\"wp-block-paragraph\">De conformidad con la Ley francesa de Inform\u00e1tica y Libertades de 6 de enero de 1978, modificada en 2004, usted dispone de un derecho de acceso y de rectificaci\u00f3n de los datos que le conciernen, que puede ejercer dirigi\u00e9ndose a la Oficina de Turismo &#8211; 20 place L\u00e9on Martel &#8211; 83580 Gassin.<\/p>\n\n\n\n<p class=\"wp-block-paragraph\">Tambi\u00e9n puede, por motivos leg\u00edtimos, oponerse al tratamiento de sus datos.<\/p>\n<\/div>\n","protected":false},"excerpt":{"rendered":"<p>Propietario del sitio web gassin.eu:OFFICE DE TOURISME DE GASSIN20 place L\u00e9on Martel83580 GassinTel. +33 (0)4 98 11 56 51 Realizaci\u00f3n de la p\u00e1gina web:Franck M\u00e9zi\u00e8re &#8211; Dise\u00f1o y desarrollo web &#8211; meziere.net M\u00fasica del contestador autom\u00e1tico: T\u00edtulo: Stay With Me, Autor: Rexlambo. Licencia: https:\/\/creativecommons.org\/licenses\/by\/3.0\/deed.fr. Fotograf\u00edas: e.bertrand, Guillaume Voiturier, Aurelien Ferriere, Oficina de Turismo de Gassin&#8230;<\/p>\n","protected":false},"author":6,"featured_media":0,"parent":0,"menu_order":48,"comment_status":"closed","ping_status":"closed","template":"","meta":{"_acf_changed":false,"_crdt_document":"","footnotes":""},"class_list":["post-5037","page","type-page","status-publish","hentry"],"acf":[],"_links":{"self":[{"href":"https:\/\/gassin.eu\/es\/wp-json\/wp\/v2\/pages\/5037","targetHints":{"allow":["GET"]}}],"collection":[{"href":"https:\/\/gassin.eu\/es\/wp-json\/wp\/v2\/pages"}],"about":[{"href":"https:\/\/gassin.eu\/es\/wp-json\/wp\/v2\/types\/page"}],"author":[{"embeddable":true,"href":"https:\/\/gassin.eu\/es\/wp-json\/wp\/v2\/users\/6"}],"replies":[{"embeddable":true,"href":"https:\/\/gassin.eu\/es\/wp-json\/wp\/v2\/comments?post=5037"}],"version-history":[{"count":1,"href":"https:\/\/gassin.eu\/es\/wp-json\/wp\/v2\/pages\/5037\/revisions"}],"predecessor-version":[{"id":5038,"href":"https:\/\/gassin.eu\/es\/wp-json\/wp\/v2\/pages\/5037\/revisions\/5038"}],"wp:attachment":[{"href":"https:\/\/gassin.eu\/es\/wp-json\/wp\/v2\/media?parent=5037"}],"curies":[{"name":"wp","href":"https:\/\/api.w.org\/{rel}","templated":true}]}}