{"id":5708,"date":"2024-08-12T00:42:48","date_gmt":"2024-08-11T22:42:48","guid":{"rendered":"https:\/\/gassin.eu\/declaracion-de-accesibilidad\/"},"modified":"2025-07-11T12:19:44","modified_gmt":"2025-07-11T10:19:44","slug":"declaracion-de-accesibilidad","status":"publish","type":"page","link":"https:\/\/gassin.eu\/es\/declaracion-de-accesibilidad\/","title":{"rendered":"Declaraci\u00f3n de accesibilidad"},"content":{"rendered":"\n<div class=\"wp-block-group is-layout-constrained wp-block-group-is-layout-constrained\">\n<p class=\"wp-block-paragraph\">La Oficina de Turismo de Gassin se compromete a hacer accesible su sitio web de conformidad con el art\u00edculo 47 de la ley n\u00ba 2005-102 de 11 de febrero de 2005.<\/p>\n\n\n\n<p class=\"wp-block-paragraph\">Esta declaraci\u00f3n de accesibilidad se aplica al sitio web <a href=\"https:\/\/gassin.eu\">https:\/\/gassin.eu.<\/a><\/p>\n\n\n\n<h2 class=\"wp-block-heading\">Estado de cumplimiento<\/h2>\n\n\n\n<p class=\"wp-block-paragraph\">El sitio web <a href=\"https:\/\/gassin.eu\">https:\/\/gassin.eu<\/a> cumple parcialmente las Normas Generales de Accesibilidad (NGAA), versi\u00f3n 4.1.2, debido a los incumplimientos y excepciones que se enumeran a continuaci\u00f3n.<\/p>\n\n\n\n<h2 class=\"wp-block-heading\">Resultados de las pruebas<\/h2>\n\n\n\n<p class=\"wp-block-paragraph\">La auditor\u00eda de accesibilidad realizada el 8 de julio de 2025 en una muestra representativa de 10 p\u00e1ginas revela que :<\/p>\n\n\n\n<ul class=\"wp-block-list\">\n<li>Se cumple el 87% de los criterios de la versi\u00f3n 4.1.2 del RGAA;<\/li>\n\n\n\n<li>A t\u00edtulo informativo, la tasa media de cumplimiento del sitio es del 94%;<\/li>\n<\/ul>\n\n\n\n<h3 class=\"wp-block-heading\">Comprobaci\u00f3n de la conformidad de las p\u00e1ginas web<\/h3>\n\n\n\n<figure class=\"wp-block-table is-style-regular\"><table><thead><tr><th><strong>Nombre<\/strong><\/th><th><strong>Url<\/strong><\/th><th><strong>Elementos significativos<\/strong><\/th><\/tr><\/thead><tbody><tr><td>Inicio<\/td><td><a href=\"https:\/\/gassin.eu\/\">https:\/\/gassin.eu\/<\/a><\/td><td>P\u00e1gina obligatoria<\/td><\/tr><tr><td>P\u00f3ngase en contacto con<\/td><td><a href=\"https:\/\/gassin.eu\/es\/informaciones-practicas\/contactenos\/\">https:\/\/gassin.eu\/fr\/informations-pratiques\/contact\/<\/a><\/td><td>P\u00e1gina obligatoria<\/td><\/tr><tr><td>Informaci\u00f3n jur\u00eddica<\/td><td><a href=\"https:\/\/gassin.eu\/es\/informacion-juridica\/\">https:\/\/gassin.eu\/fr\/mentions-legales\/<\/a><\/td><td>P\u00e1gina obligatoria<\/td><\/tr><tr><td>Accesibilidad<\/td><td><a href=\"https:\/\/gassin.eu\/es\/declaracion-de-accesibilidad\/\">https:\/\/gassin.eu\/fr\/accessibilite\/<\/a><\/td><td>P\u00e1gina obligatoria<\/td><\/tr><tr><td>Buscar en<\/td><td><a href=\"https:\/\/gassin.eu\/es\/buscar\/\">https:\/\/gassin.eu\/fr\/search\/<\/a><\/td><td>P\u00e1gina de b\u00fasqueda y p\u00e1gina de resultados<\/td><\/tr><tr><td>Eventos<\/td><td><a href=\"https:\/\/gassin.eu\/es\/eventos\/\">https:\/\/gassin.eu\/fr\/animations\/<\/a><\/td><td>P\u00e1gina de eventos<\/td><\/tr><tr><td>Evento<\/td><td><a href=\"https:\/\/gassin.eu\/fr\/animation\/culture\/gassin\/commemoration-de-l-appel-du-18juin-5828500\/\">https:\/\/gassin.eu\/fr\/animation\/culture\/gassin\/commemoration-de-l-appel-du-18juin-5828500\/<\/a><\/td><td>P\u00e1gina del evento<\/td><\/tr><tr><td>Qu\u00e9 hacer en Gassin<\/td><td><a href=\"https:\/\/gassin.eu\/es\/informaciones-practicas\/que-hacer-en-gassin-2\/\">https:\/\/gassin.eu\/fr\/informations-pratiques\/quoi-faire-a-gassin\/<\/a><\/td><td>P\u00e1gina editorial<\/td><\/tr><tr><td>C\u00f3mo llegar a Gassin<\/td><td><a href=\"https:\/\/gassin.eu\/es\/informaciones-practicas\/acceso-a-gassin\/\">https:\/\/gassin.eu\/fr\/informations-pratiques\/acces-a-gassin\/<\/a><\/td><td>P\u00e1gina de acceso<\/td><\/tr><tr><td>Documentaci\u00f3n<\/td><td><a href=\"https:\/\/gassin.eu\/es\/informaciones-practicas\/documentacion\/\">https:\/\/gassin.eu\/fr\/informations-pratiques\/documentation\/<\/a><\/td><td>P\u00e1gina de descarga de documentaci\u00f3n<\/td><\/tr><\/tbody><\/table><\/figure>\n\n\n\n<h3 class=\"wp-block-heading\">Entorno de pruebas y herramientas para evaluar la accesibilidad<\/h3>\n\n\n\n<ul class=\"wp-block-list\">\n<li>Prueba manual basada en RGAA 4.1.2 (criterios y pruebas)<\/li>\n\n\n\n<li>Motor de renderizado: Blink, Gecko  <\/li>\n\n\n\n<li>Herramientas de an\u00e1lisis: Chrome versi\u00f3n 137, Firefox versi\u00f3n 140, Web Developer versi\u00f3n 3.0.1 (extensi\u00f3n), Color Contrast Analyzer versi\u00f3n 3.5.4  <\/li>\n\n\n\n<li>Lectores de pantalla: NVDA versi\u00f3n 2024.4.2, JAWS 2025.2505.43<\/li>\n<\/ul>\n\n\n\n<h3 class=\"wp-block-heading\">Contenido no accesible<\/h3>\n\n\n\n<p class=\"wp-block-paragraph\">A pesar de nuestros esfuerzos, algunos contenidos no son accesibles:<\/p>\n\n\n\n<ul class=\"wp-block-list\">\n<li>El men\u00fa principal es invisible cuando los scripts est\u00e1n desactivados.<\/li>\n\n\n\n<li>Los documentos disponibles para descarga no cumplen los criterios de accesibilidad.<\/li>\n\n\n\n<li>Algunas im\u00e1genes informativas no tienen texto alternativo al contenido visual, o \u00e9ste es irrelevante o demasiado largo.<\/li>\n\n\n\n<li>Algunos enlaces no etiquetados contienen texto en una lengua distinta de la lengua principal de la p\u00e1gina.<\/li>\n\n\n\n<li>El contador de art\u00edculos de la cesta no muestra el n\u00famero de art\u00edculos del texto accesible y no indica las actualizaciones din\u00e1micas de las tecnolog\u00edas de asistencia.<\/li>\n<\/ul>\n\n\n\n<h3 class=\"wp-block-heading\">Exenciones por carga desproporcionada<\/h3>\n\n\n\n<ul class=\"wp-block-list\">\n<li>Algunas publicaciones antiguas en PDF no ser\u00e1n accesibles debido a su antig\u00fcedad y a su coste desproporcionado.<\/li>\n<\/ul>\n\n\n\n<h3 class=\"wp-block-heading\">Contenidos no sujetos a la obligaci\u00f3n de accesibilidad<\/h3>\n\n\n\n<ul class=\"wp-block-list\">\n<li>Contenidos de terceros no financiados ni desarrollados por la organizaci\u00f3n en cuesti\u00f3n y que no est\u00e1n bajo su control (marco en l\u00ednea, reproductor de Youtube, cartograf\u00eda).<\/li>\n\n\n\n<li>Ficheros disponibles en formatos ofim\u00e1ticos publicados con anterioridad al 23 de septiembre de 2018, salvo que sean necesarios para la realizaci\u00f3n de un tr\u00e1mite administrativo incluido en el \u00e1mbito de las funciones desarrolladas por el organismo correspondiente.<\/li>\n\n\n\n<li>Contenidos de audio y v\u00eddeo pregrabados, incluidos los contenidos con componentes interactivos, publicados antes del 23 de septiembre de 2020.<\/li>\n<\/ul>\n\n\n\n<h2 class=\"wp-block-heading\">Preparaci\u00f3n de esta declaraci\u00f3n<\/h2>\n\n\n\n<p class=\"wp-block-paragraph\">Esta declaraci\u00f3n se elabor\u00f3 el 8 de julio de 2025, sobre la base de una auditor\u00eda completa realizada por un proveedor de servicios externo.<\/p>\n\n\n\n<h2 class=\"wp-block-heading\">Comentarios y contacto<\/h2>\n\n\n\n<p class=\"wp-block-paragraph\">Si no puede acceder al contenido o si observa una falta de accesibilidad, puede ponerse en contacto con el gestor del sitio web para que le dirija a una alternativa accesible o para obtener el contenido de otra forma.<\/p>\n\n\n\n<p class=\"wp-block-paragraph\"><a href=\"https:\/\/gassin.eu\/es\/informaciones-practicas\/contactenos\/\" data-type=\"page\" data-id=\"222\">Enviar un mensaje<\/a><\/p>\n\n\n\n<h2 class=\"wp-block-heading\">V\u00edas de recurso<\/h2>\n\n\n\n<p class=\"wp-block-paragraph\">Si observa una falta de accesibilidad que le impide acceder a un contenido o funcionalidad del sitio, y nos lo comunica y no obtiene respuesta por nuestra parte, tiene derecho a enviar sus quejas o una solicitud de remisi\u00f3n al Defensor de los Derechos.<\/p>\n\n\n\n<p class=\"wp-block-paragraph\">Hay varias formas de hacerlo:<\/p>\n\n\n\n<ul class=\"wp-block-list\">\n<li>Escriba un mensaje al D\u00e9fenseur des droits<a href=\"https:\/\/formulaire.defenseurdesdroits.fr\/\">(form.defenseurdesdroits.fr<\/a>)<\/li>\n\n\n\n<li>P\u00f3ngase en contacto con el delegado local de D\u00e9fenseur des droits<a href=\"https:\/\/defenseurdesdroits.fr\/saisir\/delegues\">(defenseurdesdroits.fr\/saisir\/delegues<\/a>)<\/li>\n\n\n\n<li>Env\u00ede una carta por correo (gratuita, no utilice sellos):<\/li>\n<\/ul>\n\n\n\n<p class=\"wp-block-paragraph\">D\u00e9fenseur des droits<br\/>Respuesta libre 71120<br\/>75342 Paris CEDEX 07<\/p>\n<\/div>\n","protected":false},"excerpt":{"rendered":"<p>La Oficina de Turismo de Gassin se compromete a hacer accesible su sitio web de conformidad con el art\u00edculo 47 de la ley n\u00ba 2005-102 de 11 de febrero de 2005. Esta declaraci\u00f3n de accesibilidad se aplica al sitio web https:\/\/gassin.eu. Estado de cumplimiento El sitio web https:\/\/gassin.eu cumple parcialmente las Normas Generales de Accesibilidad&#8230;<\/p>\n","protected":false},"author":6,"featured_media":0,"parent":0,"menu_order":155,"comment_status":"closed","ping_status":"closed","template":"","meta":{"_acf_changed":false,"_crdt_document":"","footnotes":""},"class_list":["post-5708","page","type-page","status-publish","hentry"],"acf":[],"_links":{"self":[{"href":"https:\/\/gassin.eu\/es\/wp-json\/wp\/v2\/pages\/5708","targetHints":{"allow":["GET"]}}],"collection":[{"href":"https:\/\/gassin.eu\/es\/wp-json\/wp\/v2\/pages"}],"about":[{"href":"https:\/\/gassin.eu\/es\/wp-json\/wp\/v2\/types\/page"}],"author":[{"embeddable":true,"href":"https:\/\/gassin.eu\/es\/wp-json\/wp\/v2\/users\/6"}],"replies":[{"embeddable":true,"href":"https:\/\/gassin.eu\/es\/wp-json\/wp\/v2\/comments?post=5708"}],"version-history":[{"count":1,"href":"https:\/\/gassin.eu\/es\/wp-json\/wp\/v2\/pages\/5708\/revisions"}],"predecessor-version":[{"id":5709,"href":"https:\/\/gassin.eu\/es\/wp-json\/wp\/v2\/pages\/5708\/revisions\/5709"}],"wp:attachment":[{"href":"https:\/\/gassin.eu\/es\/wp-json\/wp\/v2\/media?parent=5708"}],"curies":[{"name":"wp","href":"https:\/\/api.w.org\/{rel}","templated":true}]}}