{"id":7318,"date":"2020-10-16T13:10:07","date_gmt":"2020-10-16T11:10:07","guid":{"rendered":"https:\/\/gassin.eu\/gira-de-halloween-2025-el-sabbat-de-las-brujas\/"},"modified":"2026-05-05T14:36:32","modified_gmt":"2026-05-05T12:36:32","slug":"gira-de-halloween-2025-el-sabbat-de-las-brujas","status":"publish","type":"page","link":"https:\/\/gassin.eu\/es\/gira-de-halloween-2025-el-sabbat-de-las-brujas\/","title":{"rendered":"Gira de Halloween 2025 &#8211; El Sabbat de las Brujas"},"content":{"rendered":"\n<p class=\"wp-block-paragraph\">\u00a1Gassin se transforma en un pueblo maldito por Halloween! Del 11 de octubre al 2 de noviembre, d\u00e9jese llevar por el Sabbat de las Brujas, un recorrido misterioso y terror\u00edfico por las calles medievales. Enigmas espeluznantes y monstruos que acechan en las sombras: \u00a1sorpr\u00e9ndase!  <\/p>\n\n<figure class=\"wp-block-image size-large is-resized\"><img loading=\"lazy\" decoding=\"async\" width=\"724\" height=\"1024\" data-tippy-content=\"202510-affiche-halloween-sabbat-sorcieres\" src=\"https:\/\/gassin.eu\/wp-content\/uploads\/2025\/09\/202510-affiche-halloween-sabbat-sorcieres-724x1024.jpg\" alt=\"\" class=\"wp-image-6403\" style=\"aspect-ratio:0.7071172242552289;width:457px;height:auto\" srcset=\"https:\/\/gassin.eu\/wp-content\/uploads\/2025\/09\/202510-affiche-halloween-sabbat-sorcieres-724x1024.jpg 724w, https:\/\/gassin.eu\/wp-content\/uploads\/2025\/09\/202510-affiche-halloween-sabbat-sorcieres-212x300.jpg 212w, https:\/\/gassin.eu\/wp-content\/uploads\/2025\/09\/202510-affiche-halloween-sabbat-sorcieres-768x1086.jpg 768w, https:\/\/gassin.eu\/wp-content\/uploads\/2025\/09\/202510-affiche-halloween-sabbat-sorcieres-1086x1536.jpg 1086w, https:\/\/gassin.eu\/wp-content\/uploads\/2025\/09\/202510-affiche-halloween-sabbat-sorcieres-1448x2048.jpg 1448w, https:\/\/gassin.eu\/wp-content\/uploads\/2025\/09\/202510-affiche-halloween-sabbat-sorcieres-scaled.jpg 1810w\" sizes=\"auto, (max-width: 724px) 100vw, 724px\" \/><\/figure>\n\n<p class=\"wp-block-paragraph\">Cada cien a\u00f1os, el pueblo acoge el Gran Sabbat de las Brujas. Pero ha ocurrido una tragedia: las p\u00e1ginas del Grimoire des Ombres han sido arrancadas, sumiendo a Gassin en una maldici\u00f3n. Azala\u00efs, la poderosa bruja del pueblo, ha perdido la memoria, y sus invitados de todo el mundo se han vuelto m\u00e1s temibles que nunca&#8230; Para levantar la maldici\u00f3n, hay que encontrar las 13 p\u00e1ginas dispersas y superar las pruebas establecidas por cada bruja.  <\/p>\n\n<p class=\"wp-block-paragraph\">Le espera una b\u00fasqueda del tesoro gratuita y abierta a todos, con un folleto disponible en la Oficina de Turismo. Pero atenci\u00f3n: \u00a1s\u00f3lo los m\u00e1s valientes podr\u00e1n descifrar el Grimorio y salvar a Gassin de la maldici\u00f3n! <\/p>\n\n<p class=\"wp-block-paragraph\"><em> <a href=\"https:\/\/gassin.eu\/fr\/animation\/distractions-et-loisirs\/gassin\/parcours-halloween-7215813\/\" data-type=\"URL\" data-id=\"https:\/\/gassin.eu\/fr\/animation\/distractions-et-loisirs\/gassin\/parcours-halloween-le-vampire-de-gassin-6268900\/\">Aqu\u00ed est\u00e1 la hoja de presentaci\u00f3n del evento con todos los detalles<\/a>.<\/em><\/p>\n\n<p class=\"wp-block-paragraph\"><\/p>\n\n<h2 class=\"wp-block-heading\">Rastro de Halloween 2024 &#8211; El secreto de las ruinas perdidas<\/h2>\n\n<div class=\"wp-block-group is-layout-constrained wp-block-group-is-layout-constrained\">\n<p class=\"wp-block-paragraph\"><strong>\u00a1Bien hecho! Aqu\u00ed est\u00e1s, al final de tu viaje a Gassin, el pueblo de las brujas&#8230; \u00a1y ahora libre de zombis! A continuaci\u00f3n encontrar\u00e1s las respuestas a las preguntas.  <\/strong><\/p>\n\n\n\n<figure class=\"wp-block-image size-large is-resized\"><img loading=\"lazy\" decoding=\"async\" width=\"724\" height=\"1024\" data-tippy-content=\"affiche-teasing&#8211; copie\" src=\"https:\/\/gassin.eu\/wp-content\/uploads\/2024\/10\/affiche-teasing-copie-724x1024.jpg\" alt=\"\" class=\"wp-image-4611\" style=\"width:220px;height:auto\" srcset=\"https:\/\/gassin.eu\/wp-content\/uploads\/2024\/10\/affiche-teasing-copie-724x1024.jpg 724w, https:\/\/gassin.eu\/wp-content\/uploads\/2024\/10\/affiche-teasing-copie-212x300.jpg 212w, https:\/\/gassin.eu\/wp-content\/uploads\/2024\/10\/affiche-teasing-copie-768x1086.jpg 768w, https:\/\/gassin.eu\/wp-content\/uploads\/2024\/10\/affiche-teasing-copie-1086x1536.jpg 1086w, https:\/\/gassin.eu\/wp-content\/uploads\/2024\/10\/affiche-teasing-copie-1448x2048.jpg 1448w, https:\/\/gassin.eu\/wp-content\/uploads\/2024\/10\/affiche-teasing-copie-scaled.jpg 1810w\" sizes=\"auto, (max-width: 724px) 100vw, 724px\" \/><\/figure>\n\n\n\n<p class=\"wp-block-paragraph\"><em>Si a\u00fan no has empezado: <a href=\"https:\/\/gassin.eu\/fr\/animation\/distractions-et-loisirs\/gassin\/parcours-halloween-le-secret-des-ruines-perdues-7039872\/\" data-type=\"URL\" data-id=\"https:\/\/gassin.eu\/fr\/animation\/distractions-et-loisirs\/gassin\/parcours-halloween-le-vampire-de-gassin-6268900\/\">aqu\u00ed tienes la hoja informativa del evento con todos los detalles<\/a>.<\/em><\/p>\n\n\n\n<p class=\"wp-block-paragraph\"><\/p>\n\n\n\n<p class=\"wp-block-paragraph\">Paso 1: DODECAEDER<\/p>\n\n\n\n<p class=\"has-orange-600-color has-text-color has-link-color wp-elements-066171c1cf7bd5e23e0b002572477fe2 wp-block-paragraph\">Etapa 2: KAR y SEN<\/p>\n\n\n\n<p class=\"wp-block-paragraph\">Es un nombre de origen preindoeuropeo que significa \u00abpiedra\u00bb y \u00abcolocado sobre\u00bb.<\/p>\n\n\n\n<p class=\"has-orange-500-color has-text-color has-link-color wp-elements-4e97111fd9a674059291b5e564ffc960 wp-block-paragraph\">Etapa 3: el BELLADONE<\/p>\n\n\n\n<p class=\"wp-block-paragraph\">Etapa 4: CARB\u00d3N<\/p>\n\n\n\n<p class=\"has-orange-600-color has-text-color has-link-color wp-elements-0b6cfba5fcb97b0d277b9240a688740a wp-block-paragraph\">Etapa 5: <strong>CORDyceps<\/strong><\/p>\n\n\n\n<p class=\"wp-block-paragraph\">Paso 6: Los n\u00fameros son 2, 5, 6 y 7<\/p>\n\n\n\n<p class=\"wp-block-paragraph\">Ir hacia LA RUE LONGUE DES PIERRES AGRIPPANTES<\/p>\n\n\n\n<p class=\"has-orange-600-color has-text-color has-link-color wp-elements-22e34b523ab17a4fffd4fa6b60112b7d wp-block-paragraph\">Etapa 7: SERPENTINA y BASALTE<\/p>\n\n\n\n<p class=\"wp-block-paragraph\">Etapa 8: Zombi = 5; Escalera = 7; Nivel = 1; Inscripci\u00f3n = 8; Teodolito = 3; Hacha = 4; \u00c1nfora = 2; Lupa = 6<\/p>\n\n\n\n<p class=\"wp-block-paragraph\">La palabra es ZENITHAL.<\/p>\n\n\n\n<p class=\"wp-block-paragraph\">Horizontal es el adjetivo para AZIMUTHAL y vertical para Z\u00c9NITHAL.<\/p>\n\n\n\n<p class=\"has-alert-color has-text-color has-link-color wp-elements-53a070497376125771ba3e36b747274d wp-block-paragraph\">Paso 9: ES LA CASA DE LA BRUJA<\/p>\n\n\n\n<p class=\"wp-block-paragraph\">Paso 10:  <\/p>\n\n\n\n<p class=\"has-warning-color has-text-color has-link-color wp-elements-225d0ca167e39c05e52191b56bd7a6b0 wp-block-paragraph\">Paso 11: La ortograf\u00eda correcta es: MACCHAB\u00c9ES<\/p>\n\n\n\n<p class=\"wp-block-paragraph\">Etapa 12: el CHAT MIAULE<\/p>\n\n\n\n<p class=\"wp-block-paragraph\">el PERRO ladra<\/p>\n\n\n\n<p class=\"wp-block-paragraph\">le CANARD CANCANE<\/p>\n\n\n\n<p class=\"wp-block-paragraph\">el BRAME CERF<\/p>\n\n\n\n<p class=\"wp-block-paragraph\">el CABALLO HENNIT<\/p>\n\n\n\n<p class=\"wp-block-paragraph\">el BUHO HULUL<\/p>\n\n\n\n<p class=\"wp-block-paragraph\">el CRAPAUD COASSE<\/p>\n\n\n\n<p class=\"wp-block-paragraph\">el CHACAL JAPON\u00c9S<\/p>\n\n\n\n<p class=\"wp-block-paragraph\">el AVE CROASSE<\/p>\n\n\n\n<p class=\"wp-block-paragraph\">CHAMEAU BLAT\u00c8RE<\/p>\n\n\n\n<p class=\"wp-block-paragraph\">la CHAUVE-SOURIS GRINCE<\/p>\n\n\n\n<p class=\"wp-block-paragraph\">&#8230;&#8230;&#8230;&#8230;..<\/p>\n\n\n\n<p class=\"wp-block-paragraph\">Gracias por su participaci\u00f3n  <\/p>\n\n\n\n<figure class=\"wp-block-gallery has-nested-images columns-default is-cropped wp-block-gallery-1 is-layout-flex wp-block-gallery-is-layout-flex\">\n<figure class=\"wp-block-image size-large\"><img loading=\"lazy\" decoding=\"async\" width=\"724\" height=\"1024\" data-id=\"4617\" data-tippy-content=\"elogie&#8212;311084\" src=\"https:\/\/gassin.eu\/wp-content\/uploads\/2024\/10\/elogie-311084-724x1024.png\" alt=\"\" class=\"wp-image-4617\" srcset=\"https:\/\/gassin.eu\/wp-content\/uploads\/2024\/10\/elogie-311084-724x1024.png 724w, https:\/\/gassin.eu\/wp-content\/uploads\/2024\/10\/elogie-311084-212x300.png 212w, https:\/\/gassin.eu\/wp-content\/uploads\/2024\/10\/elogie-311084-768x1087.png 768w, https:\/\/gassin.eu\/wp-content\/uploads\/2024\/10\/elogie-311084.png 848w\" sizes=\"auto, (max-width: 724px) 100vw, 724px\" \/><\/figure>\n\n\n\n<figure class=\"wp-block-image size-large\"><img loading=\"lazy\" decoding=\"async\" width=\"724\" height=\"1024\" data-id=\"4630\" data-tippy-content=\"antoine&#8212;311084\" src=\"https:\/\/gassin.eu\/wp-content\/uploads\/2024\/10\/antoine-311084-724x1024.png\" alt=\"\" class=\"wp-image-4630\" srcset=\"https:\/\/gassin.eu\/wp-content\/uploads\/2024\/10\/antoine-311084-724x1024.png 724w, https:\/\/gassin.eu\/wp-content\/uploads\/2024\/10\/antoine-311084-212x300.png 212w, https:\/\/gassin.eu\/wp-content\/uploads\/2024\/10\/antoine-311084-768x1086.png 768w, https:\/\/gassin.eu\/wp-content\/uploads\/2024\/10\/antoine-311084.png 849w\" sizes=\"auto, (max-width: 724px) 100vw, 724px\" \/><\/figure>\n\n\n\n<figure class=\"wp-block-image size-large\"><img loading=\"lazy\" decoding=\"async\" width=\"724\" height=\"1024\" data-id=\"4628\" data-tippy-content=\"camille&#8211;311084\" src=\"https:\/\/gassin.eu\/wp-content\/uploads\/2024\/10\/camille-311084-724x1024.png\" alt=\"\" class=\"wp-image-4628\" srcset=\"https:\/\/gassin.eu\/wp-content\/uploads\/2024\/10\/camille-311084-724x1024.png 724w, https:\/\/gassin.eu\/wp-content\/uploads\/2024\/10\/camille-311084-212x300.png 212w, https:\/\/gassin.eu\/wp-content\/uploads\/2024\/10\/camille-311084-768x1086.png 768w, https:\/\/gassin.eu\/wp-content\/uploads\/2024\/10\/camille-311084.png 849w\" sizes=\"auto, (max-width: 724px) 100vw, 724px\" \/><\/figure>\n\n\n\n<figure class=\"wp-block-image size-large\"><img loading=\"lazy\" decoding=\"async\" width=\"724\" height=\"1024\" data-id=\"4627\" data-tippy-content=\"julien&#8212;-311084\" src=\"https:\/\/gassin.eu\/wp-content\/uploads\/2024\/10\/julien-311084-724x1024.png\" alt=\"\" class=\"wp-image-4627\" srcset=\"https:\/\/gassin.eu\/wp-content\/uploads\/2024\/10\/julien-311084-724x1024.png 724w, https:\/\/gassin.eu\/wp-content\/uploads\/2024\/10\/julien-311084-212x300.png 212w, https:\/\/gassin.eu\/wp-content\/uploads\/2024\/10\/julien-311084-768x1086.png 768w, https:\/\/gassin.eu\/wp-content\/uploads\/2024\/10\/julien-311084.png 849w\" sizes=\"auto, (max-width: 724px) 100vw, 724px\" \/><\/figure>\n\n\n\n<figure class=\"wp-block-image size-large\"><img loading=\"lazy\" decoding=\"async\" width=\"724\" height=\"1024\" data-id=\"4632\" data-tippy-content=\"maxime&#8211;311084\" src=\"https:\/\/gassin.eu\/wp-content\/uploads\/2024\/10\/maxime-311084-724x1024.png\" alt=\"\" class=\"wp-image-4632\" srcset=\"https:\/\/gassin.eu\/wp-content\/uploads\/2024\/10\/maxime-311084-724x1024.png 724w, https:\/\/gassin.eu\/wp-content\/uploads\/2024\/10\/maxime-311084-212x300.png 212w, https:\/\/gassin.eu\/wp-content\/uploads\/2024\/10\/maxime-311084-768x1086.png 768w, https:\/\/gassin.eu\/wp-content\/uploads\/2024\/10\/maxime-311084.png 849w\" sizes=\"auto, (max-width: 724px) 100vw, 724px\" \/><\/figure>\n\n\n\n<figure class=\"wp-block-image size-large\"><img loading=\"lazy\" decoding=\"async\" width=\"724\" height=\"1024\" data-id=\"4622\" data-tippy-content=\"emilie-311084\" src=\"https:\/\/gassin.eu\/wp-content\/uploads\/2024\/10\/emilie-311084-724x1024.png\" alt=\"\" class=\"wp-image-4622\" srcset=\"https:\/\/gassin.eu\/wp-content\/uploads\/2024\/10\/emilie-311084-724x1024.png 724w, https:\/\/gassin.eu\/wp-content\/uploads\/2024\/10\/emilie-311084-212x300.png 212w, https:\/\/gassin.eu\/wp-content\/uploads\/2024\/10\/emilie-311084-768x1087.png 768w, https:\/\/gassin.eu\/wp-content\/uploads\/2024\/10\/emilie-311084.png 848w\" sizes=\"auto, (max-width: 724px) 100vw, 724px\" \/><\/figure>\n<\/figure>\n\n\n\n<p class=\"wp-block-paragraph\">HALLOWEEN 2023 ARCHIVO &#8211; Ruta de Halloween 2023 &#8211; Caza de zombis<\/p>\n\n\n\n<p class=\"wp-block-paragraph\"><strong>\u00a1Bien hecho! Aqu\u00ed est\u00e1s, al final de tu viaje a Gassin, el pueblo de las brujas&#8230; \u00a1y ahora libre de zombis! A continuaci\u00f3n encontrar\u00e1s las respuestas a las preguntas.  <\/strong><\/p>\n\n\n\n<p class=\"wp-block-paragraph\"><em>Si a\u00fan no has empezado: <a href=\"https:\/\/gassin.eu\/fr\/animation\/distractions-et-loisirs\/gassin\/la-traque-des-zombies-6676210\/\" data-type=\"URL\" data-id=\"https:\/\/gassin.eu\/fr\/animation\/distractions-et-loisirs\/gassin\/parcours-halloween-le-vampire-de-gassin-6268900\/\">aqu\u00ed tienes la hoja informativa del evento con todos los detalles<\/a>.<\/em><\/p>\n\n\n\n<p class=\"wp-block-paragraph\"><img decoding=\"async\" src=\"https:\/\/gassin.eu\/wp-content\/uploads\/2022\/10\/2022-affiche-halloween-Gassin-le-vampire-de-Gassin-parcours-jeu-pour-enfant-724x1024.png\" alt=\"El atributo alt de esta imagen est&#xE1; vac&#xED;o. El nombre de archivo es 2022-affiche-halloween-Gassin-le-vampire-de-Gassin-parcours-jeu-pour-enfant-724x1024.png.\"\/><\/p><div class=\"components-drop-zone\" data-is-drop-zone=\"true\"><\/div><hr tabindex=\"0\" class=\"block-editor-block-list__block wp-block has-css-opacity wp-block-separator\" id=\"block-a5a057b1-529a-459a-af1a-147a297374db\" role=\"document\" aria-label=\"Bloc&#xA0;: S&#xE9;parateur\" data-block=\"a5a057b1-529a-459a-af1a-147a297374db\" data-type=\"core\/separator\" data-title=\"S&#xE9;parateur\"\/>Les r\u00e9ponses aux questions\n\n\n\n<p class=\"wp-block-paragraph\">Etapa 1: Las ubicaciones son :<\/p>\n\n\n\n<p class=\"wp-block-paragraph\">A. La horrible oficina<\/p>\n\n\n\n<p class=\"wp-block-paragraph\">B. Cueva de Jack<\/p>\n\n\n\n<p class=\"wp-block-paragraph\">C. La terraza encantada<\/p>\n\n\n\n<p class=\"wp-block-paragraph\">D. La calle sin fin<\/p>\n\n\n\n<p class=\"wp-block-paragraph\">E. La Guarida Zombi<\/p>\n\n\n\n<p class=\"wp-block-paragraph\">F. El paso de los antiguos esp\u00edritus<\/p>\n\n\n\n<p class=\"wp-block-paragraph\"><\/p>\n\n\n\n<p class=\"wp-block-paragraph\"><\/p>\n\n\n\n<p class=\"wp-block-paragraph\"><\/p>\n\n\n\n<p class=\"wp-block-paragraph\"><\/p>\n<\/div>\n","protected":false},"excerpt":{"rendered":"<p>\u00a1Gassin se transforma en un pueblo maldito por Halloween! Del 11 de octubre al 2 de noviembre, d\u00e9jese llevar por el Sabbat de las Brujas, un recorrido misterioso y terror\u00edfico por las calles medievales. Enigmas espeluznantes y monstruos que acechan en las sombras: \u00a1sorpr\u00e9ndase! Cada cien a\u00f1os, el pueblo acoge el Gran Sabbat de las&#8230;<\/p>\n","protected":false},"author":7,"featured_media":0,"parent":0,"menu_order":246,"comment_status":"closed","ping_status":"closed","template":"","meta":{"_acf_changed":false,"_crdt_document":"","footnotes":""},"class_list":["post-7318","page","type-page","status-publish","hentry"],"acf":[],"_links":{"self":[{"href":"https:\/\/gassin.eu\/es\/wp-json\/wp\/v2\/pages\/7318","targetHints":{"allow":["GET"]}}],"collection":[{"href":"https:\/\/gassin.eu\/es\/wp-json\/wp\/v2\/pages"}],"about":[{"href":"https:\/\/gassin.eu\/es\/wp-json\/wp\/v2\/types\/page"}],"author":[{"embeddable":true,"href":"https:\/\/gassin.eu\/es\/wp-json\/wp\/v2\/users\/7"}],"replies":[{"embeddable":true,"href":"https:\/\/gassin.eu\/es\/wp-json\/wp\/v2\/comments?post=7318"}],"version-history":[{"count":1,"href":"https:\/\/gassin.eu\/es\/wp-json\/wp\/v2\/pages\/7318\/revisions"}],"predecessor-version":[{"id":7320,"href":"https:\/\/gassin.eu\/es\/wp-json\/wp\/v2\/pages\/7318\/revisions\/7320"}],"wp:attachment":[{"href":"https:\/\/gassin.eu\/es\/wp-json\/wp\/v2\/media?parent=7318"}],"curies":[{"name":"wp","href":"https:\/\/api.w.org\/{rel}","templated":true}]}}