{"id":7323,"date":"2021-11-15T15:24:24","date_gmt":"2021-11-15T14:24:24","guid":{"rendered":"https:\/\/gassin.eu\/concurso-de-dibujo-navideno-en-gassin\/"},"modified":"2026-05-05T14:36:32","modified_gmt":"2026-05-05T12:36:32","slug":"concurso-de-dibujo-navideno-en-gassin","status":"publish","type":"page","link":"https:\/\/gassin.eu\/es\/concurso-de-dibujo-navideno-en-gassin\/","title":{"rendered":"Concurso de dibujo navide\u00f1o en Gassin"},"content":{"rendered":"\n<div class=\"wp-block-group is-layout-constrained wp-block-group-is-layout-constrained\">\n<figure class=\"wp-block-image size-large is-resized\"><img loading=\"lazy\" decoding=\"async\" width=\"724\" height=\"1024\" data-tippy-content=\"NOEL-CONCOURS-DESSIN-2021-PBVDF\" src=\"https:\/\/gassin.eu\/wp-content\/uploads\/2021\/11\/NOEL-CONCOURS-DESSIN-2021-PBVDF-724x1024.png\" alt=\"\" class=\"wp-image-2640\" style=\"width:427px;height:603px\" srcset=\"https:\/\/gassin.eu\/wp-content\/uploads\/2021\/11\/NOEL-CONCOURS-DESSIN-2021-PBVDF-724x1024.png 724w, https:\/\/gassin.eu\/wp-content\/uploads\/2021\/11\/NOEL-CONCOURS-DESSIN-2021-PBVDF-212x300.png 212w, https:\/\/gassin.eu\/wp-content\/uploads\/2021\/11\/NOEL-CONCOURS-DESSIN-2021-PBVDF-768x1086.png 768w, https:\/\/gassin.eu\/wp-content\/uploads\/2021\/11\/NOEL-CONCOURS-DESSIN-2021-PBVDF-1086x1536.png 1086w, https:\/\/gassin.eu\/wp-content\/uploads\/2021\/11\/NOEL-CONCOURS-DESSIN-2021-PBVDF-1448x2048.png 1448w\" sizes=\"auto, (max-width: 724px) 100vw, 724px\" \/><\/figure>\n\n\n\n<h2 class=\"wp-block-heading\">Reglamento del concurso de 2021<\/h2>\n\n\n\n<p class=\"wp-block-paragraph\">Bases del concurso de dibujo organizado por la Oficina de Turismo de Gassin:<\/p>\n\n\n\n<p class=\"wp-block-paragraph\">Art\u00edculo I: Objeto del concurso<\/p>\n\n\n\n<p class=\"wp-block-paragraph\">La Oficina de Turismo de Gassin organiza un concurso de dibujo gratuito abierto a ni\u00f1os de 3 a 10 a\u00f1os, con 3 categor\u00edas:<\/p>\n\n\n\n<p class=\"wp-block-paragraph\">&#8211; Ni\u00f1os de 3 a 5 a\u00f1os<br\/>&#8211; Ni\u00f1os de 6 a 8 a\u00f1os<br\/>&#8211; Ni\u00f1os de 9 a 10 a\u00f1os<\/p>\n\n\n\n<p class=\"wp-block-paragraph\">Se conceder\u00e1 un premio por categor\u00eda.<\/p>\n\n\n\n<p class=\"wp-block-paragraph\">Art\u00edculo II: Tema del concurso<\/p>\n\n\n\n<p class=\"wp-block-paragraph\">Los trabajos deben basarse en el tema \u00abEsperando la Navidad\u00bb.<\/p>\n\n\n\n<p class=\"wp-block-paragraph\">Art\u00edculo III: C\u00f3mo participar<br\/>Se trata de un concurso individual. Cada participante s\u00f3lo podr\u00e1 presentar un dibujo. <br\/>Los dibujos deben realizarse en papel blanco A4 (21&#215;29,7).<br\/>Se aceptan todas las t\u00e9cnicas de dibujo manual: rotuladores, l\u00e1pices, pasteles, pintura, collage, acuarela, etc.<br\/>Cada dibujo deber\u00e1 llevar escrito al dorso, de forma legible, lo siguiente<br\/>&#8211; Apellidos, nombre y fecha de nacimiento del ni\u00f1o<br\/>&#8211; Un n\u00famero de tel\u00e9fono<br\/>&#8211; Una direcci\u00f3n de correo electr\u00f3nico (si es posible)<br\/>Env\u00ede su dibujo a la siguiente direcci\u00f3n, ya sea por correo postal o entreg\u00e1ndolo directamente en la oficina de turismo del pueblo de Gassin a partir del 16 de noviembre de 2021:<\/p>\n\n\n\n<p class=\"wp-block-paragraph\">(Fecha l\u00edmite de inscripci\u00f3n: viernes 10 de diciembre de 2021)<\/p>\n\n\n\n<p class=\"wp-block-paragraph\">Oficina de Turismo de Gassin<br\/>20 place L\u00e9on Martel, mont\u00e9e Saint Joseph<br\/>83580 Gassin<\/p>\n\n\n\n<p class=\"wp-block-paragraph\">Art\u00edculo IV: Responsabilidad<\/p>\n\n\n\n<p class=\"wp-block-paragraph\">Los organizadores no se hacen responsables de la p\u00e9rdida o deterioro de los dibujos.<\/p>\n\n\n\n<p class=\"wp-block-paragraph\">Art\u00edculo V: Selecci\u00f3n y resultados del concurso<\/p>\n\n\n\n<p class=\"wp-block-paragraph\">Un jurado compuesto por miembros de la Oficina de Turismo y un delineante profesional seleccionar\u00e1 los mejores dibujos en cada una de las tres categor\u00edas.<br\/><br\/>Se basar\u00e1 en los criterios de conformidad con el formato del pliego, las limitaciones impuestas, el cuidado del dibujo y la originalidad.<\/p>\n\n\n\n<p class=\"wp-block-paragraph\">Los dibujos deben estar relacionados con el tema: \u00abDib\u00fajame un \u00e1rbol\u00bb.<br\/>Los dibujos de los ganadores se expondr\u00e1n en l\u00ednea en gassin.eu y en Navidad en Gassin el 11 de diciembre.<\/p>\n\n\n\n<p class=\"wp-block-paragraph\">Dados los premios concedidos, se requiere la presencia de los participantes o de una persona que represente al ganador.<\/p>\n\n\n\n<p class=\"wp-block-paragraph\">Art\u00edculo VI: Precios<\/p>\n\n\n\n<p class=\"wp-block-paragraph\">Los dos mejores dibujos de cada categor\u00eda ser\u00e1n premiados tras las deliberaciones del jurado el 11 de diciembre.<\/p>\n\n\n\n<p class=\"wp-block-paragraph\">Art\u00edculo VII: Derechos de autor y de imagen<\/p>\n\n\n\n<p class=\"wp-block-paragraph\">En ning\u00fan caso se pagar\u00e1n derechos de autor o de distribuci\u00f3n por los dibujos realizados. Cada candidato renuncia a sus derechos patrimoniales sobre su dibujo, y la Oficina de Turismo podr\u00e1 utilizar los dibujos en las circunstancias y soportes que considere oportunos. <\/p>\n\n\n\n<p class=\"wp-block-paragraph\">Art\u00edculo VIII: Varios<\/p>\n\n\n\n<p class=\"wp-block-paragraph\">La participaci\u00f3n en este concurso implica la plena aceptaci\u00f3n de estas normas.<\/p>\n\n\n\n<p class=\"wp-block-paragraph\">La Oficina de Turismo de Gassin, organizadora de este concurso, no podr\u00e1 ser considerada responsable si, por razones ajenas a su voluntad, el concurso se aplaza o anula.<\/p>\n\n\n\n<p class=\"wp-block-paragraph\">De conformidad con la Ley francesa de Protecci\u00f3n de Datos de 6 de enero de 1978, art. L.27, los participantes tienen derecho a acceder, modificar, rectificar y suprimir los datos que les conciernan.<\/p>\n\n\n\n<p class=\"wp-block-paragraph\"><\/p>\n\n\n\n<p class=\"wp-block-paragraph\"><\/p>\n<\/div>\n","protected":false},"excerpt":{"rendered":"<p>Reglamento del concurso de 2021 Bases del concurso de dibujo organizado por la Oficina de Turismo de Gassin: Art\u00edculo I: Objeto del concurso La Oficina de Turismo de Gassin organiza un concurso de dibujo gratuito abierto a ni\u00f1os de 3 a 10 a\u00f1os, con 3 categor\u00edas: &#8211; Ni\u00f1os de 3 a 5 a\u00f1os&#8211; Ni\u00f1os de&#8230;<\/p>\n","protected":false},"author":7,"featured_media":0,"parent":0,"menu_order":190,"comment_status":"closed","ping_status":"closed","template":"","meta":{"_acf_changed":false,"_crdt_document":"","footnotes":""},"class_list":["post-7323","page","type-page","status-publish","hentry"],"acf":[],"_links":{"self":[{"href":"https:\/\/gassin.eu\/es\/wp-json\/wp\/v2\/pages\/7323","targetHints":{"allow":["GET"]}}],"collection":[{"href":"https:\/\/gassin.eu\/es\/wp-json\/wp\/v2\/pages"}],"about":[{"href":"https:\/\/gassin.eu\/es\/wp-json\/wp\/v2\/types\/page"}],"author":[{"embeddable":true,"href":"https:\/\/gassin.eu\/es\/wp-json\/wp\/v2\/users\/7"}],"replies":[{"embeddable":true,"href":"https:\/\/gassin.eu\/es\/wp-json\/wp\/v2\/comments?post=7323"}],"version-history":[{"count":1,"href":"https:\/\/gassin.eu\/es\/wp-json\/wp\/v2\/pages\/7323\/revisions"}],"predecessor-version":[{"id":7325,"href":"https:\/\/gassin.eu\/es\/wp-json\/wp\/v2\/pages\/7323\/revisions\/7325"}],"wp:attachment":[{"href":"https:\/\/gassin.eu\/es\/wp-json\/wp\/v2\/media?parent=7323"}],"curies":[{"name":"wp","href":"https:\/\/api.w.org\/{rel}","templated":true}]}}