{"id":7326,"date":"2021-03-29T18:01:30","date_gmt":"2021-03-29T16:01:30","guid":{"rendered":"https:\/\/gassin.eu\/archivo-del-curso-de-semana-santa-2021-en-gassin\/"},"modified":"2026-05-05T14:36:32","modified_gmt":"2026-05-05T12:36:32","slug":"archivo-del-curso-de-semana-santa-2021-en-gassin","status":"publish","type":"page","link":"https:\/\/gassin.eu\/es\/archivo-del-curso-de-semana-santa-2021-en-gassin\/","title":{"rendered":"Archivo del curso de Semana Santa 2021 en Gassin"},"content":{"rendered":"\n<div class=\"wp-block-group is-layout-constrained wp-block-group-is-layout-constrained\">\n<h2 class=\"wp-block-heading\">2023<\/h2>\n\n\n\n<p class=\"wp-block-paragraph\">Aqu\u00ed encontrar\u00e1 las respuestas a la ruta de Semana Santa 2023 organizada por la oficina de turismo: L&#8217;\u00e9chapp\u00e9e des poules.<\/p>\n\n\n\n<p class=\"wp-block-paragraph\"><\/p>\n\n\n\n<p class=\"has-luminous-vivid-orange-color has-text-color wp-block-paragraph\">Pregunta 1: 7 huevos en la pajarera, 1000 gramos de harina, 2,5 botellas de leche, 450 gramos de az\u00facar.<\/p>\n\n\n\n<p class=\"wp-block-paragraph\">Pregunta 2:<strong> <\/strong>2 en los \u00e1rboles, uno detr\u00e1s de la caja<\/p>\n\n\n\n<p class=\"has-vivid-green-cyan-color has-text-color wp-block-paragraph\"><strong>Pregunta 3:<\/strong> Gallino<\/p>\n\n\n\n<p class=\"has-vivid-cyan-blue-color has-text-color wp-block-paragraph\">Pregunta 4: 2 3 4 5 6 7 8 10 13 14 15 16 17 18<\/p>\n\n\n\n<p class=\"has-luminous-vivid-orange-color has-text-color wp-block-paragraph\"><strong>Pregunta 5:<\/strong> sobre los canalones<\/p>\n\n\n\n<p class=\"has-vivid-purple-color has-text-color wp-block-paragraph\">Pregunta 6: 2+7=9, 4+5=9, 3+6=9, 1+8=9<\/p>\n\n\n\n<p class=\"has-vivid-green-cyan-color has-text-color wp-block-paragraph\"><strong>Pregunta 7:<\/strong> topera=4, madriguera=6 madriguera=1, conejera=7, pocilga=2, redil=3, colmena=5<\/p>\n\n\n\n<p class=\"wp-block-paragraph\">Pregunta 8: <strong>Bombones<\/strong><\/p>\n\n\n\n<p class=\"has-vivid-cyan-blue-color has-text-color wp-block-paragraph\"><strong>Pregunta 9:<\/strong> puerta, canalones, laurel, cerca de la caja<\/p>\n\n\n\n<p class=\"has-vivid-green-cyan-color has-text-color wp-block-paragraph\">Pregunta 10: El pollito p\u00eda<\/p>\n\n\n\n<p class=\"has-luminous-vivid-orange-color has-text-color wp-block-paragraph\"><strong>Pregunta 11 <\/strong>: sobre los canalones<\/p>\n\n\n\n<p class=\"has-vivid-red-color has-text-color wp-block-paragraph\">Pregunta 12: El zorro, la urraca, la serpiente, la gardu\u00f1a, el gavil\u00e1n<\/p>\n\n\n\n<p class=\"wp-block-paragraph\">Pregunta 13: Gassinette es el n\u00famero 3<\/p>\n\n\n\n<p class=\"wp-block-paragraph\"><\/p>\n\n\n\n<p class=\"wp-block-paragraph\"><\/p>\n\n\n\n<h2 class=\"wp-block-heading\">2021<\/h2>\n\n\n\n<p class=\"wp-block-paragraph\"><\/p>\n\n\n\n<figure class=\"wp-block-image size-large\"><img loading=\"lazy\" decoding=\"async\" width=\"724\" height=\"1024\" data-tippy-content=\"AFFICHE-paques-1\" src=\"https:\/\/gassin.eu\/wp-content\/uploads\/2021\/04\/AFFICHE-paques-1-724x1024.jpg\" alt=\"\" class=\"wp-image-2332\" srcset=\"https:\/\/gassin.eu\/wp-content\/uploads\/2021\/04\/AFFICHE-paques-1-724x1024.jpg 724w, https:\/\/gassin.eu\/wp-content\/uploads\/2021\/04\/AFFICHE-paques-1-212x300.jpg 212w, https:\/\/gassin.eu\/wp-content\/uploads\/2021\/04\/AFFICHE-paques-1-768x1086.jpg 768w, https:\/\/gassin.eu\/wp-content\/uploads\/2021\/04\/AFFICHE-paques-1-1086x1536.jpg 1086w, https:\/\/gassin.eu\/wp-content\/uploads\/2021\/04\/AFFICHE-paques-1-1448x2048.jpg 1448w, https:\/\/gassin.eu\/wp-content\/uploads\/2021\/04\/AFFICHE-paques-1-scaled.jpg 1810w\" sizes=\"auto, (max-width: 724px) 100vw, 724px\" \/><\/figure>\n\n\n\n<p class=\"wp-block-paragraph\"><\/p>\n\n\n\n<figure class=\"wp-block-image size-large\"><img loading=\"lazy\" decoding=\"async\" width=\"724\" height=\"1024\" data-tippy-content=\"fond-de-carte-paques-ok\" src=\"https:\/\/gassin.eu\/wp-content\/uploads\/2021\/04\/fond-de-carte-paques-ok-724x1024.jpg\" alt=\"\" class=\"wp-image-2337\" srcset=\"https:\/\/gassin.eu\/wp-content\/uploads\/2021\/04\/fond-de-carte-paques-ok-724x1024.jpg 724w, https:\/\/gassin.eu\/wp-content\/uploads\/2021\/04\/fond-de-carte-paques-ok-212x300.jpg 212w, https:\/\/gassin.eu\/wp-content\/uploads\/2021\/04\/fond-de-carte-paques-ok-768x1086.jpg 768w, https:\/\/gassin.eu\/wp-content\/uploads\/2021\/04\/fond-de-carte-paques-ok-1086x1536.jpg 1086w, https:\/\/gassin.eu\/wp-content\/uploads\/2021\/04\/fond-de-carte-paques-ok-1448x2048.jpg 1448w, https:\/\/gassin.eu\/wp-content\/uploads\/2021\/04\/fond-de-carte-paques-ok-scaled.jpg 1810w\" sizes=\"auto, (max-width: 724px) 100vw, 724px\" \/><\/figure>\n\n\n\n<p class=\"wp-block-paragraph\"><\/p>\n\n\n\n<p class=\"wp-block-paragraph\"><\/p>\n\n\n\n<p class=\"wp-block-paragraph\">Descubre aqu\u00ed todas las respuestas a la Ruta de Pascua 2021 en Gassin.<\/p>\n\n\n\n<p class=\"wp-block-paragraph\"><strong>Respuestas<\/strong><\/p>\n\n\n\n<p class=\"wp-block-paragraph\"><strong>1- Techo de la oficina de turismo<\/strong><\/p>\n\n\n\n<p class=\"wp-block-paragraph\">Bajo la mesa de orientaci\u00f3n<\/p>\n\n\n\n<p class=\"wp-block-paragraph\"><strong>2- <\/strong><strong>Ramparts<\/strong><\/p>\n\n\n\n<p class=\"wp-block-paragraph\"><strong>3- <\/strong><strong>Passage des B\u00e9n\u00e9dictins<\/strong><strong>: <\/strong>2 y 6<\/p>\n\n\n\n<p class=\"wp-block-paragraph\"><strong>4- <\/strong><strong>Iglesia:<\/strong> 1758<\/p>\n\n\n\n<p class=\"wp-block-paragraph\"><strong>5- Puerta sarracena<\/strong> en la bisagra<\/p>\n\n\n\n<p class=\"wp-block-paragraph\"><strong>6- <\/strong><strong>Rue de la Tasco : <\/strong>Pascal<\/p>\n\n\n\n<p class=\"wp-block-paragraph\"><strong>7- Rue de la Calade<\/strong><\/p>\n\n\n\n<figure class=\"wp-block-image size-large\"><img loading=\"lazy\" decoding=\"async\" width=\"425\" height=\"476\" data-tippy-content=\"image\" src=\"https:\/\/gassin.eu\/wp-content\/uploads\/2021\/03\/image.png\" alt=\"\" class=\"wp-image-2282\" srcset=\"https:\/\/gassin.eu\/wp-content\/uploads\/2021\/03\/image.png 425w, https:\/\/gassin.eu\/wp-content\/uploads\/2021\/03\/image-268x300.png 268w\" sizes=\"auto, (max-width: 425px) 100vw, 425px\" \/><\/figure>\n\n\n\n<p class=\"wp-block-paragraph\"><\/p>\n\n\n\n<p class=\"wp-block-paragraph\"><strong>8- <\/strong><strong>Escaleras<\/strong><strong>: <\/strong>almez<\/p>\n\n\n\n<p class=\"wp-block-paragraph\"><strong>9- Mesa de orientaci\u00f3n en las Islas Doradas: <\/strong>en la rampa<\/p>\n\n\n\n<p class=\"wp-block-paragraph\"><strong>10- <\/strong><strong>Rue de l&#8217;Enclos : <\/strong>Gallina<\/p>\n\n\n\n<p class=\"wp-block-paragraph\"><strong>11- <\/strong><strong>Rue du Puits: <\/strong>pollito<\/p>\n\n\n\n<p class=\"wp-block-paragraph\"><strong>12- Pasaje de l&#8217;Androuno<\/strong><\/p>\n\n\n\n<p class=\"wp-block-paragraph\"><strong>13- <\/strong><strong>Rue des Fabriques : <\/strong><strong>4-2-6-3-1-5<\/strong><\/p>\n\n\n\n<p class=\"wp-block-paragraph\"><strong>14- <\/strong><strong>Rue de la Treille <\/strong>: a)<\/p>\n\n\n\n<p class=\"wp-block-paragraph\"><strong>15- <\/strong><strong>Rue Troubadour Rollet de Garcin <\/strong>: Se pelearon<\/p>\n\n\n\n<p class=\"wp-block-paragraph\"><strong>16- <\/strong><strong>Rue Rompecuou : <\/strong>Gassin<\/p>\n\n\n\n<p class=\"wp-block-paragraph\"><strong>17- <\/strong><strong>Rue Longue<\/strong><\/p>\n\n\n\n<p class=\"wp-block-paragraph\">Jacinthe<\/p>\n\n\n\n<p class=\"wp-block-paragraph\">Pr\u00edmula o margarita o campanilla de invierno<\/p>\n\n\n\n<p class=\"wp-block-paragraph\">Tulip\u00e1n<\/p>\n\n\n\n<p class=\"wp-block-paragraph\">Magnolia o margarita<\/p>\n\n\n\n<p class=\"wp-block-paragraph\">Narcisse<\/p>\n\n\n\n<p class=\"wp-block-paragraph\"><strong>18- <\/strong><strong>G<\/strong><strong>rotte d\u00e9cor\u00e9e<\/strong><\/p>\n<\/div>\n","protected":false},"excerpt":{"rendered":"<p>2023 Aqu\u00ed encontrar\u00e1 las respuestas a la ruta de Semana Santa 2023 organizada por la oficina de turismo: L&#8217;\u00e9chapp\u00e9e des poules. Pregunta 1: 7 huevos en la pajarera, 1000 gramos de harina, 2,5 botellas de leche, 450 gramos de az\u00facar. Pregunta 2: 2 en los \u00e1rboles, uno detr\u00e1s de la caja Pregunta 3: Gallino Pregunta&#8230;<\/p>\n","protected":false},"author":7,"featured_media":0,"parent":0,"menu_order":185,"comment_status":"closed","ping_status":"closed","template":"","meta":{"_acf_changed":false,"_crdt_document":"","footnotes":""},"class_list":["post-7326","page","type-page","status-publish","hentry"],"acf":[],"_links":{"self":[{"href":"https:\/\/gassin.eu\/es\/wp-json\/wp\/v2\/pages\/7326","targetHints":{"allow":["GET"]}}],"collection":[{"href":"https:\/\/gassin.eu\/es\/wp-json\/wp\/v2\/pages"}],"about":[{"href":"https:\/\/gassin.eu\/es\/wp-json\/wp\/v2\/types\/page"}],"author":[{"embeddable":true,"href":"https:\/\/gassin.eu\/es\/wp-json\/wp\/v2\/users\/7"}],"replies":[{"embeddable":true,"href":"https:\/\/gassin.eu\/es\/wp-json\/wp\/v2\/comments?post=7326"}],"version-history":[{"count":1,"href":"https:\/\/gassin.eu\/es\/wp-json\/wp\/v2\/pages\/7326\/revisions"}],"predecessor-version":[{"id":7329,"href":"https:\/\/gassin.eu\/es\/wp-json\/wp\/v2\/pages\/7326\/revisions\/7329"}],"wp:attachment":[{"href":"https:\/\/gassin.eu\/es\/wp-json\/wp\/v2\/media?parent=7326"}],"curies":[{"name":"wp","href":"https:\/\/api.w.org\/{rel}","templated":true}]}}