{"id":7361,"date":"2024-01-25T10:29:43","date_gmt":"2024-01-25T09:29:43","guid":{"rendered":"https:\/\/gassin.eu\/recibir-informacion-sobre-eventos-en-gassin\/"},"modified":"2026-05-05T14:36:54","modified_gmt":"2026-05-05T12:36:54","slug":"recibir-informacion-sobre-eventos-en-gassin","status":"publish","type":"page","link":"https:\/\/gassin.eu\/es\/recibir-informacion-sobre-eventos-en-gassin\/","title":{"rendered":"Recibir informaci\u00f3n sobre eventos en Gassin"},"content":{"rendered":"\n<div class=\"wpcf7 no-js\" id=\"wpcf7-f5530-o1\" lang=\"es-ES\" dir=\"ltr\" data-wpcf7-id=\"5530\">\n<div class=\"screen-reader-response\"><p role=\"status\" aria-live=\"polite\" aria-atomic=\"true\"><\/p> <ul><\/ul><\/div>\n<form action=\"\/es\/wp-json\/wp\/v2\/pages\/7361#wpcf7-f5530-o1\" method=\"post\" class=\"wpcf7-form init\" aria-label=\"Formulario de contacto\" novalidate=\"novalidate\" data-status=\"init\">\n<fieldset class=\"hidden-fields-container\"><input type=\"hidden\" name=\"_wpcf7\" value=\"5530\" \/><input type=\"hidden\" name=\"_wpcf7_version\" value=\"6.1.5\" \/><input type=\"hidden\" name=\"_wpcf7_locale\" value=\"es_ES\" \/><input type=\"hidden\" name=\"_wpcf7_unit_tag\" value=\"wpcf7-f5530-o1\" \/><input type=\"hidden\" name=\"_wpcf7_container_post\" value=\"0\" \/><input type=\"hidden\" name=\"_wpcf7_posted_data_hash\" value=\"\" \/><input type=\"hidden\" name=\"_wpcf7_recaptcha_response\" value=\"\" \/>\n<\/fieldset>\n<p>Si desea recibir informaci\u00f3n sobre eventos en Gassin, introduzca su nombre y apellidos y su direcci\u00f3n de correo electr\u00f3nico.\n<\/p>\n<p><label> Su nombre y apellidos :<br \/>\n<span class=\"wpcf7-form-control-wrap\" data-name=\"your-name\"><input size=\"40\" maxlength=\"400\" class=\"wpcf7-form-control wpcf7-text wpcf7-validates-as-required\" autocomplete=\"name\" aria-required=\"true\" aria-invalid=\"false\" value=\"\" type=\"text\" name=\"your-name\" \/><\/span> <\/label>\n<\/p>\n<p><label> Su direcci\u00f3n de correo electr\u00f3nico :<br \/>\n<span class=\"wpcf7-form-control-wrap\" data-name=\"your-email\"><input size=\"40\" maxlength=\"400\" class=\"wpcf7-form-control wpcf7-email wpcf7-validates-as-required wpcf7-text wpcf7-validates-as-email\" autocomplete=\"email\" aria-required=\"true\" aria-invalid=\"false\" value=\"\" type=\"email\" name=\"your-email\" \/><\/span> <\/label>\n<\/p>\n<p><input class=\"wpcf7-form-control wpcf7-submit has-spinner\" type=\"submit\" value=\"Enviar\" \/>\n<\/p>\n<p>Este formulario utiliza Akismet para reducir el spam. <a target=\"_blank\" rel=\"nofollow noopener\" href=\"https:\/\/akismet.com\/privacy\/\">Averig\u00fce c\u00f3mo se procesan sus datos.<\/a>\n<\/p><p style=\"display: none !important;\" class=\"akismet-fields-container\" data-prefix=\"_wpcf7_ak_\"><label>&#916;<textarea name=\"_wpcf7_ak_hp_textarea\" cols=\"45\" rows=\"8\" maxlength=\"100\"><\/textarea><\/label><input type=\"hidden\" id=\"ak_js_1\" name=\"_wpcf7_ak_js\" value=\"25\"\/><script>\ndocument.getElementById( \"ak_js_1\" ).setAttribute( \"value\", ( new Date() ).getTime() );\n<\/script>\n<\/p><div class=\"wpcf7-response-output\" aria-hidden=\"true\"><\/div>\n<\/form>\n<\/div>\n\n","protected":false},"excerpt":{"rendered":"","protected":false},"author":7,"featured_media":3169,"parent":0,"menu_order":252,"comment_status":"closed","ping_status":"closed","template":"","meta":{"_acf_changed":false,"_crdt_document":"","footnotes":""},"class_list":["post-7361","page","type-page","status-publish","has-post-thumbnail","hentry"],"acf":[],"_links":{"self":[{"href":"https:\/\/gassin.eu\/es\/wp-json\/wp\/v2\/pages\/7361","targetHints":{"allow":["GET"]}}],"collection":[{"href":"https:\/\/gassin.eu\/es\/wp-json\/wp\/v2\/pages"}],"about":[{"href":"https:\/\/gassin.eu\/es\/wp-json\/wp\/v2\/types\/page"}],"author":[{"embeddable":true,"href":"https:\/\/gassin.eu\/es\/wp-json\/wp\/v2\/users\/7"}],"replies":[{"embeddable":true,"href":"https:\/\/gassin.eu\/es\/wp-json\/wp\/v2\/comments?post=7361"}],"version-history":[{"count":1,"href":"https:\/\/gassin.eu\/es\/wp-json\/wp\/v2\/pages\/7361\/revisions"}],"predecessor-version":[{"id":7363,"href":"https:\/\/gassin.eu\/es\/wp-json\/wp\/v2\/pages\/7361\/revisions\/7363"}],"wp:featuredmedia":[{"embeddable":true,"href":"https:\/\/gassin.eu\/es\/wp-json\/wp\/v2\/media\/3169"}],"wp:attachment":[{"href":"https:\/\/gassin.eu\/es\/wp-json\/wp\/v2\/media?parent=7361"}],"curies":[{"name":"wp","href":"https:\/\/api.w.org\/{rel}","templated":true}]}}