{"id":7410,"date":"2020-10-07T10:34:20","date_gmt":"2020-10-07T08:34:20","guid":{"rendered":"https:\/\/gassin.eu\/informaciones-practicas\/tienda-y-taquilla\/"},"modified":"2026-05-05T14:37:54","modified_gmt":"2026-05-05T12:37:54","slug":"tienda-y-taquilla","status":"publish","type":"page","link":"https:\/\/gassin.eu\/es\/informaciones-practicas\/tienda-y-taquilla\/","title":{"rendered":"Tienda y taquilla"},"content":{"rendered":"\n<div class=\"wp-block-cover\"><img loading=\"lazy\" decoding=\"async\" width=\"1024\" height=\"1024\" class=\"wp-block-cover__image-background wp-image-6093\" alt=\"\" src=\"https:\/\/gassin.eu\/wp-content\/uploads\/2025\/07\/20250623_102540-1-1024x1024.jpg\" data-object-fit=\"cover\"\/><span aria-hidden=\"true\" class=\"wp-block-cover__background has-background-dim\"><\/span><div class=\"wp-block-cover__inner-container is-layout-flow wp-block-cover-is-layout-flow\">\n<p class=\"has-text-align-center has-large-font-size wp-block-paragraph\"><\/p>\n<\/div><\/div>\n\n<div class=\"wp-block-group alignwide is-nowrap is-layout-flex wp-container-core-group-is-layout-0defc3be wp-block-group-is-layout-flex\">\n<div class=\"wp-block-group is-layout-flow wp-block-group-is-layout-flow\">\n<p class=\"wp-block-paragraph\">La tienda de la Oficina de Turismo ofrece una gama de productos de recuerdo en venta directa o por correspondencia. Hay un espacio reservado para los productos a la venta. <\/p>\n\n\n\n<p class=\"wp-block-paragraph\"><strong>La tienda de la Oficina de Turismo presenta los productos locales de Gassin<\/strong><br\/>En el marco de la promoci\u00f3n del patrimonio local, la Oficina de Turismo ha creado un espacio de venta dedicado exclusivamente a los productos locales. Aqu\u00ed encontrar\u00e1 una selecci\u00f3n de vinos, mermeladas caseras, mieles locales, aceites de oliva y cajas de regalo. Cada producto refleja el aut\u00e9ntico saber hacer de los productores de Gassin, con el objetivo de promover las riquezas gastron\u00f3micas y artesanales de la regi\u00f3n.  <\/p>\n\n\n\n<h4 class=\"wp-block-heading\">Lista de productos de la tienda de la oficina de turismo<\/h4>\n\n\n\n<ul class=\"wp-block-list\">\n<li>Guide Flammarion 2024 <em>Les Plus Beaux Villages de France<\/em> 18.9\u20ac ;<\/li>\n\n\n\n<li>Mapa Michelin de los pueblos m\u00e1s bonitos de Francia 7,5\u20ac ;<\/li>\n\n\n\n<li>Mapa IGN 13.4\u20ac ;<\/li>\n\n\n\n<li>Monnaie de Paris de Gassin \u20ac3 ;<\/li>\n\n\n\n<li>Libro sobre <em>Gassin<\/em> de Guy Leduc 8\u20ac ;<\/li>\n\n\n\n<li>Vide poche &#8216;\u00bbSilver\u00bb de Gassin 18\u20ac ;<\/li>\n\n\n\n<li>Vide poche &#8216;\u00bbClassique\u00bb de Gassin 8.5\u20ac ;<\/li>\n\n\n\n<li>Llave del pueblo de Gassin 15\u20ac ;<\/li>\n\n\n\n<li>Libro de Georges Flanet \u00abPassion et Couleurs\u00bb dix ann\u00e9es \u00e0 Saint-Tropez 20\u20ac ;<\/li>\n\n\n\n<li>BD \u00abLe Var, une terre d&#8217;histoire\u00bb (introducci\u00f3n a Gassin) 19,9\u20ac ;<\/li>\n\n\n\n<li>BD Golfe de Saint-Tropez \u00abHistoires et L\u00e9gendes du Var\u00bb 13.9\u20ac ;<\/li>\n\n\n\n<li>Juego Oukon Va&#8217;R? (336 preguntas sobre el Var) 9\u20ac ; <\/li>\n\n\n\n<li>Placa sumergible 8\u20ac ;<\/li>\n\n\n\n<li>Carteles de verano Gassin 25\u20ac ;<\/li>\n\n\n\n<li>Bolas cuadradas 15\u20ac ;<\/li>\n\n\n\n<li>Imanes de madera \u00abGassin\u00bb 5\u20ac .<\/li>\n<\/ul>\n\n\n\n<p class=\"wp-block-paragraph\">Nuestra boutique pone el acento en el Made in France, como demuestran los productos a la venta en las boutiques del pueblo<a href=\"https:\/\/gassin.eu\/fr\/services\/souvenirs\/gassin\/un-ete-a-gassin-4983322\/\">\u00abUn \u00e9t\u00e9 \u00e0 Gassin<\/a>\u00bb y<a href=\"https:\/\/gassin.eu\/fr\/services\/metiers-d-art\/gassin\/l-authentique-4983379\/\">\u00abL&#8217;Authentique<\/a>\u00ab.<\/p>\n\n\n\n<figure class=\"wp-block-gallery has-nested-images columns-default is-cropped wp-block-gallery-1 is-layout-flex wp-block-gallery-is-layout-flex\">\n<figure class=\"wp-block-image size-large is-style-default\"><img loading=\"lazy\" decoding=\"async\" width=\"771\" height=\"1024\" data-id=\"4902\" data-tippy-content=\"vue ensemble boutique 2025\" src=\"https:\/\/gassin.eu\/wp-content\/uploads\/2025\/03\/vue-ensemble-boutique-2025-1-771x1024.jpg\" alt=\"\" class=\"wp-image-4902\" srcset=\"https:\/\/gassin.eu\/wp-content\/uploads\/2025\/03\/vue-ensemble-boutique-2025-1-771x1024.jpg 771w, https:\/\/gassin.eu\/wp-content\/uploads\/2025\/03\/vue-ensemble-boutique-2025-1-226x300.jpg 226w, https:\/\/gassin.eu\/wp-content\/uploads\/2025\/03\/vue-ensemble-boutique-2025-1-768x1020.jpg 768w, https:\/\/gassin.eu\/wp-content\/uploads\/2025\/03\/vue-ensemble-boutique-2025-1-1157x1536.jpg 1157w, https:\/\/gassin.eu\/wp-content\/uploads\/2025\/03\/vue-ensemble-boutique-2025-1-1542x2048.jpg 1542w, https:\/\/gassin.eu\/wp-content\/uploads\/2025\/03\/vue-ensemble-boutique-2025-1-scaled.jpg 1928w\" sizes=\"auto, (max-width: 771px) 100vw, 771px\" \/><\/figure>\n\n\n\n<figure class=\"wp-block-image size-large is-style-default\"><img loading=\"lazy\" decoding=\"async\" width=\"771\" height=\"1024\" data-id=\"4823\" data-tippy-content=\"PXL_20250304_145636586.MP~2\" src=\"https:\/\/gassin.eu\/wp-content\/uploads\/2025\/03\/PXL_20250304_145636586.MP2_-771x1024.jpg\" alt=\"\" class=\"wp-image-4823\" srcset=\"https:\/\/gassin.eu\/wp-content\/uploads\/2025\/03\/PXL_20250304_145636586.MP2_-771x1024.jpg 771w, https:\/\/gassin.eu\/wp-content\/uploads\/2025\/03\/PXL_20250304_145636586.MP2_-226x300.jpg 226w, https:\/\/gassin.eu\/wp-content\/uploads\/2025\/03\/PXL_20250304_145636586.MP2_-768x1020.jpg 768w, https:\/\/gassin.eu\/wp-content\/uploads\/2025\/03\/PXL_20250304_145636586.MP2_-1157x1536.jpg 1157w, https:\/\/gassin.eu\/wp-content\/uploads\/2025\/03\/PXL_20250304_145636586.MP2_-1542x2048.jpg 1542w, https:\/\/gassin.eu\/wp-content\/uploads\/2025\/03\/PXL_20250304_145636586.MP2_-scaled.jpg 1928w\" sizes=\"auto, (max-width: 771px) 100vw, 771px\" \/><\/figure>\n\n\n\n<figure class=\"wp-block-image size-large is-style-default\"><img loading=\"lazy\" decoding=\"async\" width=\"936\" height=\"1024\" data-id=\"4833\" data-tippy-content=\"Livre et cartes PBVDF\" src=\"https:\/\/gassin.eu\/wp-content\/uploads\/2025\/03\/Livre-et-cartes-PBVDF-936x1024.jpg\" alt=\"\" class=\"wp-image-4833\" srcset=\"https:\/\/gassin.eu\/wp-content\/uploads\/2025\/03\/Livre-et-cartes-PBVDF-936x1024.jpg 936w, https:\/\/gassin.eu\/wp-content\/uploads\/2025\/03\/Livre-et-cartes-PBVDF-274x300.jpg 274w, https:\/\/gassin.eu\/wp-content\/uploads\/2025\/03\/Livre-et-cartes-PBVDF-768x841.jpg 768w, https:\/\/gassin.eu\/wp-content\/uploads\/2025\/03\/Livre-et-cartes-PBVDF-1403x1536.jpg 1403w, https:\/\/gassin.eu\/wp-content\/uploads\/2025\/03\/Livre-et-cartes-PBVDF-1871x2048.jpg 1871w\" sizes=\"auto, (max-width: 936px) 100vw, 936px\" \/><\/figure>\n\n\n\n<figure class=\"wp-block-image size-large is-style-default\"><img loading=\"lazy\" decoding=\"async\" width=\"820\" height=\"1024\" data-id=\"4832\" data-tippy-content=\"BD Histoires et L\u00e9gendes du Golfe\" src=\"https:\/\/gassin.eu\/wp-content\/uploads\/2025\/03\/BD-Histoires-et-Legendes-du-Golfe-820x1024.jpg\" alt=\"\" class=\"wp-image-4832\" srcset=\"https:\/\/gassin.eu\/wp-content\/uploads\/2025\/03\/BD-Histoires-et-Legendes-du-Golfe-820x1024.jpg 820w, https:\/\/gassin.eu\/wp-content\/uploads\/2025\/03\/BD-Histoires-et-Legendes-du-Golfe-240x300.jpg 240w, https:\/\/gassin.eu\/wp-content\/uploads\/2025\/03\/BD-Histoires-et-Legendes-du-Golfe-768x960.jpg 768w, https:\/\/gassin.eu\/wp-content\/uploads\/2025\/03\/BD-Histoires-et-Legendes-du-Golfe-1229x1536.jpg 1229w, https:\/\/gassin.eu\/wp-content\/uploads\/2025\/03\/BD-Histoires-et-Legendes-du-Golfe-1639x2048.jpg 1639w\" sizes=\"auto, (max-width: 820px) 100vw, 820px\" \/><\/figure>\n\n\n\n<figure class=\"wp-block-image size-large is-style-default\"><img loading=\"lazy\" decoding=\"async\" width=\"1024\" height=\"1024\" data-id=\"4855\" data-tippy-content=\"cl\u00e9 de la ville\" src=\"https:\/\/gassin.eu\/wp-content\/uploads\/2025\/03\/cle-de-la-ville-edited-1024x1024.jpg\" alt=\"\" class=\"wp-image-4855\" srcset=\"https:\/\/gassin.eu\/wp-content\/uploads\/2025\/03\/cle-de-la-ville-edited-1024x1024.jpg 1024w, https:\/\/gassin.eu\/wp-content\/uploads\/2025\/03\/cle-de-la-ville-edited-300x300.jpg 300w, https:\/\/gassin.eu\/wp-content\/uploads\/2025\/03\/cle-de-la-ville-edited-150x150.jpg 150w, https:\/\/gassin.eu\/wp-content\/uploads\/2025\/03\/cle-de-la-ville-edited-768x768.jpg 768w, https:\/\/gassin.eu\/wp-content\/uploads\/2025\/03\/cle-de-la-ville-edited-1536x1536.jpg 1536w, https:\/\/gassin.eu\/wp-content\/uploads\/2025\/03\/cle-de-la-ville-edited-2048x2048.jpg 2048w, https:\/\/gassin.eu\/wp-content\/uploads\/2025\/03\/cle-de-la-ville-edited-125x125.jpg 125w\" sizes=\"auto, (max-width: 1024px) 100vw, 1024px\" \/><\/figure>\n\n\n\n<figure class=\"wp-block-image size-large is-style-default\"><img loading=\"lazy\" decoding=\"async\" width=\"2560\" height=\"2560\" data-id=\"4891\" data-tippy-content=\"PXL_20250304_145613049~2\" src=\"https:\/\/gassin.eu\/wp-content\/uploads\/2025\/03\/PXL_20250304_1456130492-edited-scaled.jpg\" alt=\"\" class=\"wp-image-4891\" srcset=\"https:\/\/gassin.eu\/wp-content\/uploads\/2025\/03\/PXL_20250304_1456130492-edited-scaled.jpg 2560w, https:\/\/gassin.eu\/wp-content\/uploads\/2025\/03\/PXL_20250304_1456130492-edited-300x300.jpg 300w, https:\/\/gassin.eu\/wp-content\/uploads\/2025\/03\/PXL_20250304_1456130492-edited-1024x1024.jpg 1024w, https:\/\/gassin.eu\/wp-content\/uploads\/2025\/03\/PXL_20250304_1456130492-edited-150x150.jpg 150w, https:\/\/gassin.eu\/wp-content\/uploads\/2025\/03\/PXL_20250304_1456130492-edited-768x768.jpg 768w, https:\/\/gassin.eu\/wp-content\/uploads\/2025\/03\/PXL_20250304_1456130492-edited-1536x1536.jpg 1536w, https:\/\/gassin.eu\/wp-content\/uploads\/2025\/03\/PXL_20250304_1456130492-edited-2048x2048.jpg 2048w, https:\/\/gassin.eu\/wp-content\/uploads\/2025\/03\/PXL_20250304_1456130492-edited-125x125.jpg 125w\" sizes=\"auto, (max-width: 2560px) 100vw, 2560px\" \/><\/figure>\n<\/figure>\n\n\n\n<figure class=\"wp-block-gallery has-nested-images columns-default is-cropped wp-block-gallery-2 is-layout-flex wp-block-gallery-is-layout-flex\">\n<figure class=\"wp-block-image size-large is-style-default\"><img loading=\"lazy\" decoding=\"async\" width=\"845\" height=\"1024\" data-id=\"4819\" data-tippy-content=\"cendrier de plage\" src=\"https:\/\/gassin.eu\/wp-content\/uploads\/2025\/03\/cendrier-de-plage-845x1024.jpg\" alt=\"\" class=\"wp-image-4819\" srcset=\"https:\/\/gassin.eu\/wp-content\/uploads\/2025\/03\/cendrier-de-plage-845x1024.jpg 845w, https:\/\/gassin.eu\/wp-content\/uploads\/2025\/03\/cendrier-de-plage-247x300.jpg 247w, https:\/\/gassin.eu\/wp-content\/uploads\/2025\/03\/cendrier-de-plage-768x931.jpg 768w, https:\/\/gassin.eu\/wp-content\/uploads\/2025\/03\/cendrier-de-plage-1267x1536.jpg 1267w, https:\/\/gassin.eu\/wp-content\/uploads\/2025\/03\/cendrier-de-plage-1689x2048.jpg 1689w\" sizes=\"auto, (max-width: 845px) 100vw, 845px\" \/><\/figure>\n\n\n\n<figure class=\"wp-block-image size-large is-style-default\"><img loading=\"lazy\" decoding=\"async\" width=\"771\" height=\"1024\" data-id=\"4824\" data-tippy-content=\"jeux OuKon Var\" src=\"https:\/\/gassin.eu\/wp-content\/uploads\/2025\/03\/jeux-OuKon-Var-771x1024.jpg\" alt=\"\" class=\"wp-image-4824\" srcset=\"https:\/\/gassin.eu\/wp-content\/uploads\/2025\/03\/jeux-OuKon-Var-771x1024.jpg 771w, https:\/\/gassin.eu\/wp-content\/uploads\/2025\/03\/jeux-OuKon-Var-226x300.jpg 226w, https:\/\/gassin.eu\/wp-content\/uploads\/2025\/03\/jeux-OuKon-Var-768x1020.jpg 768w, https:\/\/gassin.eu\/wp-content\/uploads\/2025\/03\/jeux-OuKon-Var-1157x1536.jpg 1157w, https:\/\/gassin.eu\/wp-content\/uploads\/2025\/03\/jeux-OuKon-Var-1542x2048.jpg 1542w, https:\/\/gassin.eu\/wp-content\/uploads\/2025\/03\/jeux-OuKon-Var-scaled.jpg 1928w\" sizes=\"auto, (max-width: 771px) 100vw, 771px\" \/><\/figure>\n\n\n\n<figure class=\"wp-block-image size-large is-style-default\"><img loading=\"lazy\" decoding=\"async\" width=\"1024\" height=\"1024\" data-id=\"4850\" data-tippy-content=\"cl\u00e9 de la ville de Gassin\" src=\"https:\/\/gassin.eu\/wp-content\/uploads\/2025\/03\/cle-de-la-ville-de-Gassin-edited-1024x1024.jpg\" alt=\"\" class=\"wp-image-4850\" srcset=\"https:\/\/gassin.eu\/wp-content\/uploads\/2025\/03\/cle-de-la-ville-de-Gassin-edited-1024x1024.jpg 1024w, https:\/\/gassin.eu\/wp-content\/uploads\/2025\/03\/cle-de-la-ville-de-Gassin-edited-300x300.jpg 300w, https:\/\/gassin.eu\/wp-content\/uploads\/2025\/03\/cle-de-la-ville-de-Gassin-edited-150x150.jpg 150w, https:\/\/gassin.eu\/wp-content\/uploads\/2025\/03\/cle-de-la-ville-de-Gassin-edited-768x768.jpg 768w, https:\/\/gassin.eu\/wp-content\/uploads\/2025\/03\/cle-de-la-ville-de-Gassin-edited-1536x1536.jpg 1536w, https:\/\/gassin.eu\/wp-content\/uploads\/2025\/03\/cle-de-la-ville-de-Gassin-edited-2048x2048.jpg 2048w, https:\/\/gassin.eu\/wp-content\/uploads\/2025\/03\/cle-de-la-ville-de-Gassin-edited-125x125.jpg 125w\" sizes=\"auto, (max-width: 1024px) 100vw, 1024px\" \/><\/figure>\n<\/figure>\n\n\n\n<p class=\"wp-block-paragraph\"><strong>Oficina de turismo tienda-dep\u00f3sito-venta de productos<\/strong><\/p>\n\n\n\n<div class=\"wp-block-columns is-layout-flex wp-container-core-columns-is-layout-0defc3be wp-block-columns-is-layout-flex\">\n<div class=\"wp-block-column is-layout-flow wp-block-column-is-layout-flow\">\n<div class=\"wp-block-columns is-layout-flex wp-container-core-columns-is-layout-0defc3be wp-block-columns-is-layout-flex\">\n<div class=\"wp-block-column is-layout-flow wp-block-column-is-layout-flow\">\n<figure class=\"wp-block-gallery has-nested-images columns-default is-cropped wp-block-gallery-3 is-layout-flex wp-block-gallery-is-layout-flex\">\n<figure class=\"wp-block-image size-large\"><img loading=\"lazy\" decoding=\"async\" width=\"577\" height=\"1024\" data-id=\"6545\" data-tippy-content=\"1000055904\" src=\"https:\/\/gassin.eu\/wp-content\/uploads\/2025\/12\/1000055904-1-577x1024.jpg\" alt=\"\" class=\"wp-image-6545\" srcset=\"https:\/\/gassin.eu\/wp-content\/uploads\/2025\/12\/1000055904-1-577x1024.jpg 577w, https:\/\/gassin.eu\/wp-content\/uploads\/2025\/12\/1000055904-1-169x300.jpg 169w, https:\/\/gassin.eu\/wp-content\/uploads\/2025\/12\/1000055904-1-768x1364.jpg 768w, https:\/\/gassin.eu\/wp-content\/uploads\/2025\/12\/1000055904-1-865x1536.jpg 865w, https:\/\/gassin.eu\/wp-content\/uploads\/2025\/12\/1000055904-1-1153x2048.jpg 1153w, https:\/\/gassin.eu\/wp-content\/uploads\/2025\/12\/1000055904-1-scaled.jpg 1441w\" sizes=\"auto, (max-width: 577px) 100vw, 577px\" \/><\/figure>\n<\/figure>\n<\/div>\n\n\n\n<div class=\"wp-block-column is-layout-flow wp-block-column-is-layout-flow\">\n<figure class=\"wp-block-image size-large\"><img loading=\"lazy\" decoding=\"async\" width=\"577\" height=\"1024\" data-tippy-content=\"20251203_094448\" src=\"https:\/\/gassin.eu\/wp-content\/uploads\/2025\/12\/20251203_094448-1-577x1024.jpg\" alt=\"\" class=\"wp-image-6556\" srcset=\"https:\/\/gassin.eu\/wp-content\/uploads\/2025\/12\/20251203_094448-1-577x1024.jpg 577w, https:\/\/gassin.eu\/wp-content\/uploads\/2025\/12\/20251203_094448-1-169x300.jpg 169w, https:\/\/gassin.eu\/wp-content\/uploads\/2025\/12\/20251203_094448-1-768x1364.jpg 768w, https:\/\/gassin.eu\/wp-content\/uploads\/2025\/12\/20251203_094448-1-865x1536.jpg 865w, https:\/\/gassin.eu\/wp-content\/uploads\/2025\/12\/20251203_094448-1-1153x2048.jpg 1153w, https:\/\/gassin.eu\/wp-content\/uploads\/2025\/12\/20251203_094448-1-scaled.jpg 1441w\" sizes=\"auto, (max-width: 577px) 100vw, 577px\" \/><figcaption class=\"wp-element-caption\">Cesta repleta de mermeladas Domaine Les M\u00e9sanges<\/figcaption><\/figure>\n\n\n\n<figure class=\"wp-block-image size-large\"><img loading=\"lazy\" decoding=\"async\" width=\"577\" height=\"1024\" data-tippy-content=\"1000055894\" src=\"https:\/\/gassin.eu\/wp-content\/uploads\/2025\/12\/1000055894-2-577x1024.jpg\" alt=\"\" class=\"wp-image-6548\" srcset=\"https:\/\/gassin.eu\/wp-content\/uploads\/2025\/12\/1000055894-2-577x1024.jpg 577w, https:\/\/gassin.eu\/wp-content\/uploads\/2025\/12\/1000055894-2-169x300.jpg 169w, https:\/\/gassin.eu\/wp-content\/uploads\/2025\/12\/1000055894-2-768x1364.jpg 768w, https:\/\/gassin.eu\/wp-content\/uploads\/2025\/12\/1000055894-2-865x1536.jpg 865w, https:\/\/gassin.eu\/wp-content\/uploads\/2025\/12\/1000055894-2-1153x2048.jpg 1153w, https:\/\/gassin.eu\/wp-content\/uploads\/2025\/12\/1000055894-2-scaled.jpg 1441w\" sizes=\"auto, (max-width: 577px) 100vw, 577px\" \/><figcaption class=\"wp-element-caption\">Mermelada La Douce Am\u00e8re Domaine Les M\u00e9sanges<\/figcaption><\/figure>\n<\/div>\n<\/div>\n<\/div>\n\n\n\n<div class=\"wp-block-column is-layout-flow wp-block-column-is-layout-flow\">\n<figure class=\"wp-block-image size-large\"><img loading=\"lazy\" decoding=\"async\" width=\"577\" height=\"1024\" data-tippy-content=\"1000055911\" src=\"https:\/\/gassin.eu\/wp-content\/uploads\/2025\/12\/1000055911-2-577x1024.jpg\" alt=\"\" class=\"wp-image-6547\" srcset=\"https:\/\/gassin.eu\/wp-content\/uploads\/2025\/12\/1000055911-2-577x1024.jpg 577w, https:\/\/gassin.eu\/wp-content\/uploads\/2025\/12\/1000055911-2-169x300.jpg 169w, https:\/\/gassin.eu\/wp-content\/uploads\/2025\/12\/1000055911-2-768x1364.jpg 768w, https:\/\/gassin.eu\/wp-content\/uploads\/2025\/12\/1000055911-2-865x1536.jpg 865w, https:\/\/gassin.eu\/wp-content\/uploads\/2025\/12\/1000055911-2-1153x2048.jpg 1153w, https:\/\/gassin.eu\/wp-content\/uploads\/2025\/12\/1000055911-2-scaled.jpg 1441w\" sizes=\"auto, (max-width: 577px) 100vw, 577px\" \/><figcaption class=\"wp-element-caption\">Vinos rosados &#8211; Le Moulin de Barbeyrolles 2024, embotellado en el Ch\u00e2teau, C\u00f4tes de Provence<\/figcaption><\/figure>\n\n\n\n<figure class=\"wp-block-image size-large\"><img loading=\"lazy\" decoding=\"async\" width=\"1024\" height=\"577\" data-tippy-content=\"20251203_094119\" src=\"https:\/\/gassin.eu\/wp-content\/uploads\/2025\/12\/20251203_094119-1024x577.jpg\" alt=\"\" class=\"wp-image-6550\" srcset=\"https:\/\/gassin.eu\/wp-content\/uploads\/2025\/12\/20251203_094119-1024x577.jpg 1024w, https:\/\/gassin.eu\/wp-content\/uploads\/2025\/12\/20251203_094119-300x169.jpg 300w, https:\/\/gassin.eu\/wp-content\/uploads\/2025\/12\/20251203_094119-768x432.jpg 768w, https:\/\/gassin.eu\/wp-content\/uploads\/2025\/12\/20251203_094119-1536x865.jpg 1536w, https:\/\/gassin.eu\/wp-content\/uploads\/2025\/12\/20251203_094119-2048x1153.jpg 2048w\" sizes=\"auto, (max-width: 1024px) 100vw, 1024px\" \/><figcaption class=\"wp-element-caption\">Caja regalo mermeladas y jaleas de frutas <br\/>Domaine Les M\u00e9sanges<\/figcaption><\/figure>\n<\/div>\n\n\n\n<div class=\"wp-block-column is-layout-flow wp-block-column-is-layout-flow\">\n<figure class=\"wp-block-image size-large is-resized\"><img loading=\"lazy\" decoding=\"async\" width=\"577\" height=\"1024\" data-tippy-content=\"20251203_094839\" src=\"https:\/\/gassin.eu\/wp-content\/uploads\/2025\/12\/20251203_094839-577x1024.jpg\" alt=\"\" class=\"wp-image-6553\" style=\"aspect-ratio:0.5634728485205012;width:291px;height:auto\" srcset=\"https:\/\/gassin.eu\/wp-content\/uploads\/2025\/12\/20251203_094839-577x1024.jpg 577w, https:\/\/gassin.eu\/wp-content\/uploads\/2025\/12\/20251203_094839-169x300.jpg 169w, https:\/\/gassin.eu\/wp-content\/uploads\/2025\/12\/20251203_094839-768x1364.jpg 768w, https:\/\/gassin.eu\/wp-content\/uploads\/2025\/12\/20251203_094839-865x1536.jpg 865w, https:\/\/gassin.eu\/wp-content\/uploads\/2025\/12\/20251203_094839-1153x2048.jpg 1153w, https:\/\/gassin.eu\/wp-content\/uploads\/2025\/12\/20251203_094839-scaled.jpg 1441w\" sizes=\"auto, (max-width: 577px) 100vw, 577px\" \/><figcaption class=\"wp-element-caption\">Miel Ch\u00e2teau Val de Rians &#8211; Gassin<\/figcaption><\/figure>\n<\/div>\n<\/div>\n\n\n\n<div class=\"wp-block-columns is-layout-flex wp-container-core-columns-is-layout-0defc3be wp-block-columns-is-layout-flex\">\n<div class=\"wp-block-column is-layout-flow wp-block-column-is-layout-flow\">\n<figure class=\"wp-block-image size-large is-resized\"><img loading=\"lazy\" decoding=\"async\" width=\"577\" height=\"1024\" data-tippy-content=\"1000055907\" src=\"https:\/\/gassin.eu\/wp-content\/uploads\/2025\/12\/1000055907-1-577x1024.jpg\" alt=\"\" class=\"wp-image-6562\" style=\"aspect-ratio:0.5634728485205012;width:202px;height:auto\" srcset=\"https:\/\/gassin.eu\/wp-content\/uploads\/2025\/12\/1000055907-1-577x1024.jpg 577w, https:\/\/gassin.eu\/wp-content\/uploads\/2025\/12\/1000055907-1-169x300.jpg 169w, https:\/\/gassin.eu\/wp-content\/uploads\/2025\/12\/1000055907-1-768x1364.jpg 768w, https:\/\/gassin.eu\/wp-content\/uploads\/2025\/12\/1000055907-1-865x1536.jpg 865w, https:\/\/gassin.eu\/wp-content\/uploads\/2025\/12\/1000055907-1-1153x2048.jpg 1153w, https:\/\/gassin.eu\/wp-content\/uploads\/2025\/12\/1000055907-1-scaled.jpg 1441w\" sizes=\"auto, (max-width: 577px) 100vw, 577px\" \/><figcaption class=\"wp-element-caption\">Mermelada de La Maison des Confitures<\/figcaption><\/figure>\n\n\n\n<p class=\"wp-block-paragraph\">Hinojo con an\u00eds 7,3<\/p>\n<\/div>\n\n\n\n<div class=\"wp-block-column is-layout-flow wp-block-column-is-layout-flow\"><\/div>\n\n\n\n<div class=\"wp-block-column is-layout-flow wp-block-column-is-layout-flow\"><\/div>\n<\/div>\n\n\n\n<div class=\"wp-block-columns is-layout-flex wp-container-core-columns-is-layout-0defc3be wp-block-columns-is-layout-flex\">\n<div class=\"wp-block-column is-layout-flow wp-block-column-is-layout-flow\" style=\"flex-basis:100%\"><\/div>\n<\/div>\n\n\n\n<p class=\"wp-block-paragraph\"><strong>Entradas para actividades de ocio de la gu\u00eda \u00abAmusez-Vous<\/strong><\/p>\n\n\n\n<p class=\"wp-block-paragraph\">La Oficina de Turismo es colaboradora y revendedora de las actividades de ocio de la <a href=\"https:\/\/www.amusezvous.net\/\">gu\u00eda Amusez-vous<\/a>.<br\/>Encuentre una oferta de actividades de ocio a precios irresistibles en todo el Golfo de Saint-Tropez.<br\/>\u00a1No olvide realizar sus reservas f\u00e1cilmente, haciendo clic en el enlace que aparece a continuaci\u00f3n o directamente en la recepci\u00f3n de la Oficina de Turismo con nuestros agentes!<\/p>\n\n\n\n<div class=\"wp-block-group is-layout-constrained wp-block-group-is-layout-constrained\">\n<div class=\"wp-block-columns is-layout-flex wp-container-core-columns-is-layout-0defc3be wp-block-columns-is-layout-flex\">\n<div class=\"wp-block-column is-layout-flow wp-block-column-is-layout-flow\" style=\"flex-basis:100%\">\n<figure class=\"wp-block-image size-large\"><a href=\"https:\/\/www.amusezvous.net\/\"><img loading=\"lazy\" decoding=\"async\" width=\"1024\" height=\"1024\" data-tippy-content=\"guide-amusez-vous-2024-web-\" src=\"https:\/\/gassin.eu\/wp-content\/uploads\/2024\/04\/guide-amusez-vous-2024-web--1024x1024.png\" alt=\"\" class=\"wp-image-4488\" srcset=\"https:\/\/gassin.eu\/wp-content\/uploads\/2024\/04\/guide-amusez-vous-2024-web--1024x1024.png 1024w, https:\/\/gassin.eu\/wp-content\/uploads\/2024\/04\/guide-amusez-vous-2024-web--300x300.png 300w, https:\/\/gassin.eu\/wp-content\/uploads\/2024\/04\/guide-amusez-vous-2024-web--150x150.png 150w, https:\/\/gassin.eu\/wp-content\/uploads\/2024\/04\/guide-amusez-vous-2024-web--768x768.png 768w, https:\/\/gassin.eu\/wp-content\/uploads\/2024\/04\/guide-amusez-vous-2024-web--125x125.png 125w, https:\/\/gassin.eu\/wp-content\/uploads\/2024\/04\/guide-amusez-vous-2024-web-.png 1200w\" sizes=\"auto, (max-width: 1024px) 100vw, 1024px\" \/><\/a><\/figure>\n<\/div>\n<\/div>\n<\/div>\n\n\n\n<p class=\"wp-block-paragraph\">En la Oficina de Turismo tambi\u00e9n se pueden adquirir entradas para eventos privados, como conciertos en las bodegas Les Musicales dans les Vignes.<\/p>\n<\/div>\n<\/div>\n","protected":false},"excerpt":{"rendered":"<p>La tienda de la Oficina de Turismo ofrece una gama de productos de recuerdo en venta directa o por correspondencia. Hay un espacio reservado para los productos a la venta. La tienda de la Oficina de Turismo presenta los productos locales de GassinEn el marco de la promoci\u00f3n del patrimonio local, la Oficina de Turismo&#8230;<\/p>\n","protected":false},"author":7,"featured_media":0,"parent":1280,"menu_order":73,"comment_status":"closed","ping_status":"closed","template":"","meta":{"_acf_changed":false,"_crdt_document":"","footnotes":""},"class_list":["post-7410","page","type-page","status-publish","hentry"],"acf":[],"_links":{"self":[{"href":"https:\/\/gassin.eu\/es\/wp-json\/wp\/v2\/pages\/7410","targetHints":{"allow":["GET"]}}],"collection":[{"href":"https:\/\/gassin.eu\/es\/wp-json\/wp\/v2\/pages"}],"about":[{"href":"https:\/\/gassin.eu\/es\/wp-json\/wp\/v2\/types\/page"}],"author":[{"embeddable":true,"href":"https:\/\/gassin.eu\/es\/wp-json\/wp\/v2\/users\/7"}],"replies":[{"embeddable":true,"href":"https:\/\/gassin.eu\/es\/wp-json\/wp\/v2\/comments?post=7410"}],"version-history":[{"count":1,"href":"https:\/\/gassin.eu\/es\/wp-json\/wp\/v2\/pages\/7410\/revisions"}],"predecessor-version":[{"id":7411,"href":"https:\/\/gassin.eu\/es\/wp-json\/wp\/v2\/pages\/7410\/revisions\/7411"}],"up":[{"embeddable":true,"href":"https:\/\/gassin.eu\/es\/wp-json\/wp\/v2\/pages\/1280"}],"wp:attachment":[{"href":"https:\/\/gassin.eu\/es\/wp-json\/wp\/v2\/media?parent=7410"}],"curies":[{"name":"wp","href":"https:\/\/api.w.org\/{rel}","templated":true}]}}