{"id":7473,"date":"2022-04-29T14:24:07","date_gmt":"2022-04-29T12:24:07","guid":{"rendered":"https:\/\/gassin.eu\/informaciones-practicas\/desarrollo-sostenible\/"},"modified":"2026-05-05T14:38:20","modified_gmt":"2026-05-05T12:38:20","slug":"desarrollo-sostenible","status":"publish","type":"page","link":"https:\/\/gassin.eu\/es\/informaciones-practicas\/desarrollo-sostenible\/","title":{"rendered":"Desarrollo sostenible"},"content":{"rendered":"\n<div class=\"wp-block-group is-layout-flow wp-block-group-is-layout-flow\">\n<div class=\"wp-block-cover\"><span aria-hidden=\"true\" class=\"wp-block-cover__background has-background-dim-0 has-background-dim\" style=\"background-color:#7d7979\"><\/span><img loading=\"lazy\" decoding=\"async\" width=\"1024\" height=\"537\" src=\"https:\/\/gassin.eu\/wp-content\/uploads\/2024\/07\/380005251_1024753318501901_6026871875387965145_n-1024x537.jpg\" class=\"wp-block-cover__image-background wp-post-image\" alt=\"\" data-object-fit=\"cover\" srcset=\"https:\/\/gassin.eu\/wp-content\/uploads\/2024\/07\/380005251_1024753318501901_6026871875387965145_n-1024x537.jpg 1024w, https:\/\/gassin.eu\/wp-content\/uploads\/2024\/07\/380005251_1024753318501901_6026871875387965145_n-300x157.jpg 300w, https:\/\/gassin.eu\/wp-content\/uploads\/2024\/07\/380005251_1024753318501901_6026871875387965145_n-768x403.jpg 768w, https:\/\/gassin.eu\/wp-content\/uploads\/2024\/07\/380005251_1024753318501901_6026871875387965145_n.jpg 1536w\" sizes=\"auto, (max-width: 1024px) 100vw, 1024px\" \/><div class=\"wp-block-cover__inner-container is-layout-constrained wp-block-cover-is-layout-constrained\">\n<p class=\"has-text-align-center has-large-font-size wp-block-paragraph\"><\/p>\n<\/div><\/div>\n\n\n\n<p class=\"wp-block-paragraph\"><strong>Contenido :<\/strong><\/p>\n\n\n\n<nav aria-label=\"Tabla de contenidos\" class=\"wp-block-table-of-contents\"><ol><li><a class=\"wp-block-table-of-contents__entry\" href=\"https:\/\/gassin.eu\/es\/informaciones-practicas\/desarrollo-sostenible\/#les-engagements-de-votre-office\">Los compromisos de su oficina<\/a><\/li><li><a class=\"wp-block-table-of-contents__entry\" href=\"https:\/\/gassin.eu\/es\/informaciones-practicas\/desarrollo-sostenible\/#la-qualite-des-eaux-de-baignade-a-gassin\">Calidad de las aguas de ba\u00f1o en Gassin<\/a><\/li><li><a class=\"wp-block-table-of-contents__entry\" href=\"https:\/\/gassin.eu\/es\/informaciones-practicas\/desarrollo-sostenible\/#la-protection-de-la-posidonie\">Proteger la posidonia<\/a><\/li><\/ol><\/nav>\n\n\n\n<figure class=\"wp-block-image aligncenter size-full is-resized\"><img loading=\"lazy\" decoding=\"async\" width=\"738\" height=\"300\" data-tippy-content=\"FBedddPlan de travail 9 copie 4\" src=\"https:\/\/gassin.eu\/wp-content\/uploads\/2021\/11\/FBedddPlan-de-travail-9-copie-4.png\" alt=\"\" class=\"wp-image-2661\" style=\"width:341px;height:139px\" srcset=\"https:\/\/gassin.eu\/wp-content\/uploads\/2021\/11\/FBedddPlan-de-travail-9-copie-4.png 738w, https:\/\/gassin.eu\/wp-content\/uploads\/2021\/11\/FBedddPlan-de-travail-9-copie-4-300x122.png 300w\" sizes=\"auto, (max-width: 738px) 100vw, 738px\" \/><\/figure>\n\n\n\n<h2 class=\"wp-block-heading\" id=\"les-engagements-de-votre-office\">Los compromisos de su oficina<\/h2>\n\n\n\n<p class=\"wp-block-paragraph\">La Oficina de Turismo de Gassin apuesta por un enfoque ecorresponsable y su personal es consciente de la importancia del desarrollo sostenible, por lo que anima a los socioprofesionales y socios a seguir su ejemplo.<\/p>\n\n\n\n<p class=\"wp-block-paragraph\">He aqu\u00ed algunos ejemplos de acciones que fomentan este enfoque:<\/p>\n\n\n\n<ul class=\"wp-block-list\">\n<li>Reduzco mi impresi\u00f3n en color y mis env\u00edos de papel<\/li>\n\n\n\n<li>Limito mis propias ediciones en favor de folletos compartidos, por ejemplo.<\/li>\n\n\n\n<li>Opto por el coche compartido y el transporte p\u00fablico<\/li>\n\n\n\n<li>Gestiono mi consumo de agua y productos dom\u00e9sticos<\/li>\n\n\n\n<li>si tengo que hacer obras, pienso en mejorar el aislamiento de mi edificio<\/li>\n\n\n\n<li>Programo mi ordenador para que entre autom\u00e1ticamente en reposo tras 15 minutos de inactividad.<\/li>\n\n\n\n<li>Prefiero la iluminaci\u00f3n de bajo consumo<\/li>\n\n\n\n<li>Siempre apago las luces de la habitaci\u00f3n que dejo.<\/li>\n<\/ul>\n\n\n\n<p class=\"wp-block-paragraph\">Una <a href=\"https:\/\/pro.gassin.eu\/wp-content\/uploads\/2017\/12\/GASSIN-SENGAGE-POUR-LE-TOURISME-DURABLE-002.pdf\">carta de Gassin s&#8217;engage pour le tourisme durable (Gassin se compromete con el turismo sostenible)<\/a> establece las mejores pr\u00e1cticas (se prefieren los desplazamientos a pie y en coche compartido, se reduce el consumo de electricidad, se realiza un buen mantenimiento de los equipos, se utilizan vasos en lugar de desechables, s\u00f3lo se imprimen los documentos que se necesitan, etc.).<\/p>\n\n\n\n<p class=\"wp-block-paragraph\">El equipo de la Oficina de Turismo ha adquirido un veh\u00edculo el\u00e9ctrico, que se entregar\u00e1 en octubre de 2020, en l\u00ednea con la voluntad del ayuntamiento de \u00abecologizar\u00bb sus aparcamientos p\u00fablicos y reducir las emisiones de CO2. El municipio de Gassin est\u00e1 superando sus obligaciones legales, ya que los 4 \u00faltimos veh\u00edculos adquiridos son el\u00e9ctricos. Adem\u00e1s de los beneficios medioambientales, ya se han conseguido importantes ahorros en los costes de combustible.  <\/p>\n\n\n\n<p class=\"wp-block-paragraph\">En oto\u00f1o de 2018, se instal\u00f3 en el aparcamiento Marines de Gassin un punto de recarga de la empresa Electric 55 Charging, con sede en el Golfo de Saint-Tropez, para permitir la recarga de veh\u00edculos privados, tanto locales como extranjeros. Un segundo punto de recarga se instalar\u00e1 en la plaza L\u00e9on Martel, frente a la oficina de turismo. <\/p>\n\n\n\n<p class=\"wp-block-paragraph\">La clasificaci\u00f3n de residuos se realiza diariamente en todos los edificios de oficinas.<\/p>\n\n\n\n<p class=\"wp-block-paragraph\">El sitio web de la communaut\u00e9 de communes, responsable de la recogida de residuos, tiene una <a href=\"https:\/\/www.cc-golfedesainttropez.fr\/redevance-speciale\">p\u00e1gina dedicada a la tasa especial<\/a>.<\/p>\n\n\n\n<p class=\"wp-block-paragraph\">Puede <a href=\"https:\/\/www.cc-golfedesainttropez.fr\/images\/dechet\/collecte\/memotri.pdf\">descargar una gu\u00eda sobre el tema aqu\u00ed.<\/a><\/p>\n\n\n\n<figure class=\"wp-block-image aligncenter size-large\"><img loading=\"lazy\" decoding=\"async\" width=\"950\" height=\"1024\" data-tippy-content=\"consignes\" src=\"https:\/\/gassin.eu\/wp-content\/uploads\/2022\/05\/consignes-950x1024.jpg\" alt=\"\" class=\"wp-image-3138\" srcset=\"https:\/\/gassin.eu\/wp-content\/uploads\/2022\/05\/consignes-950x1024.jpg 950w, https:\/\/gassin.eu\/wp-content\/uploads\/2022\/05\/consignes-278x300.jpg 278w, https:\/\/gassin.eu\/wp-content\/uploads\/2022\/05\/consignes-768x828.jpg 768w, https:\/\/gassin.eu\/wp-content\/uploads\/2022\/05\/consignes-1425x1536.jpg 1425w, https:\/\/gassin.eu\/wp-content\/uploads\/2022\/05\/consignes-1900x2048.jpg 1900w\" sizes=\"auto, (max-width: 950px) 100vw, 950px\" \/><figcaption class=\"wp-element-caption\">Informaci\u00f3n sobre la recogida de residuos en el Golfo de Saint-Tropez.<\/figcaption><\/figure>\n\n\n\n<p class=\"wp-block-paragraph\">Puede ponerse en contacto con nuestra agente Nathalie en la oficina por correo electr\u00f3nico en ot-pro@gassin.eu .<\/p>\n\n\n\n<p class=\"wp-block-paragraph\">Puede encontrar toda la informaci\u00f3n que necesite en la p\u00e1gina web de la Communaut\u00e9 de communes du golfe de aint-Tropez <a href=\"https:\/\/www.cc-golfedesainttropez.fr\/dechets\">https:\/\/www.cc-golfedesainttropez.fr\/dechets <\/a> y\/o enviar todas sus solicitudes a <a href=\"mailto:contactdechets@cc-golfedesainttropez.fr\">contactdechets@cc-golfedesainttropez.fr.<\/a><\/p>\n\n\n\n<p class=\"wp-block-paragraph\">La carta: Gassin apuesta por el turismo sostenible.<\/p>\n\n\n\n<figure class=\"wp-block-image aligncenter\"><a href=\"https:\/\/pro.gassin.eu\/wp-content\/uploads\/2017\/12\/GASSIN-S&#x2019;ENGAGE-POUR-LE-TOURISME-DURABLE.jpg\"><img decoding=\"async\" data-tippy-content=\"carte-balades-francais-2017\" src=\"https:\/\/pro.gassin.eu\/wp-content\/uploads\/2017\/12\/GASSIN-S&#x2019;ENGAGE-POUR-LE-TOURISME-DURABLE-212x300.jpg\" alt=\"\" class=\"wp-image-282\"\/><\/a><\/figure>\n\n\n\n<h2 class=\"wp-block-heading\" id=\"la-qualite-des-eaux-de-baignade-a-gassin\">Calidad de las aguas de ba\u00f1o en Gassin<\/h2>\n\n\n\n<div id=\"WaterPollution\" class=\"w-full\"><water-pollution title=\"\"><\/water-pollution><\/div>\n\n\n\n<h2 class=\"wp-block-heading\" id=\"la-protection-de-la-posidonie\">Proteger la posidonia<\/h2>\n\n\n\n<p class=\"wp-block-paragraph\"><strong>\u00bfLo sab\u00edas?<\/strong><\/p>\n\n\n\n<p class=\"wp-block-paragraph\"><a><\/a>La pradera de Posidonia (Posidonia oceanica) es el PULM\u00d3N DEL MEDITERR\u00c1NEO.<\/p>\n\n\n\n<p class=\"wp-block-paragraph\">Esta singular planta con flores, que se encuentra a lo largo de toda la costa mediterr\u00e1nea, desempe\u00f1a un papel vital en la estabilizaci\u00f3n del lecho marino. Produce flores y frutos bajo el mar. S\u00f3lo se encuentra en el Mediterr\u00e1neo. Protegerla es un deber de todos.   <\/p>\n\n\n\n<p class=\"wp-block-paragraph\">Su presencia es prueba de la claridad de las aguas, as\u00ed que no se sorprenda si lo encuentra en las playas: se deja all\u00ed deliberadamente para impedir que las olas arrastren la arena.<\/p>\n\n\n\n<p class=\"wp-block-paragraph\">Hay casi 60 especies de praderas marinas, que forman inmensos bosques submarinos visibles a profundidades de hasta 50 metros.<\/p>\n\n\n\n<p class=\"wp-block-paragraph\">La Posidonia oceanica est\u00e1 protegida por ley en Francia y est\u00e1 prohibido destruirla.<\/p>\n\n\n\n<p class=\"wp-block-paragraph\">Obtenga m\u00e1s informaci\u00f3n <a href=\"https:\/\/gassin.eu\/wp-content\/uploads\/2022\/05\/posidonie.pdf\">leyendo el folleto de la pradera de Posidonia, que puede descargar aqu\u00ed<\/a>.<\/p>\n\n\n\n<div data-wp-interactive=\"core\/file\" class=\"wp-block-file\"><object data-wp-bind--hidden=\"!state.hasPdfPreview\" hidden class=\"wp-block-file__embed\" data=\"https:\/\/gassin.eu\/wp-content\/uploads\/2022\/05\/posidonie.pdf\" type=\"application\/pdf\" style=\"width:100%;height:600px\" aria-label=\"Incrustado de posidonie.\"><\/object><a id=\"wp-block-file--media-74e01514-f679-4ecd-bc46-296003b32c37\" href=\"https:\/\/gassin.eu\/wp-content\/uploads\/2022\/05\/posidonie.pdf\">posidonia<\/a><\/div>\n\n\n\n<figure class=\"wp-block-gallery has-nested-images columns-default is-cropped wp-block-gallery-1 is-layout-flex wp-block-gallery-is-layout-flex\">\n<figure class=\"wp-block-image size-large\"><img loading=\"lazy\" decoding=\"async\" width=\"1024\" height=\"537\" data-id=\"4552\" data-tippy-content=\"380005251_1024753318501901_6026871875387965145_n\" src=\"https:\/\/gassin.eu\/wp-content\/uploads\/2024\/07\/380005251_1024753318501901_6026871875387965145_n-1-1024x537.jpg\" alt=\"\" class=\"wp-image-4552\" srcset=\"https:\/\/gassin.eu\/wp-content\/uploads\/2024\/07\/380005251_1024753318501901_6026871875387965145_n-1-1024x537.jpg 1024w, https:\/\/gassin.eu\/wp-content\/uploads\/2024\/07\/380005251_1024753318501901_6026871875387965145_n-1-300x157.jpg 300w, https:\/\/gassin.eu\/wp-content\/uploads\/2024\/07\/380005251_1024753318501901_6026871875387965145_n-1-768x403.jpg 768w, https:\/\/gassin.eu\/wp-content\/uploads\/2024\/07\/380005251_1024753318501901_6026871875387965145_n-1.jpg 1536w\" sizes=\"auto, (max-width: 1024px) 100vw, 1024px\" \/><\/figure>\n\n\n\n<figure class=\"wp-block-image size-large\"><img loading=\"lazy\" decoding=\"async\" width=\"771\" height=\"1024\" data-id=\"4557\" data-tippy-content=\"380694080_1024750265168873_2395882325296500189_n\" src=\"https:\/\/gassin.eu\/wp-content\/uploads\/2024\/07\/380694080_1024750265168873_2395882325296500189_n-1-771x1024.jpg\" alt=\"\" class=\"wp-image-4557\" srcset=\"https:\/\/gassin.eu\/wp-content\/uploads\/2024\/07\/380694080_1024750265168873_2395882325296500189_n-1-771x1024.jpg 771w, https:\/\/gassin.eu\/wp-content\/uploads\/2024\/07\/380694080_1024750265168873_2395882325296500189_n-1-226x300.jpg 226w, https:\/\/gassin.eu\/wp-content\/uploads\/2024\/07\/380694080_1024750265168873_2395882325296500189_n-1-768x1020.jpg 768w, https:\/\/gassin.eu\/wp-content\/uploads\/2024\/07\/380694080_1024750265168873_2395882325296500189_n-1-1157x1536.jpg 1157w, https:\/\/gassin.eu\/wp-content\/uploads\/2024\/07\/380694080_1024750265168873_2395882325296500189_n-1.jpg 1536w\" sizes=\"auto, (max-width: 771px) 100vw, 771px\" \/><\/figure>\n<\/figure>\n<\/div>\n","protected":false},"excerpt":{"rendered":"<p>Contenido : Los compromisos de su oficina La Oficina de Turismo de Gassin apuesta por un enfoque ecorresponsable y su personal es consciente de la importancia del desarrollo sostenible, por lo que anima a los socioprofesionales y socios a seguir su ejemplo. He aqu\u00ed algunos ejemplos de acciones que fomentan este enfoque: Una carta de&#8230;<\/p>\n","protected":false},"author":7,"featured_media":4543,"parent":1280,"menu_order":140,"comment_status":"closed","ping_status":"closed","template":"","meta":{"_acf_changed":false,"_crdt_document":"","footnotes":""},"class_list":["post-7473","page","type-page","status-publish","has-post-thumbnail","hentry"],"acf":[],"_links":{"self":[{"href":"https:\/\/gassin.eu\/es\/wp-json\/wp\/v2\/pages\/7473","targetHints":{"allow":["GET"]}}],"collection":[{"href":"https:\/\/gassin.eu\/es\/wp-json\/wp\/v2\/pages"}],"about":[{"href":"https:\/\/gassin.eu\/es\/wp-json\/wp\/v2\/types\/page"}],"author":[{"embeddable":true,"href":"https:\/\/gassin.eu\/es\/wp-json\/wp\/v2\/users\/7"}],"replies":[{"embeddable":true,"href":"https:\/\/gassin.eu\/es\/wp-json\/wp\/v2\/comments?post=7473"}],"version-history":[{"count":1,"href":"https:\/\/gassin.eu\/es\/wp-json\/wp\/v2\/pages\/7473\/revisions"}],"predecessor-version":[{"id":7475,"href":"https:\/\/gassin.eu\/es\/wp-json\/wp\/v2\/pages\/7473\/revisions\/7475"}],"up":[{"embeddable":true,"href":"https:\/\/gassin.eu\/es\/wp-json\/wp\/v2\/pages\/1280"}],"wp:featuredmedia":[{"embeddable":true,"href":"https:\/\/gassin.eu\/es\/wp-json\/wp\/v2\/media\/4543"}],"wp:attachment":[{"href":"https:\/\/gassin.eu\/es\/wp-json\/wp\/v2\/media?parent=7473"}],"curies":[{"name":"wp","href":"https:\/\/api.w.org\/{rel}","templated":true}]}}