{"id":7485,"date":"2022-04-29T14:26:25","date_gmt":"2022-04-29T12:26:25","guid":{"rendered":"https:\/\/gassin.eu\/desarrollo-sostenible\/"},"modified":"2026-05-05T14:38:21","modified_gmt":"2026-05-05T12:38:21","slug":"desarrollo-sostenible","status":"publish","type":"page","link":"https:\/\/gassin.eu\/es\/desarrollo-sostenible\/","title":{"rendered":"Desarrollo sostenible"},"content":{"rendered":"\n<div class=\"wp-block-group is-layout-constrained wp-block-group-is-layout-constrained\">\n<p class=\"wp-block-paragraph\">La Oficina de Turismo de Gassin apuesta por un enfoque sostenible y su personal, sensibilizado con el desarrollo sostenible, anima tambi\u00e9n a los socioprofesionales y socios a seguirlo.<br\/>Entre los ejemplos de acciones que fomentan esto se incluyen:<br\/>reduzco mi impresi\u00f3n en color y mis env\u00edos de papel limito mis propias ediciones para favorecer los folletos comunes, por ejemplo.opto por compartir el coche y el transporte p\u00fablico gestiono mi consumo de agua y de productos dom\u00e9sticos en caso de trabajo, pienso en mejorar el aislamiento de mi edificio programo mi ordenador para que se duerma autom\u00e1ticamente m\u00e1s all\u00e1 de 15 minutos de no utilizaci\u00f3n.prefiero la iluminaci\u00f3n de bajo consumo apago la luz de la habitaci\u00f3n que dejo sistem\u00e1ticamente<br\/>La carta de Gassin se compromete con el turismo sostenible y nos recuerda los buenos gestos (favorecer los desplazamientos a pie y en coche compartido, reducir el consumo de electricidad, mantener correctamente los equipos, utilizar vasos en lugar de tazas desechables, imprimir s\u00f3lo los documentos necesarios, etc.).<br\/>El equipo de OT adquiri\u00f3 un veh\u00edculo el\u00e9ctrico recibido en octubre de 2020, se une a la din\u00e1mica y objetivos del ayuntamiento que son \u00abecologizar\u00bb los parques p\u00fablicos y luchar contra las emisiones de CO2. El ayuntamiento de Gassin supera las obligaciones legales ya que los 4 \u00faltimos veh\u00edculos adquiridos son veh\u00edculos el\u00e9ctricos. Adem\u00e1s del gesto medioambiental, ya hay ahorros significativos en combustibles.<br\/>Adem\u00e1s, para permitir la recarga de veh\u00edculos de particulares, locales o extranjeros, se instal\u00f3 una terminal de la empresa Electric 55 Charging con sede en el Golfo de Saint-Tropez en el aparcamiento de los Marines de Gassin en oto\u00f1o de 2018. Se instalar\u00e1 un segundo terminal en la plaza L\u00e9on Martel, frente a la oficina de turismo.<br\/>La clasificaci\u00f3n de residuos se realiza diariamente en todas las oficinas de la Oficina.<br\/>El sitio de la mancomunidad de municipios, encargada de la recogida de residuos, le ofrece una p\u00e1gina dedicada a la tasa especial.<br\/>Puede descargar una gu\u00eda sobre el tema aqu\u00ed.   <\/p>\n\n\n\n<p class=\"wp-block-paragraph\">Puede ponerse en contacto con nuestra agente de referencia Nathalie en la oficina en nuestro correo electr\u00f3nico.<\/p>\n\n\n\n<p class=\"wp-block-paragraph\">Puede encontrar toda la informaci\u00f3n \u00fatil en https:\/\/www.cc-golfedesainttropez.fr\/dechets o enviar su contactdechets@cc-golfedesainttropez.fr<\/p>\n\n\n\n<p class=\"wp-block-paragraph\">La Carta: Gassin se compromete con el turismo sostenible.<\/p>\n<\/div>\n","protected":false},"excerpt":{"rendered":"<p>La Oficina de Turismo de Gassin apuesta por un enfoque sostenible y su personal, sensibilizado con el desarrollo sostenible, anima tambi\u00e9n a los socioprofesionales y socios a seguirlo.Entre los ejemplos de acciones que fomentan esto se incluyen:reduzco mi impresi\u00f3n en color y mis env\u00edos de papel limito mis propias ediciones para favorecer los folletos comunes,&#8230;<\/p>\n","protected":false},"author":7,"featured_media":0,"parent":0,"menu_order":267,"comment_status":"closed","ping_status":"closed","template":"","meta":{"_acf_changed":false,"_crdt_document":"","footnotes":""},"class_list":["post-7485","page","type-page","status-publish","hentry"],"acf":[],"_links":{"self":[{"href":"https:\/\/gassin.eu\/es\/wp-json\/wp\/v2\/pages\/7485","targetHints":{"allow":["GET"]}}],"collection":[{"href":"https:\/\/gassin.eu\/es\/wp-json\/wp\/v2\/pages"}],"about":[{"href":"https:\/\/gassin.eu\/es\/wp-json\/wp\/v2\/types\/page"}],"author":[{"embeddable":true,"href":"https:\/\/gassin.eu\/es\/wp-json\/wp\/v2\/users\/7"}],"replies":[{"embeddable":true,"href":"https:\/\/gassin.eu\/es\/wp-json\/wp\/v2\/comments?post=7485"}],"version-history":[{"count":1,"href":"https:\/\/gassin.eu\/es\/wp-json\/wp\/v2\/pages\/7485\/revisions"}],"predecessor-version":[{"id":7488,"href":"https:\/\/gassin.eu\/es\/wp-json\/wp\/v2\/pages\/7485\/revisions\/7488"}],"wp:attachment":[{"href":"https:\/\/gassin.eu\/es\/wp-json\/wp\/v2\/media?parent=7485"}],"curies":[{"name":"wp","href":"https:\/\/api.w.org\/{rel}","templated":true}]}}