{"id":11,"date":"2017-07-07T00:41:32","date_gmt":"2017-07-06T22:41:32","guid":{"rendered":"http:\/\/gassin.eu\/?page_id=11"},"modified":"2025-07-02T18:05:15","modified_gmt":"2025-07-02T16:05:15","slug":"informations-pratiques","status":"publish","type":"page","link":"https:\/\/gassin.eu\/fr\/informations-pratiques\/","title":{"rendered":"Informations pratiques"},"content":{"rendered":"\n<div class=\"wp-block-group alignwide is-layout-flow wp-block-group-is-layout-flow\">\n<div class=\"wp-block-query alignfull is-layout-flow wp-block-query-is-layout-flow\"><ul class=\"columns-3 wp-block-post-template is-layout-grid wp-container-core-post-template-is-layout-a94c6db5 wp-block-post-template-is-layout-grid\"><li class=\"wp-block-post post-1747 page type-page status-publish has-post-thumbnail hentry\">\n\n<div class=\"wp-block-cover has-custom-content-position is-position-bottom-left\" style=\"padding-top:var(--wp--preset--spacing--60);padding-right:var(--wp--preset--spacing--60);padding-bottom:var(--wp--preset--spacing--60);padding-left:var(--wp--preset--spacing--60)\"><span aria-hidden=\"true\" class=\"wp-block-cover__background has-background-dim wp-block-cover__gradient-background has-background-gradient has-bg-gradient-to-black-bottom-gradient-background\"><\/span><img loading=\"lazy\" decoding=\"async\" width=\"1024\" height=\"1024\" src=\"https:\/\/gassin.eu\/wp-content\/uploads\/2025\/07\/20250623_102540-1024x1024.jpg\" class=\"wp-block-cover__image-background wp-post-image\" alt=\"\" data-object-fit=\"cover\" srcset=\"https:\/\/gassin.eu\/wp-content\/uploads\/2025\/07\/20250623_102540-1024x1024.jpg 1024w, https:\/\/gassin.eu\/wp-content\/uploads\/2025\/07\/20250623_102540-300x300.jpg 300w, https:\/\/gassin.eu\/wp-content\/uploads\/2025\/07\/20250623_102540-150x150.jpg 150w, https:\/\/gassin.eu\/wp-content\/uploads\/2025\/07\/20250623_102540-768x768.jpg 768w, https:\/\/gassin.eu\/wp-content\/uploads\/2025\/07\/20250623_102540-1536x1536.jpg 1536w, https:\/\/gassin.eu\/wp-content\/uploads\/2025\/07\/20250623_102540-2048x2048.jpg 2048w, https:\/\/gassin.eu\/wp-content\/uploads\/2025\/07\/20250623_102540-1280x1280.jpg 1280w\" sizes=\"auto, (max-width: 1024px) 100vw, 1024px\" \/><div class=\"wp-block-cover__inner-container is-layout-constrained wp-container-core-cover-is-layout-11859842 wp-block-cover-is-layout-constrained\"><h2 class=\"wp-block-post-title\"><a href=\"https:\/\/gassin.eu\/fr\/informations-pratiques\/boutique-ot\/\" target=\"_self\" >Boutique &amp; billetterie<\/a><\/h2><\/div><\/div>\n\n<\/li><li class=\"wp-block-post post-2737 page type-page status-publish has-post-thumbnail hentry\">\n\n<div class=\"wp-block-cover has-custom-content-position is-position-bottom-left\" style=\"padding-top:var(--wp--preset--spacing--60);padding-right:var(--wp--preset--spacing--60);padding-bottom:var(--wp--preset--spacing--60);padding-left:var(--wp--preset--spacing--60)\"><span aria-hidden=\"true\" class=\"wp-block-cover__background has-background-dim wp-block-cover__gradient-background has-background-gradient has-bg-gradient-to-black-bottom-gradient-background\"><\/span><img loading=\"lazy\" decoding=\"async\" width=\"1024\" height=\"576\" src=\"https:\/\/gassin.eu\/wp-content\/uploads\/2021\/01\/diaporama-page-accueil-GASSIN@GUILLAUMEVOITURIER-1024x576.jpg\" class=\"wp-block-cover__image-background wp-post-image\" alt=\"Vue a\u00e9rienne de Gassin avec, en arri\u00e8re-plan, les vignes, la f\u00f4ret et le golfe de Saint-Tropez\" data-object-fit=\"cover\" srcset=\"https:\/\/gassin.eu\/wp-content\/uploads\/2021\/01\/diaporama-page-accueil-GASSIN@GUILLAUMEVOITURIER-1024x576.jpg 1024w, https:\/\/gassin.eu\/wp-content\/uploads\/2021\/01\/diaporama-page-accueil-GASSIN@GUILLAUMEVOITURIER-300x169.jpg 300w, https:\/\/gassin.eu\/wp-content\/uploads\/2021\/01\/diaporama-page-accueil-GASSIN@GUILLAUMEVOITURIER-768x432.jpg 768w, https:\/\/gassin.eu\/wp-content\/uploads\/2021\/01\/diaporama-page-accueil-GASSIN@GUILLAUMEVOITURIER.jpg 1440w\" sizes=\"auto, (max-width: 1024px) 100vw, 1024px\" \/><div class=\"wp-block-cover__inner-container is-layout-constrained wp-container-core-cover-is-layout-11859842 wp-block-cover-is-layout-constrained\"><h2 class=\"wp-block-post-title\"><a href=\"https:\/\/gassin.eu\/fr\/informations-pratiques\/quoi-faire-a-gassin\/\" target=\"_self\" >Quoi faire \u00e0 Gassin ?<\/a><\/h2><\/div><\/div>\n\n<\/li><li class=\"wp-block-post post-206 page type-page status-publish has-post-thumbnail hentry\">\n\n<div class=\"wp-block-cover has-custom-content-position is-position-bottom-left\" style=\"padding-top:var(--wp--preset--spacing--60);padding-right:var(--wp--preset--spacing--60);padding-bottom:var(--wp--preset--spacing--60);padding-left:var(--wp--preset--spacing--60)\"><span aria-hidden=\"true\" class=\"wp-block-cover__background has-background-dim wp-block-cover__gradient-background has-background-gradient has-bg-gradient-to-black-bottom-gradient-background\"><\/span><img loading=\"lazy\" decoding=\"async\" width=\"1024\" height=\"676\" src=\"https:\/\/gassin.eu\/wp-content\/uploads\/2021\/11\/\u00a9e.bertrand-tous-droits-reserves-15-moulin-Bestagne-VTT-1024x676.jpg\" class=\"wp-block-cover__image-background wp-post-image\" alt=\"\" data-object-fit=\"cover\" srcset=\"https:\/\/gassin.eu\/wp-content\/uploads\/2021\/11\/\u00a9e.bertrand-tous-droits-reserves-15-moulin-Bestagne-VTT-1024x676.jpg 1024w, https:\/\/gassin.eu\/wp-content\/uploads\/2021\/11\/\u00a9e.bertrand-tous-droits-reserves-15-moulin-Bestagne-VTT-300x198.jpg 300w, https:\/\/gassin.eu\/wp-content\/uploads\/2021\/11\/\u00a9e.bertrand-tous-droits-reserves-15-moulin-Bestagne-VTT-768x507.jpg 768w, https:\/\/gassin.eu\/wp-content\/uploads\/2021\/11\/\u00a9e.bertrand-tous-droits-reserves-15-moulin-Bestagne-VTT-1536x1014.jpg 1536w, https:\/\/gassin.eu\/wp-content\/uploads\/2021\/11\/\u00a9e.bertrand-tous-droits-reserves-15-moulin-Bestagne-VTT-2048x1352.jpg 2048w\" sizes=\"auto, (max-width: 1024px) 100vw, 1024px\" \/><div class=\"wp-block-cover__inner-container is-layout-constrained wp-container-core-cover-is-layout-11859842 wp-block-cover-is-layout-constrained\"><h2 class=\"wp-block-post-title\"><a href=\"https:\/\/gassin.eu\/fr\/informations-pratiques\/acces-a-gassin\/\" target=\"_self\" >Acc\u00e8s \u00e0 Gassin<\/a><\/h2><\/div><\/div>\n\n<\/li><li class=\"wp-block-post post-5143 page type-page status-publish has-post-thumbnail hentry\">\n\n<div class=\"wp-block-cover has-custom-content-position is-position-bottom-left\" style=\"padding-top:var(--wp--preset--spacing--60);padding-right:var(--wp--preset--spacing--60);padding-bottom:var(--wp--preset--spacing--60);padding-left:var(--wp--preset--spacing--60)\"><span aria-hidden=\"true\" class=\"wp-block-cover__background has-background-dim wp-block-cover__gradient-background has-background-gradient has-bg-gradient-to-black-bottom-gradient-background\"><\/span><img loading=\"lazy\" decoding=\"async\" width=\"1024\" height=\"1024\" src=\"https:\/\/gassin.eu\/wp-content\/uploads\/2025\/07\/20250703_114453-1024x1024.jpg\" class=\"wp-block-cover__image-background wp-post-image\" alt=\"\" data-object-fit=\"cover\" srcset=\"https:\/\/gassin.eu\/wp-content\/uploads\/2025\/07\/20250703_114453-1024x1024.jpg 1024w, https:\/\/gassin.eu\/wp-content\/uploads\/2025\/07\/20250703_114453-300x300.jpg 300w, https:\/\/gassin.eu\/wp-content\/uploads\/2025\/07\/20250703_114453-150x150.jpg 150w, https:\/\/gassin.eu\/wp-content\/uploads\/2025\/07\/20250703_114453-768x768.jpg 768w, https:\/\/gassin.eu\/wp-content\/uploads\/2025\/07\/20250703_114453-1536x1536.jpg 1536w, https:\/\/gassin.eu\/wp-content\/uploads\/2025\/07\/20250703_114453-2048x2048.jpg 2048w, https:\/\/gassin.eu\/wp-content\/uploads\/2025\/07\/20250703_114453-1280x1280.jpg 1280w\" sizes=\"auto, (max-width: 1024px) 100vw, 1024px\" \/><div class=\"wp-block-cover__inner-container is-layout-constrained wp-container-core-cover-is-layout-11859842 wp-block-cover-is-layout-constrained\"><h2 class=\"wp-block-post-title\"><a href=\"https:\/\/gassin.eu\/fr\/informations-pratiques\/services-commerces\/\" target=\"_self\" >Commerces &amp; Services<\/a><\/h2><\/div><\/div>\n\n<\/li><li class=\"wp-block-post post-5144 page type-page status-publish has-post-thumbnail hentry\">\n\n<div class=\"wp-block-cover has-custom-content-position is-position-bottom-left\" style=\"padding-top:var(--wp--preset--spacing--60);padding-right:var(--wp--preset--spacing--60);padding-bottom:var(--wp--preset--spacing--60);padding-left:var(--wp--preset--spacing--60)\"><span aria-hidden=\"true\" class=\"wp-block-cover__background has-background-dim wp-block-cover__gradient-background has-background-gradient has-bg-gradient-to-black-bottom-gradient-background\"><\/span><img loading=\"lazy\" decoding=\"async\" width=\"1024\" height=\"568\" src=\"https:\/\/gassin.eu\/wp-content\/uploads\/2025\/07\/destination-excellence-2-1024x568.jpg\" class=\"wp-block-cover__image-background wp-post-image\" alt=\"\" data-object-fit=\"cover\" srcset=\"https:\/\/gassin.eu\/wp-content\/uploads\/2025\/07\/destination-excellence-2-1024x568.jpg 1024w, https:\/\/gassin.eu\/wp-content\/uploads\/2025\/07\/destination-excellence-2-300x166.jpg 300w, https:\/\/gassin.eu\/wp-content\/uploads\/2025\/07\/destination-excellence-2-768x426.jpg 768w, https:\/\/gassin.eu\/wp-content\/uploads\/2025\/07\/destination-excellence-2.jpg 1082w\" sizes=\"auto, (max-width: 1024px) 100vw, 1024px\" \/><div class=\"wp-block-cover__inner-container is-layout-constrained wp-container-core-cover-is-layout-11859842 wp-block-cover-is-layout-constrained\"><h2 class=\"wp-block-post-title\"><a href=\"https:\/\/gassin.eu\/fr\/informations-pratiques\/qualite-tourisme\/\" target=\"_self\" >\u00c9tablissements Qualit\u00e9 Tourisme\/ Destination d&rsquo;Excellence<\/a><\/h2><\/div><\/div>\n\n<\/li><li class=\"wp-block-post post-5145 page type-page status-publish has-post-thumbnail hentry\">\n\n<div class=\"wp-block-cover has-custom-content-position is-position-bottom-left\" style=\"padding-top:var(--wp--preset--spacing--60);padding-right:var(--wp--preset--spacing--60);padding-bottom:var(--wp--preset--spacing--60);padding-left:var(--wp--preset--spacing--60)\"><span aria-hidden=\"true\" class=\"wp-block-cover__background has-background-dim wp-block-cover__gradient-background has-background-gradient has-bg-gradient-to-black-bottom-gradient-background\"><\/span><img loading=\"lazy\" decoding=\"async\" width=\"1024\" height=\"676\" src=\"https:\/\/gassin.eu\/wp-content\/uploads\/2021\/11\/\u00a9e.bertrand-tous-droits-reserves-15-moulin-Bestagne-VTT-1024x676.jpg\" class=\"wp-block-cover__image-background wp-post-image\" alt=\"\" data-object-fit=\"cover\" srcset=\"https:\/\/gassin.eu\/wp-content\/uploads\/2021\/11\/\u00a9e.bertrand-tous-droits-reserves-15-moulin-Bestagne-VTT-1024x676.jpg 1024w, https:\/\/gassin.eu\/wp-content\/uploads\/2021\/11\/\u00a9e.bertrand-tous-droits-reserves-15-moulin-Bestagne-VTT-300x198.jpg 300w, https:\/\/gassin.eu\/wp-content\/uploads\/2021\/11\/\u00a9e.bertrand-tous-droits-reserves-15-moulin-Bestagne-VTT-768x507.jpg 768w, https:\/\/gassin.eu\/wp-content\/uploads\/2021\/11\/\u00a9e.bertrand-tous-droits-reserves-15-moulin-Bestagne-VTT-1536x1014.jpg 1536w, https:\/\/gassin.eu\/wp-content\/uploads\/2021\/11\/\u00a9e.bertrand-tous-droits-reserves-15-moulin-Bestagne-VTT-2048x1352.jpg 2048w\" sizes=\"auto, (max-width: 1024px) 100vw, 1024px\" \/><div class=\"wp-block-cover__inner-container is-layout-constrained wp-container-core-cover-is-layout-11859842 wp-block-cover-is-layout-constrained\"><h2 class=\"wp-block-post-title\"><a href=\"https:\/\/gassin.eu\/fr\/informations-pratiques\/les-labellises-accueil-velo-du-var\/\" target=\"_self\" >Accueil V\u00e9lo<\/a><\/h2><\/div><\/div>\n\n<\/li><li class=\"wp-block-post post-214 page type-page status-publish has-post-thumbnail hentry\">\n\n<div class=\"wp-block-cover has-custom-content-position is-position-bottom-left\" style=\"padding-top:var(--wp--preset--spacing--60);padding-right:var(--wp--preset--spacing--60);padding-bottom:var(--wp--preset--spacing--60);padding-left:var(--wp--preset--spacing--60)\"><span aria-hidden=\"true\" class=\"wp-block-cover__background has-background-dim wp-block-cover__gradient-background has-background-gradient has-bg-gradient-to-black-bottom-gradient-background\"><\/span><img loading=\"lazy\" decoding=\"async\" width=\"1024\" height=\"1024\" src=\"https:\/\/gassin.eu\/wp-content\/uploads\/2025\/07\/equipe-OTG-uniformes-2023-vue-mer-1024x1024-1.jpg\" class=\"wp-block-cover__image-background wp-post-image\" alt=\"\" data-object-fit=\"cover\" srcset=\"https:\/\/gassin.eu\/wp-content\/uploads\/2025\/07\/equipe-OTG-uniformes-2023-vue-mer-1024x1024-1.jpg 1024w, https:\/\/gassin.eu\/wp-content\/uploads\/2025\/07\/equipe-OTG-uniformes-2023-vue-mer-1024x1024-1-300x300.jpg 300w, https:\/\/gassin.eu\/wp-content\/uploads\/2025\/07\/equipe-OTG-uniformes-2023-vue-mer-1024x1024-1-150x150.jpg 150w, https:\/\/gassin.eu\/wp-content\/uploads\/2025\/07\/equipe-OTG-uniformes-2023-vue-mer-1024x1024-1-768x768.jpg 768w\" sizes=\"auto, (max-width: 1024px) 100vw, 1024px\" \/><div class=\"wp-block-cover__inner-container is-layout-constrained wp-container-core-cover-is-layout-11859842 wp-block-cover-is-layout-constrained\"><h2 class=\"wp-block-post-title\"><a href=\"https:\/\/gassin.eu\/fr\/informations-pratiques\/office-de-tourisme\/\" target=\"_self\" >Office de Tourisme de Gassin<\/a><\/h2><\/div><\/div>\n\n<\/li><li class=\"wp-block-post post-300 page type-page status-publish has-post-thumbnail hentry\">\n\n<div class=\"wp-block-cover has-custom-content-position is-position-bottom-left\" style=\"padding-top:var(--wp--preset--spacing--60);padding-right:var(--wp--preset--spacing--60);padding-bottom:var(--wp--preset--spacing--60);padding-left:var(--wp--preset--spacing--60)\"><span aria-hidden=\"true\" class=\"wp-block-cover__background has-background-dim wp-block-cover__gradient-background has-background-gradient has-bg-gradient-to-black-bottom-gradient-background\"><\/span><img loading=\"lazy\" decoding=\"async\" width=\"1024\" height=\"768\" src=\"https:\/\/gassin.eu\/wp-content\/uploads\/2022\/05\/Typischer-Markt-1024x768.jpg\" class=\"wp-block-cover__image-background wp-post-image\" alt=\"\" data-object-fit=\"cover\" srcset=\"https:\/\/gassin.eu\/wp-content\/uploads\/2022\/05\/Typischer-Markt-1024x768.jpg 1024w, https:\/\/gassin.eu\/wp-content\/uploads\/2022\/05\/Typischer-Markt-300x225.jpg 300w, https:\/\/gassin.eu\/wp-content\/uploads\/2022\/05\/Typischer-Markt-768x576.jpg 768w, https:\/\/gassin.eu\/wp-content\/uploads\/2022\/05\/Typischer-Markt.jpg 1440w\" sizes=\"auto, (max-width: 1024px) 100vw, 1024px\" \/><div class=\"wp-block-cover__inner-container is-layout-constrained wp-container-core-cover-is-layout-11859842 wp-block-cover-is-layout-constrained\"><h2 class=\"wp-block-post-title\"><a href=\"https:\/\/gassin.eu\/fr\/informations-pratiques\/accueil-personnalise-sur-rendez-vous\/\" target=\"_self\" >Accueil personnalis\u00e9<\/a><\/h2><\/div><\/div>\n\n<\/li><li class=\"wp-block-post post-5146 page type-page status-publish has-post-thumbnail hentry\">\n\n<div class=\"wp-block-cover has-custom-content-position is-position-bottom-left\" style=\"padding-top:var(--wp--preset--spacing--60);padding-right:var(--wp--preset--spacing--60);padding-bottom:var(--wp--preset--spacing--60);padding-left:var(--wp--preset--spacing--60)\"><span aria-hidden=\"true\" class=\"wp-block-cover__background has-background-dim wp-block-cover__gradient-background has-background-gradient has-bg-gradient-to-black-bottom-gradient-background\"><\/span><img loading=\"lazy\" decoding=\"async\" width=\"1024\" height=\"576\" src=\"https:\/\/gassin.eu\/wp-content\/uploads\/2025\/07\/rencontre-acteur-eco-2023-Bourrian-7-1024x576.jpg\" class=\"wp-block-cover__image-background wp-post-image\" alt=\"\" data-object-fit=\"cover\" srcset=\"https:\/\/gassin.eu\/wp-content\/uploads\/2025\/07\/rencontre-acteur-eco-2023-Bourrian-7-1024x576.jpg 1024w, https:\/\/gassin.eu\/wp-content\/uploads\/2025\/07\/rencontre-acteur-eco-2023-Bourrian-7-300x169.jpg 300w, https:\/\/gassin.eu\/wp-content\/uploads\/2025\/07\/rencontre-acteur-eco-2023-Bourrian-7-768x432.jpg 768w, https:\/\/gassin.eu\/wp-content\/uploads\/2025\/07\/rencontre-acteur-eco-2023-Bourrian-7-1536x864.jpg 1536w, https:\/\/gassin.eu\/wp-content\/uploads\/2025\/07\/rencontre-acteur-eco-2023-Bourrian-7.jpg 2048w\" sizes=\"auto, (max-width: 1024px) 100vw, 1024px\" \/><div class=\"wp-block-cover__inner-container is-layout-constrained wp-container-core-cover-is-layout-11859842 wp-block-cover-is-layout-constrained\"><h2 class=\"wp-block-post-title\"><a href=\"https:\/\/gassin.eu\/fr\/informations-pratiques\/accueil-groupes-tourisme-d-affaires\/\" target=\"_self\" >Accueil groupes &amp; tourisme d&rsquo;affaires<\/a><\/h2><\/div><\/div>\n\n<\/li><li class=\"wp-block-post post-14 page type-page status-publish has-post-thumbnail hentry\">\n\n<div class=\"wp-block-cover has-custom-content-position is-position-bottom-left\" style=\"padding-top:var(--wp--preset--spacing--60);padding-right:var(--wp--preset--spacing--60);padding-bottom:var(--wp--preset--spacing--60);padding-left:var(--wp--preset--spacing--60)\"><span aria-hidden=\"true\" class=\"wp-block-cover__background has-background-dim wp-block-cover__gradient-background has-background-gradient has-bg-gradient-to-black-bottom-gradient-background\"><\/span><img loading=\"lazy\" decoding=\"async\" width=\"1024\" height=\"1024\" src=\"https:\/\/gassin.eu\/wp-content\/uploads\/2025\/07\/20250716_170026-1024x1024.jpg\" class=\"wp-block-cover__image-background wp-post-image\" alt=\"\" data-object-fit=\"cover\" srcset=\"https:\/\/gassin.eu\/wp-content\/uploads\/2025\/07\/20250716_170026-1024x1024.jpg 1024w, https:\/\/gassin.eu\/wp-content\/uploads\/2025\/07\/20250716_170026-300x300.jpg 300w, https:\/\/gassin.eu\/wp-content\/uploads\/2025\/07\/20250716_170026-150x150.jpg 150w, https:\/\/gassin.eu\/wp-content\/uploads\/2025\/07\/20250716_170026-768x768.jpg 768w, https:\/\/gassin.eu\/wp-content\/uploads\/2025\/07\/20250716_170026-1536x1536.jpg 1536w, https:\/\/gassin.eu\/wp-content\/uploads\/2025\/07\/20250716_170026-2048x2048.jpg 2048w, https:\/\/gassin.eu\/wp-content\/uploads\/2025\/07\/20250716_170026-1280x1280.jpg 1280w\" sizes=\"auto, (max-width: 1024px) 100vw, 1024px\" \/><div class=\"wp-block-cover__inner-container is-layout-constrained wp-container-core-cover-is-layout-11859842 wp-block-cover-is-layout-constrained\"><h2 class=\"wp-block-post-title\"><a href=\"https:\/\/gassin.eu\/fr\/informations-pratiques\/documentation\/\" target=\"_self\" >Documentation<\/a><\/h2><\/div><\/div>\n\n<\/li><li class=\"wp-block-post post-3112 page type-page status-publish has-post-thumbnail hentry\">\n\n<div class=\"wp-block-cover has-custom-content-position is-position-bottom-left\" style=\"padding-top:var(--wp--preset--spacing--60);padding-right:var(--wp--preset--spacing--60);padding-bottom:var(--wp--preset--spacing--60);padding-left:var(--wp--preset--spacing--60)\"><span aria-hidden=\"true\" class=\"wp-block-cover__background has-background-dim wp-block-cover__gradient-background has-background-gradient has-bg-gradient-to-black-bottom-gradient-background\"><\/span><img loading=\"lazy\" decoding=\"async\" width=\"1024\" height=\"537\" src=\"https:\/\/gassin.eu\/wp-content\/uploads\/2024\/07\/380005251_1024753318501901_6026871875387965145_n-1024x537.jpg\" class=\"wp-block-cover__image-background wp-post-image\" alt=\"\" data-object-fit=\"cover\" srcset=\"https:\/\/gassin.eu\/wp-content\/uploads\/2024\/07\/380005251_1024753318501901_6026871875387965145_n-1024x537.jpg 1024w, https:\/\/gassin.eu\/wp-content\/uploads\/2024\/07\/380005251_1024753318501901_6026871875387965145_n-300x157.jpg 300w, https:\/\/gassin.eu\/wp-content\/uploads\/2024\/07\/380005251_1024753318501901_6026871875387965145_n-768x403.jpg 768w, https:\/\/gassin.eu\/wp-content\/uploads\/2024\/07\/380005251_1024753318501901_6026871875387965145_n.jpg 1536w\" sizes=\"auto, (max-width: 1024px) 100vw, 1024px\" \/><div class=\"wp-block-cover__inner-container is-layout-constrained wp-container-core-cover-is-layout-11859842 wp-block-cover-is-layout-constrained\"><h2 class=\"wp-block-post-title\"><a href=\"https:\/\/gassin.eu\/fr\/informations-pratiques\/developpement-durable\/\" target=\"_self\" >D\u00e9veloppement durable<\/a><\/h2><\/div><\/div>\n\n<\/li><li class=\"wp-block-post post-222 page type-page status-publish has-post-thumbnail hentry\">\n\n<div class=\"wp-block-cover has-custom-content-position is-position-bottom-left\" style=\"padding-top:var(--wp--preset--spacing--60);padding-right:var(--wp--preset--spacing--60);padding-bottom:var(--wp--preset--spacing--60);padding-left:var(--wp--preset--spacing--60)\"><span aria-hidden=\"true\" class=\"wp-block-cover__background has-background-dim wp-block-cover__gradient-background has-background-gradient has-bg-gradient-to-black-bottom-gradient-background\"><\/span><img loading=\"lazy\" decoding=\"async\" width=\"500\" height=\"500\" src=\"https:\/\/gassin.eu\/wp-content\/uploads\/2025\/07\/056110.jpg\" class=\"wp-block-cover__image-background wp-post-image\" alt=\"\" data-object-fit=\"cover\" srcset=\"https:\/\/gassin.eu\/wp-content\/uploads\/2025\/07\/056110.jpg 500w, https:\/\/gassin.eu\/wp-content\/uploads\/2025\/07\/056110-300x300.jpg 300w, https:\/\/gassin.eu\/wp-content\/uploads\/2025\/07\/056110-150x150.jpg 150w\" sizes=\"auto, (max-width: 500px) 100vw, 500px\" \/><div class=\"wp-block-cover__inner-container is-layout-constrained wp-container-core-cover-is-layout-11859842 wp-block-cover-is-layout-constrained\"><h2 class=\"wp-block-post-title\"><a href=\"https:\/\/gassin.eu\/fr\/informations-pratiques\/contact\/\" target=\"_self\" >Formulaire de contact<\/a><\/h2><\/div><\/div>\n\n<\/li><\/ul><\/div>\n<\/div>\n","protected":false},"excerpt":{"rendered":"","protected":false},"author":2,"featured_media":0,"parent":0,"menu_order":55,"comment_status":"closed","ping_status":"closed","template":"","meta":{"_acf_changed":false,"_crdt_document":"","footnotes":""},"class_list":["post-11","page","type-page","status-publish","hentry"],"acf":[],"_links":{"self":[{"href":"https:\/\/gassin.eu\/fr\/wp-json\/wp\/v2\/pages\/11","targetHints":{"allow":["GET"]}}],"collection":[{"href":"https:\/\/gassin.eu\/fr\/wp-json\/wp\/v2\/pages"}],"about":[{"href":"https:\/\/gassin.eu\/fr\/wp-json\/wp\/v2\/types\/page"}],"author":[{"embeddable":true,"href":"https:\/\/gassin.eu\/fr\/wp-json\/wp\/v2\/users\/2"}],"replies":[{"embeddable":true,"href":"https:\/\/gassin.eu\/fr\/wp-json\/wp\/v2\/comments?post=11"}],"version-history":[{"count":23,"href":"https:\/\/gassin.eu\/fr\/wp-json\/wp\/v2\/pages\/11\/revisions"}],"predecessor-version":[{"id":5418,"href":"https:\/\/gassin.eu\/fr\/wp-json\/wp\/v2\/pages\/11\/revisions\/5418"}],"wp:attachment":[{"href":"https:\/\/gassin.eu\/fr\/wp-json\/wp\/v2\/media?parent=11"}],"curies":[{"name":"wp","href":"https:\/\/api.w.org\/{rel}","templated":true}]}}