{"id":1897,"date":"2020-10-16T13:10:07","date_gmt":"2020-10-16T11:10:07","guid":{"rendered":"https:\/\/gassin.eu\/?page_id=1897"},"modified":"2025-09-03T17:38:54","modified_gmt":"2025-09-03T15:38:54","slug":"halloween","status":"publish","type":"page","link":"https:\/\/gassin.eu\/fr\/halloween\/","title":{"rendered":"Parcours Halloween 2025 &#8211; Le Sabbat des Sorci\u00e8res"},"content":{"rendered":"\n<p class=\"wp-block-paragraph\">Gassin se transforme en village maudit \u00e0 l\u2019occasion d\u2019Halloween&nbsp;! Du 11&nbsp;octobre au 2&nbsp;novembre, laissez-vous emporter par le Sabbat des Sorci\u00e8res, un parcours myst\u00e9rieux et terrifiant au c\u0153ur des ruelles m\u00e9di\u00e9vales. Entre \u00e9nigmes effrayantes et monstres tapis dans l\u2019ombre, les frissons sont garantis&nbsp;!<\/p>\n\n\n\n<figure class=\"wp-block-image size-large is-resized\"><img loading=\"lazy\" decoding=\"async\" width=\"724\" height=\"1024\" data-tippy-content=\"202510-affiche-halloween-sabbat-sorcieres\" src=\"https:\/\/gassin.eu\/wp-content\/uploads\/2025\/09\/202510-affiche-halloween-sabbat-sorcieres-724x1024.jpg\" alt=\"\" class=\"wp-image-6403\" style=\"aspect-ratio:0.7071172242552289;width:457px;height:auto\" srcset=\"https:\/\/gassin.eu\/wp-content\/uploads\/2025\/09\/202510-affiche-halloween-sabbat-sorcieres-724x1024.jpg 724w, https:\/\/gassin.eu\/wp-content\/uploads\/2025\/09\/202510-affiche-halloween-sabbat-sorcieres-212x300.jpg 212w, https:\/\/gassin.eu\/wp-content\/uploads\/2025\/09\/202510-affiche-halloween-sabbat-sorcieres-768x1086.jpg 768w, https:\/\/gassin.eu\/wp-content\/uploads\/2025\/09\/202510-affiche-halloween-sabbat-sorcieres-1086x1536.jpg 1086w, https:\/\/gassin.eu\/wp-content\/uploads\/2025\/09\/202510-affiche-halloween-sabbat-sorcieres-1448x2048.jpg 1448w, https:\/\/gassin.eu\/wp-content\/uploads\/2025\/09\/202510-affiche-halloween-sabbat-sorcieres-scaled.jpg 1810w\" sizes=\"auto, (max-width: 724px) 100vw, 724px\" \/><\/figure>\n\n\n\n<p class=\"wp-block-paragraph\">Tous les cent ans, le village accueille le grand sabbat des sorci\u00e8res. Mais un drame s\u2019est produit&nbsp;: les pages du Grimoire des Ombres ont \u00e9t\u00e9 d\u00e9chir\u00e9es, plongeant Gassin dans une mal\u00e9diction. Azala\u00efs, la puissante sorci\u00e8re du village, a perdu la m\u00e9moire, et ses invit\u00e9es venues du monde entier sont devenues plus redoutables que jamais\u2026 Pour lever le sort, il faudra retrouver les 13&nbsp;pages \u00e9parpill\u00e9es et r\u00e9ussir les \u00e9preuves pos\u00e9es par chaque sorci\u00e8re.<\/p>\n\n\n\n<p class=\"wp-block-paragraph\">Un jeu de piste gratuit, accessible \u00e0 tous, vous attend avec un livret disponible \u00e0 l\u2019office de tourisme. Mais attention&nbsp;: seuls les plus courageux parviendront \u00e0 reconstituer le Grimoire et sauver Gassin de la mal\u00e9diction&nbsp;!<\/p>\n\n\n\n<p class=\"wp-block-paragraph\"><em> <a href=\"https:\/\/gassin.eu\/fr\/animation\/distractions-et-loisirs\/gassin\/parcours-halloween-7215813\/\" data-type=\"URL\" data-id=\"https:\/\/gassin.eu\/fr\/animation\/distractions-et-loisirs\/gassin\/parcours-halloween-le-vampire-de-gassin-6268900\/\">voici la fiche de pr\u00e9sentation de l&rsquo;\u00e9v\u00e9nement avec toutes les infos<\/a>.<\/em><\/p>\n\n\n\n<p class=\"wp-block-paragraph\"><\/p>\n\n\n\n<h2 class=\"wp-block-heading\">Parcours Halloween 2024 &#8211; Le Secret des Ruines perdues<\/h2>\n\n\n\n<div class=\"wp-block-group is-layout-constrained wp-block-group-is-layout-constrained\">\n<p class=\"wp-block-paragraph\"><strong>Bravo ! Te voil\u00e0 \u00e0 la fin de ton p\u00e9riple \u00e0 Gassin, le village des sorci\u00e8res&#8230; et d\u00e9sormais d\u00e9barrass\u00e9 des zombies ! Tu trouveras ci-dessous les r\u00e9ponses aux questions pos\u00e9es !<\/strong><\/p>\n\n\n\n<figure class=\"wp-block-image size-large is-resized\"><img loading=\"lazy\" decoding=\"async\" width=\"724\" height=\"1024\" data-tippy-content=\"affiche-teasing&#8211; copie\" src=\"https:\/\/gassin.eu\/wp-content\/uploads\/2024\/10\/affiche-teasing-copie-724x1024.jpg\" alt=\"\" class=\"wp-image-4611\" style=\"width:220px;height:auto\" srcset=\"https:\/\/gassin.eu\/wp-content\/uploads\/2024\/10\/affiche-teasing-copie-724x1024.jpg 724w, https:\/\/gassin.eu\/wp-content\/uploads\/2024\/10\/affiche-teasing-copie-212x300.jpg 212w, https:\/\/gassin.eu\/wp-content\/uploads\/2024\/10\/affiche-teasing-copie-768x1086.jpg 768w, https:\/\/gassin.eu\/wp-content\/uploads\/2024\/10\/affiche-teasing-copie-1086x1536.jpg 1086w, https:\/\/gassin.eu\/wp-content\/uploads\/2024\/10\/affiche-teasing-copie-1448x2048.jpg 1448w, https:\/\/gassin.eu\/wp-content\/uploads\/2024\/10\/affiche-teasing-copie-scaled.jpg 1810w\" sizes=\"auto, (max-width: 724px) 100vw, 724px\" \/><\/figure>\n\n\n\n<p class=\"wp-block-paragraph\"><em>Si tu n&rsquo;as pas encore commenc\u00e9 : <a href=\"https:\/\/gassin.eu\/fr\/animation\/distractions-et-loisirs\/gassin\/parcours-halloween-le-secret-des-ruines-perdues-7039872\/\" data-type=\"URL\" data-id=\"https:\/\/gassin.eu\/fr\/animation\/distractions-et-loisirs\/gassin\/parcours-halloween-le-vampire-de-gassin-6268900\/\">voici la fiche de pr\u00e9sentation de l&rsquo;\u00e9v\u00e9nement avec toutes les infos<\/a>.<\/em><\/p>\n\n\n\n<p class=\"wp-block-paragraph\"><\/p>\n\n\n\n<p class=\"wp-block-paragraph\">\u00c9tape 1 : DOD\u00c9CA\u00c8DRE<\/p>\n\n\n\n<p class=\"has-orange-600-color has-text-color has-link-color wp-elements-c0d7799513d1296911253223dc20aee1 wp-block-paragraph\">\u00c9tape 2 : KAR et SEN<\/p>\n\n\n\n<p class=\"wp-block-paragraph\">C&rsquo;est un nom d&rsquo;origine pr\u00e9-indo-europ\u00e9enne qui signifie \u00ab\u00a0pierre\u00a0\u00bb et \u00ab\u00a0pos\u00e9e sur\u00a0\u00bb.<\/p>\n\n\n\n<p class=\"has-orange-500-color has-text-color has-link-color wp-elements-c453d5606e8f094164a253e830a0e473 wp-block-paragraph\">\u00c9tape 3 : la BELLADONE<\/p>\n\n\n\n<p class=\"wp-block-paragraph\">\u00c9tape 4 : du CHARBON<\/p>\n\n\n\n<p class=\"has-orange-600-color has-text-color has-link-color wp-elements-d33f0782f8fa55c2f47284e8d3b5bf04 wp-block-paragraph\">\u00c9tape 5 : <strong>CORD<\/strong>yceps<\/p>\n\n\n\n<p class=\"wp-block-paragraph\">\u00c9tape 6 : les chiffres sont 2, 5, 6 et 7<\/p>\n\n\n\n<p class=\"wp-block-paragraph\">Il faut aller vers LA RUE LONGUE DES PIERRES AGRIPPANTES<\/p>\n\n\n\n<p class=\"has-orange-600-color has-text-color has-link-color wp-elements-00cc1eeb1be04d267a59b8b3281b5159 wp-block-paragraph\">\u00c9tape 7 : la SERPENTINE et le BASALTE<\/p>\n\n\n\n<p class=\"wp-block-paragraph\">\u00c9tape 8 : Zombie = 5 ; \u00c9chelle = 7 ; Niveau = 1 ; Inscription = 8 ; Thy\u00e9odolite = 3 ; Hache = 4 ; Amphore = 2 ; Loupe = 6<\/p>\n\n\n\n<p class=\"wp-block-paragraph\">Le mot est Z\u00c9NITHAL.<\/p>\n\n\n\n<p class=\"wp-block-paragraph\">Horizontal est l&rsquo;adjectif de AZIMUTHAL et vertical celui de Z\u00c9NITHAL.<\/p>\n\n\n\n<p class=\"has-alert-color has-text-color has-link-color wp-elements-3f11bf6b421a26a03e6618222dfcb6e0 wp-block-paragraph\">\u00c9tape 9 : C&rsquo;EST LA MAISON DE LA SORCI\u00c8RE<\/p>\n\n\n\n<p class=\"wp-block-paragraph\">\u00c9tape 10 : <\/p>\n\n\n\n<p class=\"has-warning-color has-text-color has-link-color wp-elements-397465f065b4b2b454dd82e051bf8e5c wp-block-paragraph\">\u00c9tape 11 : la bonne orthographe est : MACCHAB\u00c9ES<\/p>\n\n\n\n<p class=\"wp-block-paragraph\">\u00c9tape 12 : le CHAT MIAULE<\/p>\n\n\n\n<p class=\"wp-block-paragraph\">le CHIEN aboie<\/p>\n\n\n\n<p class=\"wp-block-paragraph\">le CANARD CANCANE<\/p>\n\n\n\n<p class=\"wp-block-paragraph\">le CERF BRAME<\/p>\n\n\n\n<p class=\"wp-block-paragraph\">le CHEVAL HENNIT<\/p>\n\n\n\n<p class=\"wp-block-paragraph\">la CHOUETTE HULULE<\/p>\n\n\n\n<p class=\"wp-block-paragraph\">le CRAPAUD COASSE<\/p>\n\n\n\n<p class=\"wp-block-paragraph\">le CHACAL JAPPE<\/p>\n\n\n\n<p class=\"wp-block-paragraph\">le CORBEAU CROASSE<\/p>\n\n\n\n<p class=\"wp-block-paragraph\">le CHAMEAU BLAT\u00c8RE<\/p>\n\n\n\n<p class=\"wp-block-paragraph\">la CHAUVE-SOURIS GRINCE<\/p>\n\n\n\n<p class=\"wp-block-paragraph\">&#8230;&#8230;&#8230;&#8230;..<\/p>\n\n\n\n<p class=\"wp-block-paragraph\">Merci de votre participation <\/p>\n\n\n\n<figure class=\"wp-block-gallery has-nested-images columns-default is-cropped wp-block-gallery-1 is-layout-flex wp-block-gallery-is-layout-flex\">\n<figure class=\"wp-block-image size-large\"><img loading=\"lazy\" decoding=\"async\" width=\"724\" height=\"1024\" data-id=\"4617\" data-tippy-content=\"elogie&#8212;311084\" src=\"https:\/\/gassin.eu\/wp-content\/uploads\/2024\/10\/elogie-311084-724x1024.png\" alt=\"\" class=\"wp-image-4617\" srcset=\"https:\/\/gassin.eu\/wp-content\/uploads\/2024\/10\/elogie-311084-724x1024.png 724w, https:\/\/gassin.eu\/wp-content\/uploads\/2024\/10\/elogie-311084-212x300.png 212w, https:\/\/gassin.eu\/wp-content\/uploads\/2024\/10\/elogie-311084-768x1087.png 768w, https:\/\/gassin.eu\/wp-content\/uploads\/2024\/10\/elogie-311084.png 848w\" sizes=\"auto, (max-width: 724px) 100vw, 724px\" \/><\/figure>\n\n\n\n<figure class=\"wp-block-image size-large\"><img loading=\"lazy\" decoding=\"async\" width=\"724\" height=\"1024\" data-id=\"4630\" data-tippy-content=\"antoine&#8212;311084\" src=\"https:\/\/gassin.eu\/wp-content\/uploads\/2024\/10\/antoine-311084-724x1024.png\" alt=\"\" class=\"wp-image-4630\" srcset=\"https:\/\/gassin.eu\/wp-content\/uploads\/2024\/10\/antoine-311084-724x1024.png 724w, https:\/\/gassin.eu\/wp-content\/uploads\/2024\/10\/antoine-311084-212x300.png 212w, https:\/\/gassin.eu\/wp-content\/uploads\/2024\/10\/antoine-311084-768x1086.png 768w, https:\/\/gassin.eu\/wp-content\/uploads\/2024\/10\/antoine-311084.png 849w\" sizes=\"auto, (max-width: 724px) 100vw, 724px\" \/><\/figure>\n\n\n\n<figure class=\"wp-block-image size-large\"><img loading=\"lazy\" decoding=\"async\" width=\"724\" height=\"1024\" data-id=\"4628\" data-tippy-content=\"camille&#8211;311084\" src=\"https:\/\/gassin.eu\/wp-content\/uploads\/2024\/10\/camille-311084-724x1024.png\" alt=\"\" class=\"wp-image-4628\" srcset=\"https:\/\/gassin.eu\/wp-content\/uploads\/2024\/10\/camille-311084-724x1024.png 724w, https:\/\/gassin.eu\/wp-content\/uploads\/2024\/10\/camille-311084-212x300.png 212w, https:\/\/gassin.eu\/wp-content\/uploads\/2024\/10\/camille-311084-768x1086.png 768w, https:\/\/gassin.eu\/wp-content\/uploads\/2024\/10\/camille-311084.png 849w\" sizes=\"auto, (max-width: 724px) 100vw, 724px\" \/><\/figure>\n\n\n\n<figure class=\"wp-block-image size-large\"><img loading=\"lazy\" decoding=\"async\" width=\"724\" height=\"1024\" data-id=\"4627\" data-tippy-content=\"julien&#8212;-311084\" src=\"https:\/\/gassin.eu\/wp-content\/uploads\/2024\/10\/julien-311084-724x1024.png\" alt=\"\" class=\"wp-image-4627\" srcset=\"https:\/\/gassin.eu\/wp-content\/uploads\/2024\/10\/julien-311084-724x1024.png 724w, https:\/\/gassin.eu\/wp-content\/uploads\/2024\/10\/julien-311084-212x300.png 212w, https:\/\/gassin.eu\/wp-content\/uploads\/2024\/10\/julien-311084-768x1086.png 768w, https:\/\/gassin.eu\/wp-content\/uploads\/2024\/10\/julien-311084.png 849w\" sizes=\"auto, (max-width: 724px) 100vw, 724px\" \/><\/figure>\n\n\n\n<figure class=\"wp-block-image size-large\"><img loading=\"lazy\" decoding=\"async\" width=\"724\" height=\"1024\" data-id=\"4632\" data-tippy-content=\"maxime&#8211;311084\" src=\"https:\/\/gassin.eu\/wp-content\/uploads\/2024\/10\/maxime-311084-724x1024.png\" alt=\"\" class=\"wp-image-4632\" srcset=\"https:\/\/gassin.eu\/wp-content\/uploads\/2024\/10\/maxime-311084-724x1024.png 724w, https:\/\/gassin.eu\/wp-content\/uploads\/2024\/10\/maxime-311084-212x300.png 212w, https:\/\/gassin.eu\/wp-content\/uploads\/2024\/10\/maxime-311084-768x1086.png 768w, https:\/\/gassin.eu\/wp-content\/uploads\/2024\/10\/maxime-311084.png 849w\" sizes=\"auto, (max-width: 724px) 100vw, 724px\" \/><\/figure>\n\n\n\n<figure class=\"wp-block-image size-large\"><img loading=\"lazy\" decoding=\"async\" width=\"724\" height=\"1024\" data-id=\"4622\" data-tippy-content=\"emilie-311084\" src=\"https:\/\/gassin.eu\/wp-content\/uploads\/2024\/10\/emilie-311084-724x1024.png\" alt=\"\" class=\"wp-image-4622\" srcset=\"https:\/\/gassin.eu\/wp-content\/uploads\/2024\/10\/emilie-311084-724x1024.png 724w, https:\/\/gassin.eu\/wp-content\/uploads\/2024\/10\/emilie-311084-212x300.png 212w, https:\/\/gassin.eu\/wp-content\/uploads\/2024\/10\/emilie-311084-768x1087.png 768w, https:\/\/gassin.eu\/wp-content\/uploads\/2024\/10\/emilie-311084.png 848w\" sizes=\"auto, (max-width: 724px) 100vw, 724px\" \/><\/figure>\n<\/figure>\n\n\n\n<p class=\"wp-block-paragraph\">ARCHIVES HALLOWEEN 2023 &#8211; Parcours Halloween 2023 &#8211; La Traque des Zombies<\/p>\n\n\n\n<p class=\"wp-block-paragraph\"><strong>Bravo ! Te voil\u00e0 \u00e0 la fin de ton p\u00e9riple \u00e0 Gassin, le village des sorci\u00e8res&#8230; et d\u00e9sormais d\u00e9barrass\u00e9 des zombies ! Tu trouveras ci-dessous les r\u00e9ponses aux questions pos\u00e9es !<\/strong><\/p>\n\n\n\n<p class=\"wp-block-paragraph\"><em>Si tu n&rsquo;as pas encore commenc\u00e9 : <a href=\"https:\/\/gassin.eu\/fr\/animation\/distractions-et-loisirs\/gassin\/la-traque-des-zombies-6676210\/\" data-type=\"URL\" data-id=\"https:\/\/gassin.eu\/fr\/animation\/distractions-et-loisirs\/gassin\/parcours-halloween-le-vampire-de-gassin-6268900\/\">voici la fiche de pr\u00e9sentation de l&rsquo;\u00e9v\u00e9nement avec toutes les infos<\/a>.<\/em><\/p>\n\n\n\n<p class=\"wp-block-paragraph\"><img decoding=\"async\" src=\"https:\/\/gassin.eu\/wp-content\/uploads\/2022\/10\/2022-affiche-halloween-Gassin-le-vampire-de-Gassin-parcours-jeu-pour-enfant-724x1024.png\" alt=\"L\u2019attribut alt de cette image est vide, son nom de fichier est 2022-affiche-halloween-Gassin-le-vampire-de-Gassin-parcours-jeu-pour-enfant-724x1024.png.\"><div class=\"components-drop-zone\" data-is-drop-zone=\"true\"><\/div><hr tabindex=\"0\" class=\"block-editor-block-list__block wp-block has-css-opacity wp-block-separator\" id=\"block-a5a057b1-529a-459a-af1a-147a297374db\" role=\"document\" aria-label=\"Bloc\u00a0: S\u00e9parateur\" data-block=\"a5a057b1-529a-459a-af1a-147a297374db\" data-type=\"core\/separator\" data-title=\"S\u00e9parateur\"><\/hr>Les r\u00e9ponses aux questions<\/p>\n\n\n\n<p class=\"wp-block-paragraph\">\u00c9tape 1 : Les lieux sont :<\/p>\n\n\n\n<p class=\"wp-block-paragraph\">A. L&rsquo;office horrifique<\/p>\n\n\n\n<p class=\"wp-block-paragraph\">B. La Grotte de Jack<\/p>\n\n\n\n<p class=\"wp-block-paragraph\">C. La Terrasse hant\u00e9e<\/p>\n\n\n\n<p class=\"wp-block-paragraph\">D. La Rue Sans Fin<\/p>\n\n\n\n<p class=\"wp-block-paragraph\">E. L&rsquo;Antre Zombiesque<\/p>\n\n\n\n<p class=\"wp-block-paragraph\">F. Le Passage des Anciens Esprits<\/p>\n\n\n\n<p class=\"wp-block-paragraph\"><\/p>\n\n\n\n<p class=\"wp-block-paragraph\"><\/p>\n\n\n\n<p class=\"wp-block-paragraph\"><\/p>\n\n\n\n<p class=\"wp-block-paragraph\"><\/p>\n<\/div>\n","protected":false},"excerpt":{"rendered":"<p>Gassin se transforme en village maudit \u00e0 l\u2019occasion d\u2019Halloween&nbsp;! Du 11&nbsp;octobre au 2&nbsp;novembre, laissez-vous emporter par le Sabbat des Sorci\u00e8res, un parcours myst\u00e9rieux et terrifiant au c\u0153ur des ruelles m\u00e9di\u00e9vales. Entre \u00e9nigmes effrayantes et monstres tapis dans l\u2019ombre, les frissons sont garantis&nbsp;! Tous les cent ans, le village accueille le grand sabbat des sorci\u00e8res. Mais&#8230;<\/p>\n","protected":false},"author":7,"featured_media":0,"parent":0,"menu_order":167,"comment_status":"closed","ping_status":"closed","template":"","meta":{"_acf_changed":false,"_crdt_document":"","footnotes":""},"class_list":["post-1897","page","type-page","status-publish","hentry"],"acf":[],"_links":{"self":[{"href":"https:\/\/gassin.eu\/fr\/wp-json\/wp\/v2\/pages\/1897","targetHints":{"allow":["GET"]}}],"collection":[{"href":"https:\/\/gassin.eu\/fr\/wp-json\/wp\/v2\/pages"}],"about":[{"href":"https:\/\/gassin.eu\/fr\/wp-json\/wp\/v2\/types\/page"}],"author":[{"embeddable":true,"href":"https:\/\/gassin.eu\/fr\/wp-json\/wp\/v2\/users\/7"}],"replies":[{"embeddable":true,"href":"https:\/\/gassin.eu\/fr\/wp-json\/wp\/v2\/comments?post=1897"}],"version-history":[{"count":49,"href":"https:\/\/gassin.eu\/fr\/wp-json\/wp\/v2\/pages\/1897\/revisions"}],"predecessor-version":[{"id":6408,"href":"https:\/\/gassin.eu\/fr\/wp-json\/wp\/v2\/pages\/1897\/revisions\/6408"}],"wp:attachment":[{"href":"https:\/\/gassin.eu\/fr\/wp-json\/wp\/v2\/media?parent=1897"}],"curies":[{"name":"wp","href":"https:\/\/api.w.org\/{rel}","templated":true}]}}