{"id":206,"date":"2017-09-10T12:22:37","date_gmt":"2017-09-10T10:22:37","guid":{"rendered":"https:\/\/gassin.eu\/?page_id=206"},"modified":"2025-07-16T09:03:10","modified_gmt":"2025-07-16T07:03:10","slug":"acces-a-gassin","status":"publish","type":"page","link":"https:\/\/gassin.eu\/fr\/informations-pratiques\/acces-a-gassin\/","title":{"rendered":"Acc\u00e8s \u00e0 Gassin"},"content":{"rendered":"\n<div class=\"wp-block-group is-layout-flow wp-block-group-is-layout-flow\">\n<p class=\"wp-block-paragraph\">Gassin au c\u0153ur de la presqu&rsquo;\u00eele de Saint-Tropez, sur la C\u00f4te d&rsquo;Azur, entre Saint-Rapha\u00ebl (25 km) et Hy\u00e8res (40 km). La commune est limitrophe de La Croix-Valmer, Ramatuelle et Saint-Tropez.<\/p>\n\n\n\n<p class=\"wp-block-paragraph\">Les coordonn\u00e9es GPS de l&rsquo;office de tourisme<br>Latitude : N43 13.804<br>Longitude : E6 35.134<\/p>\n\n\n\n<figure class=\"wp-block-image aligncenter\"><a href=\"https:\/\/gassin.eu\/wp-content\/uploads\/2017\/09\/carte-accse-\u00e0-gassin-2017.jpg\"><img loading=\"lazy\" decoding=\"async\" width=\"1024\" height=\"642\" data-tippy-content=\"carte accse \u00e0 gassin 2017\" src=\"https:\/\/gassin.eu\/wp-content\/uploads\/2017\/09\/carte-accse-\u00e0-gassin-2017-1024x642.jpg\" alt=\"\" class=\"wp-image-287\" srcset=\"https:\/\/gassin.eu\/wp-content\/uploads\/2017\/09\/carte-accse-\u00e0-gassin-2017-1024x642.jpg 1024w, https:\/\/gassin.eu\/wp-content\/uploads\/2017\/09\/carte-accse-\u00e0-gassin-2017-300x188.jpg 300w, https:\/\/gassin.eu\/wp-content\/uploads\/2017\/09\/carte-accse-\u00e0-gassin-2017-768x482.jpg 768w, https:\/\/gassin.eu\/wp-content\/uploads\/2017\/09\/carte-accse-\u00e0-gassin-2017.jpg 1567w\" sizes=\"auto, (max-width: 1024px) 100vw, 1024px\" \/><\/a><\/figure>\n\n\n\n<p class=\"wp-block-paragraph\"><\/p>\n\n\n\n<h2 class=\"wp-block-heading\">Liste des points de recharge de v\u00e9hicules \u00e9lectriques<\/h2>\n\n\n\n<ul class=\"wp-block-list\">\n<li><a href=\"https:\/\/gassin.eu\/fr\/services\/bornes-de-recharge-pour-vehicules-electriques\/gassin\/station-de-recharge-pour-voitures-electriques-des-marines-de-gassin-4850802\/\">Station de recharge des Marines de Gassin<\/a><\/li>\n\n\n\n<li><a href=\"https:\/\/gassin.eu\/fr\/services\/bornes-de-recharge-pour-vehicules-electriques\/gassin\/station-de-recharge-pour-voitures-electriques-la-foux-superchargeur-tesla-7034261\/\">Station de recharge de La Foux &#8211; superchargeur Tesla<\/a><\/li>\n\n\n\n<li><a href=\"https:\/\/gassin.eu\/fr\/services\/bornes-de-recharge-pour-vehicules-electriques\/gassin\/station-de-recharge-pour-voitures-electriques-de-l-office-de-tourisme-5716261\/\">Station de recharge de l&rsquo;office de tourisme<\/a><\/li>\n<\/ul>\n\n\n\n<p class=\"wp-block-paragraph\">Contact : 04 98 11 56 51 &#8211; 09 70 99 09 08 &#8211;&nbsp;<a id=\"event-email-1\" class=\"gtag email break-words\" href=\"mailto:contact@e55c.com?subject=Demande de renseignement\" data-action=\"Email vers Station de recharge pour voitures \u00e9lectriques des Marines de Gassin (4850802 \/ Station de recharge pour voitures \u00e9lectriques des Marines de Gassin)\" data-category=\"Lien fiche Apidae\">contact@e55c.com<\/a><\/p>\n\n\n\n<p class=\"wp-block-paragraph\">Exemple de sites internet qui r\u00e9pertorient les points de recharge :<\/p>\n\n\n\n<ul class=\"wp-block-list\">\n<li><a href=\"https:\/\/www.izivia.com\/carte-borne-recharge-izivia\">https:\/\/www.izivia.com\/carte-borne-recharge-izivia<\/a><\/li>\n\n\n\n<li><a href=\"https:\/\/fr.chargemap.com\/map\">https:\/\/fr.chargemap.com\/map<\/a><\/li>\n<\/ul>\n\n\n\n<figure class=\"wp-block-image\"><img loading=\"lazy\" decoding=\"async\" width=\"300\" height=\"233\" data-tippy-content=\"station-de-recharge-pour-voitures-electriques-des-marines-de-gassin_4850802_1\" src=\"https:\/\/gassin.eu\/wp-content\/uploads\/2025\/01\/station-de-recharge-pour-voitures-electriques-des-marines-de-gassin_4850802_1-300x233.jpg\" alt=\"\" class=\"wp-image-4727\" srcset=\"https:\/\/gassin.eu\/wp-content\/uploads\/2025\/01\/station-de-recharge-pour-voitures-electriques-des-marines-de-gassin_4850802_1-300x233.jpg 300w, https:\/\/gassin.eu\/wp-content\/uploads\/2025\/01\/station-de-recharge-pour-voitures-electriques-des-marines-de-gassin_4850802_1-1024x794.jpg 1024w, https:\/\/gassin.eu\/wp-content\/uploads\/2025\/01\/station-de-recharge-pour-voitures-electriques-des-marines-de-gassin_4850802_1-768x595.jpg 768w, https:\/\/gassin.eu\/wp-content\/uploads\/2025\/01\/station-de-recharge-pour-voitures-electriques-des-marines-de-gassin_4850802_1.jpg 1241w\" sizes=\"auto, (max-width: 300px) 100vw, 300px\" \/><\/figure>\n\n\n\n<p class=\"wp-block-paragraph\"><\/p>\n\n\n\n<h2 class=\"wp-block-heading\"><span style=\"color: #339966;\">\u00c0 v\u00e9lo<\/span><\/h2>\n\n\n\n<p class=\"wp-block-paragraph\">Diff\u00e9rents chemins m\u00e8nent au village de Gassin \u00e0 v\u00e9lo dont trois qui passent par l&rsquo;office de tourisme o\u00f9 vous pourrez r\u00e9cup\u00e9rer le guide suivant :<strong>&nbsp;<a href=\"https:\/\/gassin.eu\/wp-content\/uploads\/2021\/07\/Au-coeur-de-la-presquile-a-velo-2021-a4-v1.pdf\"><em>Au c\u0153ur de la Presqu&rsquo;\u00eele \u00e0 v\u00e9lo<\/em><\/a>.<\/strong><\/p>\n\n\n\n<p class=\"wp-block-paragraph\">Le circuit 1 relie le village au Marines de Gassin \u00e0 l&rsquo;\u00e9cart des routes et offrent de superbes panoramas.<\/p>\n\n\n\n<p class=\"wp-block-paragraph\"><strong>Attention !! la piste de Ville-vieille n&rsquo;est pas accessible aux v\u00e9los de route.<\/strong><\/p>\n\n\n\n<p class=\"wp-block-paragraph\">Le circuits 5 propose un d\u00e9tour de Gassin (c\u00f4t\u00e9 mer) vers Saint-Tropez sur 6.6 km reliant les Marines de Gassin \u00e0 la plage de la Bouillabaisse \u00e0 l&rsquo;entr\u00e9e de la commune de Saint-Tropez.<\/p>\n\n\n\n<p class=\"wp-block-paragraph\">Le circuit 6 propose un d\u00e9tour de Gassin (plaine) vers La Croix-Valmer reliant le lyc\u00e9e de Gassin aux abords de La Foux \u00e0 La Croix-Valmer.<\/p>\n\n\n\n<p class=\"wp-block-paragraph\">D&rsquo;autres boucles sont accessibles en VTT \u00e9galement et relient pour le circuit 4 par exemple les jardins remarquables qui offrent de splendides panoramas au d\u00e9part du village de Gassin.<\/p>\n\n\n\n<h2 class=\"wp-block-heading\"><span style=\"color: #339966;\">En bus<\/span><\/h2>\n\n\n\n<p class=\"wp-block-paragraph\">Le service <a href=\"https:\/\/zou.maregionsud.fr\/\">Zou<\/a> propose des lignes r\u00e9guli\u00e8res vers les communes du Golfe (Cavalaire-sur-Mer, Cogolin, La Croix-Valmer, la Garde-Freinet, Grimaud, La M\u00f4le, le Plan-de-la-Tour, Ramatuelle, Saint-Tropez, Sainte-Maxime), et vers les principales agglom\u00e9rations du Var. Il est possible de relier \u00e9galement les gares TGV des Arcs\/ Draguignan, Hy\u00e8res, Toulon, Saint-Rapha\u00ebl.<\/p>\n\n\n\n<p class=\"wp-block-paragraph\">Les grandes lignes desservant la commune de Gassin sont :<\/p>\n\n\n\n<p class=\"wp-block-paragraph\"><strong>876<\/strong> <strong>SAINT-RAPHA\u00cbL &#8211; SAINT-TROPEZ<\/strong> (vers Saint-Tropez)<br><strong>873<\/strong> <strong>COGOLIN &#8211; HY\u00c8RES<\/strong> (vers Hy\u00e8res)<strong><br><\/strong><\/p>\n\n\n\n<p class=\"wp-block-paragraph\"><strong>878 TOULON<\/strong> (gare) &#8211; <strong>SAINT-TROPEZ<\/strong> (vers Saint-Tropez)<\/p>\n\n\n\n<p class=\"wp-block-paragraph\">Renseignements et r\u00e9servations : <a href=\"https:\/\/zou.maregionsud.fr\/\">Zou.maregionsud.fr<\/a> ; 0809 400 013 (<strong>attention : prix d&rsquo;un appel local, <\/strong>tous les jours de 7h \u00e0 20h).<\/p>\n\n\n\n<p class=\"wp-block-paragraph\">Il est d\u00e9sormais possible d&#8217;emprunter le flexibus, \u00e0 partir de 24,99 euros pour se rendre \u00e0 La Croix-Valmer (commune voisine de Gassin) au d\u00e9part de Lyon.<\/p>\n\n\n\n<p class=\"wp-block-paragraph\">Vous pouvez effectuer toutes vos r\u00e9servations et retrouver plus de d\u00e9tails sur ce trajet via ce lien: <a href=\"https:\/\/www.flixbus.fr\/bus\/la-croix-valmer\">https:\/\/www.flixbus.fr\/bus\/la-croix-valmer<\/a>.<\/p>\n\n\n\n<h2 class=\"wp-block-heading\"><span style=\"color: #339966;\">En train<\/span><\/h2>\n\n\n\n<p class=\"wp-block-paragraph\">L&rsquo;acc\u00e8s dans la r\u00e9gion de Gassin est possible par train via les gares TGV de Saint-Rapha\u00ebl-Valescure (25 km), Les Arcs-Draguignan (26 km), Hy\u00e8res (40 km) et Toulon (55 km).<\/p>\n\n\n\n<p class=\"wp-block-paragraph\">Renseignements et r\u00e9servations : <a href=\"http:\/\/www.sncf.com\">www.sncf.com<\/a> ; 36 35.<\/p>\n\n\n\n<h2 class=\"wp-block-heading\"><span style=\"color: #339966;\">En voiture<\/span><\/h2>\n\n\n\n<p class=\"wp-block-paragraph\"><em>Par l&rsquo;autoroute :<\/em><\/p>\n\n\n\n<p class=\"wp-block-paragraph\">Depuis l&rsquo;A8 : sortie 36 Le Muy\/Sainte Maxime : suivre la D 25 jusqu&rsquo;\u00e0 Sainte Maxime, puis la D559 (direction Saint-Tropez) jusqu&rsquo;au carrefour de la Foux (Gassin).<\/p>\n\n\n\n<p class=\"wp-block-paragraph\">Depuis l&rsquo;A57 : sortie 13 Le Cannet des Maures\/ Le Luc : suivre D 558 jusqu&rsquo;au carrefour de la Foux (Gassin).<\/p>\n\n\n\n<p class=\"wp-block-paragraph\"><em>Par la route :<\/em><\/p>\n\n\n\n<p class=\"wp-block-paragraph\">Depuis Fr\u00e9jus\/Saint-Rapha\u00ebl : suivre la D8 direction Saint-Maxime puis la D559 jusqu&rsquo;au carrefour de la Foux (Gassin) (ou la D559 (bord de mer)).<\/p>\n\n\n\n<p class=\"wp-block-paragraph\">Depuis Bormes-les-Mimosas : suivre la D41 puis la D98 en direction de Saint-Tropez jusqu&rsquo;au carrefour de la Foux (Gassin) (ou la D559 direction Cavalaire\/La Croix-Valmer (bord de mer).<\/p>\n\n\n\n<p class=\"wp-block-paragraph\">Depuis l&rsquo;A8 : prendre la sortie 36 Le Muy, suivre la D25 en direction de Sainte-Maxime puis la D559 jusqu&rsquo;au carrefour de la Foux (Gassin) (ou la D559 (bord de mer)).<\/p>\n\n\n\n<p class=\"wp-block-paragraph\">Ou, depuis l&rsquo;A8, bifurquez sur l&rsquo;A57 au niveau de Vidauban-Le Luc et prendre la sortie 13 Vidauban, suivre la D558 jusqu&rsquo;\u00e0 Grimaud puis la D61 en direction de Saint-Tropez puis la D98 jusqu&rsquo;au carrefour de la Foux (Gassin).<\/p>\n\n\n\n<p class=\"wp-block-paragraph\">Pour acc\u00e9der au village, suivre les panneaux \u00ab\u00a0Gassin village\/ Office de tourisme\u00a0\u00bb.<\/p>\n\n\n\n<p class=\"wp-block-paragraph\">Pensez au covoiturage !<\/p>\n\n\n\n<h3 class=\"wp-block-heading\"><span style=\"color: #339966;\">O\u00f9 se garer au village ?<\/span><\/h3>\n\n\n\n<p class=\"wp-block-paragraph\">Gassin vous propose environ 400 places de stationnement dans le vieux village et aux alentours. Tous les parkings sont gratuits. Vous pouvez vous garer \u00e0 proximit\u00e9 de l&rsquo;office de tourisme o\u00f9 3 places sont pr\u00e9vues : place L\u00e9on Martel, place Charles Giordano, place Louis Collomp (71 places). En cas de forte affluence, un peu plus bas, les parkings de la Chapelle vous proposent 85 places. C\u00f4t\u00e9 sud du village, 51 places sont disponibles sur la route des Moulins de Paillas, devant la salle de spectacles et l&rsquo;\u00e9cole maternelle Esp\u00e9lidou.<\/p>\n\n\n\n<figure class=\"wp-block-image\"><a href=\"https:\/\/gassin.eu\/fr\/informations-pratiques\/acces-a-gassin\/les-parkings-a-gassin-cote-d-azur-ou-se-garer-a-gassin-2022\/\" rel=\"attachment wp-att-3389\"><img loading=\"lazy\" decoding=\"async\" width=\"1024\" height=\"544\" data-tippy-content=\"les-parkings-a-Gassin-Cote-d-Azur-ou-se-garer-a-Gassin-2022\" src=\"https:\/\/gassin.eu\/wp-content\/uploads\/2022\/06\/les-parkings-a-Gassin-Cote-d-Azur-ou-se-garer-a-Gassin-2022-1024x544.jpg\" alt=\"\" class=\"wp-image-3389\" srcset=\"https:\/\/gassin.eu\/wp-content\/uploads\/2022\/06\/les-parkings-a-Gassin-Cote-d-Azur-ou-se-garer-a-Gassin-2022-1024x544.jpg 1024w, https:\/\/gassin.eu\/wp-content\/uploads\/2022\/06\/les-parkings-a-Gassin-Cote-d-Azur-ou-se-garer-a-Gassin-2022-300x159.jpg 300w, https:\/\/gassin.eu\/wp-content\/uploads\/2022\/06\/les-parkings-a-Gassin-Cote-d-Azur-ou-se-garer-a-Gassin-2022-768x408.jpg 768w, https:\/\/gassin.eu\/wp-content\/uploads\/2022\/06\/les-parkings-a-Gassin-Cote-d-Azur-ou-se-garer-a-Gassin-2022-1536x815.jpg 1536w, https:\/\/gassin.eu\/wp-content\/uploads\/2022\/06\/les-parkings-a-Gassin-Cote-d-Azur-ou-se-garer-a-Gassin-2022-2048x1087.jpg 2048w\" sizes=\"auto, (max-width: 1024px) 100vw, 1024px\" \/><\/a><\/figure>\n\n\n\n<p class=\"wp-block-paragraph\"><\/p>\n\n\n\n<h2 class=\"wp-block-heading\">Acc\u00e8s aux personnes \u00e0 mobilit\u00e9 r\u00e9duite<\/h2>\n\n\n\n<p class=\"wp-block-paragraph\"><strong><span style=\"font-size: small;\">\u00c0 l\u2019ext\u00e9rieur de l\u2019office, il existe une rampe d\u2019acc\u00e8s pour les personnes \u00e0 mobilit\u00e9 r\u00e9duite depuis une place handicap\u00e9e situ\u00e9e \u00e0 proximit\u00e9 imm\u00e9diate. <\/span><\/strong><br><span style=\"font-size: small;\">\u00c0 l\u2019int\u00e9rieur de l\u2019office, la porte d\u2019entr\u00e9e permet un acc\u00e8s en fauteuil roulant et une sonnette est install\u00e9e en bas \u00e0 gauche de l\u2019entr\u00e9e principale. En cas de besoin, un agent peut intervenir pour aider la personne handicap\u00e9e. Sur la banque d\u2019accueil, un pictogramme indique l\u2019aide que peut apporter l\u2019agent aux visiteurs en situation de handicap.<\/span><\/p>\n\n\n\n<h2 class=\"wp-block-heading\"><span style=\"color: #339966;\">En taxis<\/span><\/h2>\n\n\n\n<p class=\"wp-block-paragraph\">Vous trouverez ici la liste des <a href=\"https:\/\/gassin.eu\/wp-content\/uploads\/2019\/01\/Taxis-et-transferts.pdf\">Taxis et transferts sur la commune.<\/a><\/p>\n\n\n\n<h2 class=\"wp-block-heading\"><span style=\"color: #339966;\">En avion<\/span><\/h2>\n\n\n\n<p class=\"wp-block-paragraph\">La M\u00f4le-Saint-Tropez (9 km) :&nbsp;<a href=\"http:\/\/www.sainttropez.aeroport.fr\">www.sainttropez.aeroport.fr<\/a> ; +33 (0)4 94 54 76 40<br>Hy\u00e8res-Toulon&nbsp; (38 km) : <a href=\"http:\/\/www.toulon-hyeres.aeroport.fr\">www.toulon-hyeres.aeroport.fr<\/a> ; +33 (0)8 25 01 83 87&nbsp; (<strong>attention : t\u00e9l\u00e9phone payant<\/strong> : 0,15\u20ac\/min)<br>Nice-C\u00f4te d&rsquo;Azur&nbsp; (70 km) : <a href=\"http:\/\/www.nice.aeroport.fr\">www.nice.aeroport.fr<\/a> ; +33 (0)8 20 42 33 33&nbsp; (<strong>attention : t\u00e9l\u00e9phone payant<\/strong> : 0,12\u20ac\/min)<br>Marseille-Provence (113 km) : <a href=\"http:\/\/www.marseille.aeroport.fr\">www.marseille.aeroport.fr<\/a> ; +33 (0)4 42 14 14 14<\/p>\n\n\n\n<h2 class=\"wp-block-heading\"><span style=\"color: #339966;\">En h\u00e9licopt\u00e8re<\/span><\/h2>\n\n\n\n<p class=\"wp-block-paragraph\">H\u00e9liport de Grimaud-Saint-Tropez :&nbsp;<a href=\"http:\/\/helicopter-saint-tropez.com\">helicopter-saint-tropez.com<\/a> ; +33 (0)4 94 55 59 99 ou +33 (0)4 94 43 39 30<\/p>\n<\/div>\n","protected":false},"excerpt":{"rendered":"<p>Gassin au c\u0153ur de la presqu&rsquo;\u00eele de Saint-Tropez, sur la C\u00f4te d&rsquo;Azur, entre Saint-Rapha\u00ebl (25 km) et Hy\u00e8res (40 km). La commune est limitrophe de La Croix-Valmer, Ramatuelle et Saint-Tropez. Les coordonn\u00e9es GPS de l&rsquo;office de tourismeLatitude : N43 13.804Longitude : E6 35.134 Liste des points de recharge de v\u00e9hicules \u00e9lectriques Contact : 04 98&#8230;<\/p>\n","protected":false},"author":7,"featured_media":2815,"parent":11,"menu_order":69,"comment_status":"closed","ping_status":"closed","template":"","meta":{"_acf_changed":false,"_crdt_document":"","footnotes":""},"class_list":["post-206","page","type-page","status-publish","has-post-thumbnail","hentry"],"acf":[],"_links":{"self":[{"href":"https:\/\/gassin.eu\/fr\/wp-json\/wp\/v2\/pages\/206","targetHints":{"allow":["GET"]}}],"collection":[{"href":"https:\/\/gassin.eu\/fr\/wp-json\/wp\/v2\/pages"}],"about":[{"href":"https:\/\/gassin.eu\/fr\/wp-json\/wp\/v2\/types\/page"}],"author":[{"embeddable":true,"href":"https:\/\/gassin.eu\/fr\/wp-json\/wp\/v2\/users\/7"}],"replies":[{"embeddable":true,"href":"https:\/\/gassin.eu\/fr\/wp-json\/wp\/v2\/comments?post=206"}],"version-history":[{"count":37,"href":"https:\/\/gassin.eu\/fr\/wp-json\/wp\/v2\/pages\/206\/revisions"}],"predecessor-version":[{"id":6609,"href":"https:\/\/gassin.eu\/fr\/wp-json\/wp\/v2\/pages\/206\/revisions\/6609"}],"up":[{"embeddable":true,"href":"https:\/\/gassin.eu\/fr\/wp-json\/wp\/v2\/pages\/11"}],"wp:featuredmedia":[{"embeddable":true,"href":"https:\/\/gassin.eu\/fr\/wp-json\/wp\/v2\/media\/2815"}],"wp:attachment":[{"href":"https:\/\/gassin.eu\/fr\/wp-json\/wp\/v2\/media?parent=206"}],"curies":[{"name":"wp","href":"https:\/\/api.w.org\/{rel}","templated":true}]}}