{"id":2272,"date":"2021-03-29T18:01:30","date_gmt":"2021-03-29T16:01:30","guid":{"rendered":"https:\/\/gassin.eu\/?page_id=2272"},"modified":"2025-07-03T22:42:28","modified_gmt":"2025-07-03T20:42:28","slug":"paques-2021-a-gassin","status":"publish","type":"page","link":"https:\/\/gassin.eu\/fr\/paques-2021-a-gassin\/","title":{"rendered":"archives parcours p\u00e2ques 2021 \u00e0 Gassin"},"content":{"rendered":"\n<div class=\"wp-block-group is-layout-constrained wp-block-group-is-layout-constrained\">\n<h2 class=\"wp-block-heading\">2023<\/h2>\n\n\n\n<p class=\"wp-block-paragraph\">Retrouvez ici les r\u00e9ponses du parcours P\u00e2ques 2023 organis\u00e9 par l&rsquo;office de tourisme : L\u2019\u00e9chapp\u00e9e des poules.<\/p>\n\n\n\n<p class=\"wp-block-paragraph\"><\/p>\n\n\n\n<p class=\"has-luminous-vivid-orange-color has-text-color wp-block-paragraph\">Question 1 : 7 \u0153ufs dans la voli\u00e8re, 1000 grammes de farine, 2,5 bouteilles de lait, 450 grammes de sucre<\/p>\n\n\n\n<p class=\"wp-block-paragraph\">Question 2&nbsp;:<strong> <\/strong>2 dans les arbres, une derri\u00e8re la cagette<\/p>\n\n\n\n<p class=\"has-vivid-green-cyan-color has-text-color wp-block-paragraph\"><strong>Question 3&nbsp;:<\/strong> Gallino<\/p>\n\n\n\n<p class=\"has-vivid-cyan-blue-color has-text-color wp-block-paragraph\">Question 4 : 2 3 4 5 6 7 8 10 13 14 15 16 17 18<\/p>\n\n\n\n<p class=\"has-luminous-vivid-orange-color has-text-color wp-block-paragraph\"><strong>Question 5&nbsp;:<\/strong> sur les goutti\u00e8res<\/p>\n\n\n\n<p class=\"has-vivid-purple-color has-text-color wp-block-paragraph\">Question 6&nbsp;: 2+7=9, 4+5=9, 3+6=9, 1+8=9<\/p>\n\n\n\n<p class=\"has-vivid-green-cyan-color has-text-color wp-block-paragraph\"><strong>Question 7&nbsp;:<\/strong> taupini\u00e8re=4, tani\u00e8re=6 terrier=1, clapier=7, porcherie=2, bergerie=3, ruche=5<\/p>\n\n\n\n<p class=\"wp-block-paragraph\">Question 8&nbsp;: <strong>Chocolat<\/strong>s<\/p>\n\n\n\n<p class=\"has-vivid-cyan-blue-color has-text-color wp-block-paragraph\"><strong>Question 9 :<\/strong> grille, goutti\u00e8res, laurier, pr\u00e8s de la cagette<\/p>\n\n\n\n<p class=\"has-vivid-green-cyan-color has-text-color wp-block-paragraph\">Question 10 : le poussin piaille<\/p>\n\n\n\n<p class=\"has-luminous-vivid-orange-color has-text-color wp-block-paragraph\"><strong>Question 11&nbsp;<\/strong>: sur les goutti\u00e8res<\/p>\n\n\n\n<p class=\"has-vivid-red-color has-text-color wp-block-paragraph\">Question 12&nbsp;: le renard, la pie, le serpent, la martre, l&rsquo;\u00e9pervier<\/p>\n\n\n\n<p class=\"wp-block-paragraph\">Question 13 : Gassinette est le num\u00e9ro 3<\/p>\n\n\n\n<p class=\"wp-block-paragraph\"><\/p>\n\n\n\n<p class=\"wp-block-paragraph\"><\/p>\n\n\n\n<h2 class=\"wp-block-heading\">2021<\/h2>\n\n\n\n<p class=\"wp-block-paragraph\"><\/p>\n\n\n\n<figure class=\"wp-block-image size-large\"><img loading=\"lazy\" decoding=\"async\" width=\"724\" height=\"1024\" data-tippy-content=\"AFFICHE-paques-1\" src=\"https:\/\/gassin.eu\/wp-content\/uploads\/2021\/04\/AFFICHE-paques-1-724x1024.jpg\" alt=\"\" class=\"wp-image-2332\" srcset=\"https:\/\/gassin.eu\/wp-content\/uploads\/2021\/04\/AFFICHE-paques-1-724x1024.jpg 724w, https:\/\/gassin.eu\/wp-content\/uploads\/2021\/04\/AFFICHE-paques-1-212x300.jpg 212w, https:\/\/gassin.eu\/wp-content\/uploads\/2021\/04\/AFFICHE-paques-1-768x1086.jpg 768w, https:\/\/gassin.eu\/wp-content\/uploads\/2021\/04\/AFFICHE-paques-1-1086x1536.jpg 1086w, https:\/\/gassin.eu\/wp-content\/uploads\/2021\/04\/AFFICHE-paques-1-1448x2048.jpg 1448w, https:\/\/gassin.eu\/wp-content\/uploads\/2021\/04\/AFFICHE-paques-1-scaled.jpg 1810w\" sizes=\"auto, (max-width: 724px) 100vw, 724px\" \/><\/figure>\n\n\n\n<p class=\"wp-block-paragraph\"><\/p>\n\n\n\n<figure class=\"wp-block-image size-large\"><img loading=\"lazy\" decoding=\"async\" width=\"724\" height=\"1024\" data-tippy-content=\"fond-de-carte-paques-ok\" src=\"https:\/\/gassin.eu\/wp-content\/uploads\/2021\/04\/fond-de-carte-paques-ok-724x1024.jpg\" alt=\"\" class=\"wp-image-2337\" srcset=\"https:\/\/gassin.eu\/wp-content\/uploads\/2021\/04\/fond-de-carte-paques-ok-724x1024.jpg 724w, https:\/\/gassin.eu\/wp-content\/uploads\/2021\/04\/fond-de-carte-paques-ok-212x300.jpg 212w, https:\/\/gassin.eu\/wp-content\/uploads\/2021\/04\/fond-de-carte-paques-ok-768x1086.jpg 768w, https:\/\/gassin.eu\/wp-content\/uploads\/2021\/04\/fond-de-carte-paques-ok-1086x1536.jpg 1086w, https:\/\/gassin.eu\/wp-content\/uploads\/2021\/04\/fond-de-carte-paques-ok-1448x2048.jpg 1448w, https:\/\/gassin.eu\/wp-content\/uploads\/2021\/04\/fond-de-carte-paques-ok-scaled.jpg 1810w\" sizes=\"auto, (max-width: 724px) 100vw, 724px\" \/><\/figure>\n\n\n\n<p class=\"wp-block-paragraph\"><\/p>\n\n\n\n<p class=\"wp-block-paragraph\"><\/p>\n\n\n\n<p class=\"wp-block-paragraph\">Retrouvez ici toutes les r\u00e9ponses au Parcours de P\u00e2ques 2021 \u00e0 Gassin !<\/p>\n\n\n\n<p class=\"wp-block-paragraph\"><strong>R\u00e9ponses<\/strong><\/p>\n\n\n\n<p class=\"wp-block-paragraph\"><strong>1- Toit de l\u2019office de tourisme<\/strong><\/p>\n\n\n\n<p class=\"wp-block-paragraph\">Sous la table d\u2019orientation<\/p>\n\n\n\n<p class=\"wp-block-paragraph\"><strong>2- <\/strong><strong>Remparts<\/strong><\/p>\n\n\n\n<p class=\"wp-block-paragraph\"><strong>3- <\/strong><strong>Passage des B\u00e9n\u00e9dictin<\/strong><strong>s&nbsp;: <\/strong>2 et 6<\/p>\n\n\n\n<p class=\"wp-block-paragraph\"><strong>4- <\/strong><strong>\u00c9glise&nbsp;:<\/strong> 1758<\/p>\n\n\n\n<p class=\"wp-block-paragraph\"><strong>5- Porte des Sarrasins<\/strong> sur le gond<\/p>\n\n\n\n<p class=\"wp-block-paragraph\"><strong>6- <\/strong><strong>Rue de la Tasco&nbsp;: <\/strong>Pascal<\/p>\n\n\n\n<p class=\"wp-block-paragraph\"><strong>7- Rue de la Calade<\/strong><\/p>\n\n\n\n<figure class=\"wp-block-image size-large\"><img loading=\"lazy\" decoding=\"async\" width=\"425\" height=\"476\" data-tippy-content=\"image\" src=\"https:\/\/gassin.eu\/wp-content\/uploads\/2021\/03\/image.png\" alt=\"\" class=\"wp-image-2282\" srcset=\"https:\/\/gassin.eu\/wp-content\/uploads\/2021\/03\/image.png 425w, https:\/\/gassin.eu\/wp-content\/uploads\/2021\/03\/image-268x300.png 268w\" sizes=\"auto, (max-width: 425px) 100vw, 425px\" \/><\/figure>\n\n\n\n<p class=\"wp-block-paragraph\"><\/p>\n\n\n\n<p class=\"wp-block-paragraph\"><strong>8- <\/strong><strong>Escaliers<\/strong><strong>&nbsp;: <\/strong>micocoulier<\/p>\n\n\n\n<p class=\"wp-block-paragraph\"><strong>9- Table d\u2019orientation sur les \u00eeles d\u2019Or&nbsp;: <\/strong>sur la rampe<\/p>\n\n\n\n<p class=\"wp-block-paragraph\"><strong>10- <\/strong><strong>Rue de l\u2019Enclos&nbsp;: <\/strong>Gallina<\/p>\n\n\n\n<p class=\"wp-block-paragraph\"><strong>11- <\/strong><strong>Rue du Puits&nbsp;: <\/strong>poussin<\/p>\n\n\n\n<p class=\"wp-block-paragraph\"><strong>12- Passage de l&rsquo;Androuno<\/strong><\/p>\n\n\n\n<p class=\"wp-block-paragraph\"><strong>13- <\/strong><strong>Rue des Fabriques&nbsp;: <\/strong><strong>4-2-6-3-1-5<\/strong><\/p>\n\n\n\n<p class=\"wp-block-paragraph\"><strong>14- <\/strong><strong>Rue de la Treille&nbsp;<\/strong>: a)<\/p>\n\n\n\n<p class=\"wp-block-paragraph\"><strong>15- <\/strong><strong>Rue Troubadour Rollet de Garcin&nbsp;<\/strong>: Ils se sont brouill\u00e9s<\/p>\n\n\n\n<p class=\"wp-block-paragraph\"><strong>16- <\/strong><strong>Rue Rompecuou&nbsp;: <\/strong>Gassin<\/p>\n\n\n\n<p class=\"wp-block-paragraph\"><strong>17- <\/strong><strong>Rue Longue<\/strong><\/p>\n\n\n\n<p class=\"wp-block-paragraph\">Jacinthe<\/p>\n\n\n\n<p class=\"wp-block-paragraph\">Primev\u00e8re ou p\u00e2querette ou perce-neige<\/p>\n\n\n\n<p class=\"wp-block-paragraph\">Tulipe<\/p>\n\n\n\n<p class=\"wp-block-paragraph\">Magnolia ou marguerite<\/p>\n\n\n\n<p class=\"wp-block-paragraph\">Narcisse<\/p>\n\n\n\n<p class=\"wp-block-paragraph\"><strong>18- <\/strong><strong>G<\/strong><strong>rotte d\u00e9cor\u00e9e<\/strong><\/p>\n<\/div>\n","protected":false},"excerpt":{"rendered":"<p>2023 Retrouvez ici les r\u00e9ponses du parcours P\u00e2ques 2023 organis\u00e9 par l&rsquo;office de tourisme : L\u2019\u00e9chapp\u00e9e des poules. Question 1 : 7 \u0153ufs dans la voli\u00e8re, 1000 grammes de farine, 2,5 bouteilles de lait, 450 grammes de sucre Question 2&nbsp;: 2 dans les arbres, une derri\u00e8re la cagette Question 3&nbsp;: Gallino Question 4 : 2&#8230;<\/p>\n","protected":false},"author":7,"featured_media":0,"parent":0,"menu_order":142,"comment_status":"closed","ping_status":"closed","template":"","meta":{"_acf_changed":false,"_crdt_document":"","footnotes":""},"class_list":["post-2272","page","type-page","status-publish","hentry"],"acf":[],"_links":{"self":[{"href":"https:\/\/gassin.eu\/fr\/wp-json\/wp\/v2\/pages\/2272","targetHints":{"allow":["GET"]}}],"collection":[{"href":"https:\/\/gassin.eu\/fr\/wp-json\/wp\/v2\/pages"}],"about":[{"href":"https:\/\/gassin.eu\/fr\/wp-json\/wp\/v2\/types\/page"}],"author":[{"embeddable":true,"href":"https:\/\/gassin.eu\/fr\/wp-json\/wp\/v2\/users\/7"}],"replies":[{"embeddable":true,"href":"https:\/\/gassin.eu\/fr\/wp-json\/wp\/v2\/comments?post=2272"}],"version-history":[{"count":8,"href":"https:\/\/gassin.eu\/fr\/wp-json\/wp\/v2\/pages\/2272\/revisions"}],"predecessor-version":[{"id":5431,"href":"https:\/\/gassin.eu\/fr\/wp-json\/wp\/v2\/pages\/2272\/revisions\/5431"}],"wp:attachment":[{"href":"https:\/\/gassin.eu\/fr\/wp-json\/wp\/v2\/media?parent=2272"}],"curies":[{"name":"wp","href":"https:\/\/api.w.org\/{rel}","templated":true}]}}