{"id":2634,"date":"2021-11-15T15:24:24","date_gmt":"2021-11-15T14:24:24","guid":{"rendered":"https:\/\/gassin.eu\/?page_id=2634"},"modified":"2025-07-03T22:43:00","modified_gmt":"2025-07-03T20:43:00","slug":"noel-gassin","status":"publish","type":"page","link":"https:\/\/gassin.eu\/fr\/noel-gassin\/","title":{"rendered":"Concours de dessin de No\u00ebl \u00e0 Gassin"},"content":{"rendered":"\n<div class=\"wp-block-group is-layout-constrained wp-block-group-is-layout-constrained\">\n<figure class=\"wp-block-image size-large is-resized\"><img loading=\"lazy\" decoding=\"async\" width=\"724\" height=\"1024\" data-tippy-content=\"NOEL-CONCOURS-DESSIN-2021-PBVDF\" src=\"https:\/\/gassin.eu\/wp-content\/uploads\/2021\/11\/NOEL-CONCOURS-DESSIN-2021-PBVDF-724x1024.png\" alt=\"\" class=\"wp-image-2640\" style=\"width:427px;height:603px\" srcset=\"https:\/\/gassin.eu\/wp-content\/uploads\/2021\/11\/NOEL-CONCOURS-DESSIN-2021-PBVDF-724x1024.png 724w, https:\/\/gassin.eu\/wp-content\/uploads\/2021\/11\/NOEL-CONCOURS-DESSIN-2021-PBVDF-212x300.png 212w, https:\/\/gassin.eu\/wp-content\/uploads\/2021\/11\/NOEL-CONCOURS-DESSIN-2021-PBVDF-768x1086.png 768w, https:\/\/gassin.eu\/wp-content\/uploads\/2021\/11\/NOEL-CONCOURS-DESSIN-2021-PBVDF-1086x1536.png 1086w, https:\/\/gassin.eu\/wp-content\/uploads\/2021\/11\/NOEL-CONCOURS-DESSIN-2021-PBVDF-1448x2048.png 1448w\" sizes=\"auto, (max-width: 724px) 100vw, 724px\" \/><\/figure>\n\n\n\n<h2 class=\"wp-block-heading\">R\u00e8glement du concours 2021<\/h2>\n\n\n\n<p class=\"wp-block-paragraph\">R\u00e8glement du concours de dessin&nbsp;organis\u00e9 par l\u2019office de tourisme de Gassin:<\/p>\n\n\n\n<p class=\"wp-block-paragraph\">Article I&nbsp;: Objet du concours<\/p>\n\n\n\n<p class=\"wp-block-paragraph\">L\u2019office de tourisme de Gassin organise un concours de dessin, gratuit, ouvert aux enfants de 3 \u00e0 10 ans avec 3 cat\u00e9gories distingu\u00e9es&nbsp;:<\/p>\n\n\n\n<p class=\"wp-block-paragraph\">\u2022 Les enfants de 3 \u00e0 5 ans<br>\u2022 Les enfants de 6 \u00e0 8 ans<br>\u2022 Les enfants de 9 \u00e0 10 ans<\/p>\n\n\n\n<p class=\"wp-block-paragraph\">Un prix sera d\u00e9cern\u00e9 pour chaque cat\u00e9gorie.<\/p>\n\n\n\n<p class=\"wp-block-paragraph\">Article II&nbsp;: Th\u00e8me du concours<\/p>\n\n\n\n<p class=\"wp-block-paragraph\">Les dessins propos\u00e9s devront traiter d\u2019un th\u00e8me \u00abEn attendant No\u00ebl\u00bb.<\/p>\n\n\n\n<p class=\"wp-block-paragraph\">Article III&nbsp;: Modalit\u00e9s de participation<br>Il s\u2019agit d\u2019un concours individuel. Chaque participant ne pourra pr\u00e9senter qu\u2019un seul dessin.<br>Les dessins doivent \u00eatre r\u00e9alis\u00e9s sur du papier blanc au format A4 (21&#215;29.7).<br>Toutes les techniques manuelles sont accept\u00e9es pour la r\u00e9alisation des dessins&nbsp;: feutre, crayon, pastels, peinture, collage, aquarelle, etc\u2026<br>Chaque dessin devra imp\u00e9rativement comporter au verso, \u00e9crit de fa\u00e7on lisible&nbsp;:<br>\u2022 Le nom, le pr\u00e9nom et la date de naissance de l\u2019enfant<br>\u2022 Un num\u00e9ro de t\u00e9l\u00e9phone<br>\u2022 Une adresse e-mail (si possible)<br>Merci de bien vouloir adresser votre dessin \u00e0 l\u2019adresse suivante, soit par courrier ou en le d\u00e9posant directement \u00e0 l\u2019office de tourisme du village de Gassin \u00e0 partir du 16 novembre 2021&nbsp;:<\/p>\n\n\n\n<p class=\"wp-block-paragraph\">(Date limite de d\u00e9p\u00f4t des dessins le vendredi 10 d\u00e9cembre 2021)<\/p>\n\n\n\n<p class=\"wp-block-paragraph\">Office de tourisme de Gassin<br>20 place L\u00e9on Martel, mont\u00e9e Saint Joseph<br>83580 Gassin<\/p>\n\n\n\n<p class=\"wp-block-paragraph\">Article IV&nbsp;: Responsabilit\u00e9<\/p>\n\n\n\n<p class=\"wp-block-paragraph\">Les organisateurs d\u00e9clinent toutes responsabilit\u00e9s en cas de perte ou dommage des dessins.<\/p>\n\n\n\n<p class=\"wp-block-paragraph\">Article V&nbsp;: S\u00e9lection et r\u00e9sultats du concours<\/p>\n\n\n\n<p class=\"wp-block-paragraph\">Un jury compos\u00e9 de membres de l\u2019office de tourisme et d\u2019un professionnel du dessin, s\u00e9lectionnera les dessins lui paraissant \u00eatre les meilleurs, pour chacune des trois cat\u00e9gories.<br><br>Il se basera sur les crit\u00e8res de respect du format de la feuille, des contraintes impos\u00e9es, du soin apport\u00e9 au dessin et \u00e0 l\u2019originalit\u00e9.<\/p>\n\n\n\n<p class=\"wp-block-paragraph\">Les dessins devront \u00eatre en rapport avec le th\u00e8me impos\u00e9&nbsp;: \u00ab&nbsp;Dessine moi un sapin\u00bb.<br>Les dessins des grands gagnants seront diffus\u00e9s en ligne sur le site gassin.eu et \u00e0 l&rsquo;occasion du No\u00ebl \u00e0 Gassin le 11 d\u00e9cembre.<\/p>\n\n\n\n<p class=\"wp-block-paragraph\">La pr\u00e9sence des participants ou d\u2019une personne repr\u00e9sentant le gagnant est n\u00e9cessaire, compte tenu des prix attribu\u00e9s.<\/p>\n\n\n\n<p class=\"wp-block-paragraph\">Article VI&nbsp;: Les prix<\/p>\n\n\n\n<p class=\"wp-block-paragraph\">Les deux meilleurs dessins de chacune des cat\u00e9gories seront r\u00e9compens\u00e9s \u00e0 la suite de la d\u00e9lib\u00e9ration des membres du jury qui se d\u00e9roulera le 11 d\u00e9cembre.<\/p>\n\n\n\n<p class=\"wp-block-paragraph\">Article VII&nbsp;: Droits d\u2019auteur et droits d\u2019image<\/p>\n\n\n\n<p class=\"wp-block-paragraph\">Les dessins r\u00e9alis\u00e9s ne feront en aucun cas l\u2019objet de versement de droits d\u2019auteur et de diffusion. Chaque candidat renonce \u00e0 ses droits patrimoniaux sur son dessin, l\u2019office de tourisme pouvant exploiter les dessins dans toutes circonstances et sur tous les supports qui leur conviendront.<\/p>\n\n\n\n<p class=\"wp-block-paragraph\">Article VIII&nbsp;: Divers<\/p>\n\n\n\n<p class=\"wp-block-paragraph\">La participation \u00e0 ce concours implique pleinement l\u2019acceptation du pr\u00e9sent r\u00e8glement.<\/p>\n\n\n\n<p class=\"wp-block-paragraph\">L\u2019office de tourisme de Gassin, organisateur de ce concours, ne pourra \u00eatre tenu pour responsable si pour des raisons ind\u00e9pendantes de sa volont\u00e9, cas fortuit ou force majeure, le concours \u00e9tait report\u00e9 ou annul\u00e9.<\/p>\n\n\n\n<p class=\"wp-block-paragraph\">En application de la loi Informatique et Libert\u00e9s du 6 janvier 1978, art L.27, les participants disposent d\u2019un droit d\u2019acc\u00e8s, de modification, de rectification et de suppression des donn\u00e9es les concernant.<\/p>\n\n\n\n<p class=\"wp-block-paragraph\"><\/p>\n\n\n\n<p class=\"wp-block-paragraph\"><\/p>\n<\/div>\n","protected":false},"excerpt":{"rendered":"<p>R\u00e8glement du concours 2021 R\u00e8glement du concours de dessin&nbsp;organis\u00e9 par l\u2019office de tourisme de Gassin: Article I&nbsp;: Objet du concours L\u2019office de tourisme de Gassin organise un concours de dessin, gratuit, ouvert aux enfants de 3 \u00e0 10 ans avec 3 cat\u00e9gories distingu\u00e9es&nbsp;: \u2022 Les enfants de 3 \u00e0 5 ans\u2022 Les enfants de 6&#8230;<\/p>\n","protected":false},"author":7,"featured_media":0,"parent":0,"menu_order":145,"comment_status":"closed","ping_status":"closed","template":"","meta":{"_acf_changed":false,"_crdt_document":"","footnotes":""},"class_list":["post-2634","page","type-page","status-publish","hentry"],"acf":[],"_links":{"self":[{"href":"https:\/\/gassin.eu\/fr\/wp-json\/wp\/v2\/pages\/2634","targetHints":{"allow":["GET"]}}],"collection":[{"href":"https:\/\/gassin.eu\/fr\/wp-json\/wp\/v2\/pages"}],"about":[{"href":"https:\/\/gassin.eu\/fr\/wp-json\/wp\/v2\/types\/page"}],"author":[{"embeddable":true,"href":"https:\/\/gassin.eu\/fr\/wp-json\/wp\/v2\/users\/7"}],"replies":[{"embeddable":true,"href":"https:\/\/gassin.eu\/fr\/wp-json\/wp\/v2\/comments?post=2634"}],"version-history":[{"count":5,"href":"https:\/\/gassin.eu\/fr\/wp-json\/wp\/v2\/pages\/2634\/revisions"}],"predecessor-version":[{"id":5433,"href":"https:\/\/gassin.eu\/fr\/wp-json\/wp\/v2\/pages\/2634\/revisions\/5433"}],"wp:attachment":[{"href":"https:\/\/gassin.eu\/fr\/wp-json\/wp\/v2\/media?parent=2634"}],"curies":[{"name":"wp","href":"https:\/\/api.w.org\/{rel}","templated":true}]}}