{"id":300,"date":"2017-09-18T17:31:19","date_gmt":"2017-09-18T15:31:19","guid":{"rendered":"https:\/\/gassin.eu\/?page_id=300"},"modified":"2025-07-16T16:57:36","modified_gmt":"2025-07-16T14:57:36","slug":"accueil-personnalise-sur-rendez-vous","status":"publish","type":"page","link":"https:\/\/gassin.eu\/fr\/informations-pratiques\/accueil-personnalise-sur-rendez-vous\/","title":{"rendered":"Accueil personnalis\u00e9"},"content":{"rendered":"\n<p class=\"wp-block-paragraph\"><strong>Pr\u00e9parez votre s\u00e9jour \u00e0 Gassin en toute tranquillit\u00e9 !<\/strong><br>Prenez rendez-vous, par t\u00e9l\u00e9phone ou en personne, avec l&rsquo;une de nos conseill\u00e8res en s\u00e9jour \u00e0 l\u2019Office de Tourisme. Qui mieux qu\u2019une experte de la destination pour vous aider \u00e0 organiser vos vacances, \u00e0 distance ou sur place, en toute s\u00e9r\u00e9nit\u00e9 ?<\/p>\n\n\n\n<p class=\"wp-block-paragraph\">Ensemble, vous pourrez planifier un s\u00e9jour \u00e0 votre image \u00e0 Gassin et dans le golfe de Saint-Tropez, selon vos envies, vos go\u00fbts et vos attentes. Activit\u00e9s sportives ou culturelles, d\u00e9couvertes locales, <a href=\"https:\/\/gassin.eu\/fr\/animations\/\">\u00e9v\u00e9nements<\/a> : nous vous guiderons et pourrons effectuer certaines r\u00e9servations \u00e0 l\u2019avance si vous le souhaitez.<\/p>\n\n\n\n<p class=\"wp-block-paragraph\">Concerts, visites guid\u00e9es, th\u00e9\u00e2tre, balades ludiques, activit\u00e9s nautiques, \u00e9quitation, polo, golf\u2026 Sans oublier le charme de notre village m\u00e9di\u00e9val, les domaines viticoles, la chapelle Notre-Dame de la Consolation ou encore le moulin Br\u00fbl\u00e2t. Nous vous dirons tout sur <a href=\"https:\/\/gassin.eu\/fr\/patrimoine\/\">ce qu\u2019il ne faut pas manquer \u00e0 Gassin<\/a> ! <\/p>\n\n\n\n<p class=\"wp-block-paragraph\">Nos conseill\u00e8res vous accueillent sur rendez-vous :<br>\u2013 le lundi apr\u00e8s-midi de 14h30 \u00e0 16h30<br>\u2013 le mardi et le vendredi matin de 9h \u00e0 11h, tout au long de l\u2019ann\u00e9e.<\/p>\n\n\n\n<p class=\"wp-block-paragraph\">Par t\u00e9l\u00e9phone : +33 (0)4 98 11 56 51<br> Par mail : <a>accueil@gassin.eu<\/a><\/p>\n\n\n\n<div class=\"wp-block-group is-layout-constrained wp-block-group-is-layout-constrained\">\n<p class=\"has-text-align-center wp-block-paragraph\">&nbsp;<\/p>\n<\/div>\n","protected":false},"excerpt":{"rendered":"<p>Pr\u00e9parez votre s\u00e9jour \u00e0 Gassin en toute tranquillit\u00e9 !Prenez rendez-vous, par t\u00e9l\u00e9phone ou en personne, avec l&rsquo;une de nos conseill\u00e8res en s\u00e9jour \u00e0 l\u2019Office de Tourisme. Qui mieux qu\u2019une experte de la destination pour vous aider \u00e0 organiser vos vacances, \u00e0 distance ou sur place, en toute s\u00e9r\u00e9nit\u00e9 ? Ensemble, vous pourrez planifier un s\u00e9jour&#8230;<\/p>\n","protected":false},"author":7,"featured_media":3260,"parent":11,"menu_order":99,"comment_status":"closed","ping_status":"closed","template":"","meta":{"_acf_changed":false,"_crdt_document":"","footnotes":""},"class_list":["post-300","page","type-page","status-publish","has-post-thumbnail","hentry"],"acf":[],"_links":{"self":[{"href":"https:\/\/gassin.eu\/fr\/wp-json\/wp\/v2\/pages\/300","targetHints":{"allow":["GET"]}}],"collection":[{"href":"https:\/\/gassin.eu\/fr\/wp-json\/wp\/v2\/pages"}],"about":[{"href":"https:\/\/gassin.eu\/fr\/wp-json\/wp\/v2\/types\/page"}],"author":[{"embeddable":true,"href":"https:\/\/gassin.eu\/fr\/wp-json\/wp\/v2\/users\/7"}],"replies":[{"embeddable":true,"href":"https:\/\/gassin.eu\/fr\/wp-json\/wp\/v2\/comments?post=300"}],"version-history":[{"count":21,"href":"https:\/\/gassin.eu\/fr\/wp-json\/wp\/v2\/pages\/300\/revisions"}],"predecessor-version":[{"id":6082,"href":"https:\/\/gassin.eu\/fr\/wp-json\/wp\/v2\/pages\/300\/revisions\/6082"}],"up":[{"embeddable":true,"href":"https:\/\/gassin.eu\/fr\/wp-json\/wp\/v2\/pages\/11"}],"wp:featuredmedia":[{"embeddable":true,"href":"https:\/\/gassin.eu\/fr\/wp-json\/wp\/v2\/media\/3260"}],"wp:attachment":[{"href":"https:\/\/gassin.eu\/fr\/wp-json\/wp\/v2\/media?parent=300"}],"curies":[{"name":"wp","href":"https:\/\/api.w.org\/{rel}","templated":true}]}}