{"id":3052,"date":"2022-03-30T18:37:06","date_gmt":"2022-03-30T16:37:06","guid":{"rendered":"https:\/\/gassin.eu\/?page_id=3052"},"modified":"2025-07-03T22:46:45","modified_gmt":"2025-07-03T20:46:45","slug":"paques","status":"publish","type":"page","link":"https:\/\/gassin.eu\/fr\/paques\/","title":{"rendered":"P\u00e2ques 2024 : La qu\u00eate des \u0153ufs magiques."},"content":{"rendered":"\n<div class=\"wp-block-group is-layout-constrained wp-block-group-is-layout-constrained\">\n<p class=\"wp-block-paragraph\">Retrouvez ici les r\u00e9ponses du parcours P\u00e2ques 2024 organis\u00e9 par l&rsquo;office de tourisme : <\/p>\n\n\n\n<p class=\"wp-block-paragraph\"><\/p>\n\n\n\n<p class=\"has-red-600-color has-text-color wp-block-paragraph\">\u00c9tape 1  : La couleur de la cl\u00e9 est rouge<\/p>\n\n\n\n<p class=\"wp-block-paragraph\">\u00c9tape 2&nbsp;:<strong> <\/strong>La poule et l&rsquo;aigle composent le lapillon.<\/p>\n\n\n\n<p class=\"has-vivid-green-cyan-color has-text-color wp-block-paragraph\"><strong>\u00c9tape 3&nbsp;:<\/strong> La pi\u00e8ce manquante est le n\u00b01.<\/p>\n\n\n\n<p class=\"has-vivid-cyan-blue-color has-text-color wp-block-paragraph\">\u00c9tape 4 : Les deux couleurs pour faire du violet sont le rouge et le bleu.<\/p>\n\n\n\n<p class=\"has-blue-500-color has-text-color has-link-color wp-elements-2efcf5ef201866ae756e547bf2975be3 wp-block-paragraph\">Les deux couleurs pour faire du vert sont le jaune et le bleu.<\/p>\n\n\n\n<p class=\"has-blue-500-color has-text-color has-link-color wp-elements-a22794ae242c98a99bc16f752b1fe1e6 wp-block-paragraph\">Les deux couleurs pour faire du blanc sont : le jaune, le rouge et le bleu.<\/p>\n\n\n\n<p class=\"has-luminous-vivid-orange-color has-text-color wp-block-paragraph\"><strong>\u00c9tape 5&nbsp;:<\/strong> Jeu du Tourbillon<\/p>\n\n\n\n<p class=\"has-vivid-purple-color has-text-color wp-block-paragraph\">\u00c9tape 6&nbsp;: <\/p>\n\n\n\n<p class=\"has-violet-500-color has-text-color wp-block-paragraph\">Le nombre de chaque item <\/p>\n\n\n\n<p class=\"has-violet-500-color has-text-color wp-block-paragraph\">Papillon = 7<\/p>\n\n\n\n<p class=\"has-violet-500-color has-text-color wp-block-paragraph\">Carotte = 6<\/p>\n\n\n\n<p class=\"has-violet-500-color has-text-color wp-block-paragraph\">Panier = 7<\/p>\n\n\n\n<p class=\"has-violet-500-color has-text-color wp-block-paragraph\">Cloche = 7<\/p>\n\n\n\n<p class=\"has-violet-500-color has-text-color wp-block-paragraph\">Oeuf = 3<\/p>\n\n\n\n<p class=\"has-violet-500-color has-text-color wp-block-paragraph\">Fleur = 5<\/p>\n\n\n\n<p class=\"has-alert-color has-text-color wp-block-paragraph\"><strong>\u00c9tape 7&nbsp;:<\/strong> L\u2019\u0153uf est associ\u00e9 au mot AMITIE<\/p>\n\n\n\n<p class=\"has-pink-700-color has-text-color wp-block-paragraph\">\u00c9tape 8&nbsp;: L\u2019\u0153uf est associ\u00e9 au mot LOYAUTE<\/p>\n\n\n\n<p class=\"has-vivid-cyan-blue-color has-text-color wp-block-paragraph\"><strong>\u00c9tape 9 :<\/strong> L\u2019\u0153uf est associ\u00e9 au mot COURAGE<\/p>\n\n\n\n<p class=\"has-vivid-green-cyan-color has-text-color wp-block-paragraph\">\u00c9tape 10 : L&rsquo;\u00e9l\u00e9ment commun est le poussin.<\/p>\n\n\n\n<p class=\"has-luminous-vivid-orange-color has-text-color wp-block-paragraph\"><strong>\u00c9tape 11&nbsp;<\/strong>: L\u2019\u0153uf est associ\u00e9 au mot HONNETETE<\/p>\n\n\n\n<p class=\"has-alert-color has-text-color wp-block-paragraph\">\u00c9tape 12&nbsp;: les 5 erreurs sont :<\/p>\n\n\n\n<p class=\"has-alert-color has-text-color wp-block-paragraph\">le blanc du premier nuage en haut \u00e0 gauche.<\/p>\n\n\n\n<p class=\"has-alert-color has-text-color wp-block-paragraph\">une fleur jaune \u00e0 la place d&rsquo;une fleur rose.<\/p>\n\n\n\n<p class=\"has-alert-color has-text-color wp-block-paragraph\">les rayures invers\u00e9es de l\u2019\u0153uf jaune.<\/p>\n\n\n\n<p class=\"has-alert-color has-text-color wp-block-paragraph\">le rameau est plus court dans l\u2019\u0153uf bleu.<\/p>\n\n\n\n<p class=\"has-alert-color has-text-color wp-block-paragraph\">L&rsquo;oreille du lapin est plus courte.<\/p>\n\n\n\n<p class=\"has-alert-color has-white-background-color has-text-color has-background wp-block-paragraph\">Il y a 3 p\u00e9tales au lieu de 4 dans le gros \u0153uf.<\/p>\n\n\n\n<p class=\"has-alert-color has-text-color wp-block-paragraph\">Le troisi\u00e8me nuage est plus bas.<\/p>\n\n\n\n<p class=\"has-alert-color has-text-color wp-block-paragraph\">ll manque une feuille au rameau de droite.<\/p>\n<\/div>\n","protected":false},"excerpt":{"rendered":"<p>Retrouvez ici les r\u00e9ponses du parcours P\u00e2ques 2024 organis\u00e9 par l&rsquo;office de tourisme : \u00c9tape 1 : La couleur de la cl\u00e9 est rouge \u00c9tape 2&nbsp;: La poule et l&rsquo;aigle composent le lapillon. \u00c9tape 3&nbsp;: La pi\u00e8ce manquante est le n\u00b01. \u00c9tape 4 : Les deux couleurs pour faire du violet sont le rouge et&#8230;<\/p>\n","protected":false},"author":7,"featured_media":0,"parent":0,"menu_order":165,"comment_status":"closed","ping_status":"closed","template":"","meta":{"_acf_changed":false,"_crdt_document":"","footnotes":""},"class_list":["post-3052","page","type-page","status-publish","hentry"],"acf":[],"_links":{"self":[{"href":"https:\/\/gassin.eu\/fr\/wp-json\/wp\/v2\/pages\/3052","targetHints":{"allow":["GET"]}}],"collection":[{"href":"https:\/\/gassin.eu\/fr\/wp-json\/wp\/v2\/pages"}],"about":[{"href":"https:\/\/gassin.eu\/fr\/wp-json\/wp\/v2\/types\/page"}],"author":[{"embeddable":true,"href":"https:\/\/gassin.eu\/fr\/wp-json\/wp\/v2\/users\/7"}],"replies":[{"embeddable":true,"href":"https:\/\/gassin.eu\/fr\/wp-json\/wp\/v2\/comments?post=3052"}],"version-history":[{"count":8,"href":"https:\/\/gassin.eu\/fr\/wp-json\/wp\/v2\/pages\/3052\/revisions"}],"predecessor-version":[{"id":5441,"href":"https:\/\/gassin.eu\/fr\/wp-json\/wp\/v2\/pages\/3052\/revisions\/5441"}],"wp:attachment":[{"href":"https:\/\/gassin.eu\/fr\/wp-json\/wp\/v2\/media?parent=3052"}],"curies":[{"name":"wp","href":"https:\/\/api.w.org\/{rel}","templated":true}]}}