{"id":3072,"date":"2022-04-21T10:57:24","date_gmt":"2022-04-21T08:57:24","guid":{"rendered":"https:\/\/gassin.eu\/?page_id=3072"},"modified":"2025-07-03T22:47:46","modified_gmt":"2025-07-03T20:47:46","slug":"que-faire-a-gassin-et-dans-le-golfe-de-saint-tropez-quand-il-pleut","status":"publish","type":"page","link":"https:\/\/gassin.eu\/fr\/que-faire-a-gassin-et-dans-le-golfe-de-saint-tropez-quand-il-pleut\/","title":{"rendered":"Que faire \u00e0 Gassin et dans le golfe de Saint-Tropez quand il pleut ?"},"content":{"rendered":"\n<div class=\"wp-block-group is-layout-constrained wp-block-group-is-layout-constrained\">\n<p class=\"wp-block-paragraph\">Des id\u00e9es de sorties en famille ou entre amis \u00e0 d\u00e9couvrir par temps de pluie.<\/p>\n\n\n\n<p class=\"wp-block-paragraph\"><strong>\u00c0 GASSIN\u2026<\/strong><\/p>\n\n\n\n<p class=\"wp-block-paragraph\"><strong>Le Caf\u00e9 <\/strong><strong>P<\/strong><strong>erch\u00e9&nbsp;:<\/strong> Caf\u00e9 associatif, jeux&#8230;<\/p>\n\n\n\n<p class=\"wp-block-paragraph\">Aire de loisirs, Place L\u00e9on Martel, Gassin<\/p>\n\n\n\n<p class=\"wp-block-paragraph\">06 12 36 32 22<\/p>\n\n\n\n<p class=\"wp-block-paragraph\"><strong>Maison des confitures&nbsp;<\/strong><strong>: <\/strong>Atelier-boutique<\/p>\n\n\n\n<p class=\"wp-block-paragraph\">825 Route du Bourrian<\/p>\n\n\n\n<p class=\"wp-block-paragraph\">04 94 43 41 58<\/p>\n\n\n\n<figure class=\"wp-block-embed is-type-wp-embed is-provider-la-maison-des-confitures wp-block-embed-la-maison-des-confitures\"><div class=\"wp-block-embed__wrapper\">\nhttps:\/\/maisondesconfitures.fr\n<\/div><\/figure>\n\n\n\n<p class=\"wp-block-paragraph\"><strong>Domaine Bertaud Belieu :<\/strong> D\u00e9gustation; visite de la cave*<\/p>\n\n\n\n<p class=\"wp-block-paragraph\"><img loading=\"lazy\" decoding=\"async\" src=\"\" width=\"25\" height=\"25\"> Route de Ramatuelle, Gassin<\/p>\n\n\n\n<p class=\"wp-block-paragraph\"><img loading=\"lazy\" decoding=\"async\" src=\"\" width=\"25\" height=\"25\"> 04 94 56 16 83<\/p>\n\n\n\n<p class=\"wp-block-paragraph\"><a href=\"http:\/\/www.bertaud-belieu.com\/\">http:\/\/www.bertaud-belieu.com\/<\/a><\/p>\n\n\n\n<p class=\"wp-block-paragraph\"><strong>Ch\u00e2teau Minuty :<\/strong> D\u00e9gustation; visite de la cave **<\/p>\n\n\n\n<p class=\"wp-block-paragraph\"><img loading=\"lazy\" decoding=\"async\" src=\"\" width=\"25\" height=\"25\"> 2491 Route de la Berle, Gassin<\/p>\n\n\n\n<p class=\"wp-block-paragraph\"><img loading=\"lazy\" decoding=\"async\" src=\"\" width=\"25\" height=\"25\"> 04 94 56 12 09<\/p>\n\n\n\n<p class=\"wp-block-paragraph\"><a href=\"https:\/\/www.minuty.com\/\">https:\/\/www.minuty.com\/<\/a><\/p>\n\n\n\n<p class=\"wp-block-paragraph\"><strong>Ch\u00e2teau Barbeyrolles&nbsp;:<\/strong> D\u00e9gustation; visite de la cave*<\/p>\n\n\n\n<p class=\"wp-block-paragraph\"><img loading=\"lazy\" decoding=\"async\" src=\"\" width=\"25\" height=\"25\"> 2065 Chemin de la Berle, Gassin<\/p>\n\n\n\n<p class=\"wp-block-paragraph\"><img loading=\"lazy\" decoding=\"async\" src=\"\" width=\"25\" height=\"25\"> 04 94 56 33 58<\/p>\n\n\n\n<p class=\"wp-block-paragraph\"><a href=\"https:\/\/www.barbeyrolles.com\/\">w<\/a><a href=\"https:\/\/www.barbeyrolles.com\/\">ww.barbeyrolles.com\/<\/a><\/p>\n\n\n\n<p class=\"wp-block-paragraph\"><strong>Domaine de la Rouill\u00e8re&nbsp;:<\/strong> D\u00e9gustation&nbsp;; visite de la cave*<\/p>\n\n\n\n<p class=\"wp-block-paragraph\"><img loading=\"lazy\" decoding=\"async\" src=\"\" width=\"25\" height=\"25\"> 2991 D61, Gassin<\/p>\n\n\n\n<p class=\"wp-block-paragraph\"><img loading=\"lazy\" decoding=\"async\" src=\"\" width=\"25\" height=\"25\"> 04 94 55 72 60<\/p>\n\n\n\n<p class=\"wp-block-paragraph\"><a href=\"https:\/\/www.domainelarouillere.com\/\">https:\/\/www.domainelarouillere.com\/<\/a><\/p>\n\n\n\n<p class=\"wp-block-paragraph\"><strong>Domaine Tropez&nbsp;:<\/strong> D\u00e9gustation&nbsp;; visite de la cave***<\/p>\n\n\n\n<p class=\"wp-block-paragraph\"><img loading=\"lazy\" decoding=\"async\" src=\"\" width=\"25\" height=\"25\"> Campagne Virgile, Route de la Mort du Luc, Gassin<\/p>\n\n\n\n<p class=\"wp-block-paragraph\"><img loading=\"lazy\" decoding=\"async\" src=\"\" width=\"25\" height=\"25\"> 04 94 56 27 27<\/p>\n\n\n\n<p class=\"wp-block-paragraph\"><a href=\"https:\/\/tropez-market.com\/shop\/\">https:\/\/tropez-market.com\/shop\/<\/a><\/p>\n\n\n\n<p class=\"wp-block-paragraph\"><strong>D<\/strong><strong>omaine du Bourrian&nbsp;:<\/strong> D\u00e9gustation&nbsp;; visite de la cave*<\/p>\n\n\n\n<p class=\"wp-block-paragraph\"><img loading=\"lazy\" decoding=\"async\" src=\"\" width=\"25\" height=\"25\"> 2360 Route du Bourrian<\/p>\n\n\n\n<p class=\"wp-block-paragraph\"><img loading=\"lazy\" decoding=\"async\" src=\"\" width=\"25\" height=\"25\"> 04 94 49 09 79<\/p>\n\n\n\n<p class=\"wp-block-paragraph\"><a href=\"https:\/\/fr.bourrian.fr\/\">https:\/\/fr.bourrian.fr\/<\/a><\/p>\n\n\n\n<p class=\"wp-block-paragraph\"><strong>Les Ma\u00eetres Vignerons de la Presqu\u2019\u00eele de Saint-Tropez&nbsp;:<\/strong><\/p>\n\n\n\n<p class=\"wp-block-paragraph\"><img loading=\"lazy\" decoding=\"async\" src=\"\" width=\"25\" height=\"25\"> La foux 270, 270 D98, Gassin<\/p>\n\n\n\n<p class=\"wp-block-paragraph\"><img loading=\"lazy\" decoding=\"async\" src=\"\" width=\"25\" height=\"25\"> 04 94 56 40 17<\/p>\n\n\n\n<p class=\"wp-block-paragraph\"><a href=\"https:\/\/www.vignerons-saint-tropez.com\/\">https:\/\/www.vignerons-saint-tropez.com\/<\/a><\/p>\n\n\n\n<p class=\"wp-block-paragraph\"><strong>Galerie commerciale G\u00e9ant la Foux&nbsp;:<\/strong><\/p>\n\n\n\n<p class=\"wp-block-paragraph\"><img loading=\"lazy\" decoding=\"async\" src=\"\" width=\"25\" height=\"25\"> 120 Rond-Point de la Foux, Gassin<\/p>\n\n\n\n<p class=\"wp-block-paragraph\"><img loading=\"lazy\" decoding=\"async\" src=\"\" width=\"25\" height=\"25\"> 04 94 55 24 00<\/p>\n\n\n\n<p class=\"wp-block-paragraph\"><a href=\"https:\/\/magasins.geantcasino.fr\/magasin\/la-foux\/CG835\">magasins.geantcasino.fr\/magasin\/la-foux\/CG835<\/a><\/p>\n\n\n\n<p class=\"wp-block-paragraph\"><strong>DANS LE GOLFE<\/strong>&#8230;<\/p>\n\n\n\n<p class=\"wp-block-paragraph\"><strong>Atelier de fabrication<\/strong><strong> De<\/strong><strong>pipes <\/strong><strong>de <\/strong><strong>Cogolin Courrieu Fils&nbsp;:<\/strong> Atelier-boutique<\/p>\n\n\n\n<p class=\"wp-block-paragraph\"><img loading=\"lazy\" decoding=\"async\" src=\"\" width=\"25\" height=\"25\"> 58 av Georges Clemenceau 83310 Cogolin<\/p>\n\n\n\n<p class=\"wp-block-paragraph\"><img loading=\"lazy\" decoding=\"async\" src=\"\" width=\"25\" height=\"25\"> 04 94 54 63 82<\/p>\n\n\n\n<p class=\"wp-block-paragraph\"><a href=\"http:\/\/www.courrieu-pipes.com\/maitre_pipier_cogolin\/\">www.courrieu-pipes.com\/maitre_pipier_cogolin<\/a><\/p>\n\n\n\n<p class=\"wp-block-paragraph\"><strong>Conserverie au Bec Fin et l\u2019Atelier Proven\u00e7al ***&nbsp;:<\/strong><\/p>\n\n\n\n<p class=\"wp-block-paragraph\"><img loading=\"lazy\" decoding=\"async\" src=\"\" width=\"25\" height=\"25\"> 50 Avenue de Valensole, 83310 Cogolin<\/p>\n\n\n\n<p class=\"wp-block-paragraph\"><img loading=\"lazy\" decoding=\"async\" src=\"\" width=\"25\" height=\"25\"> 04 94 55 74 44<\/p>\n\n\n\n<p class=\"wp-block-paragraph\"><a href=\"https:\/\/www.au-bec-fin.com\/\">www.au-bec-fin.com\/<\/a><\/p>\n\n\n\n<p class=\"wp-block-paragraph\"><strong>Exposition permanente \u00ab&nbsp;La Provence en miniature&nbsp;\u00bb&nbsp;:<\/strong><\/p>\n\n\n\n<p class=\"wp-block-paragraph\"><img loading=\"lazy\" decoding=\"async\" src=\"\" width=\"25\" height=\"25\"> Chapelle Saint \u00c9loi, RD 558, 83680 Saint-Tropez<\/p>\n\n\n\n<p class=\"wp-block-paragraph\"><strong>Conservatoire du patrimoine du Freinet&nbsp;:<\/strong><\/p>\n\n\n\n<p class=\"wp-block-paragraph\"><img loading=\"lazy\" decoding=\"async\" src=\"\" width=\"25\" height=\"25\"> Chapelle Saint-Jean, 83680 La Garde-Freinet<\/p>\n\n\n\n<p class=\"wp-block-paragraph\"><img loading=\"lazy\" decoding=\"async\" src=\"\" width=\"25\" height=\"25\"> 04 94 43 08 57<\/p>\n\n\n\n<p class=\"wp-block-paragraph\"><a href=\"https:\/\/www.conservatoiredufreinet.org\/\">www.conservatoiredufreinet.org\/<\/a><\/p>\n\n\n\n<p class=\"wp-block-paragraph\"><strong>Chartreuse de la Verne&nbsp;:<\/strong><\/p>\n\n\n\n<p class=\"wp-block-paragraph\"><img loading=\"lazy\" decoding=\"async\" src=\"\" width=\"25\" height=\"25\"> 1982 La Verne, 83610 Collobri\u00e8res<\/p>\n\n\n\n<p class=\"wp-block-paragraph\"><img loading=\"lazy\" decoding=\"async\" src=\"\" width=\"25\" height=\"25\"> 04 94 43 48 28<\/p>\n\n\n\n<p class=\"wp-block-paragraph\"><a href=\"https:\/\/bethleem.org\/monasteres\/laverne.php\">bethleem.org\/monasteres\/laverne.php<\/a><\/p>\n\n\n\n<p class=\"wp-block-paragraph\"><strong>Mus\u00e9e de la Gendarmerie et du cin\u00e9ma****&nbsp;:<\/strong><\/p>\n\n\n\n<p class=\"wp-block-paragraph\"><img loading=\"lazy\" decoding=\"async\" src=\"\" width=\"25\" height=\"25\"> 2 Place Blanqui, 83990 Saint-Tropez<\/p>\n\n\n\n<p class=\"wp-block-paragraph\"><img loading=\"lazy\" decoding=\"async\" src=\"\" width=\"25\" height=\"25\"> 04 94 55 90 20<\/p>\n\n\n\n<p class=\"wp-block-paragraph\"><a href=\"https:\/\/www.saint-tropez.fr\/culture\/mgc\/\">www.saint-tropez.fr\/culture\/mgc\/<\/a><\/p>\n\n\n\n<p class=\"wp-block-paragraph\"><strong>Mus\u00e9e des Papillons ****&nbsp;:<\/strong><\/p>\n\n\n\n<p class=\"wp-block-paragraph\"><img loading=\"lazy\" decoding=\"async\" src=\"\" width=\"24\" height=\"24\"> 17 Rue Etienne Berny, 83990 Saint-Tropez<\/p>\n\n\n\n<p class=\"wp-block-paragraph\"><img loading=\"lazy\" decoding=\"async\" src=\"\" width=\"25\" height=\"25\"> 04 94 97 63 45<\/p>\n\n\n\n<p class=\"wp-block-paragraph\"><strong>Mus\u00e9e de la Citadelle ****&nbsp;:<\/strong><\/p>\n\n\n\n<p class=\"wp-block-paragraph\"><img loading=\"lazy\" decoding=\"async\" src=\"\" width=\"25\" height=\"25\"> 1 Mont\u00e9e de la Citadelle, 83990 Saint-Tropez<\/p>\n\n\n\n<p class=\"wp-block-paragraph\"><img loading=\"lazy\" decoding=\"async\" src=\"\" width=\"25\" height=\"25\"> 04 94 55 90 30<\/p>\n\n\n\n<p class=\"wp-block-paragraph\"><a href=\"https:\/\/www.saint-tropez.fr\/culture\/citadelle\/\">www.saint-tropez.fr\/culture\/citadelle\/<\/a><\/p>\n\n\n\n<p class=\"wp-block-paragraph\"><strong>Mus\u00e9e de l\u2019Annonciade ****&nbsp;:<\/strong><\/p>\n\n\n\n<p class=\"wp-block-paragraph\"><img loading=\"lazy\" decoding=\"async\" src=\"\" width=\"25\" height=\"25\"> 2 Place Georges Grammont, 83990 Saint-Tropez<\/p>\n\n\n\n<p class=\"wp-block-paragraph\"><img loading=\"lazy\" decoding=\"async\" src=\"\" width=\"25\" height=\"25\"> 04 94 17 84 10<\/p>\n\n\n\n<p class=\"wp-block-paragraph\"><strong>Mus\u00e9e du Patrimoine&nbsp;:<\/strong><\/p>\n\n\n\n<p class=\"wp-block-paragraph\"><img loading=\"lazy\" decoding=\"async\" src=\"\" width=\"25\" height=\"25\"> 591 Route Nationale, 83310 Grimaud<\/p>\n\n\n\n<p class=\"wp-block-paragraph\"><img loading=\"lazy\" decoding=\"async\" src=\"\" width=\"25\" height=\"25\"> 04 94 55 57 34<\/p>\n\n\n\n<p class=\"wp-block-paragraph\"><a href=\"https:\/\/www.grimaud-provence.com\/decouvrez\/grimaud-et-son-patrimoine-provencal\/un-patrimoine-riche-et-diversifie\/le-musee-du-patrimoine\/\">www.grimaud-provence.com\/decouvrez\/grimaud-et-son-patrimoine-provencal\/un-patrimoine-riche-et-diversifie\/le-musee-du-patrimoine\/<\/a><\/p>\n\n\n\n<p class=\"wp-block-paragraph\"><strong>M\u00e9diath\u00e8que de Cavalaire***&nbsp;: <\/strong>Espaces lectures et informatique pour enfants<\/p>\n\n\n\n<p class=\"wp-block-paragraph\"><img loading=\"lazy\" decoding=\"async\" src=\"\" width=\"25\" height=\"25\"> 355 Rue du Port, 83240 Cavalaire-sur-Mer<\/p>\n\n\n\n<p class=\"wp-block-paragraph\"><img loading=\"lazy\" decoding=\"async\" src=\"\" width=\"25\" height=\"25\"> 04 94 01 93 20<\/p>\n\n\n\n<p class=\"wp-block-paragraph\"><a href=\"https:\/\/cavalaire-pom.c3rb.org\/\">cavalaire-pom.c3rb.org\/<\/a><\/p>\n\n\n\n<p class=\"wp-block-paragraph\"><strong>Cin\u00e9ma de Saint-Tropez&nbsp;****&nbsp;:<\/strong><\/p>\n\n\n\n<p class=\"wp-block-paragraph\"><img loading=\"lazy\" decoding=\"async\" src=\"\" width=\"25\" height=\"25\"> 1 Traverse de la Gendarmerie, 83990 Saint-Tropez<\/p>\n\n\n\n<p class=\"wp-block-paragraph\"><img loading=\"lazy\" decoding=\"async\" src=\"\" width=\"25\" height=\"25\"> 04 94 55 90 54<\/p>\n\n\n\n<p class=\"wp-block-paragraph\"><strong>Cin\u00e9ma de Cogolin ****&nbsp;:<\/strong><\/p>\n\n\n\n<p class=\"wp-block-paragraph\"><img loading=\"lazy\" decoding=\"async\" src=\"\" width=\"25\" height=\"25\"> 3 Boulevard Louis Blanc, 83310 Cogolin<\/p>\n\n\n\n<p class=\"wp-block-paragraph\"><img loading=\"lazy\" decoding=\"async\" src=\"\" width=\"25\" height=\"25\"> 04 94 54 15 89<\/p>\n\n\n\n<p class=\"wp-block-paragraph\"><strong>Cin\u00e9ma de Cavalaire ****&nbsp;:<\/strong><\/p>\n\n\n\n<p class=\"wp-block-paragraph\"><img loading=\"lazy\" decoding=\"async\" src=\"\" width=\"25\" height=\"25\"> Maison de la mer, R\u00e9sidence du Port, 83240 Cavalaire-sur-Mer<\/p>\n\n\n\n<p class=\"wp-block-paragraph\"><img loading=\"lazy\" decoding=\"async\" src=\"\" width=\"25\" height=\"25\"> 04 94 46 09 00<\/p>\n\n\n\n<p class=\"wp-block-paragraph\"><a href=\"http:\/\/cinema-athena.fr\/\">c<\/a><a href=\"http:\/\/cinema-athena.fr\/\">inema-athena.fr<\/a><\/p>\n\n\n\n<p class=\"wp-block-paragraph\"><strong>C<\/strong><strong>in\u00e9ma de Sainte-Maxime ****&nbsp;:<\/strong><\/p>\n\n\n\n<p class=\"wp-block-paragraph\">107 Route du Plan de la Tour, 83120 Sainte-Maxime<\/p>\n\n\n\n<p class=\"wp-block-paragraph\"><a href=\"http:\/\/www.cinemapagnol-stemaxime.com\/\">www.cinemapagnol-stemaxime.com\/<\/a><\/p>\n\n\n\n<p class=\"wp-block-paragraph\"><strong>Caf\u00e9 th\u00e9\u00e2tre Le L\u00e9zard ****&nbsp;:<\/strong><\/p>\n\n\n\n<p class=\"wp-block-paragraph\"><img loading=\"lazy\" decoding=\"async\" src=\"\" width=\"25\" height=\"25\"> 18 Avenue Georges Clemenceau, 83310 Cogolin<\/p>\n\n\n\n<p class=\"wp-block-paragraph\"><img loading=\"lazy\" decoding=\"async\" src=\"\" width=\"25\" height=\"25\"> 06 14 80 92 91<\/p>\n\n\n\n<p class=\"wp-block-paragraph\"><strong>Bowling du Golfe<\/strong><\/p>\n\n\n\n<p class=\"wp-block-paragraph\"><img loading=\"lazy\" decoding=\"async\" src=\"\" width=\"24\" height=\"24\"> 1721 Route du Littoral,<\/p>\n<\/div>\n","protected":false},"excerpt":{"rendered":"<p>Des id\u00e9es de sorties en famille ou entre amis \u00e0 d\u00e9couvrir par temps de pluie. \u00c0 GASSIN\u2026 Le Caf\u00e9 Perch\u00e9&nbsp;: Caf\u00e9 associatif, jeux&#8230; Aire de loisirs, Place L\u00e9on Martel, Gassin 06 12 36 32 22 Maison des confitures&nbsp;: Atelier-boutique 825 Route du Bourrian 04 94 43 41 58 Domaine Bertaud Belieu : D\u00e9gustation; visite de&#8230;<\/p>\n","protected":false},"author":7,"featured_media":3073,"parent":0,"menu_order":168,"comment_status":"closed","ping_status":"closed","template":"","meta":{"_acf_changed":false,"_crdt_document":"","footnotes":""},"class_list":["post-3072","page","type-page","status-publish","has-post-thumbnail","hentry"],"acf":[],"_links":{"self":[{"href":"https:\/\/gassin.eu\/fr\/wp-json\/wp\/v2\/pages\/3072","targetHints":{"allow":["GET"]}}],"collection":[{"href":"https:\/\/gassin.eu\/fr\/wp-json\/wp\/v2\/pages"}],"about":[{"href":"https:\/\/gassin.eu\/fr\/wp-json\/wp\/v2\/types\/page"}],"author":[{"embeddable":true,"href":"https:\/\/gassin.eu\/fr\/wp-json\/wp\/v2\/users\/7"}],"replies":[{"embeddable":true,"href":"https:\/\/gassin.eu\/fr\/wp-json\/wp\/v2\/comments?post=3072"}],"version-history":[{"count":7,"href":"https:\/\/gassin.eu\/fr\/wp-json\/wp\/v2\/pages\/3072\/revisions"}],"predecessor-version":[{"id":5444,"href":"https:\/\/gassin.eu\/fr\/wp-json\/wp\/v2\/pages\/3072\/revisions\/5444"}],"wp:featuredmedia":[{"embeddable":true,"href":"https:\/\/gassin.eu\/fr\/wp-json\/wp\/v2\/media\/3073"}],"wp:attachment":[{"href":"https:\/\/gassin.eu\/fr\/wp-json\/wp\/v2\/media?parent=3072"}],"curies":[{"name":"wp","href":"https:\/\/api.w.org\/{rel}","templated":true}]}}