{"id":3112,"date":"2022-04-29T14:24:07","date_gmt":"2022-04-29T12:24:07","guid":{"rendered":"https:\/\/gassin.eu\/?page_id=3112"},"modified":"2025-07-09T00:51:05","modified_gmt":"2025-07-08T22:51:05","slug":"developpement-durable","status":"publish","type":"page","link":"https:\/\/gassin.eu\/fr\/informations-pratiques\/developpement-durable\/","title":{"rendered":"D\u00e9veloppement durable"},"content":{"rendered":"\n<div class=\"wp-block-group is-layout-flow wp-block-group-is-layout-flow\">\n<div class=\"wp-block-cover\"><span aria-hidden=\"true\" class=\"wp-block-cover__background has-background-dim-0 has-background-dim\" style=\"background-color:#7d7979\"><\/span><img loading=\"lazy\" decoding=\"async\" width=\"1024\" height=\"537\" src=\"https:\/\/gassin.eu\/wp-content\/uploads\/2024\/07\/380005251_1024753318501901_6026871875387965145_n-1024x537.jpg\" class=\"wp-block-cover__image-background wp-post-image\" alt=\"\" data-object-fit=\"cover\" srcset=\"https:\/\/gassin.eu\/wp-content\/uploads\/2024\/07\/380005251_1024753318501901_6026871875387965145_n-1024x537.jpg 1024w, https:\/\/gassin.eu\/wp-content\/uploads\/2024\/07\/380005251_1024753318501901_6026871875387965145_n-300x157.jpg 300w, https:\/\/gassin.eu\/wp-content\/uploads\/2024\/07\/380005251_1024753318501901_6026871875387965145_n-768x403.jpg 768w, https:\/\/gassin.eu\/wp-content\/uploads\/2024\/07\/380005251_1024753318501901_6026871875387965145_n.jpg 1536w\" sizes=\"auto, (max-width: 1024px) 100vw, 1024px\" \/><div class=\"wp-block-cover__inner-container is-layout-constrained wp-block-cover-is-layout-constrained\">\n<p class=\"has-text-align-center has-large-font-size wp-block-paragraph\"><\/p>\n<\/div><\/div>\n\n\n\n<p class=\"wp-block-paragraph\"><strong>Sommaire :<\/strong><\/p>\n\n\n\n<nav aria-label=\"Table des mati\u00e8res\" class=\"wp-block-table-of-contents\"><ol><li><a class=\"wp-block-table-of-contents__entry\" href=\"https:\/\/gassin.eu\/fr\/informations-pratiques\/developpement-durable\/#les-engagements-de-votre-office\">Les engagements de votre office<\/a><\/li><li><a class=\"wp-block-table-of-contents__entry\" href=\"https:\/\/gassin.eu\/fr\/informations-pratiques\/developpement-durable\/#la-qualite-des-eaux-de-baignade-a-gassin\">La qualit\u00e9 des eaux de baignade \u00e0 Gassin<\/a><\/li><li><a class=\"wp-block-table-of-contents__entry\" href=\"https:\/\/gassin.eu\/fr\/informations-pratiques\/developpement-durable\/#la-protection-de-la-posidonie\">La protection de la posidonie<\/a><\/li><\/ol><\/nav>\n\n\n\n<figure class=\"wp-block-image aligncenter size-full is-resized\"><img loading=\"lazy\" decoding=\"async\" width=\"738\" height=\"300\" data-tippy-content=\"FBedddPlan de travail 9 copie 4\" src=\"https:\/\/gassin.eu\/wp-content\/uploads\/2021\/11\/FBedddPlan-de-travail-9-copie-4.png\" alt=\"\" class=\"wp-image-2661\" style=\"width:341px;height:139px\" srcset=\"https:\/\/gassin.eu\/wp-content\/uploads\/2021\/11\/FBedddPlan-de-travail-9-copie-4.png 738w, https:\/\/gassin.eu\/wp-content\/uploads\/2021\/11\/FBedddPlan-de-travail-9-copie-4-300x122.png 300w\" sizes=\"auto, (max-width: 738px) 100vw, 738px\" \/><\/figure>\n\n\n\n<h2 class=\"wp-block-heading\" id=\"les-engagements-de-votre-office\">Les engagements de votre office<\/h2>\n\n\n\n<p class=\"wp-block-paragraph\">L&rsquo;office de tourisme de Gassin est engag\u00e9 dans une d\u00e9marche \u00e9coresponsable et les agents de l&rsquo;office, sensibilis\u00e9s au d\u00e9veloppement durable, encouragent \u00e9galement les socioprofessionnels et partenaires \u00e0 les suivre.<\/p>\n\n\n\n<p class=\"wp-block-paragraph\">Voici des exemples de gestes encourageant cette d\u00e9marche:<\/p>\n\n\n\n<ul class=\"wp-block-list\">\n<li>je r\u00e9duis mes impressions en couleur et mes envois papiers<\/li>\n\n\n\n<li>je limite mes \u00e9ditions propres pour favoriser les brochures communes par exemple.<\/li>\n\n\n\n<li>j&rsquo;opte pour le covoiturage et les transports en commun<\/li>\n\n\n\n<li>je g\u00e8re mon utilisation de l&rsquo;eau et des produits m\u00e9nag\u00e9s<\/li>\n\n\n\n<li>en cas de travaux je pense \u00e0 l&rsquo;am\u00e9lioration de l&rsquo;isolement de mon b\u00e2timent<\/li>\n\n\n\n<li>je programme mon ordinateur pour une mise en veille automatique au-del\u00e0 d\u2019une non utilisation de 15 min.<\/li>\n\n\n\n<li>je privil\u00e9gie les \u00e9clairages \u00e0 basse consommation<\/li>\n\n\n\n<li>j&rsquo;\u00e9teins la lumi\u00e8re de la pi\u00e8ce que je quitte syst\u00e9matiquement<\/li>\n<\/ul>\n\n\n\n<p class=\"wp-block-paragraph\">Une <a href=\"https:\/\/pro.gassin.eu\/wp-content\/uploads\/2017\/12\/GASSIN-SENGAGE-POUR-LE-TOURISME-DURABLE-002.pdf\">charte Gassin s&rsquo;engage pour le tourisme durable<\/a> rappelle les bons gestes (privil\u00e9gier la marche \u00e0 pied et le covoiturage pour les d\u00e9placements, r\u00e9duire la consommation \u00e9lectrique, bien entretenir le mat\u00e9riel, utiliser des tasses plut\u00f4t que des gobelets jetables, n&rsquo;imprimer que les documents n\u00e9cessaires, etc.).<\/p>\n\n\n\n<p class=\"wp-block-paragraph\">L&rsquo;\u00e9quipe de l&rsquo;OT s&rsquo;est dot\u00e9 d&rsquo;un v\u00e9hicule \u00e9lectrique re\u00e7ue en octobre 2020, elle rejoint la dynamique et les objectifs de la mairie qui sont de \u00ab\u00a0verdir\u00a0\u00bb les parcs publics et lutter contre les \u00e9missions de CO2. La commune de Gassin d\u00e9passe les obligations l\u00e9gales puisque les 4 derniers v\u00e9hicules achet\u00e9s sont des v\u00e9hicules \u00e9lectriques. En plus du geste environnemental, d&rsquo;importantes \u00e9conomies sont d\u00e9j\u00e0 r\u00e9alis\u00e9es sur les carburants.<\/p>\n\n\n\n<p class=\"wp-block-paragraph\">Par ailleurs pour permettre le rechargement de v\u00e9hicules de particuliers, locaux ou \u00e9trangers, une borne de la soci\u00e9t\u00e9 Electric 55 Charging bas\u00e9e dans le golfe de Saint-Tropez a \u00e9t\u00e9 install\u00e9 au parking des Marines de Gassin \u00e0 l&rsquo;automne 2018. Une deuxi\u00e8me borne sera install\u00e9e sur la place L\u00e9on Martel, devant l&rsquo;office de tourisme.<\/p>\n\n\n\n<p class=\"wp-block-paragraph\">Le tri des d\u00e9chets est r\u00e9alis\u00e9 quotidiennement dans tous les bureaux de l&rsquo;office.<\/p>\n\n\n\n<p class=\"wp-block-paragraph\">Le site de la communaut\u00e9 de communes, en charge de la collecte des d\u00e9chets, vous propose une <a href=\"https:\/\/www.cc-golfedesainttropez.fr\/redevance-speciale\">page consacr\u00e9e \u00e0 la redevance sp\u00e9ciale<\/a>.<\/p>\n\n\n\n<p class=\"wp-block-paragraph\">Vous pouvez <a href=\"https:\/\/www.cc-golfedesainttropez.fr\/images\/dechet\/collecte\/memotri.pdf\">t\u00e9l\u00e9charger ici un guide sur le sujet.<\/a><\/p>\n\n\n\n<figure class=\"wp-block-image aligncenter size-large\"><img loading=\"lazy\" decoding=\"async\" width=\"950\" height=\"1024\" data-tippy-content=\"consignes\" src=\"https:\/\/gassin.eu\/wp-content\/uploads\/2022\/05\/consignes-950x1024.jpg\" alt=\"\" class=\"wp-image-3138\" srcset=\"https:\/\/gassin.eu\/wp-content\/uploads\/2022\/05\/consignes-950x1024.jpg 950w, https:\/\/gassin.eu\/wp-content\/uploads\/2022\/05\/consignes-278x300.jpg 278w, https:\/\/gassin.eu\/wp-content\/uploads\/2022\/05\/consignes-768x828.jpg 768w, https:\/\/gassin.eu\/wp-content\/uploads\/2022\/05\/consignes-1425x1536.jpg 1425w, https:\/\/gassin.eu\/wp-content\/uploads\/2022\/05\/consignes-1900x2048.jpg 1900w\" sizes=\"auto, (max-width: 950px) 100vw, 950px\" \/><figcaption class=\"wp-element-caption\">Infos collecte des d\u00e9chets dans le golfe de Saint-Tropez.<\/figcaption><\/figure>\n\n\n\n<p class=\"wp-block-paragraph\">Vous pouvez&nbsp; joindre notre agent r\u00e9f\u00e9rent Nathalie \u00e0 l&rsquo;office sur notre m\u00e9l ot-pro@gassin.eu .<\/p>\n\n\n\n<p class=\"wp-block-paragraph\">Vous trouverez toute les informations utiles sur le site de la communaut\u00e9 de communes du golfe de aint-Tropez <a href=\"https:\/\/www.cc-golfedesainttropez.fr\/dechets\">https:\/\/www.cc-golfedesainttropez.fr\/dechets&nbsp;<\/a> et\/ou envoyer toutes vos demandes \u00e0 <a href=\"mailto:contactdechets@cc-golfedesainttropez.fr\">contactdechets@cc-golfedesainttropez.fr<\/a><\/p>\n\n\n\n<p class=\"wp-block-paragraph\">La charte : Gassin s&rsquo;engage pour le tourisme durable.<\/p>\n\n\n\n<figure class=\"wp-block-image aligncenter\"><a href=\"https:\/\/pro.gassin.eu\/wp-content\/uploads\/2017\/12\/GASSIN-S\u2019ENGAGE-POUR-LE-TOURISME-DURABLE.jpg\"><img decoding=\"async\" data-tippy-content=\"carte-balades-francais-2017\" src=\"https:\/\/pro.gassin.eu\/wp-content\/uploads\/2017\/12\/GASSIN-S\u2019ENGAGE-POUR-LE-TOURISME-DURABLE-212x300.jpg\" alt=\"\" class=\"wp-image-282\"\/><\/a><\/figure>\n\n\n\n<h2 class=\"wp-block-heading\" id=\"la-qualite-des-eaux-de-baignade-a-gassin\">La qualit\u00e9 des eaux de baignade \u00e0 Gassin<\/h2>\n\n\n\n<div id=\"WaterPollution\" class=\"w-full\"><water-pollution title=\"\"><\/water-pollution><\/div>\n\n\n\n<h2 class=\"wp-block-heading\" id=\"la-protection-de-la-posidonie\">La protection de la posidonie<\/h2>\n\n\n\n<p class=\"wp-block-paragraph\"><strong>Le saviez-vous ?<\/strong><\/p>\n\n\n\n<p class=\"wp-block-paragraph\"><a><\/a>L&rsquo;herbier de posidonie (Posidonia oceanica) est le POUMON DE LA M\u00c9DITERRAN\u00c9E.<\/p>\n\n\n\n<p class=\"wp-block-paragraph\">Cette plante \u00e0 fleurs unique, pr\u00e9sente sur toutes les c\u00f4tes m\u00e9diterran\u00e9ennes, joue un r\u00f4le vital dans la stabilisation des fonds marins. Elle produit sous la mer des fleurs puis des fruits. On ne la rencontre qu&rsquo;en M\u00e9diterran\u00e9e. Sa protection est un devoir pour tous.<\/p>\n\n\n\n<p class=\"wp-block-paragraph\">Sa pr\u00e9sence est une preuve de la clart\u00e9 des eaux, ne soyez pas surpris si vous la trouvez sur les plages, elle est laiss\u00e9e volontairement pour emp\u00eacher les vagues d&#8217;emporter le sable.<\/p>\n\n\n\n<p class=\"wp-block-paragraph\">Il existe pr\u00e8s de 60 esp\u00e8ces de posidonie qui forment d&rsquo;immenses for\u00eats sous-marines visibles jusqu&rsquo;\u00e0 50 m\u00e8tres de profondeur.<\/p>\n\n\n\n<p class=\"wp-block-paragraph\">La Posidonia oceanica est prot\u00e9g\u00e9e par la loi en France et il est interdit de la d\u00e9truire.<\/p>\n\n\n\n<p class=\"wp-block-paragraph\">Retrouvez plus de d\u00e9tails <a href=\"https:\/\/gassin.eu\/wp-content\/uploads\/2022\/05\/posidonie.pdf\">en lisant la brochure sur l&rsquo;herbier de posidonie t\u00e9l\u00e9chargeable ici<\/a>.<\/p>\n\n\n\n<div data-wp-interactive=\"core\/file\" class=\"wp-block-file\"><object data-wp-bind--hidden=\"!state.hasPdfPreview\" hidden class=\"wp-block-file__embed\" data=\"https:\/\/gassin.eu\/wp-content\/uploads\/2022\/05\/posidonie.pdf\" type=\"application\/pdf\" style=\"width:100%;height:600px\" aria-label=\"Contenu embarqu\u00e9 posidonie.\"><\/object><a id=\"wp-block-file--media-74e01514-f679-4ecd-bc46-296003b32c37\" href=\"https:\/\/gassin.eu\/wp-content\/uploads\/2022\/05\/posidonie.pdf\">posidonie<\/a><\/div>\n\n\n\n<figure class=\"wp-block-gallery has-nested-images columns-default is-cropped wp-block-gallery-1 is-layout-flex wp-block-gallery-is-layout-flex\">\n<figure class=\"wp-block-image size-large\"><img loading=\"lazy\" decoding=\"async\" width=\"1024\" height=\"537\" data-id=\"4552\" data-tippy-content=\"380005251_1024753318501901_6026871875387965145_n\" src=\"https:\/\/gassin.eu\/wp-content\/uploads\/2024\/07\/380005251_1024753318501901_6026871875387965145_n-1-1024x537.jpg\" alt=\"\" class=\"wp-image-4552\" srcset=\"https:\/\/gassin.eu\/wp-content\/uploads\/2024\/07\/380005251_1024753318501901_6026871875387965145_n-1-1024x537.jpg 1024w, https:\/\/gassin.eu\/wp-content\/uploads\/2024\/07\/380005251_1024753318501901_6026871875387965145_n-1-300x157.jpg 300w, https:\/\/gassin.eu\/wp-content\/uploads\/2024\/07\/380005251_1024753318501901_6026871875387965145_n-1-768x403.jpg 768w, https:\/\/gassin.eu\/wp-content\/uploads\/2024\/07\/380005251_1024753318501901_6026871875387965145_n-1.jpg 1536w\" sizes=\"auto, (max-width: 1024px) 100vw, 1024px\" \/><\/figure>\n\n\n\n<figure class=\"wp-block-image size-large\"><img loading=\"lazy\" decoding=\"async\" width=\"771\" height=\"1024\" data-id=\"4557\" data-tippy-content=\"380694080_1024750265168873_2395882325296500189_n\" src=\"https:\/\/gassin.eu\/wp-content\/uploads\/2024\/07\/380694080_1024750265168873_2395882325296500189_n-1-771x1024.jpg\" alt=\"\" class=\"wp-image-4557\" srcset=\"https:\/\/gassin.eu\/wp-content\/uploads\/2024\/07\/380694080_1024750265168873_2395882325296500189_n-1-771x1024.jpg 771w, https:\/\/gassin.eu\/wp-content\/uploads\/2024\/07\/380694080_1024750265168873_2395882325296500189_n-1-226x300.jpg 226w, https:\/\/gassin.eu\/wp-content\/uploads\/2024\/07\/380694080_1024750265168873_2395882325296500189_n-1-768x1020.jpg 768w, https:\/\/gassin.eu\/wp-content\/uploads\/2024\/07\/380694080_1024750265168873_2395882325296500189_n-1-1157x1536.jpg 1157w, https:\/\/gassin.eu\/wp-content\/uploads\/2024\/07\/380694080_1024750265168873_2395882325296500189_n-1.jpg 1536w\" sizes=\"auto, (max-width: 771px) 100vw, 771px\" \/><\/figure>\n<\/figure>\n<\/div>\n","protected":false},"excerpt":{"rendered":"<p>Sommaire : Les engagements de votre office L&rsquo;office de tourisme de Gassin est engag\u00e9 dans une d\u00e9marche \u00e9coresponsable et les agents de l&rsquo;office, sensibilis\u00e9s au d\u00e9veloppement durable, encouragent \u00e9galement les socioprofessionnels et partenaires \u00e0 les suivre. Voici des exemples de gestes encourageant cette d\u00e9marche: Une charte Gassin s&rsquo;engage pour le tourisme durable rappelle les bons&#8230;<\/p>\n","protected":false},"author":7,"featured_media":4539,"parent":11,"menu_order":120,"comment_status":"closed","ping_status":"closed","template":"","meta":{"_acf_changed":false,"_crdt_document":"","footnotes":""},"class_list":["post-3112","page","type-page","status-publish","has-post-thumbnail","hentry"],"acf":[],"_links":{"self":[{"href":"https:\/\/gassin.eu\/fr\/wp-json\/wp\/v2\/pages\/3112","targetHints":{"allow":["GET"]}}],"collection":[{"href":"https:\/\/gassin.eu\/fr\/wp-json\/wp\/v2\/pages"}],"about":[{"href":"https:\/\/gassin.eu\/fr\/wp-json\/wp\/v2\/types\/page"}],"author":[{"embeddable":true,"href":"https:\/\/gassin.eu\/fr\/wp-json\/wp\/v2\/users\/7"}],"replies":[{"embeddable":true,"href":"https:\/\/gassin.eu\/fr\/wp-json\/wp\/v2\/comments?post=3112"}],"version-history":[{"count":40,"href":"https:\/\/gassin.eu\/fr\/wp-json\/wp\/v2\/pages\/3112\/revisions"}],"predecessor-version":[{"id":5683,"href":"https:\/\/gassin.eu\/fr\/wp-json\/wp\/v2\/pages\/3112\/revisions\/5683"}],"up":[{"embeddable":true,"href":"https:\/\/gassin.eu\/fr\/wp-json\/wp\/v2\/pages\/11"}],"wp:featuredmedia":[{"embeddable":true,"href":"https:\/\/gassin.eu\/fr\/wp-json\/wp\/v2\/media\/4539"}],"wp:attachment":[{"href":"https:\/\/gassin.eu\/fr\/wp-json\/wp\/v2\/media?parent=3112"}],"curies":[{"name":"wp","href":"https:\/\/api.w.org\/{rel}","templated":true}]}}