{"id":4002,"date":"2023-07-27T12:24:29","date_gmt":"2023-07-27T10:24:29","guid":{"rendered":"https:\/\/gassin.eu\/?page_id=4002"},"modified":"2025-07-04T23:07:55","modified_gmt":"2025-07-04T21:07:55","slug":"faq","status":"publish","type":"page","link":"https:\/\/gassin.eu\/fr\/faq\/","title":{"rendered":"FAQ"},"content":{"rendered":"<div class=\"wp-block-fmz-collapsible align\" x-data=\"{selected:null}\">\n      <ul class=\"flex flex-col gap-4 list-none\">\n        \n\n<li class=\"wp-block-fmz-collapse !m-0 !p-0 relative\"><button type=\"button\" class=\"w-full bg-primary-container border-0 text-on-primary-container dark:text-white px-8 py-6 text-xl rounded-md\" aria-expanded=\"selected == 985853445957771500664 ? 'true' : 'false'\" @click=\"selected !== 985853445957771500664 ? selected = 985853445957771500664 : selected = null\"><div class=\"flex items-center justify-between\"><span>Comment se rendre \u00e0 Gassin \u00e0 v\u00e9lo ?<\/span><span style=\"true ? '' : 'display:none'\"><i class=\"fa-solid fa-plus\" x-bind:style=\"selected == 985853445957771500664 ? 'display:none' : ''\"><\/i><i class=\"fa-solid fa-minus\" x-bind:style=\"selected != 985853445957771500664 ? 'display:none' : ''\"><\/i><\/span><\/div><\/button><div class=\"relative overflow-hidden transition-all max-h-0 duration-700\" x-ref=\"container985853445957771500664\" x-bind:style=\"selected == 985853445957771500664 ? 'max-height: ' + $refs.container985853445957771500664.scrollHeight + 'px' : ''\"><div class=\"px-8 py-6\">\n<p class=\"has-light-color has-solid-background-color has-text-color has-background wp-block-paragraph\">L\u2019office de tourisme est labellis\u00e9 Accueil V\u00e9lo et propose un accueil et des brochures sp\u00e9cifiques pour l\u2019accueil des cyclistes au village et sur la destination de Gassin.<\/p>\n\n\n\n<p class=\"has-light-color has-solid-background-color has-text-color has-background wp-block-paragraph\">Diff\u00e9rents chemins m\u00e8nent au village de Gassin \u00e0 v\u00e9lo dont trois qui passent par l\u2019office de tourisme o\u00f9 vous pourrez r\u00e9cup\u00e9rer le guide suivant :<strong>&nbsp;<\/strong><em><a href=\"https:\/\/gassin.eu\/wp-content\/uploads\/2021\/07\/Au-coeur-de-la-presquile-a-velo-2021-a4-v1.pdf\">Au c\u0153ur de la Presqu\u2019\u00eele \u00e0 v\u00e9lo<\/a><\/em><\/p>\n\n\n\n<p class=\"has-light-color has-solid-background-color has-text-color has-background wp-block-paragraph\">Le circuit 1 relie le village au Marines de Gassin \u00e0 l\u2019\u00e9cart des routes et offrent de superbes panoramas.<\/p>\n\n\n\n<p class=\"has-light-color has-solid-background-color has-text-color has-background wp-block-paragraph\"><strong>Attention !! la piste de Ville-vieille n\u2019est pas accessible aux v\u00e9los de route.<\/strong><\/p>\n\n\n\n<p class=\"has-light-color has-solid-background-color has-text-color has-background wp-block-paragraph\">Le circuits 5 propose un d\u00e9tour de Gassin (c\u00f4t\u00e9 mer) vers Saint-Tropez sur 6.6 km reliant les Marines de Gassin \u00e0 la plage de la Bouillabaisse \u00e0 l\u2019entr\u00e9e de la commune de Saint-Tropez.<\/p>\n\n\n\n<p class=\"has-light-color has-solid-background-color has-text-color has-background wp-block-paragraph\">Le circuit 6 propose un d\u00e9tour de Gassin (plaine) vers La Croix Valmer reliant le lyc\u00e9e de Gassin aux abords de La Foux \u00e0 La Croix Valmer.<\/p>\n\n\n\n<p class=\"has-light-color has-solid-background-color has-text-color has-background wp-block-paragraph\">D\u2019autres boucles sont accessibles en VTT \u00e9galement et relient pour le circuit 4 par exemple les jardins remarquables qui offrent de splendides panoramas au d\u00e9part du village de Gassin.<\/p>\n<\/div><\/div><\/li>\n\n\n\n<li class=\"wp-block-fmz-collapse !m-0 !p-0 relative\"><button type=\"button\" class=\"w-full bg-primary-container border-0 text-on-primary-container dark:text-white px-8 py-6 text-xl rounded-md\" aria-expanded=\"selected == 221888869404808467651230 ? 'true' : 'false'\" @click=\"selected !== 221888869404808467651230 ? selected = 221888869404808467651230 : selected = null\"><div class=\"flex items-center justify-between\"><span>Comment venir \u00e0 Gassin en bus ?<\/span><span style=\"true ? '' : 'display:none'\"><i class=\"fa-solid fa-plus\" x-bind:style=\"selected == 221888869404808467651230 ? 'display:none' : ''\"><\/i><i class=\"fa-solid fa-minus\" x-bind:style=\"selected != 221888869404808467651230 ? 'display:none' : ''\"><\/i><\/span><\/div><\/button><div class=\"relative overflow-hidden transition-all max-h-0 duration-700\" x-ref=\"container221888869404808467651230\" x-bind:style=\"selected == 221888869404808467651230 ? 'max-height: ' + $refs.container221888869404808467651230.scrollHeight + 'px' : ''\"><div class=\"px-8 py-6\">\n<p class=\"wp-block-paragraph\">Le service <a href=\"https:\/\/zou.maregionsud.fr\/\">Zou<\/a> propose des lignes r\u00e9guli\u00e8res vers les communes du Golfe (Cavalaire-sur-Mer, Cogolin, La Croix-Valmer, la Garde-Freinet, Grimaud, La M\u00f4le, le Plan-de-la-Tour, Ramatuelle, Saint-Tropez, Sainte-Maxime), et vers les principales agglom\u00e9rations du Var. Il est possible de relier \u00e9galement les gares TGV des Arcs\/ Draguignan, Hy\u00e8res, Toulon, Saint-Rapha\u00ebl.<\/p>\n\n\n\n<p class=\"wp-block-paragraph\">Les grandes lignes desservant la commune de Gassin sont :<\/p>\n\n\n\n<p class=\"wp-block-paragraph\"><strong>876<\/strong> <strong>SAINT-RAPHA\u00cbL \u2013 SAINT-TROPEZ<\/strong> (vers Saint-Tropez)<br><strong>873<\/strong> <strong>COGOLIN \u2013 HY\u00c8RES<\/strong> (vers Hy\u00e8res)<\/p>\n\n\n\n<p class=\"wp-block-paragraph\"><strong>878 TOULON<\/strong> (gare) \u2013 <strong>SAINT-TROPEZ<\/strong> (vers Saint-Tropez)<\/p>\n\n\n\n<p class=\"wp-block-paragraph\">Renseignements et r\u00e9servations : <a href=\"https:\/\/zou.maregionsud.fr\/\">Zou.maregionsud.fr<\/a><\/p>\n\n\n\n<p class=\"wp-block-paragraph\">; 0809 400 013 (<strong>attention : prix d\u2019un appel local, <\/strong>tous les jours de 7h \u00e0 20h).<\/p>\n\n\n\n<p class=\"wp-block-paragraph\">Il est d\u00e9sormais possible d\u2019emprunter le flexibus, \u00e0 partir de 24,99 euros pour se rendre \u00e0 La Croix-Valmer (commune voisine de Gassin) au d\u00e9part de Lyon.<\/p>\n\n\n\n<p class=\"wp-block-paragraph\">Vous pouvez effectuer toutes vos r\u00e9servations et retrouver plus de d\u00e9tails sur ce trajet via ce lien: <a href=\"https:\/\/www.flixbus.fr\/bus\/la-croix-valmer\">https:\/\/www.flixbus.fr\/bus\/la-croix-valmer<\/a>;<\/p>\n<\/div><\/div><\/li>\n\n\n\n<li class=\"wp-block-fmz-collapse !m-0 !p-0 relative\"><button type=\"button\" class=\"w-full bg-primary-container border-0 text-on-primary-container dark:text-white px-8 py-6 text-xl rounded-md\" aria-expanded=\"selected == 350053010304831173200 ? 'true' : 'false'\" @click=\"selected !== 350053010304831173200 ? selected = 350053010304831173200 : selected = null\"><div class=\"flex items-center justify-between\"><span>Quelles sont les horaires d\u2019ouverture des bureaux de l\u2019office de tourisme\u00a0?<\/span><span style=\"true ? '' : 'display:none'\"><i class=\"fa-solid fa-plus\" x-bind:style=\"selected == 350053010304831173200 ? 'display:none' : ''\"><\/i><i class=\"fa-solid fa-minus\" x-bind:style=\"selected != 350053010304831173200 ? 'display:none' : ''\"><\/i><\/span><\/div><\/button><div class=\"relative overflow-hidden transition-all max-h-0 duration-700\" x-ref=\"container350053010304831173200\" x-bind:style=\"selected == 350053010304831173200 ? 'max-height: ' + $refs.container350053010304831173200.scrollHeight + 'px' : ''\"><div class=\"px-8 py-6\">\n<p class=\"wp-block-paragraph\">Nos agents vous accueillent tous les jours (d&rsquo;avril \u00e0 octobre) de 9h \u00e0 13h et de 14h \u00e0 18h sauf le dimanche de 9h \u00e0 13h. En hors saison l&rsquo;office est ouvert du lundi au vendredi de 8h30 \u00e0 12h30 et de 14h \u00e0 17h. Vous pouvez aussi nous joindre par t\u00e9l\u00e9phone au 04 98 11 56 51, par courriel \u00e0 l&rsquo;adresse accueil@gassin.eu ou par courrier postal, Office de tourisme de Gassin 20 place L\u00e9on Martel, 83580 Gassin.<\/p>\n<\/div><\/div><\/li>\n\n\n\n<li class=\"wp-block-fmz-collapse !m-0 !p-0 relative\"><button type=\"button\" class=\"w-full bg-primary-container border-0 text-on-primary-container dark:text-white px-8 py-6 text-xl rounded-md\" aria-expanded=\"selected == 056443464361899954 ? 'true' : 'false'\" @click=\"selected !== 056443464361899954 ? selected = 056443464361899954 : selected = null\"><div class=\"flex items-center justify-between\"><span>Quelle est le jour et l\u2019heure de la visite guid\u00e9e du village\u00a0?<\/span><span style=\"true ? '' : 'display:none'\"><i class=\"fa-solid fa-plus\" x-bind:style=\"selected == 056443464361899954 ? 'display:none' : ''\"><\/i><i class=\"fa-solid fa-minus\" x-bind:style=\"selected != 056443464361899954 ? 'display:none' : ''\"><\/i><\/span><\/div><\/button><div class=\"relative overflow-hidden transition-all max-h-0 duration-700\" x-ref=\"container056443464361899954\" x-bind:style=\"selected == 056443464361899954 ? 'max-height: ' + $refs.container056443464361899954.scrollHeight + 'px' : ''\"><div class=\"px-8 py-6\">\n<p class=\"wp-block-paragraph\">La visite guid\u00e9e du village est organis\u00e9e au d\u00e9part de l&rsquo;office de tourisme tous les lundis avec Nathalie, du 03\/04 au 30\/10, de 16h \u00e0 17h30. En juillet et en ao\u00fbt la visite commence \u00e0 17:30 sous forme de balade gourmande vous aurez la possibilit\u00e9 de participer \u00e0 une d\u00e9gustation de vins \u00e0 la fin de la visite.<br>Sous r\u00e9serve de conditions m\u00e9t\u00e9o favorables.<\/p>\n<\/div><\/div><\/li>\n\n\n\n<li class=\"wp-block-fmz-collapse !m-0 !p-0 relative\"><button type=\"button\" class=\"w-full bg-primary-container border-0 text-on-primary-container dark:text-white px-8 py-6 text-xl rounded-md\" aria-expanded=\"selected == 01313487905014752046 ? 'true' : 'false'\" @click=\"selected !== 01313487905014752046 ? selected = 01313487905014752046 : selected = null\"><div class=\"flex items-center justify-between\"><span>O\u00f9 se trouve l\u2019Androuno, la rue la plus \u00e9troite du monde\u00a0?<\/span><span style=\"true ? '' : 'display:none'\"><i class=\"fa-solid fa-plus\" x-bind:style=\"selected == 01313487905014752046 ? 'display:none' : ''\"><\/i><i class=\"fa-solid fa-minus\" x-bind:style=\"selected != 01313487905014752046 ? 'display:none' : ''\"><\/i><\/span><\/div><\/button><div class=\"relative overflow-hidden transition-all max-h-0 duration-700\" x-ref=\"container01313487905014752046\" x-bind:style=\"selected == 01313487905014752046 ? 'max-height: ' + $refs.container01313487905014752046.scrollHeight + 'px' : ''\"><div class=\"px-8 py-6\"><\/div><\/div><\/li>\n\n\n\n<li class=\"wp-block-fmz-collapse !m-0 !p-0 relative\"><button type=\"button\" class=\"w-full bg-primary-container border-0 text-on-primary-container dark:text-white px-8 py-6 text-xl rounded-md\" aria-expanded=\"selected == 149553342747657520 ? 'true' : 'false'\" @click=\"selected !== 149553342747657520 ? selected = 149553342747657520 : selected = null\"><div class=\"flex items-center justify-between\"><span>Les chiens sont-ils les bienvenus \u00e0 l\u2019office de tourisme\u00a0?<\/span><span style=\"true ? '' : 'display:none'\"><i class=\"fa-solid fa-plus\" x-bind:style=\"selected == 149553342747657520 ? 'display:none' : ''\"><\/i><i class=\"fa-solid fa-minus\" x-bind:style=\"selected != 149553342747657520 ? 'display:none' : ''\"><\/i><\/span><\/div><\/button><div class=\"relative overflow-hidden transition-all max-h-0 duration-700\" x-ref=\"container149553342747657520\" x-bind:style=\"selected == 149553342747657520 ? 'max-height: ' + $refs.container149553342747657520.scrollHeight + 'px' : ''\"><div class=\"px-8 py-6\">\n<p class=\"wp-block-paragraph\">Les chiens sont les bienvenus \u00e0 l\u2019office de tourisme. Au village nous disposons de sacs pour les d\u00e9chets canins. Les plages de la Moune et du Treizain sont \u00e9galement accessibles aux chiens.<\/p>\n<\/div><\/div><\/li>\n\n\n\n<li class=\"wp-block-fmz-collapse !m-0 !p-0 relative\"><button type=\"button\" class=\"w-full bg-primary-container border-0 text-on-primary-container dark:text-white px-8 py-6 text-xl rounded-md\" aria-expanded=\"selected == 947504622592060622061 ? 'true' : 'false'\" @click=\"selected !== 947504622592060622061 ? selected = 947504622592060622061 : selected = null\"><div class=\"flex items-center justify-between\"><span>Existe-t-il un accueil sp\u00e9cifique pour les cyclistes\u00a0au village de Gassin\u00a0?<\/span><span style=\"true ? '' : 'display:none'\"><i class=\"fa-solid fa-plus\" x-bind:style=\"selected == 947504622592060622061 ? 'display:none' : ''\"><\/i><i class=\"fa-solid fa-minus\" x-bind:style=\"selected != 947504622592060622061 ? 'display:none' : ''\"><\/i><\/span><\/div><\/button><div class=\"relative overflow-hidden transition-all max-h-0 duration-700\" x-ref=\"container947504622592060622061\" x-bind:style=\"selected == 947504622592060622061 ? 'max-height: ' + $refs.container947504622592060622061.scrollHeight + 'px' : ''\"><div class=\"px-8 py-6\"><\/div><\/div><\/li>\n\n\n\n<li class=\"wp-block-fmz-collapse !m-0 !p-0 relative\"><button type=\"button\" class=\"w-full bg-primary-container border-0 text-on-primary-container dark:text-white px-8 py-6 text-xl rounded-md\" aria-expanded=\"selected == 6333820874028547553773 ? 'true' : 'false'\" @click=\"selected !== 6333820874028547553773 ? selected = 6333820874028547553773 : selected = null\"><div class=\"flex items-center justify-between\"><span>O\u00f9 puis-je trouver du wifi gratuitement au village\u00a0?<\/span><span style=\"true ? '' : 'display:none'\"><i class=\"fa-solid fa-plus\" x-bind:style=\"selected == 6333820874028547553773 ? 'display:none' : ''\"><\/i><i class=\"fa-solid fa-minus\" x-bind:style=\"selected != 6333820874028547553773 ? 'display:none' : ''\"><\/i><\/span><\/div><\/button><div class=\"relative overflow-hidden transition-all max-h-0 duration-700\" x-ref=\"container6333820874028547553773\" x-bind:style=\"selected == 6333820874028547553773 ? 'max-height: ' + $refs.container6333820874028547553773.scrollHeight + 'px' : ''\"><div class=\"px-8 py-6\">\n<p class=\"wp-block-paragraph\">Vous pourrez trouver du wifi gratuitement \u00e0 l\u2019office de tourisme.<\/p>\n<\/div><\/div><\/li>\n\n\n\n<li class=\"wp-block-fmz-collapse !m-0 !p-0 relative\"><button type=\"button\" class=\"w-full bg-primary-container border-0 text-on-primary-container dark:text-white px-8 py-6 text-xl rounded-md\" aria-expanded=\"selected == 2544103242579784037575 ? 'true' : 'false'\" @click=\"selected !== 2544103242579784037575 ? selected = 2544103242579784037575 : selected = null\"><div class=\"flex items-center justify-between\"><span>Quel est le bus qui monte au village\u00a0?<\/span><span style=\"true ? '' : 'display:none'\"><i class=\"fa-solid fa-plus\" x-bind:style=\"selected == 2544103242579784037575 ? 'display:none' : ''\"><\/i><i class=\"fa-solid fa-minus\" x-bind:style=\"selected != 2544103242579784037575 ? 'display:none' : ''\"><\/i><\/span><\/div><\/button><div class=\"relative overflow-hidden transition-all max-h-0 duration-700\" x-ref=\"container2544103242579784037575\" x-bind:style=\"selected == 2544103242579784037575 ? 'max-height: ' + $refs.container2544103242579784037575.scrollHeight + 'px' : ''\"><div class=\"px-8 py-6\">\n<p class=\"wp-block-paragraph\">Le bus qui monte au village de Gassin est le bus 875 \u00e0 l\u2019arr\u00eat Esp\u00e9lidou(du 1<sup>er<\/sup> mai jusqu\u2019au 30\/09).<\/p>\n<\/div><\/div><\/li>\n\n\n\n<li class=\"wp-block-fmz-collapse !m-0 !p-0 relative\"><button type=\"button\" class=\"w-full bg-primary-container border-0 text-on-primary-container dark:text-white px-8 py-6 text-xl rounded-md\" aria-expanded=\"selected == 3328255466107574 ? 'true' : 'false'\" @click=\"selected !== 3328255466107574 ? selected = 3328255466107574 : selected = null\"><div class=\"flex items-center justify-between\"><span>Y a t-il des plages \u00e0 Gassin\u00a0?<\/span><span style=\"true ? '' : 'display:none'\"><i class=\"fa-solid fa-plus\" x-bind:style=\"selected == 3328255466107574 ? 'display:none' : ''\"><\/i><i class=\"fa-solid fa-minus\" x-bind:style=\"selected != 3328255466107574 ? 'display:none' : ''\"><\/i><\/span><\/div><\/button><div class=\"relative overflow-hidden transition-all max-h-0 duration-700\" x-ref=\"container3328255466107574\" x-bind:style=\"selected == 3328255466107574 ? 'max-height: ' + $refs.container3328255466107574.scrollHeight + 'px' : ''\"><div class=\"px-8 py-6\">\n<p class=\"wp-block-paragraph\">Il y a trois plages \u00e0 Gassin&nbsp;: la plage de la Moune, du Treizain et de la Bouillabaisse.<\/p>\n<\/div><\/div><\/li>\n\n\n\n<li class=\"wp-block-fmz-collapse !m-0 !p-0 relative\"><button type=\"button\" class=\"w-full bg-primary-container border-0 text-on-primary-container dark:text-white px-8 py-6 text-xl rounded-md\" aria-expanded=\"selected == 712414470497146023 ? 'true' : 'false'\" @click=\"selected !== 712414470497146023 ? selected = 712414470497146023 : selected = null\"><div class=\"flex items-center justify-between\"><span>Y a-t-il un march\u00e9 \u00e0 Gassin ?<\/span><span style=\"true ? '' : 'display:none'\"><i class=\"fa-solid fa-plus\" x-bind:style=\"selected == 712414470497146023 ? 'display:none' : ''\"><\/i><i class=\"fa-solid fa-minus\" x-bind:style=\"selected != 712414470497146023 ? 'display:none' : ''\"><\/i><\/span><\/div><\/button><div class=\"relative overflow-hidden transition-all max-h-0 duration-700\" x-ref=\"container712414470497146023\" x-bind:style=\"selected == 712414470497146023 ? 'max-height: ' + $refs.container712414470497146023.scrollHeight + 'px' : ''\"><div class=\"px-8 py-6\">\n<p class=\"wp-block-paragraph\">Gassin vous propose en juillet et en ao\u00fbt tous les vendredis soirs \u00e0 partir de 18h30 un march\u00e9 nocturne sur la place de\u00ef Barri. Vous y trouverez des artisans locaux, bougies, cuir, poterie, bijoux, des stands pour manger (glacier, bonbons, churros). \u00c0 21h, un concert vous est offert.<br>Si vous \u00eates \u00e0 la recherche d&rsquo;un march\u00e9 de jour, nous vous proposons de d\u00e9couvrir des march\u00e9s dans les communes voisines :<\/p>\n\n\n\n<ul class=\"wp-block-list\">\n<li>le c\u00e9l\u00e8bre march\u00e9 de Saint-Tropez le mardi matin. N&rsquo;h\u00e9sitez pas \u00e0 prendre une navette maritime pour vous y rendre pour \u00e9viter le trafic routier important (d\u00e9part de Cogolin ou Sainte-Maxime).<\/li>\n\n\n\n<li>le march\u00e9 de Ramatuelle le jeudi matin.<\/li>\n\n\n\n<li>le beau march\u00e9 proven\u00e7al de Croix-Valmer le dimanche matin.<\/li>\n<\/ul>\n<\/div><\/div><\/li>\n\n\n      <\/ul>\n    <\/div>","protected":false},"excerpt":{"rendered":"","protected":false},"author":7,"featured_media":0,"parent":0,"menu_order":152,"comment_status":"closed","ping_status":"closed","template":"","meta":{"_acf_changed":false,"_crdt_document":"","footnotes":""},"class_list":["post-4002","page","type-page","status-publish","hentry"],"acf":[],"_links":{"self":[{"href":"https:\/\/gassin.eu\/fr\/wp-json\/wp\/v2\/pages\/4002","targetHints":{"allow":["GET"]}}],"collection":[{"href":"https:\/\/gassin.eu\/fr\/wp-json\/wp\/v2\/pages"}],"about":[{"href":"https:\/\/gassin.eu\/fr\/wp-json\/wp\/v2\/types\/page"}],"author":[{"embeddable":true,"href":"https:\/\/gassin.eu\/fr\/wp-json\/wp\/v2\/users\/7"}],"replies":[{"embeddable":true,"href":"https:\/\/gassin.eu\/fr\/wp-json\/wp\/v2\/comments?post=4002"}],"version-history":[{"count":9,"href":"https:\/\/gassin.eu\/fr\/wp-json\/wp\/v2\/pages\/4002\/revisions"}],"predecessor-version":[{"id":5464,"href":"https:\/\/gassin.eu\/fr\/wp-json\/wp\/v2\/pages\/4002\/revisions\/5464"}],"wp:attachment":[{"href":"https:\/\/gassin.eu\/fr\/wp-json\/wp\/v2\/media?parent=4002"}],"curies":[{"name":"wp","href":"https:\/\/api.w.org\/{rel}","templated":true}]}}