{"id":4137,"date":"2023-11-10T09:45:51","date_gmt":"2023-11-10T08:45:51","guid":{"rendered":"https:\/\/gassin.eu\/?page_id=4137"},"modified":"2025-07-03T22:47:00","modified_gmt":"2025-07-03T20:47:00","slug":"noeld","status":"publish","type":"page","link":"https:\/\/gassin.eu\/fr\/noeld\/","title":{"rendered":"Parcours de No\u00ebl 2023"},"content":{"rendered":"\n<div class=\"wp-block-group is-layout-constrained wp-block-group-is-layout-constrained\">\n<p class=\"wp-block-paragraph\"> L&rsquo;aventure des Lutins de Gassin<\/p>\n\n\n\n<p class=\"wp-block-paragraph\"><\/p>\n\n\n\n<p class=\"wp-block-paragraph\">R\u00e9ponse 1 : Les deux chaussettes de Tubass sont 3 et 8.<\/p>\n\n\n\n<p class=\"wp-block-paragraph\">R\u00e9ponse 2 : Le violon de Venterr est le n\u00b06.<\/p>\n\n\n\n<p class=\"wp-block-paragraph\">R\u00e9ponse 3 : Carteyrr ne doit pas commander les \u0153ufs \u00e0 la neige.<\/p>\n\n\n\n<p class=\"wp-block-paragraph\">R\u00e9ponse 4 : le reflet de Barbeyr est la lettre F.<\/p>\n\n\n\n<p class=\"wp-block-paragraph\">R\u00e9ponse 5 : L&rsquo;objet qui manque \u00e0 Valdeb est la lanterne.<\/p>\n\n\n\n<p class=\"wp-block-paragraph\">R\u00e9ponse 6 : Le pays que cherche Crodem est la Laponie.<\/p>\n\n\n\n<p class=\"wp-block-paragraph\"><a href=\"https:\/\/gassin.eu\/fr\/laventure-des-lutins-de-gassin\/\">Voir la page<\/a><\/p>\n\n\n\n<p class=\"wp-block-paragraph\">R\u00e9ponse 7 : Pour d\u00e9corer, Rompec cherche la guirlande.<\/p>\n\n\n\n<p class=\"wp-block-paragraph\">R\u00e9ponse 8 : Le nombre que cherche Patapp est : 12<\/p>\n\n\n\n<p class=\"wp-block-paragraph\">R\u00e9ponse 9 : Le nombre de rectangles de Baguerr est 10.<\/p>\n\n\n\n<p class=\"wp-block-paragraph\">R\u00e9ponse 10 : Cost\u00e8bre fait trouver le nom Vernat.<\/p>\n\n\n\n<p class=\"wp-block-paragraph\">R\u00e9ponse 11 : Les lutins aiment beaucoup le chocolat.<\/p>\n\n\n\n<p class=\"wp-block-paragraph\">R\u00e9ponse 12 : La hauteur du clocher est 17 m\u00e8tres.<\/p>\n\n\n\n<p class=\"wp-block-paragraph\"><\/p>\n<\/div>\n","protected":false},"excerpt":{"rendered":"<p>L&rsquo;aventure des Lutins de Gassin R\u00e9ponse 1 : Les deux chaussettes de Tubass sont 3 et 8. R\u00e9ponse 2 : Le violon de Venterr est le n\u00b06. R\u00e9ponse 3 : Carteyrr ne doit pas commander les \u0153ufs \u00e0 la neige. R\u00e9ponse 4 : le reflet de Barbeyr est la lettre F. R\u00e9ponse 5 : L&rsquo;objet&#8230;<\/p>\n","protected":false},"author":2,"featured_media":0,"parent":0,"menu_order":166,"comment_status":"closed","ping_status":"closed","template":"","meta":{"_acf_changed":false,"_crdt_document":"","footnotes":""},"class_list":["post-4137","page","type-page","status-publish","hentry"],"acf":[],"_links":{"self":[{"href":"https:\/\/gassin.eu\/fr\/wp-json\/wp\/v2\/pages\/4137","targetHints":{"allow":["GET"]}}],"collection":[{"href":"https:\/\/gassin.eu\/fr\/wp-json\/wp\/v2\/pages"}],"about":[{"href":"https:\/\/gassin.eu\/fr\/wp-json\/wp\/v2\/types\/page"}],"author":[{"embeddable":true,"href":"https:\/\/gassin.eu\/fr\/wp-json\/wp\/v2\/users\/2"}],"replies":[{"embeddable":true,"href":"https:\/\/gassin.eu\/fr\/wp-json\/wp\/v2\/comments?post=4137"}],"version-history":[{"count":7,"href":"https:\/\/gassin.eu\/fr\/wp-json\/wp\/v2\/pages\/4137\/revisions"}],"predecessor-version":[{"id":5442,"href":"https:\/\/gassin.eu\/fr\/wp-json\/wp\/v2\/pages\/4137\/revisions\/5442"}],"wp:attachment":[{"href":"https:\/\/gassin.eu\/fr\/wp-json\/wp\/v2\/media?parent=4137"}],"curies":[{"name":"wp","href":"https:\/\/api.w.org\/{rel}","templated":true}]}}