{"id":4592,"date":"2024-08-12T00:42:48","date_gmt":"2024-08-11T22:42:48","guid":{"rendered":"https:\/\/gassin.eu\/?page_id=4592"},"modified":"2025-07-11T12:17:13","modified_gmt":"2025-07-11T10:17:13","slug":"accessibilite","status":"publish","type":"page","link":"https:\/\/gassin.eu\/fr\/accessibilite\/","title":{"rendered":"D\u00e9claration d\u2019accessibilit\u00e9"},"content":{"rendered":"\n<div class=\"wp-block-group is-layout-constrained wp-block-group-is-layout-constrained\">\n<p class=\"wp-block-paragraph\">L&rsquo;Office de Tourisme de Gassin s\u2019engage \u00e0 rendre son site internet accessible conform\u00e9ment \u00e0 l\u2019article 47 de la loi n\u00b02005-102 du 11 f\u00e9vrier 2005.<\/p>\n\n\n\n<p class=\"wp-block-paragraph\">Cette d\u00e9claration d\u2019accessibilit\u00e9 s\u2019applique au site Internet <a href=\"https:\/\/gassin.eu\">https:\/\/gassin.eu<\/a>.<\/p>\n\n\n\n<h2 class=\"wp-block-heading\">\u00c9tat de conformit\u00e9<\/h2>\n\n\n\n<p class=\"wp-block-paragraph\">Le site <a href=\"https:\/\/gassin.eu\">https:\/\/gassin.eu<\/a> est partiellement conforme avec le r\u00e9f\u00e9rentiel g\u00e9n\u00e9ral d\u2019am\u00e9lioration de l\u2019accessibilit\u00e9 (RGAA), version 4.1.2 en raison des non-conformit\u00e9s et des d\u00e9rogations \u00e9num\u00e9r\u00e9es ci-dessous.<\/p>\n\n\n\n<h2 class=\"wp-block-heading\">R\u00e9sultat des tests<\/h2>\n\n\n\n<p class=\"wp-block-paragraph\">L\u2019audit d\u2019accessibilit\u00e9 a \u00e9t\u00e9 r\u00e9alis\u00e9 le 8 juillet 2025 sur un \u00e9chantillon repr\u00e9sentatif de 10 pages r\u00e9v\u00e8le que :<\/p>\n\n\n\n<ul class=\"wp-block-list\">\n<li>87% des crit\u00e8res du RGAA version 4.1.2 sont respect\u00e9s ;<\/li>\n\n\n\n<li>Pour information, le taux moyen de conformit\u00e9 du site s\u2019\u00e9l\u00e8ve \u00e0 94% ;<\/li>\n<\/ul>\n\n\n\n<h3 class=\"wp-block-heading\">Pages du site ayant fait l\u2019objet de la v\u00e9rification de conformit\u00e9<\/h3>\n\n\n\n<figure class=\"wp-block-table is-style-regular\"><table><thead><tr><th><strong>Nom<\/strong><\/th><th><strong>Url<\/strong><\/th><th><strong>\u00c9l\u00e9ments significatifs<\/strong><\/th><\/tr><\/thead><tbody><tr><td>Accueil<\/td><td><a href=\"https:\/\/gassin.eu\/\">https:\/\/gassin.eu\/<\/a><\/td><td>Page obligatoire<\/td><\/tr><tr><td>Contact<\/td><td><a href=\"https:\/\/gassin.eu\/fr\/informations-pratiques\/contact\/\">https:\/\/gassin.eu\/fr\/informations-pratiques\/contact\/<\/a><\/td><td>Page obligatoire<\/td><\/tr><tr><td>Mentions l\u00e9gales<\/td><td><a href=\"https:\/\/gassin.eu\/fr\/mentions-legales\/\">https:\/\/gassin.eu\/fr\/mentions-legales\/<\/a><\/td><td>Page obligatoire<\/td><\/tr><tr><td>Accessibilit\u00e9<\/td><td><a href=\"https:\/\/gassin.eu\/fr\/accessibilite\/\">https:\/\/gassin.eu\/fr\/accessibilite\/<\/a><\/td><td>Page obligatoire<\/td><\/tr><tr><td>Rechercher<\/td><td><a href=\"https:\/\/gassin.eu\/fr\/search\/\">https:\/\/gassin.eu\/fr\/search\/<\/a><\/td><td>Page de recherche et page des r\u00e9sultats de recherche<\/td><\/tr><tr><td>Ev\u00e8nements<\/td><td><a href=\"https:\/\/gassin.eu\/fr\/animations\/\">https:\/\/gassin.eu\/fr\/animations\/<\/a><\/td><td>Page des \u00e9v\u00e8nements<\/td><\/tr><tr><td>Ev\u00e8nement<\/td><td><a href=\"https:\/\/gassin.eu\/fr\/animation\/culture\/gassin\/commemoration-de-l-appel-du-18juin-5828500\/\">https:\/\/gassin.eu\/fr\/animation\/culture\/gassin\/commemoration-de-l-appel-du-18juin-5828500\/<\/a><\/td><td>Page d&rsquo;un \u00e9v\u00e8nement<\/td><\/tr><tr><td>Quoi faire \u00e0 Gassin ?<\/td><td><a href=\"https:\/\/gassin.eu\/fr\/informations-pratiques\/quoi-faire-a-gassin\/\">https:\/\/gassin.eu\/fr\/informations-pratiques\/quoi-faire-a-gassin\/<\/a><\/td><td>Page \u00e9ditoriale<\/td><\/tr><tr><td>Acc\u00e8s \u00e0 Gassin<\/td><td><a href=\"https:\/\/gassin.eu\/fr\/informations-pratiques\/acces-a-gassin\/\">https:\/\/gassin.eu\/fr\/informations-pratiques\/acces-a-gassin\/<\/a><\/td><td>Page d&rsquo;acc\u00e8s<\/td><\/tr><tr><td>Documentation<\/td><td><a href=\"https:\/\/gassin.eu\/fr\/informations-pratiques\/documentation\/\">https:\/\/gassin.eu\/fr\/informations-pratiques\/documentation\/<\/a><\/td><td>Page de t\u00e9l\u00e9chargement de la documentation<\/td><\/tr><\/tbody><\/table><\/figure>\n\n\n\n<h3 class=\"wp-block-heading\">Environnement de test et outils pour \u00e9valuer l\u2019accessibilit\u00e9<\/h3>\n\n\n\n<ul class=\"wp-block-list\">\n<li>Test manuel bas\u00e9 sur le RGAA 4.1.2 (crit\u00e8res et tests)<\/li>\n\n\n\n<li>Moteur de rendu : Blink, Gecko&nbsp;<\/li>\n\n\n\n<li>Outils d\u2019analyse : Chrome version 137, Firefox version 140, Web Developer version 3.0.1 (extension), Color Contrast Analyzer version 3.5.4&nbsp;<\/li>\n\n\n\n<li>Lecteurs d\u2019\u00e9cran : NVDA version 2024.4.2, JAWS 2025.2505.43<\/li>\n<\/ul>\n\n\n\n<h3 class=\"wp-block-heading\">Contenus non accessibles<\/h3>\n\n\n\n<p class=\"wp-block-paragraph\">Malgr\u00e9 nos efforts, certains contenus ne sont pas accessibles :<\/p>\n\n\n\n<ul class=\"wp-block-list\">\n<li>Le menu principal est invisible lors de la d\u00e9sactivation des scripts.<\/li>\n\n\n\n<li>Les documents propos\u00e9s en t\u00e9l\u00e9chargement ne respectent pas les crit\u00e8res d\u2019accessibilit\u00e9.<\/li>\n\n\n\n<li>Certaines images informatives ne disposent pas d\u2019alternatives textuelles du contenu visuel ou celles-ci ne sont pas pertinentes ou trop longues.<\/li>\n\n\n\n<li>Certains liens non balis\u00e9s contiennent un texte r\u00e9dig\u00e9 dans une langue diff\u00e9rente de la langue principale de la page.<\/li>\n\n\n\n<li>Le compteur d&rsquo;articles du panier n&rsquo;affiche pas le nombre d&rsquo;\u00e9l\u00e9ments dans le texte accessible et n&rsquo;indique pas les mises \u00e0 jour dynamiques aux technologies d&rsquo;assisitance.<\/li>\n<\/ul>\n\n\n\n<h3 class=\"wp-block-heading\">D\u00e9rogations pour charge disproportionn\u00e9e<\/h3>\n\n\n\n<ul class=\"wp-block-list\">\n<li>Certaines anciennes publications PDF ne seront pas rendues accessibles en raison de leur anciennet\u00e9 et du co\u00fbt disproportionn\u00e9.<\/li>\n<\/ul>\n\n\n\n<h3 class=\"wp-block-heading\">Contenus non soumis \u00e0 l\u2019obligation d\u2019accessibilit\u00e9<\/h3>\n\n\n\n<ul class=\"wp-block-list\">\n<li>Les contenus de tiers qui ne sont ni financ\u00e9s ni d\u00e9velopp\u00e9s par l\u2019organisme concern\u00e9 et qui ne sont pas sous son contr\u00f4le (cadre en ligne, lecteur Youtube, cartographie).<\/li>\n\n\n\n<li>Les fichiers disponibles dans des formats bureautiques publi\u00e9s avant le 23 septembre 2018, sauf s\u2019ils sont n\u00e9cessaires \u00e0 l\u2019accomplissement d\u2019une d\u00e9marche administrative relevant des t\u00e2ches effectu\u00e9es par l\u2019organisme concern\u00e9.<\/li>\n\n\n\n<li>Les contenus audio et vid\u00e9o pr\u00e9enregistr\u00e9s, y compris ceux comprenant des composants interactifs, publi\u00e9s avant le 23 septembre 2020.<\/li>\n<\/ul>\n\n\n\n<h2 class=\"wp-block-heading\">\u00c9tablissement de cette d\u00e9claration<\/h2>\n\n\n\n<p class=\"wp-block-paragraph\">Cette d\u00e9claration a \u00e9t\u00e9 \u00e9tablie le 8 juillet 2025, sur la base d\u2019un audit complet r\u00e9alis\u00e9 par un prestataire externe.<\/p>\n\n\n\n<h2 class=\"wp-block-heading\">Retour d\u2019information et contact<\/h2>\n\n\n\n<p class=\"wp-block-paragraph\">Si vous n\u2019arrivez pas \u00e0 acc\u00e9der \u00e0 un contenu ou si vous constatez un d\u00e9faut d\u2019accessibilit\u00e9, vous pouvez contacter le responsable du site internet pour \u00eatre orient\u00e9 vers une alternative accessible ou obtenir le contenu sous une autre forme.<\/p>\n\n\n\n<p class=\"wp-block-paragraph\"><a href=\"https:\/\/gassin.eu\/fr\/informations-pratiques\/contact\/\" data-type=\"page\" data-id=\"222\">Envoyer un message<\/a><\/p>\n\n\n\n<h2 class=\"wp-block-heading\">Voies de recours<\/h2>\n\n\n\n<p class=\"wp-block-paragraph\">Si vous constatez un d\u00e9faut d\u2019accessibilit\u00e9 vous emp\u00eachant d\u2019acc\u00e9der \u00e0 un contenu ou une fonctionnalit\u00e9 du site, que vous nous le signalez et que vous ne parvenez pas \u00e0 obtenir une r\u00e9ponse de notre part, vous \u00eates en droit de faire parvenir vos dol\u00e9ances ou une demande de saisine au D\u00e9fenseur des droits.<\/p>\n\n\n\n<p class=\"wp-block-paragraph\">Plusieurs moyens sont \u00e0 votre disposition :<\/p>\n\n\n\n<ul class=\"wp-block-list\">\n<li>\u00c9crire un message au D\u00e9fenseur des droits (<a href=\"https:\/\/formulaire.defenseurdesdroits.fr\/\">formulaire.defenseurdesdroits.fr<\/a>)<\/li>\n\n\n\n<li>Contacter le d\u00e9l\u00e9gu\u00e9 du D\u00e9fenseur des droits pr\u00e8s de chez vous (<a href=\"https:\/\/defenseurdesdroits.fr\/saisir\/delegues\">defenseurdesdroits.fr\/saisir\/delegues<\/a>)<\/li>\n\n\n\n<li>Envoyer un courrier par la poste (gratuit, ne pas mettre de timbre) :<\/li>\n<\/ul>\n\n\n\n<p class=\"wp-block-paragraph\">D\u00e9fenseur des droits<br>Libre r\u00e9ponse 71120<br>75342 Paris CEDEX 07<\/p>\n<\/div>\n","protected":false},"excerpt":{"rendered":"<p>L&rsquo;Office de Tourisme de Gassin s\u2019engage \u00e0 rendre son site internet accessible conform\u00e9ment \u00e0 l\u2019article 47 de la loi n\u00b02005-102 du 11 f\u00e9vrier 2005. Cette d\u00e9claration d\u2019accessibilit\u00e9 s\u2019applique au site Internet https:\/\/gassin.eu. \u00c9tat de conformit\u00e9 Le site https:\/\/gassin.eu est partiellement conforme avec le r\u00e9f\u00e9rentiel g\u00e9n\u00e9ral d\u2019am\u00e9lioration de l\u2019accessibilit\u00e9 (RGAA), version 4.1.2 en raison des non-conformit\u00e9s&#8230;<\/p>\n","protected":false},"author":6,"featured_media":0,"parent":0,"menu_order":154,"comment_status":"closed","ping_status":"closed","template":"","meta":{"_acf_changed":false,"_crdt_document":"","footnotes":"[]"},"class_list":["post-4592","page","type-page","status-publish","hentry"],"acf":[],"_links":{"self":[{"href":"https:\/\/gassin.eu\/fr\/wp-json\/wp\/v2\/pages\/4592","targetHints":{"allow":["GET"]}}],"collection":[{"href":"https:\/\/gassin.eu\/fr\/wp-json\/wp\/v2\/pages"}],"about":[{"href":"https:\/\/gassin.eu\/fr\/wp-json\/wp\/v2\/types\/page"}],"author":[{"embeddable":true,"href":"https:\/\/gassin.eu\/fr\/wp-json\/wp\/v2\/users\/6"}],"replies":[{"embeddable":true,"href":"https:\/\/gassin.eu\/fr\/wp-json\/wp\/v2\/comments?post=4592"}],"version-history":[{"count":5,"href":"https:\/\/gassin.eu\/fr\/wp-json\/wp\/v2\/pages\/4592\/revisions"}],"predecessor-version":[{"id":5701,"href":"https:\/\/gassin.eu\/fr\/wp-json\/wp\/v2\/pages\/4592\/revisions\/5701"}],"wp:attachment":[{"href":"https:\/\/gassin.eu\/fr\/wp-json\/wp\/v2\/media?parent=4592"}],"curies":[{"name":"wp","href":"https:\/\/api.w.org\/{rel}","templated":true}]}}