{"id":5028,"date":"2025-06-29T17:53:51","date_gmt":"2025-06-29T15:53:51","guid":{"rendered":"https:\/\/gassin.eu\/?page_id=5028"},"modified":"2025-06-29T17:53:52","modified_gmt":"2025-06-29T15:53:52","slug":"mentions-legales","status":"publish","type":"page","link":"https:\/\/gassin.eu\/fr\/mentions-legales\/","title":{"rendered":"Mentions l\u00e9gales"},"content":{"rendered":"\n<div class=\"wp-block-group is-layout-constrained wp-block-group-is-layout-constrained\">\n<p class=\"wp-block-paragraph\"><strong>Propri\u00e9taire du site Internet <a href=\"https:\/\/gassin.eu\/\">gassin.eu<\/a> :<\/strong><br>OFFICE DE TOURISME DE GASSIN<br>20 place L\u00e9on Martel<br>83580 Gassin<br>T\u00e9l. +33 (0)4 98 11 56 51<\/p>\n\n\n\n<p class=\"wp-block-paragraph\"><strong>R\u00e9alisation du site :<\/strong><br>Franck M\u00e9zi\u00e8re &#8211; Webdesign &amp; d\u00e9veloppement &#8211; <a href=\"http:\/\/meziere.net\">meziere.net<\/a><\/p>\n\n\n\n<p class=\"wp-block-paragraph\"><strong>Musique du r\u00e9pondeur t\u00e9l\u00e9phonique :<\/strong> Titre: <a href=\"https:\/\/auboutdufil.com\/?id=610\">Stay With Me<\/a>, Auteur: <a href=\"https:\/\/soundcloud.com\/rexlambo*\">Rexlambo<\/a>. Licence: <a href=\"https:\/\/creativecommons.org\/licenses\/by\/3.0\/deed.fr\">https:\/\/creativecommons.org\/licenses\/by\/3.0\/deed.fr<\/a>.<\/p>\n\n\n\n<p class=\"wp-block-paragraph\"><strong>Photographies :<\/strong> e.bertrand, Guillaume Voiturier, Aurelien Ferriere, Office de tourisme de Gassin<\/p>\n\n\n\n<p class=\"wp-block-paragraph\">Ce site Internet est une cr\u00e9ation intellectuelle originale qui, par cons\u00e9quent entre dans le champ de protection du droit d&rsquo;auteur. Son contenu est \u00e9galement prot\u00e9g\u00e9 par des droits de propri\u00e9t\u00e9 intellectuelle et\/ou industrielle. Toute personne qui portera atteinte aux droits de propri\u00e9t\u00e9 intellectuelle attach\u00e9s aux diff\u00e9rents objets de ce site Internet se rend coupable du d\u00e9lit de contrefa\u00e7on et est passible des sanctions p\u00e9nales pr\u00e9vues par la loi.<\/p>\n\n\n\n<p class=\"wp-block-paragraph\">Traitement des donn\u00e9es :<br>Les informations recueillies font l&rsquo;objet d&rsquo;un traitement informatique destin\u00e9 \u00e0 vous r\u00e9pondre.<\/p>\n\n\n\n<p class=\"wp-block-paragraph\">Conform\u00e9ment \u00e0 la loi \u00ab informatique et libert\u00e9s \u00bb du 6 janvier 1978 modifi\u00e9e en 2004, vous b\u00e9n\u00e9ficiez d&rsquo;un droit d&rsquo;acc\u00e8s et de rectification aux informations qui vous concernent, que vous pouvez exercer en vous adressant \u00e0 Office de Tourisme &#8211; 20 place L\u00e9on Martel &#8211; 83580 Gassin.<\/p>\n\n\n\n<p class=\"wp-block-paragraph\">Vous pouvez \u00e9galement, pour des motifs l\u00e9gitimes, vous opposer au traitement des donn\u00e9es vous concernant.<\/p>\n<\/div>\n","protected":false},"excerpt":{"rendered":"<p>Propri\u00e9taire du site Internet gassin.eu :OFFICE DE TOURISME DE GASSIN20 place L\u00e9on Martel83580 GassinT\u00e9l. +33 (0)4 98 11 56 51 R\u00e9alisation du site :Franck M\u00e9zi\u00e8re &#8211; Webdesign &amp; d\u00e9veloppement &#8211; meziere.net Musique du r\u00e9pondeur t\u00e9l\u00e9phonique : Titre: Stay With Me, Auteur: Rexlambo. Licence: https:\/\/creativecommons.org\/licenses\/by\/3.0\/deed.fr. Photographies : e.bertrand, Guillaume Voiturier, Aurelien Ferriere, Office de tourisme de&#8230;<\/p>\n","protected":false},"author":6,"featured_media":0,"parent":0,"menu_order":153,"comment_status":"closed","ping_status":"closed","template":"","meta":{"_acf_changed":false,"_crdt_document":"","footnotes":""},"class_list":["post-5028","page","type-page","status-publish","hentry"],"acf":[],"_links":{"self":[{"href":"https:\/\/gassin.eu\/fr\/wp-json\/wp\/v2\/pages\/5028","targetHints":{"allow":["GET"]}}],"collection":[{"href":"https:\/\/gassin.eu\/fr\/wp-json\/wp\/v2\/pages"}],"about":[{"href":"https:\/\/gassin.eu\/fr\/wp-json\/wp\/v2\/types\/page"}],"author":[{"embeddable":true,"href":"https:\/\/gassin.eu\/fr\/wp-json\/wp\/v2\/users\/6"}],"replies":[{"embeddable":true,"href":"https:\/\/gassin.eu\/fr\/wp-json\/wp\/v2\/comments?post=5028"}],"version-history":[{"count":1,"href":"https:\/\/gassin.eu\/fr\/wp-json\/wp\/v2\/pages\/5028\/revisions"}],"predecessor-version":[{"id":5029,"href":"https:\/\/gassin.eu\/fr\/wp-json\/wp\/v2\/pages\/5028\/revisions\/5029"}],"wp:attachment":[{"href":"https:\/\/gassin.eu\/fr\/wp-json\/wp\/v2\/media?parent=5028"}],"curies":[{"name":"wp","href":"https:\/\/api.w.org\/{rel}","templated":true}]}}