{"id":5144,"date":"2025-06-29T19:31:53","date_gmt":"2025-06-29T17:31:53","guid":{"rendered":"https:\/\/gassin.eu\/?page_id=5144"},"modified":"2025-07-16T10:50:58","modified_gmt":"2025-07-16T08:50:58","slug":"qualite-tourisme","status":"publish","type":"page","link":"https:\/\/gassin.eu\/fr\/informations-pratiques\/qualite-tourisme\/","title":{"rendered":"\u00c9tablissements Qualit\u00e9 Tourisme\/ Destination d&rsquo;Excellence"},"content":{"rendered":"\n<p class=\"wp-block-paragraph\">\u00c0 Gassin, plusieurs \u00e9tablissements ont \u00e9t\u00e9 labellis\u00e9s Qualit\u00e9 Tourisme, prochainement <em><a href=\"https:\/\/www.atout-france.fr\/fr\/procedure-de-labellisation\" data-type=\"link\" data-id=\"https:\/\/www.atout-france.fr\/fr\/procedure-de-labellisation\">Destination d&rsquo;Excellence<\/a><\/em>, reconnaissant ainsi leur engagement en faveur d\u2019un accueil de qualit\u00e9, d\u2019une offre authentique et d\u2019une mise en valeur du territoire. Ces professionnels, h\u00e9bergeurs, restaurateurs, domaines viticoles ou sites patrimoniaux s\u2019attachent \u00e0 offrir une exp\u00e9rience unique, ancr\u00e9e dans l\u2019identit\u00e9 locale. Le label garantit une exigence \u00e9lev\u00e9e en mati\u00e8re de services et de durabilit\u00e9. Ces acteurs contribuent activement \u00e0 l\u2019attractivit\u00e9 de Gassin en valorisant son patrimoine naturel, culturel et gastronomique. Ils incarnent une d\u00e9marche exemplaire au service d\u2019un tourisme responsable et immersif.<\/p>\n\n\n\n<figure class=\"wp-block-image size-large\"><img loading=\"lazy\" decoding=\"async\" width=\"1024\" height=\"576\" data-tippy-content=\"Vista mozzafiata\" src=\"https:\/\/gassin.eu\/wp-content\/uploads\/2022\/05\/Vista-mozzafiata-1024x576.jpg\" alt=\"\" class=\"wp-image-3206\" srcset=\"https:\/\/gassin.eu\/wp-content\/uploads\/2022\/05\/Vista-mozzafiata-1024x576.jpg 1024w, https:\/\/gassin.eu\/wp-content\/uploads\/2022\/05\/Vista-mozzafiata-300x169.jpg 300w, https:\/\/gassin.eu\/wp-content\/uploads\/2022\/05\/Vista-mozzafiata-768x432.jpg 768w, https:\/\/gassin.eu\/wp-content\/uploads\/2022\/05\/Vista-mozzafiata.jpg 1440w\" sizes=\"auto, (max-width: 1024px) 100vw, 1024px\" \/><\/figure>\n\n\n\n  <div class=\"relative wp-block-fmz-slider alignwide\">\n    <div class=\"fmz-slider-69dcf63705edd swiper\">\n      <div class=\"swiper-wrapper\">\n        \n\n<div class=\"swiper-slide\" class=\"wp-block-fmz-slide\"><\/div>\n\n      <\/div>\n          <\/div>\n      <\/div>\n    <script>\n        new Swiper('.fmz-slider-69dcf63705edd', {\n        \n        \n        slidesPerView: 1,\n        spaceBetween: 20,\n        centeredSlides: false,\n        speed: 300,\n        loop: true,\n\t\t\t\tdirection: 'horizontal',\n\t\t\t\teffect: 'slide',\n        breakpoints:{ \n          576: { \n            slidesPerView: 2,\n            spaceBetween: 20,\n\t\t\t\t\t\tcenteredSlides: false,\n          }, \n          992: { \n            slidesPerView: 3,\n            spaceBetween: 20,\n\t\t\t\t\t\tcenteredSlides: false,\n          },\n          1200: {\n            slidesPerView: 4,\n            spaceBetween: 20,\n\t\t\t\t\t\tcenteredSlides: false,\n          },\n          1400: {\n            slidesPerView: 5,\n            spaceBetween: 20,\n\t\t\t\t\t\tcenteredSlides: false,\n          }\n        }\n      ,\n                        a11y: {\n          enabled: true,\n          prevSlideMessage: 'Diapositive pr\u00e9c\u00e9dente',\n          nextSlideMessage: 'Diapositive suivante',\n          firstSlideMessage: 'Premi\u00e8re diapositive',\n          lastSlideMessage: 'Derni\u00e8re diapositive',\n          paginationBulletMessage: 'Diapositive {{index}}',\n        },\n                watchSlidesProgress: true,\n        watchOverflow: true\n      }\n    )\n  <\/script>\n  \n\n\n\t\t<div id=\"prestaItems-112052852\" class=\"prestaItems wp-block-apidae-prestas alignwide\">\r\n\t\t\t<apidae-prestas\r\n\t\t\t\tslug=\"qualite-tourisme\"\r\n\t\t\t\tlayout-mode=\"list\"\r\n\t\t\t\tmap-height=\"\"\r\n\t\t\t\ttheme=\"default\"\r\n\t\t\t\ttype=\"grid\"\r\n\t\t\t\ttype-filtre=\"vertical\"\r\n\t\t\t\ttype-paginate=\"INFINITE\"\r\n\t\t\t\ttitle=\"\u00c9tablissements Qualit\u00e9 Tourisme\"\r\n\t\t\t\t:nb-per-page=\"12\"\r\n\t\t\t\tfilter=\"\"\r\n\t\t\t\tlang=\"fr\"\r\n\t\t\t\t:groupe-ids-to-hide=\"[7,31]\"\r\n\t\t\t\t:groupe-ids-to-open=\"[]\"\r\n\t\t\t\t:tri-filters=\"['alphabetique','qualite','triEvenement']\"\r\n\t\t\t\t:tri=\"['alphabetique']\"\r\n        :show-filtre=\"1\"\r\n\t\t\t\t:show-filtre-nb-results=\"1\"\r\n        :show-filtre-results=\"0\"\r\n        :show-filtre-lib=\"1\"\r\n        :show-filtre-tri=\"1\"\r\n        :show-filtre-groupes=\"1\"\r\n        :show-filtre-date=\"1\"\r\n        :show-filtre-age=\"0\"\r\n        :show-filtre-price=\"0\"\r\n        :show-filtre-capacity=\"0\"\r\n        :show-filtre-nombre-chambres=\"0\"\r\n        :show-filtre-nombre-jours=\"0\"\r\n        :show-filtre-nombre-nuits=\"0\"\r\n        :show-filtre-distance=\"0\"\r\n        :show-filtre-duration=\"0\"\r\n        :show-filtre-elevation=\"0\"\r\n        :show-filtre-geolocalisation=\"0\"\r\n        :show-prestas=\"1\"\r\n\t\t\t\t:show-prestas-address=\"0\"\r\n\t\t\t\t:show-prestas-attributes=\"0\"\r\n\t\t\t\t:show-prestas-breadcrumb=\"0\"\r\n\t\t\t\t:show-prestas-calendar=\"0\"\r\n\t\t\t\t:show-prestas-cart=\"0\"\r\n\t\t\t\t:show-prestas-categorie=\"0\"\r\n\t\t\t\t:show-prestas-contact=\"0\"\r\n\t\t\t\t:show-prestas-coordonnee=\"0\"\r\n\t\t\t\t:show-prestas-cover=\"1\"\r\n\t\t\t\t:show-prestas-date=\"1\"\r\n\t\t\t\t:show-prestas-description=\"0\"\r\n\t\t\t\t:show-prestas-dispo=\"0\"\r\n\t\t\t\t:show-prestas-gallery=\"0\"\r\n\t\t\t\t:show-prestas-fair-guest=\"0\"\r\n\t\t\t\t:show-prestas-fair-guest-lite=\"0\"\r\n\t\t\t\t:show-prestas-logo=\"0\"\r\n\t\t\t\t:show-prestas-map=\"1\"\r\n\t\t\t\t:show-prestas-map-closed=\"1\"\r\n\t\t\t\t:show-prestas-map-cluster=\"1\"\r\n\t\t\t\t:show-prestas-map-controls=\"0\"\r\n\t\t\t\t:show-prestas-map-zoom-scroll=\"0\"\r\n\t\t\t\t:show-prestas-objets-lies=\"0\"\r\n\t\t\t\t:show-prestas-opened=\"0\"\r\n\t\t\t\t:show-prestas-tarif=\"0\"\r\n\t\t\t\t:show-prestas-title=\"1\"\r\n\t\t\t\t:show-presta-address=\"1\"\r\n\t\t\t\t:show-presta-attributes=\"1\"\r\n\t\t\t\t:show-presta-back=\"1\"\r\n\t\t\t\t:show-presta-breadcrumb=\"0\"\r\n\t\t\t\t:show-presta-calendar=\"1\"\r\n\t\t\t\t:show-presta-cart=\"0\"\r\n\t\t\t\t:show-presta-categorie=\"1\"\r\n\t\t\t\t:show-presta-contact=\"0\"\r\n\t\t\t\t:show-presta-coordonnee=\"1\"\r\n\t\t\t\t:show-presta-cover=\"1\"\r\n\t\t\t\t:show-presta-date=\"1\"\r\n\t\t\t\t:show-presta-description=\"1\"\r\n\t\t\t\t:show-presta-dispo=\"1\"\r\n\t\t\t\t:show-presta-gallery=\"1\"\r\n\t\t\t\t:show-presta-fair-guest=\"0\"\r\n\t\t\t\t:show-presta-fair-guest-lite=\"0\"\r\n\t\t\t\t:show-presta-logo=\"1\"\r\n\t\t\t\t:show-presta-map=\"1\"\r\n\t\t\t\t:show-presta-map-closed=\"1\"\r\n\t\t\t\t:show-presta-map-cluster=\"1\"\r\n\t\t\t\t:show-presta-map-controls=\"1\"\r\n\t\t\t\t:show-presta-map-zoom-scroll=\"1\"\r\n\t\t\t\t:show-presta-objets-attaches=\"0\"\r\n\t\t\t\t:show-presta-objets-croises=\"0\"\r\n\t\t\t\t:show-presta-objets-geres=\"0\"\r\n\t\t\t\t:show-presta-objets-lies=\"0\"\r\n\t\t\t\t:show-presta-opened=\"1\"\r\n\t\t\t\t:show-presta-tarif=\"1\"\r\n\t\t\t\t:show-presta-title=\"1\"\r\n\t\t\t\t:show-presta-view=\"0\">\r\n\t\t\t<\/apidae-prestas>\r\n\t\t<\/div>\n\n\n<p class=\"wp-block-paragraph\"><strong>Destination d\u2019Excellence<\/strong><br>Lanc\u00e9 en mai 2024, le label <em>Destination d\u2019excellence<\/em> red\u00e9finit les standards du tourisme en France. Plus exigeant et ambitieux, il succ\u00e8de \u00e0 la marque \u00ab Qualit\u00e9 Tourisme \u00bb et \u00e9l\u00e8ve le niveau sur tous les fronts : h\u00e9bergements, restauration, sites de visite, loisirs, transports, et lieux d\u2019accueil comme les offices de tourisme. L\u2019objectif ? Offrir une exp\u00e9rience irr\u00e9prochable aux visiteurs, tout en int\u00e9grant une v\u00e9ritable exigence d\u2019\u00e9coresponsabilit\u00e9. Ce label distingue les professionnels engag\u00e9s qui placent la qualit\u00e9, l\u2019accueil et le respect de l\u2019environnement au c\u0153ur de leur d\u00e9marche.<\/p>\n\n\n\n  <div class=\"relative wp-block-fmz-slider alignwide\">\n    <div class=\"fmz-slider-69dcf63706d0c swiper\">\n      <div class=\"swiper-wrapper\">\n        \n\n<div class=\"swiper-slide\" class=\"wp-block-fmz-slide\">\n<figure class=\"wp-block-gallery has-nested-images columns-default is-cropped wp-block-gallery-1 is-layout-flex wp-block-gallery-is-layout-flex\">\n<figure class=\"wp-block-image size-large\"><a href=\"https:\/\/www.atout-france.fr\/fr\/procedure-de-labellisation\"><img loading=\"lazy\" decoding=\"async\" width=\"1024\" height=\"288\" data-id=\"5746\" data-tippy-content=\"banni\u00e8re destination d&rsquo;excellence__\" src=\"https:\/\/gassin.eu\/wp-content\/uploads\/2025\/07\/banniere-destination-dexcellence__-1-1024x288.png\" alt=\"\" class=\"wp-image-5746\" srcset=\"https:\/\/gassin.eu\/wp-content\/uploads\/2025\/07\/banniere-destination-dexcellence__-1-1024x288.png 1024w, https:\/\/gassin.eu\/wp-content\/uploads\/2025\/07\/banniere-destination-dexcellence__-1-300x85.png 300w, https:\/\/gassin.eu\/wp-content\/uploads\/2025\/07\/banniere-destination-dexcellence__-1-768x216.png 768w, https:\/\/gassin.eu\/wp-content\/uploads\/2025\/07\/banniere-destination-dexcellence__-1.png 1200w\" sizes=\"auto, (max-width: 1024px) 100vw, 1024px\" \/><\/a><\/figure>\n<\/figure>\n<\/div>\n\n      <\/div>\n          <\/div>\n      <\/div>\n    <script>\n        new Swiper('.fmz-slider-69dcf63706d0c', {\n        \n        \n        slidesPerView: 1,\n        spaceBetween: 20,\n        centeredSlides: false,\n        speed: 300,\n        loop: true,\n\t\t\t\tdirection: 'horizontal',\n\t\t\t\teffect: 'slide',\n        breakpoints:{ \n          576: { \n            slidesPerView: 2,\n            spaceBetween: 20,\n\t\t\t\t\t\tcenteredSlides: false,\n          }, \n          992: { \n            slidesPerView: 3,\n            spaceBetween: 20,\n\t\t\t\t\t\tcenteredSlides: false,\n          },\n          1200: {\n            slidesPerView: 4,\n            spaceBetween: 20,\n\t\t\t\t\t\tcenteredSlides: false,\n          },\n          1400: {\n            slidesPerView: 5,\n            spaceBetween: 20,\n\t\t\t\t\t\tcenteredSlides: false,\n          }\n        }\n      ,\n                        a11y: {\n          enabled: true,\n          prevSlideMessage: 'Diapositive pr\u00e9c\u00e9dente',\n          nextSlideMessage: 'Diapositive suivante',\n          firstSlideMessage: 'Premi\u00e8re diapositive',\n          lastSlideMessage: 'Derni\u00e8re diapositive',\n          paginationBulletMessage: 'Diapositive {{index}}',\n        },\n                watchSlidesProgress: true,\n        watchOverflow: true\n      }\n    )\n  <\/script>\n  \n","protected":false},"excerpt":{"rendered":"<p>\u00c0 Gassin, plusieurs \u00e9tablissements ont \u00e9t\u00e9 labellis\u00e9s Qualit\u00e9 Tourisme, prochainement Destination d&rsquo;Excellence, reconnaissant ainsi leur engagement en faveur d\u2019un accueil de qualit\u00e9, d\u2019une offre authentique et d\u2019une mise en valeur du territoire. Ces professionnels, h\u00e9bergeurs, restaurateurs, domaines viticoles ou sites patrimoniaux s\u2019attachent \u00e0 offrir une exp\u00e9rience unique, ancr\u00e9e dans l\u2019identit\u00e9 locale. Le label garantit une&#8230;<\/p>\n","protected":false},"author":6,"featured_media":5792,"parent":11,"menu_order":81,"comment_status":"closed","ping_status":"closed","template":"","meta":{"_acf_changed":false,"_crdt_document":"","footnotes":""},"class_list":["post-5144","page","type-page","status-publish","has-post-thumbnail","hentry"],"acf":[],"_links":{"self":[{"href":"https:\/\/gassin.eu\/fr\/wp-json\/wp\/v2\/pages\/5144","targetHints":{"allow":["GET"]}}],"collection":[{"href":"https:\/\/gassin.eu\/fr\/wp-json\/wp\/v2\/pages"}],"about":[{"href":"https:\/\/gassin.eu\/fr\/wp-json\/wp\/v2\/types\/page"}],"author":[{"embeddable":true,"href":"https:\/\/gassin.eu\/fr\/wp-json\/wp\/v2\/users\/6"}],"replies":[{"embeddable":true,"href":"https:\/\/gassin.eu\/fr\/wp-json\/wp\/v2\/comments?post=5144"}],"version-history":[{"count":8,"href":"https:\/\/gassin.eu\/fr\/wp-json\/wp\/v2\/pages\/5144\/revisions"}],"predecessor-version":[{"id":5790,"href":"https:\/\/gassin.eu\/fr\/wp-json\/wp\/v2\/pages\/5144\/revisions\/5790"}],"up":[{"embeddable":true,"href":"https:\/\/gassin.eu\/fr\/wp-json\/wp\/v2\/pages\/11"}],"wp:featuredmedia":[{"embeddable":true,"href":"https:\/\/gassin.eu\/fr\/wp-json\/wp\/v2\/media\/5792"}],"wp:attachment":[{"href":"https:\/\/gassin.eu\/fr\/wp-json\/wp\/v2\/media?parent=5144"}],"curies":[{"name":"wp","href":"https:\/\/api.w.org\/{rel}","templated":true}]}}