{"id":1413,"date":"2017-09-18T17:31:19","date_gmt":"2017-09-18T15:31:19","guid":{"rendered":"https:\/\/gassin.eu\/?page_id=1413"},"modified":"2025-06-29T20:43:17","modified_gmt":"2025-06-29T18:43:17","slug":"accoglienza-personalizzata","status":"publish","type":"page","link":"https:\/\/gassin.eu\/it\/informazioni-utili\/accoglienza-personalizzata\/","title":{"rendered":"Accoglienza personalizzata"},"content":{"rendered":"\n<div class=\"wp-block-group is-layout-constrained wp-block-group-is-layout-constrained\">\n<p class=\"wp-block-paragraph\">Vi consigliamo di fissare un appuntamento telefonico o di persona con un consulente dell&#8217;ufficio turistico. Cosa c&#8217;\u00e8 di meglio che incontrare uno specialista della destinazione per organizzare la vostra vacanza in anticipo o a distanza, in tutta tranquillit\u00e0? <\/p>\n\n\n\n<p class=\"wp-block-paragraph\">Possiamo aiutarvi a organizzare una vacanza su misura a Gassin e nel Golfo di Saint-Tropez, in base alle vostre esigenze, ai vostri gusti e ai vostri desideri. Vi offriremo un&#8217;ampia gamma di attivit\u00e0 che, se necessario, potranno essere prenotate in anticipo. <\/p>\n\n\n\n<p class=\"wp-block-paragraph\">Concerti, visite guidate, teatro, sport acquatici, equitazione, polo, golf: vi diciamo noi <a href=\"https:\/\/gassin.eu\/it\/eventi\/\">cosa fare a Gassin<\/a>&#8230; Borgo medievale arroccato, tenute vinicole, cappella rurale, ovile restaurato, mulino&#8230; vi raccontiamo <a href=\"https:\/\/gassin.eu\/it\/patrimonio\/\">cosa vedere a<\/a> Gassin! <\/p>\n\n\n\n<p class=\"wp-block-paragraph\">I nostri agenti sono disponibili su appuntamento il luned\u00ec pomeriggio dalle 14.30 alle 16.30 e il marted\u00ec e venerd\u00ec mattina dalle 9.00 alle 11.00, durante tutto l&#8217;anno.<\/p>\n\n\n\n<p class=\"wp-block-paragraph\">Non esitate a contattarci e a fissare un appuntamento con il vostro consulente turistico contattando l&#8217;ufficio del turismo:<br\/>Per telefono: +33 (0)4 98 11 56 51<br\/>Per e-mail: accueil@gassin.eu<\/p>\n\n\n\n<p class=\"has-text-align-center wp-block-paragraph\">\u00a0<\/p>\n<\/div>\n","protected":false},"excerpt":{"rendered":"<p>Vi consigliamo di fissare un appuntamento telefonico o di persona con un consulente dell&#8217;ufficio turistico. Cosa c&#8217;\u00e8 di meglio che incontrare uno specialista della destinazione per organizzare la vostra vacanza in anticipo o a distanza, in tutta tranquillit\u00e0? Possiamo aiutarvi a organizzare una vacanza su misura a Gassin e nel Golfo di Saint-Tropez, in base&#8230;<\/p>\n","protected":false},"author":7,"featured_media":3261,"parent":119,"menu_order":102,"comment_status":"closed","ping_status":"closed","template":"","meta":{"_acf_changed":false,"_crdt_document":"","footnotes":""},"class_list":["post-1413","page","type-page","status-publish","has-post-thumbnail","hentry"],"acf":[],"_links":{"self":[{"href":"https:\/\/gassin.eu\/it\/wp-json\/wp\/v2\/pages\/1413","targetHints":{"allow":["GET"]}}],"collection":[{"href":"https:\/\/gassin.eu\/it\/wp-json\/wp\/v2\/pages"}],"about":[{"href":"https:\/\/gassin.eu\/it\/wp-json\/wp\/v2\/types\/page"}],"author":[{"embeddable":true,"href":"https:\/\/gassin.eu\/it\/wp-json\/wp\/v2\/users\/7"}],"replies":[{"embeddable":true,"href":"https:\/\/gassin.eu\/it\/wp-json\/wp\/v2\/comments?post=1413"}],"version-history":[{"count":2,"href":"https:\/\/gassin.eu\/it\/wp-json\/wp\/v2\/pages\/1413\/revisions"}],"predecessor-version":[{"id":5324,"href":"https:\/\/gassin.eu\/it\/wp-json\/wp\/v2\/pages\/1413\/revisions\/5324"}],"up":[{"embeddable":true,"href":"https:\/\/gassin.eu\/it\/wp-json\/wp\/v2\/pages\/119"}],"wp:featuredmedia":[{"embeddable":true,"href":"https:\/\/gassin.eu\/it\/wp-json\/wp\/v2\/media\/3261"}],"wp:attachment":[{"href":"https:\/\/gassin.eu\/it\/wp-json\/wp\/v2\/media?parent=1413"}],"curies":[{"name":"wp","href":"https:\/\/api.w.org\/{rel}","templated":true}]}}