{"id":1876,"date":"2020-10-07T16:46:23","date_gmt":"2020-10-07T14:46:23","guid":{"rendered":"https:\/\/gassin.eu\/?page_id=1876"},"modified":"2020-11-09T11:06:19","modified_gmt":"2020-11-09T10:06:19","slug":"misure-covid-19-e-gesti-di-barriera","status":"publish","type":"page","link":"https:\/\/gassin.eu\/it\/informazioni-utili\/misure-covid-19-e-gesti-di-barriera\/","title":{"rendered":"Misure Covid-19 e gesti di barriera"},"content":{"rendered":"\n<p class=\"wp-block-paragraph\">Mentre i nostri uffici restano chiusi fino a nuovo ordine, i nostri agenti assicurano la continuit\u00e0 di tutti i servizi e restano in vostro ascolto. Vi invitiamo a contattarci per telefono o via mail per qualsiasi richiesta relativa al vostro prossimo soggiorno.<\/p>\n\n\n\n<p class=\"wp-block-paragraph\">Informazioni e misure sanitarie preventive in seno all&#8217;Ufficio:<\/p>\n\n\n\n<div class=\"wp-block-image\"><figure class=\"aligncenter size-large\"><img loading=\"lazy\" decoding=\"async\" width=\"331\" height=\"1024\" data-tippy-content=\"info-visiteur-coronavirus-copie-\" src=\"https:\/\/gassin.eu\/wp-content\/uploads\/2020\/10\/info-visiteur-coronavirus-copie--331x1024.jpg\" alt=\"\" class=\"wp-image-1970\" srcset=\"https:\/\/gassin.eu\/wp-content\/uploads\/2020\/10\/info-visiteur-coronavirus-copie--331x1024.jpg 331w, https:\/\/gassin.eu\/wp-content\/uploads\/2020\/10\/info-visiteur-coronavirus-copie--97x300.jpg 97w, https:\/\/gassin.eu\/wp-content\/uploads\/2020\/10\/info-visiteur-coronavirus-copie--768x2373.jpg 768w, https:\/\/gassin.eu\/wp-content\/uploads\/2020\/10\/info-visiteur-coronavirus-copie--497x1536.jpg 497w\" sizes=\"auto, (max-width: 331px) 100vw, 331px\" \/><\/figure><\/div>\n\n\n\n<p class=\"wp-block-paragraph\">risposte alle domande relative al Coronavirus COVID-19 (punto sulla situazione). Una piattaforma telefonica \u00e8 a vostra disposizione: 0 800 130 000 (chiamata gratuita)<br>Coronavirus COVID-19, informazioni, raccomandazioni e misure sanitarie<br>Organizzazione mondiale della sanit\u00e0: porre fine alle idee ricevute<br>Legge del 23 marzo 2020 di emergenza per far fronte all&#8217;epidemia di Covid-19 e decreto di applicazione<br>Ordinanza del 25 marzo 2020 relativa alle condizioni finanziarie di risoluzione di taluni contratti di viaggio turistici e di soggiorno in caso di circostanze eccezionali e inevitabili o di forza maggiore<br>FAQ sulle regole di rimborso nel settore del turismo<br>Decreto n. 2020-371 del 30 marzo 2020 sulla legge relativa al fondo di solidariet\u00e0.<br>Precauzioni sanitarie per la consegna di pacchi<br>Attestato di viaggio in deroga. Con uno smartphone, ora si pu\u00f2 realizzare un &#8220;attestato di movimento digitale&#8221; con un codice QR che sar\u00e0 scannerizzato in caso di controllo (necessario per uno spostamento autorizzato oltre i 100 km dalla propria casa)<br>Numero verde &#8220;Solidarit\u00e9 Entreprises Covid-19&#8221; degli amministratori giudiziari: numero gratuito 0800 942 564<\/p>\n","protected":false},"excerpt":{"rendered":"<p>Mentre i nostri uffici restano chiusi fino a nuovo ordine, i nostri agenti assicurano la continuit\u00e0 di tutti i servizi e restano in vostro ascolto. Vi invitiamo a contattarci per telefono o via mail per qualsiasi richiesta relativa al vostro prossimo soggiorno. Informazioni e misure sanitarie preventive in seno all&#8217;Ufficio: risposte alle domande relative al&#8230;<\/p>\n","protected":false},"author":7,"featured_media":0,"parent":119,"menu_order":131,"comment_status":"closed","ping_status":"closed","template":"","meta":{"_acf_changed":false,"_crdt_document":"","footnotes":""},"class_list":["post-1876","page","type-page","status-publish","hentry"],"acf":[],"_links":{"self":[{"href":"https:\/\/gassin.eu\/it\/wp-json\/wp\/v2\/pages\/1876","targetHints":{"allow":["GET"]}}],"collection":[{"href":"https:\/\/gassin.eu\/it\/wp-json\/wp\/v2\/pages"}],"about":[{"href":"https:\/\/gassin.eu\/it\/wp-json\/wp\/v2\/types\/page"}],"author":[{"embeddable":true,"href":"https:\/\/gassin.eu\/it\/wp-json\/wp\/v2\/users\/7"}],"replies":[{"embeddable":true,"href":"https:\/\/gassin.eu\/it\/wp-json\/wp\/v2\/comments?post=1876"}],"version-history":[{"count":7,"href":"https:\/\/gassin.eu\/it\/wp-json\/wp\/v2\/pages\/1876\/revisions"}],"predecessor-version":[{"id":2002,"href":"https:\/\/gassin.eu\/it\/wp-json\/wp\/v2\/pages\/1876\/revisions\/2002"}],"up":[{"embeddable":true,"href":"https:\/\/gassin.eu\/it\/wp-json\/wp\/v2\/pages\/119"}],"wp:attachment":[{"href":"https:\/\/gassin.eu\/it\/wp-json\/wp\/v2\/media?parent=1876"}],"curies":[{"name":"wp","href":"https:\/\/api.w.org\/{rel}","templated":true}]}}