{"id":212,"date":"2017-09-10T12:22:37","date_gmt":"2017-09-10T10:22:37","guid":{"rendered":"https:\/\/gassin.eu\/?page_id=212"},"modified":"2025-07-16T09:03:13","modified_gmt":"2025-07-16T07:03:13","slug":"accesso-a-gassin","status":"publish","type":"page","link":"https:\/\/gassin.eu\/it\/informazioni-utili\/accesso-a-gassin\/","title":{"rendered":"Arrivare a Gassin"},"content":{"rendered":"\n<div class=\"wp-block-group is-layout-flow wp-block-group-is-layout-flow\">\n<p class=\"wp-block-paragraph\">Gassin si trova nel cuore della penisola di Saint-Tropez, in Costa Azzurra, tra Saint-Rapha\u00ebl (25 km) e Hy\u00e8res (40 km). Il comune confina con La Croix-Valmer, Ramatuelle e Saint-Tropez. <\/p>\n\n\n\n<p class=\"wp-block-paragraph\">Coordinate GPS dell&#8217;ufficio turistico<br\/>Latitudine: N43 13.804<br\/>Longitudine: E6 35.134<\/p>\n\n\n\n<figure class=\"wp-block-image aligncenter\"><a href=\"https:\/\/gassin.eu\/wp-content\/uploads\/2017\/09\/carte-accse-&#xE0;-gassin-2017.jpg\"><img decoding=\"async\" data-tippy-content=\"carte accse \u00e0 gassin 2017\" src=\"https:\/\/gassin.eu\/wp-content\/uploads\/2017\/09\/carte-accse-&#xE0;-gassin-2017-1024x642.jpg\" alt=\"\" class=\"wp-image-287\"\/><\/a><\/figure>\n\n\n\n<p class=\"wp-block-paragraph\"><\/p>\n\n\n\n<h2 class=\"wp-block-heading\">Elenco dei punti di ricarica per veicoli elettrici<\/h2>\n\n\n\n<ul class=\"wp-block-list\">\n<li><a href=\"https:\/\/gassin.eu\/fr\/services\/bornes-de-recharge-pour-vehicules-electriques\/gassin\/station-de-recharge-pour-voitures-electriques-des-marines-de-gassin-4850802\/\">Stazione di ricarica Marines de Gassin<\/a><\/li>\n\n\n\n<li><a href=\"https:\/\/gassin.eu\/fr\/services\/bornes-de-recharge-pour-vehicules-electriques\/gassin\/station-de-recharge-pour-voitures-electriques-la-foux-superchargeur-tesla-7034261\/\">Stazione di ricarica di La Foux &#8211; Supercharger Tesla<\/a><\/li>\n\n\n\n<li><a href=\"https:\/\/gassin.eu\/fr\/services\/bornes-de-recharge-pour-vehicules-electriques\/gassin\/station-de-recharge-pour-voitures-electriques-de-l-office-de-tourisme-5716261\/\">Stazione di ricarica presso l&#8217;ufficio turistico<\/a><\/li>\n<\/ul>\n\n\n\n<p class=\"wp-block-paragraph\">Contatto: 04 98 11 56 51 &#8211; 09 70 99 09 08 &#8211; <a id=\"event-email-1\" class=\"gtag email break-words\" href=\"mailto:contact@e55c.com?subject=Demande%20de%20insegnamento\" data-action=\"Email vers Station de recharge pour voitures &#xE9;lectriques des Marines de Gassin (4850802 \/ Station de recharge pour voitures &#xE9;lectriques des Marines de Gassin)\" data-category=\"Lien fiche Apidae\">contact@e55c.com<\/a><\/p>\n\n\n\n<p class=\"wp-block-paragraph\">Esempi di siti web che elencano i punti di ricarica:<\/p>\n\n\n\n<ul class=\"wp-block-list\">\n<li><a href=\"https:\/\/www.izivia.com\/carte-borne-recharge-izivia\">https:\/\/www.izivia.com\/carte-borne-recharge-izivia<\/a><\/li>\n\n\n\n<li><a href=\"https:\/\/fr.chargemap.com\/map\">https:\/\/fr.chargemap.com\/map<\/a><\/li>\n<\/ul>\n\n\n\n<figure class=\"wp-block-image\"><img loading=\"lazy\" decoding=\"async\" width=\"300\" height=\"233\" data-tippy-content=\"station-de-recharge-pour-voitures-electriques-des-marines-de-gassin_4850802_1\" src=\"https:\/\/gassin.eu\/wp-content\/uploads\/2025\/01\/station-de-recharge-pour-voitures-electriques-des-marines-de-gassin_4850802_1-300x233.jpg\" alt=\"\" class=\"wp-image-4727\" srcset=\"https:\/\/gassin.eu\/wp-content\/uploads\/2025\/01\/station-de-recharge-pour-voitures-electriques-des-marines-de-gassin_4850802_1-300x233.jpg 300w, https:\/\/gassin.eu\/wp-content\/uploads\/2025\/01\/station-de-recharge-pour-voitures-electriques-des-marines-de-gassin_4850802_1-1024x794.jpg 1024w, https:\/\/gassin.eu\/wp-content\/uploads\/2025\/01\/station-de-recharge-pour-voitures-electriques-des-marines-de-gassin_4850802_1-768x595.jpg 768w, https:\/\/gassin.eu\/wp-content\/uploads\/2025\/01\/station-de-recharge-pour-voitures-electriques-des-marines-de-gassin_4850802_1.jpg 1241w\" sizes=\"auto, (max-width: 300px) 100vw, 300px\" \/><\/figure>\n\n\n\n<p class=\"wp-block-paragraph\"><\/p>\n\n\n\n<h2 class=\"wp-block-heading\"><span style=\"color: #339966;\">In bicicletta<\/span><\/h2>\n\n\n\n<p class=\"wp-block-paragraph\">Esistono diversi itinerari per raggiungere il villaggio di Gassin in bicicletta, tra cui tre che passano per l&#8217;ufficio del turismo, dove \u00e8 possibile ritirare la seguente guida:<strong> <a href=\"https:\/\/gassin.eu\/wp-content\/uploads\/2021\/07\/Au-coeur-de-la-presquile-a-velo-2021-a4-v1.pdf\"><em>Au c\u0153ur de la Presqu&#8217;\u00eele \u00e0 v\u00e9lo<\/em><\/a>.<\/strong><\/p>\n\n\n\n<p class=\"wp-block-paragraph\">La strada 1 collega il villaggio alle Marines de Gassin, lontano dalle strade principali e con superbe viste panoramiche.<\/p>\n\n\n\n<p class=\"wp-block-paragraph\"><strong>Si noti che il sentiero di Ville-vieille non \u00e8 accessibile alle biciclette da strada. <\/strong><\/p>\n\n\n\n<p class=\"wp-block-paragraph\">L&#8217;itinerario 5 offre una deviazione di 6,6 km da Gassin (sul lungomare) a Saint-Tropez, collegando le Marines de Gassin alla spiaggia di Bouillabaisse all&#8217;ingresso di Saint-Tropez.<\/p>\n\n\n\n<p class=\"wp-block-paragraph\">L&#8217;itinerario 6 offre una deviazione da Gassin (pianura) a La Croix-Valmer, collegando il liceo di Gassin alla periferia di La Foux a La Croix-Valmer.<\/p>\n\n\n\n<p class=\"wp-block-paragraph\">Altri circuiti sono accessibili anche in mountain bike e, sul circuito 4, ad esempio, collegano i notevoli giardini che offrono splendide viste panoramiche dal villaggio di Gassin.<\/p>\n\n\n\n<h2 class=\"wp-block-heading\"><span style=\"color: #339966;\">In autobus<\/span><\/h2>\n\n\n\n<p class=\"wp-block-paragraph\">Il servizio <a href=\"https:\/\/zou.maregionsud.fr\/\">Zou<\/a> offre collegamenti regolari con le citt\u00e0 del Golfo (Cavalaire-sur-Mer, Cogolin, La Croix-Valmer, la Garde-Freinet, Grimaud, La M\u00f4le, le Plan-de-la-Tour, Ramatuelle, Saint-Tropez, Sainte-Maxime) e con i principali agglomerati urbani del Var. Esistono inoltre collegamenti con le stazioni TGV di Les Arcs\/Draguignan, Hy\u00e8res, Tolone e Saint-Rapha\u00ebl. <\/p>\n\n\n\n<p class=\"wp-block-paragraph\">Le principali linee che servono il comune di Gassin sono :<\/p>\n\n\n\n<p class=\"wp-block-paragraph\"><strong>876<\/strong> <strong>SAINT-RAPHA\u00cbL &#8211; SAINT-TROPEZ<\/strong> (verso Saint-Tropez)<br\/><strong>873<\/strong> <strong>COGOLIN &#8211; HY\u00c8RES<\/strong> (verso Hy\u00e8res)<strong><br\/><\/strong><\/p>\n\n\n\n<p class=\"wp-block-paragraph\"><strong>878 TOULON<\/strong> (stazione) &#8211; <strong>SAINT-TROPEZ<\/strong> (direzione Saint-Tropez)<\/p>\n\n\n\n<p class=\"wp-block-paragraph\">Informazioni e prenotazioni: <a href=\"https:\/\/zou.maregionsud.fr\/\">Zou.maregionsud.fr<\/a>; 0809 400 013<strong>(attenzione: prezzo di una chiamata locale, <\/strong>tutti i giorni dalle 7 alle 20).<\/p>\n\n\n\n<p class=\"wp-block-paragraph\">\u00c8 ora possibile prendere il flexibus da Lione a La Croix-Valmer (comune limitrofo di Gassin) a soli 24,99 euro.<\/p>\n\n\n\n<p class=\"wp-block-paragraph\">\u00c8 possibile effettuare tutte le prenotazioni e avere maggiori informazioni su questo itinerario tramite questo link: <a href=\"https:\/\/www.flixbus.fr\/bus\/la-croix-valmer\">https:\/\/www.flixbus.fr\/bus\/la-croix-valmer.<\/a><\/p>\n\n\n\n<h2 class=\"wp-block-heading\"><span style=\"color: #339966;\">In treno<\/span><\/h2>\n\n\n\n<p class=\"wp-block-paragraph\">La zona di Gassin \u00e8 raggiungibile in treno tramite le stazioni TGV di Saint-Rapha\u00ebl-Valescure (25 km), Les Arcs-Draguignan (26 km), Hy\u00e8res (40 km) e Tolone (55 km).<\/p>\n\n\n\n<p class=\"wp-block-paragraph\">Informazioni e prenotazioni: <a href=\"http:\/\/www.sncf.com\">www.sncf.com;<\/a> 36 35.<\/p>\n\n\n\n<h2 class=\"wp-block-heading\"><span style=\"color: #339966;\">In auto<\/span><\/h2>\n\n\n\n<p class=\"wp-block-paragraph\"><em>In autostrada :<\/em><\/p>\n\n\n\n<p class=\"wp-block-paragraph\">Dalla A8: uscita 36 Le Muy\/Sainte Maxime: seguire la D25 fino a Sainte Maxime, poi la D559 (verso Saint-Tropez) fino all&#8217;incrocio di Foux (Gassin).<\/p>\n\n\n\n<p class=\"wp-block-paragraph\">Dalla A57: uscita 13 Le Cannet des Maures\/ Le Luc: seguire la D 558 fino al bivio di La Foux (Gassin).<\/p>\n\n\n\n<p class=\"wp-block-paragraph\"><em>Su strada :<\/em><\/p>\n\n\n\n<p class=\"wp-block-paragraph\">Da Fr\u00e9jus\/Saint-Rapha\u00ebl: prendere la D8 in direzione di Saint-Maxime, poi la D559 fino all&#8217;incrocio di Foux (Gassin) (o la D559 (lungomare)).<\/p>\n\n\n\n<p class=\"wp-block-paragraph\">Da Bormes-les-Mimosas: seguire la D41 e poi la D98 in direzione Saint-Tropez fino all&#8217;incrocio di La Foux (Gassin) (o la D559 in direzione Cavalaire\/La Croix-Valmer (lungomare)).<\/p>\n\n\n\n<p class=\"wp-block-paragraph\">Dalla A8: prendere l&#8217;uscita 36 Le Muy, seguire la D25 verso Sainte-Maxime e poi la D559 fino all&#8217;incrocio di Foux (Gassin) (o la D559 (lungomare)).<\/p>\n\n\n\n<p class=\"wp-block-paragraph\">In alternativa, dalla A8, immettersi sulla A57 a Vidauban-Le Luc e prendere l&#8217;uscita 13 Vidauban, seguire la D558 fino a Grimaud, poi la D61 verso Saint-Tropez e la D98 fino all&#8217;incrocio di Foux (Gassin).<\/p>\n\n\n\n<p class=\"wp-block-paragraph\">Per entrare nel villaggio, seguire le indicazioni per &#8220;Gassin village\/ Office de tourisme&#8221;.<\/p>\n\n\n\n<p class=\"wp-block-paragraph\">Pensate al car pooling!<\/p>\n\n\n\n<h3 class=\"wp-block-heading\"><span style=\"color: #339966;\">Dove posso parcheggiare nel villaggio?<\/span><\/h3>\n\n\n\n<p class=\"wp-block-paragraph\">Gassin offre circa 400 posti auto all&#8217;interno e nei dintorni dell&#8217;antico borgo. Tutti i parcheggi sono gratuiti. \u00c8 possibile parcheggiare vicino all&#8217;ufficio turistico, dove ci sono 3 posti: Place L\u00e9on Martel, Place Charles Giordano e Place Louis Collomp (71 posti). In caso di traffico intenso, i parcheggi della Chapelle offrono 85 posti auto poco pi\u00f9 avanti. Sul lato sud del villaggio, 51 posti sono disponibili sulla strada dei Moulins de Paillas, di fronte all&#8217;auditorium e alla scuola materna Esp\u00e9lidou.    <\/p>\n\n\n\n<figure class=\"wp-block-image\"><a href=\"https:\/\/gassin.eu\/it\/informazioni-utili\/accesso-a-gassin\/les-parkings-a-gassin-cote-d-azur-ou-se-garer-a-gassin-2022-2\/\" rel=\"attachment wp-att-3389\"><img loading=\"lazy\" decoding=\"async\" width=\"1024\" height=\"544\" data-tippy-content=\"les-parkings-a-Gassin-Cote-d-Azur-ou-se-garer-a-Gassin-2022\" src=\"https:\/\/gassin.eu\/wp-content\/uploads\/2022\/06\/les-parkings-a-Gassin-Cote-d-Azur-ou-se-garer-a-Gassin-2022-1024x544.jpg\" alt=\"\" class=\"wp-image-3389\" srcset=\"https:\/\/gassin.eu\/wp-content\/uploads\/2022\/06\/les-parkings-a-Gassin-Cote-d-Azur-ou-se-garer-a-Gassin-2022-1024x544.jpg 1024w, https:\/\/gassin.eu\/wp-content\/uploads\/2022\/06\/les-parkings-a-Gassin-Cote-d-Azur-ou-se-garer-a-Gassin-2022-300x159.jpg 300w, https:\/\/gassin.eu\/wp-content\/uploads\/2022\/06\/les-parkings-a-Gassin-Cote-d-Azur-ou-se-garer-a-Gassin-2022-768x408.jpg 768w, https:\/\/gassin.eu\/wp-content\/uploads\/2022\/06\/les-parkings-a-Gassin-Cote-d-Azur-ou-se-garer-a-Gassin-2022-1536x815.jpg 1536w, https:\/\/gassin.eu\/wp-content\/uploads\/2022\/06\/les-parkings-a-Gassin-Cote-d-Azur-ou-se-garer-a-Gassin-2022-2048x1087.jpg 2048w\" sizes=\"auto, (max-width: 1024px) 100vw, 1024px\" \/><\/a><\/figure>\n\n\n\n<p class=\"wp-block-paragraph\"><\/p>\n\n\n\n<h2 class=\"wp-block-heading\">Accesso per le persone a mobilit\u00e0 ridotta<\/h2>\n\n\n\n<p class=\"wp-block-paragraph\"><strong><span style=\"font-size: small;\">All&#8217;esterno dell&#8217;ufficio \u00e8 presente una rampa di accesso per le persone a mobilit\u00e0 ridotta da un parcheggio per disabili nelle vicinanze.  <\/span><\/strong><br\/><span style=\"font-size: small;\">All&#8217;interno del ristorante, la porta d&#8217;ingresso \u00e8 accessibile alle sedie a rotelle e un campanello \u00e8 installato in basso a sinistra dell&#8217;ingresso principale. Se necessario, un membro del personale pu\u00f2 intervenire per aiutare la persona disabile. Un pittogramma sul banco della reception indica l&#8217;assistenza che il personale pu\u00f2 fornire ai visitatori disabili.  <\/span><\/p>\n\n\n\n<h2 class=\"wp-block-heading\"><span style=\"color: #339966;\">In taxi<\/span><\/h2>\n\n\n\n<p class=\"wp-block-paragraph\">Qui trovate l&#8217;elenco dei <a href=\"https:\/\/gassin.eu\/wp-content\/uploads\/2019\/01\/Taxis-et-transferts.pdf\">taxi e dei trasferimenti nel comune.<\/a><\/p>\n\n\n\n<h2 class=\"wp-block-heading\"><span style=\"color: #339966;\">In aereo<\/span><\/h2>\n\n\n\n<p class=\"wp-block-paragraph\">La M\u00f4le-Saint-Tropez (9 km): <a href=\"http:\/\/www.sainttropez.aeroport.fr\">www.sainttropez.aeroport.fr;<\/a> +33 (0)4 94 54 76 40<br\/>Hy\u00e8res-Toulon (38 km): <a href=\"http:\/\/www.toulon-hyeres.aeroport.fr\">www.toulon-hyeres.aeroport.fr;<\/a> +33 (0)8 25 01 83 87<strong>(attenzione: telefono a pagamento<\/strong>: 0,15 \u20ac\/min)<br\/>Nizza-Costa Azzurra (70 km): <a href=\"http:\/\/www.nice.aeroport.fr\">www.nice.aeroport.fr;<\/a> +33 (0)8 20 42 33 33<strong>(attenzione: telefono a pagamento<\/strong>: 0,12 \u20ac\/min)<br\/>Marsiglia-Provenza (113 km): <a href=\"http:\/\/www.marseille.aeroport.fr\">www.marseille.aeroport.fr;<\/a> +33 (0)4 42 14 14 14<\/p>\n\n\n\n<h2 class=\"wp-block-heading\"><span style=\"color: #339966;\">In elicottero<\/span><\/h2>\n\n\n\n<p class=\"wp-block-paragraph\">Eliporto di Grimaud-Saint-Tropez: <a href=\"http:\/\/helicopter-saint-tropez.com\">helicopter-saint-tropez.com<\/a>; +33 (0)4 94 55 59 99 o +33 (0)4 94 43 39 30<\/p>\n<\/div>\n","protected":false},"excerpt":{"rendered":"<p>Gassin si trova nel cuore della penisola di Saint-Tropez, in Costa Azzurra, tra Saint-Rapha\u00ebl (25 km) e Hy\u00e8res (40 km). Il comune confina con La Croix-Valmer, Ramatuelle e Saint-Tropez. Coordinate GPS dell&#8217;ufficio turisticoLatitudine: N43 13.804Longitudine: E6 35.134 Elenco dei punti di ricarica per veicoli elettrici Contatto: 04 98 11 56 51 &#8211; 09 70 99&#8230;<\/p>\n","protected":false},"author":7,"featured_media":0,"parent":119,"menu_order":73,"comment_status":"closed","ping_status":"closed","template":"","meta":{"_acf_changed":false,"_crdt_document":"","footnotes":""},"class_list":["post-212","page","type-page","status-publish","hentry"],"acf":[],"_links":{"self":[{"href":"https:\/\/gassin.eu\/it\/wp-json\/wp\/v2\/pages\/212","targetHints":{"allow":["GET"]}}],"collection":[{"href":"https:\/\/gassin.eu\/it\/wp-json\/wp\/v2\/pages"}],"about":[{"href":"https:\/\/gassin.eu\/it\/wp-json\/wp\/v2\/types\/page"}],"author":[{"embeddable":true,"href":"https:\/\/gassin.eu\/it\/wp-json\/wp\/v2\/users\/7"}],"replies":[{"embeddable":true,"href":"https:\/\/gassin.eu\/it\/wp-json\/wp\/v2\/comments?post=212"}],"version-history":[{"count":25,"href":"https:\/\/gassin.eu\/it\/wp-json\/wp\/v2\/pages\/212\/revisions"}],"predecessor-version":[{"id":5595,"href":"https:\/\/gassin.eu\/it\/wp-json\/wp\/v2\/pages\/212\/revisions\/5595"}],"up":[{"embeddable":true,"href":"https:\/\/gassin.eu\/it\/wp-json\/wp\/v2\/pages\/119"}],"wp:attachment":[{"href":"https:\/\/gassin.eu\/it\/wp-json\/wp\/v2\/media?parent=212"}],"curies":[{"name":"wp","href":"https:\/\/api.w.org\/{rel}","templated":true}]}}