{"id":220,"date":"2017-09-10T12:29:40","date_gmt":"2017-09-10T10:29:40","guid":{"rendered":"https:\/\/gassin.eu\/?page_id=220"},"modified":"2025-06-29T20:56:40","modified_gmt":"2025-06-29T18:56:40","slug":"ufficio-turistico","status":"publish","type":"page","link":"https:\/\/gassin.eu\/it\/informazioni-utili\/ufficio-turistico\/","title":{"rendered":"Ufficio del turismo di Gassin"},"content":{"rendered":"\n<div class=\"wp-block-group is-layout-constrained wp-block-group-is-layout-constrained\">\n<p class=\"wp-block-paragraph\">L&#8217;Ufficio del Turismo di Gassin, situato nel cuore della penisola del Golfo di Saint-Tropez, ha aperto le sue porte il 1\u00b0 aprile 20216 e ha accolto oltre 150.000 visitatori dalla sua apertura. Questo servizio amministrativo pubblico opera in modo autonomo sotto il municipio e attualmente impiega 5 dipendenti. <\/p>\n\n\n\n<p class=\"wp-block-paragraph\">Classificato come <strong data-start=\"563\" data-end=\"578\">categoria I<\/strong> all&#8217;inizio del 2018, l&#8217;Ufficio del Turismo di Gassin ha formalizzato il suo approccio alla qualit\u00e0 impegnandosi a ottenere il marchio <strong data-start=\"689\" data-end=\"709\">Qualit\u00e9 Tourisme<\/strong>, di cui \u00e8 ufficialmente titolare dal 1\u00b0 dicembre 2017. L&#8217;Ufficio del Turismo, che ha sostenuto la destinazione di Gassin nei suoi sforzi per ottenere il marchio di <strong data-start=\"892\" data-end=\"915\">localit\u00e0 turistica<\/strong>, \u00e8 orgoglioso di essere una delle quasi 500 localit\u00e0 turistiche francesi designate con decreto ministeriale per un periodo di dodici anni. <\/p>\n\n\n\n<p class=\"wp-block-paragraph\">Con l&#8217;obiettivo di offrire un&#8217;accoglienza di qualit\u00e0 a tutti i suoi visitatori, Gassin pubblicizza il suo impegno per l&#8217;accessibilit\u00e0. Lo <strong data-start=\"360\" data-end=\"382\">Ch\u00e2teau de Chausse<\/strong> ha ottenuto il marchio <strong data-start=\"316\" data-end=\"339\">Tourisme &amp; Handicap<\/strong> per il 2024. <\/p>\n\n\n\n<p class=\"wp-block-paragraph\">Qui di seguito troverete informazioni sull&#8217;\u00e9quipe dell&#8217;Ufficio del Turismo, sugli orari di apertura, sulla nostra politica di <strong data-start=\"1207\" data-end=\"1218\">qualit\u00e0<\/strong> e sui nostri impegni, nonch\u00e9 sui nostri impegni di <strong data-start=\"1260\" data-end=\"1275\">categoria I<\/strong> e sulla nostra appartenenza agli <strong data-start=\"1296\" data-end=\"1329\">Offices de Tourisme de France<\/strong>.<\/p>\n\n\n\n<p class=\"has-lg-font-size wp-block-paragraph\">Contenuti:<\/p>\n\n\n\n<nav aria-label=\"Indice dei contenuti\" class=\"wp-block-table-of-contents\"><ol><li><a class=\"wp-block-table-of-contents__entry\" href=\"https:\/\/gassin.eu\/it\/informazioni-utili\/ufficio-turistico\/#periodes-et-horaires-d-ouverture-de-l-office-de-tourisme\">Orari e periodi di apertura dell&#8217;Ufficio del Turismo<\/a><\/li><li><a class=\"wp-block-table-of-contents__entry\" href=\"https:\/\/gassin.eu\/it\/informazioni-utili\/ufficio-turistico\/#politique-et-objectifs-qualite\">Politica e obiettivi della qualit\u00e0  <\/a><\/li><li><a class=\"wp-block-table-of-contents__entry\" href=\"https:\/\/gassin.eu\/it\/informazioni-utili\/ufficio-turistico\/#engagements-et-politique-qualite\">Impegni e politica della qualit\u00e0<\/a><\/li><li><a class=\"wp-block-table-of-contents__entry\" href=\"https:\/\/gassin.eu\/it\/informazioni-utili\/ufficio-turistico\/#engagements-categorie-i\">Impegni di categoria I<\/a><\/li><li><a class=\"wp-block-table-of-contents__entry\" href=\"https:\/\/gassin.eu\/it\/informazioni-utili\/ufficio-turistico\/#reseau-adn-tourisme\">Rete turistica ADN  <\/a><\/li><\/ol><\/nav>\n\n\n\n<figure class=\"wp-block-image aligncenter size-large\"><img loading=\"lazy\" decoding=\"async\" width=\"1024\" height=\"1024\" data-tippy-content=\"\u00e9quipe OTG uniformes 2023 vue mer\" src=\"https:\/\/gassin.eu\/wp-content\/uploads\/2025\/02\/equipe-OTG-uniformes-2023-vue-mer-1024x1024.jpg\" alt=\"\" class=\"wp-image-4797\" srcset=\"https:\/\/gassin.eu\/wp-content\/uploads\/2025\/02\/equipe-OTG-uniformes-2023-vue-mer-1024x1024.jpg 1024w, https:\/\/gassin.eu\/wp-content\/uploads\/2025\/02\/equipe-OTG-uniformes-2023-vue-mer-300x300.jpg 300w, https:\/\/gassin.eu\/wp-content\/uploads\/2025\/02\/equipe-OTG-uniformes-2023-vue-mer-150x150.jpg 150w, https:\/\/gassin.eu\/wp-content\/uploads\/2025\/02\/equipe-OTG-uniformes-2023-vue-mer-768x768.jpg 768w, https:\/\/gassin.eu\/wp-content\/uploads\/2025\/02\/equipe-OTG-uniformes-2023-vue-mer-125x125.jpg 125w, https:\/\/gassin.eu\/wp-content\/uploads\/2025\/02\/equipe-OTG-uniformes-2023-vue-mer.jpg 1440w\" sizes=\"auto, (max-width: 1024px) 100vw, 1024px\" \/><\/figure>\n\n\n\n<h2 class=\"wp-block-heading has-text-align-center\" id=\"periodes-et-horaires-d-ouverture-de-l-office-de-tourisme\">Orari e periodi di apertura dell&#8217;Ufficio del Turismo<a name=\"horaires\"><\/a><\/h2>\n\n\n\n<p class=\"has-text-align-center wp-block-paragraph\"><strong>Dal 1\u00b0 fine settimana di ottobre alle vacanze di Pasqua:<\/strong><\/p>\n\n\n\n<p class=\"has-text-align-center wp-block-paragraph\">Dal luned\u00ec al venerd\u00ec, dalle 9.00 alle 12.00 e dalle 14.00 alle 17.00<\/p>\n\n\n\n<p class=\"has-text-align-center wp-block-paragraph\"><strong>Dal primo giorno delle vacanze di Pasqua a met\u00e0 ottobre (fine delle Voiles de Saint-Tropez):<\/strong><\/p>\n\n\n\n<p class=\"has-text-align-center wp-block-paragraph\">Da luned\u00ec a sabato, dalle 9.00 alle 13.00 e dalle 14.00 alle 18.00<br\/>Domenica, dalle 9.00 alle 13.00<\/p>\n\n\n\n<h2 class=\"wp-block-heading\" id=\"politique-et-objectifs-qualite\">Politica e obiettivi della qualit\u00e0<br\/><a name=\"qualite\"><\/a><\/h2>\n\n\n\n<p class=\"western wp-block-paragraph\">Nel 2017, l&#8217;ufficio del turismo ha voluto impegnarsi nell&#8217;approccio Qualit\u00e9 Tourisme, guidato dal FROT, e ha iniziato ad attuare tutte le procedure. Questo impegno \u00e8 culminato nell&#8217;assegnazione della Marque Qualit\u00e9 Tourisme il 1\u00b0 dicembre 2017. <\/p>\n\n\n\n<p class=\"western wp-block-paragraph\">L&#8217;ufficio turistico ha inoltre rinnovato la propria classificazione, ottenendo lo status di categoria I il 6 febbraio 2018.<\/p>\n\n\n\n<p class=\"western wp-block-paragraph\">Sotto l&#8217;impulso del nuovo gruppo dirigente, l&#8217;Ufficio del Turismo ha intrapreso un approccio di qualit\u00e0, motivato dall&#8217;Ufficio del Turismo di Ramatuelle, inizialmente per migliorare i metodi di lavoro interni dell&#8217;organizzazione, al fine di guadagnare in efficienza. Gradualmente, la scelta \u00e8 caduta sul marchio Qualit\u00e9 Tourisme, rilasciato dallo Stato (Ministero del Turismo) ed esplicito agli occhi del grande pubblico (visitatori, operatori socio-professionali, istituzioni, ecc.). <\/p>\n\n\n\n<p class=\"western wp-block-paragraph\">Nel marzo 2017, l&#8217;ufficio del turismo ha quindi confermato il proprio impegno chiedendo un sostegno per l&#8217;ottenimento del marchio istituito dalla Federazione regionale degli uffici del turismo della regione Provenza-Alpi-Costa Azzurra.<\/p>\n\n\n\n<p class=\"western wp-block-paragraph\">Nell&#8217;ambito dell&#8217;accordo sugli obiettivi e le risorse tra l&#8217;Ufficio del Turismo di Gassin e la citt\u00e0, sono responsabile di un approccio globale alla qualit\u00e0 che si concentra su tre obiettivi principali: la soddisfazione dei clienti, i fornitori di servizi e i rappresentanti eletti.<\/p>\n\n\n\n<p class=\"western wp-block-paragraph\"><span style=\"font-size: small;\"><span style=\"font-size: medium;\"><u>Gli obiettivi di qualit\u00e0 dell&#8217;OTG sono :<\/u><\/span><\/span><\/p>\n\n\n\n<ul class=\"wp-block-list\">\n<li><p lang=\"fr-FR\" align=\"left\"><span style=\"font-size: small;\">Relazioni umane di qualit\u00e0<\/span><\/p><\/li>\n\n\n\n<li><p lang=\"fr-FR\" align=\"left\"><span style=\"font-size: small;\">Condizioni di lavoro efficienti e senza stress<\/span><\/p><\/li>\n\n\n\n<li><p lang=\"fr-FR\" align=\"left\"><span style=\"font-size: small;\">Un team competente e ben addestrato<\/span><\/p><\/li>\n<\/ul>\n\n\n\n<p class=\"western wp-block-paragraph\"><u>Per offrire servizi di qualit\u00e0 ai nostri visitatori, ci impegniamo a :<\/u><\/p>\n\n\n\n<ul class=\"wp-block-list\">\n<li><p lang=\"fr-FR\" align=\"left\"><span style=\"font-size: small;\">Migliorare l&#8217;accessibilit\u00e0 e la visibilit\u00e0 dell&#8217;Ufficio del turismo<\/span><\/p><\/li>\n\n\n\n<li><p lang=\"fr-FR\" align=\"left\"><span style=\"font-size: small;\">Facilitare l&#8217;accesso alle informazioni per tutti e in ogni momento<\/span><\/p><\/li>\n\n\n\n<li><p lang=\"fr-FR\" align=\"left\"><span style=\"font-size: small;\">Ottimizzare l&#8217;offerta e la gestione delle informazioni turistiche<\/span><\/p><\/li>\n\n\n\n<li><p lang=\"fr-FR\" align=\"left\"><span style=\"font-size: small;\">Garantire informazioni chiare, accurate e aggiornate per tutti.<\/span><\/p><\/li>\n\n\n\n<li><p lang=\"fr-FR\" align=\"left\"><span style=\"font-size: small;\">Garantire un&#8217;accoglienza calorosa e personalizzata, adeguata ai desideri e alle esigenze dei visitatori.<\/span><\/p><\/li>\n\n\n\n<li><p lang=\"fr-FR\" align=\"left\"><span style=\"font-size: small;\">Aiutare i nostri visitatori a organizzare e prenotare le loro vacanze<\/span><\/p><\/li>\n\n\n\n<li><p lang=\"fr-FR\" align=\"left\"><span style=\"font-size: small;\">Dare voce ai nostri visitatori in modo che possano contribuire al miglioramento continuo dei nostri servizi.<\/span><\/p><\/li>\n<\/ul>\n\n\n\n<p class=\"western wp-block-paragraph\"><u>Per offrire servizi di qualit\u00e0 ai nostri partner, ci impegniamo a :<\/u><\/p>\n\n\n\n<ul class=\"wp-block-list\">\n<li><p lang=\"fr-FR\" align=\"left\"><span style=\"font-size: small;\">Strutturare, qualificare, promuovere e vendere l&#8217;offerta turistica della regione.<\/span><\/p><\/li>\n\n\n\n<li><p lang=\"fr-FR\" align=\"left\"><span style=\"font-size: small;\">Monitoraggio e sensibilizzazione della regione<\/span><\/p><\/li>\n\n\n\n<li><p lang=\"fr-FR\" align=\"left\"><span style=\"font-size: small;\">Sfruttare al meglio le risorse locali<\/span><\/p><\/li>\n\n\n\n<li><p lang=\"fr-FR\" align=\"left\"><span style=\"font-size: small;\">Proporre iniziative di collaborazione per stimolare l&#8217;attivit\u00e0 economica locale.<\/span><\/p><\/li>\n\n\n\n<li><p lang=\"fr-FR\" align=\"left\"><span style=\"font-size: small;\">Fornire a ciascun partner gli strumenti necessari per informare i propri clienti.<\/span><\/p><\/li>\n\n\n\n<li><p lang=\"fr-FR\" align=\"left\"><span style=\"font-size: small;\">Sensibilizzare i partner alle nuove tendenze e agli sviluppi del mondo del turismo.<\/span><\/p><\/li>\n\n\n\n<li><p lang=\"fr-FR\" align=\"left\"><span style=\"font-size: small;\">Lavorare con le reti turistiche locali e regionali<\/span><\/p><\/li>\n<\/ul>\n\n\n\n<p class=\"western wp-block-paragraph\">Nell&#8217;ambito dell&#8217;accordo sugli obiettivi e sulle risorse, io, R\u00e9mi Potier-Saffroy, Direttore dell&#8217;Ufficio del Turismo di Gassin, mi impegno, in qualit\u00e0 di pilota di un approccio globale, a definire i nostri impegni in termini di qualit\u00e0 e ad aggiornarlo almeno ogni 3 anni, a comunicarlo al personale (via e-mail) e ai partner (sito web e piattaforma), a definire un piano d&#8217;azione annuale specificato nel business plan annuale e a redigere una valutazione annuale delle azioni (finanziaria, qualitativa e quantitativa) nell&#8217;ambito della relazione annuale sul business.<\/p>\n\n\n\n<p class=\"western wp-block-paragraph\">Gli obiettivi della nostra politica di qualit\u00e0 sono molteplici e non si limitano all&#8217;accoglienza dei visitatori.<\/p>\n\n\n\n<p class=\"western wp-block-paragraph\">I membri del Consiglio di fabbrica e la Direzione si impegnano pertanto a :<\/p>\n\n\n\n<ul class=\"wp-block-list\">\n<li><p lang=\"fr-FR\" align=\"justify\"><span style=\"font-size: small;\">Rimanere un ufficio turistico locale che promuove le persone, non i profitti<\/span><\/p><\/li>\n\n\n\n<li><p lang=\"fr-FR\" align=\"justify\"><span style=\"font-size: small;\">Promuovere la scoperta del Var<\/span><\/p><\/li>\n\n\n\n<li><p lang=\"fr-FR\" align=\"justify\"><span style=\"font-size: small;\">Ascoltare i clienti, concentrandosi sulle loro aspettative e richieste.<\/span><\/p><\/li>\n\n\n\n<li><p lang=\"fr-FR\" align=\"justify\"><span style=\"font-size: small;\">Rimanere impegnati nel miglioramento continuo.<\/span><\/p><\/li>\n<\/ul>\n\n\n\n<p class=\"western wp-block-paragraph\">Per garantire il coordinamento e il dinamismo dell&#8217;approccio, la signora Min\u00e9o Marilyne, consulente per le vacanze, \u00e8 stata nominata responsabile della qualit\u00e0. Si impegna a monitorare l&#8217;attuazione dell&#8217;approccio, a verificare l&#8217;effettiva applicazione delle procedure da parte di tutto il personale e a formulare proposte, in consultazione con l&#8217;intero team, per migliorare l&#8217;organizzazione da attuare. <\/p>\n\n\n\n<p class=\"western wp-block-paragraph\">Inoltre, in qualit\u00e0 di Direttore, voglio migliorare la mia gestione per fornire ai miei collaboratori un quadro, strumenti e supporto migliori. Conto sul coinvolgimento di tutti per raggiungere questo risultato, che garantir\u00e0 la nostra professionalit\u00e0 e il riconoscimento dei nostri partner. <\/p>\n\n\n\n<p class=\"western wp-block-paragraph\">Mi impegno quindi a sostenere il mio team a tutti i livelli per raggiungere questo risultato.<\/p>\n\n\n\n<p class=\"western wp-block-paragraph\">R\u00e9mi Potier-Saffroy, Direttore.<\/p>\n\n\n\n<figure class=\"wp-block-image aligncenter\"><img loading=\"lazy\" decoding=\"async\" width=\"300\" height=\"300\" data-tippy-content=\"Destination E_400x400\" src=\"https:\/\/gassin.eu\/wp-content\/uploads\/2024\/07\/Destination-E_400x400-300x300.jpg\" alt=\"\" class=\"wp-image-4569\" srcset=\"https:\/\/gassin.eu\/wp-content\/uploads\/2024\/07\/Destination-E_400x400-300x300.jpg 300w, https:\/\/gassin.eu\/wp-content\/uploads\/2024\/07\/Destination-E_400x400-150x150.jpg 150w, https:\/\/gassin.eu\/wp-content\/uploads\/2024\/07\/Destination-E_400x400-125x125.jpg 125w, https:\/\/gassin.eu\/wp-content\/uploads\/2024\/07\/Destination-E_400x400.jpg 400w\" sizes=\"auto, (max-width: 300px) 100vw, 300px\" \/><\/figure>\n\n\n\n<h2 class=\"wp-block-heading\" id=\"engagements-et-politique-qualite\">Impegni e politica della qualit\u00e0<\/h2>\n\n\n\n<p class=\"wp-block-paragraph\">Alla sua apertura, nell&#8217;aprile 2016, la direzione dell&#8217;Ufficio del Turismo di Gassin ha deciso di intraprendere un&#8217;iniziativa di qualit\u00e0. Sono stati messi in atto strumenti per scoprire cosa si aspettano i visitatori, come si sentono e quali problemi incontrano, in modo da poter migliorare il servizio. <\/p>\n\n\n\n<p class=\"wp-block-paragraph\">Nell&#8217;ottica di migliorare gli indicatori che creiamo e di inserirci in un approccio generale adottato dagli uffici turistici francesi, nel 2017 abbiamo aderito a un ciclo di formazione con l&#8217;obiettivo di ottenere il marchio Qualit\u00e9 Tourisme.<\/p>\n\n\n\n<p class=\"wp-block-paragraph\">Questo approccio ha permesso all&#8217;ufficio di organizzarsi intorno a un processo riconosciuto, garantendo un servizio di qualit\u00e0 ai visitatori, basato su alcuni punti chiave: un&#8217;accoglienza calorosa da parte di personale attento che conosce le lingue straniere, servizi personalizzati e informazioni chiare e precise in locali puliti e confortevoli. L&#8217;obiettivo \u00e8 quello di aiutare i visitatori a scoprire Gassin come destinazione. <\/p>\n\n\n\n<p class=\"wp-block-paragraph\">Il marchio Destinazione d&#8217;eccellenza \u00e8 stato concepito per migliorare la qualit\u00e0 dell&#8217;intera gamma di servizi turistici: alloggi, ristoranti, strutture per i visitatori e per il tempo libero, punti di informazione turistica (in particolare gli uffici turistici) e trasporti.  <strong>Ha sostituito il marchio &#8220;Qualit\u00e9 Tourisme&#8221; dal maggio 2024. Per maggiori informazioni su questo marchio, cliccate qui:   <\/strong><a href=\"https:\/\/www.atout-france.fr\/fr\/destination-dexcellence.\">https:\/\/www.atout-france.fr\/fr\/destination-dexcellence.<\/a><\/p>\n\n\n\n<h2 class=\"wp-block-heading\" id=\"engagements-categorie-i\">Impegni di categoria I<a name=\"categorie\"><\/a><\/h2>\n\n\n\n<p class=\"wp-block-paragraph\"><em>L&#8217;Ufficio del Turismo di Gassin \u00e8 classificato di categoria I.<\/em><\/p>\n\n\n\n<p class=\"wp-block-paragraph\"><em>In virt\u00f9 di questa classificazione, assegnata dal Prefetto del Var, ci impegniamo a :<\/em><\/p>\n\n\n\n<p class=\"wp-block-paragraph\">Fornire un&#8217;area di accoglienza e di informazione facilmente accessibile.<\/p>\n\n\n\n<ul class=\"wp-block-list\">\n<li>Rendere pi\u00f9 facile per voi fare affari con noi.<\/li>\n\n\n\n<li>Mobili per sedersi comodamente.<\/li>\n\n\n\n<li>Informazioni gratuite sulle attrazioni turistiche locali.<\/li>\n\n\n\n<li>Esporre e pubblicizzare gli orari di apertura in almeno due lingue straniere.<\/li>\n\n\n\n<li>Essere aperti per almeno 305 giorni all&#8217;anno, compresi i sabati e le domeniche durante la stagione turistica o di intrattenimento.<\/li>\n\n\n\n<li>Rispondere alle vostre lettere tutto l&#8217;anno.<\/li>\n\n\n\n<li>Fornire un servizio di accoglienza permanente con personale che parli almeno una lingua straniera.<\/li>\n\n\n\n<li>Fornire mappe, piani e guide turistiche in formato cartaceo.<\/li>\n\n\n\n<li>Vi d\u00e0 accesso al suo sito web trilingue dedicato, adattato per la consultazione tramite i supporti di bordo.<\/li>\n\n\n\n<li>Distribuire informazioni turistiche in forma cartacea, tradotte in almeno due lingue straniere:\n<ul class=\"wp-block-list\">\n<li><span style=\"font-size: small;\">a tutte le strutture ricettive classificate, includendo almeno il nome della struttura, l&#8217;indirizzo postale, l&#8217;indirizzo e-mail, l&#8217;indirizzo del sito web, il numero di telefono e il livello di classificazione;<\/span><\/li>\n\n\n\n<li><span style=\"font-size: small;\">monumenti e siti per il turismo culturale, naturale o del tempo libero, che possono includere informazioni sulle tariffe per gli utenti, gli orari e i periodi di apertura al pubblico, il sito web e i recapiti telefonici e postali;<\/span><\/li>\n\n\n\n<li><span style=\"font-size: small;\">eventi e attivit\u00e0;<\/span><\/li>\n\n\n\n<li><span style=\"font-size: small;\">numeri telefonici di emergenza.<\/span><\/li>\n<\/ul>\n<\/li>\n\n\n\n<li>Aggiornare annualmente le informazioni turistiche.<\/li>\n\n\n\n<li>Affiggere all&#8217;esterno i numeri telefonici di emergenza.<\/li>\n\n\n\n<li>Presentare l&#8217;intera gamma di servizi qualificati disponibili nella zona per tutti i gruppi di clienti.<\/li>\n\n\n\n<li>Vi d\u00e0 accesso alla disponibilit\u00e0 di alloggi classificati.<\/li>\n\n\n\n<li>Gestire i vostri reclami e misurare la vostra soddisfazione.<\/li>\n\n\n\n<li>Offrire un servizio di informazione turistica che incorpori le nuove tecnologie dell&#8217;informazione e della comunicazione (social network, telefonia mobile, geolocalizzazione, ecc.).<\/li>\n\n\n\n<li>Rispettare i requisiti del marchio Destination D<span style=\"font-family: Liberation\\ Serif, serif;\">&#8216;excellence\u00a9<\/span>.<\/li>\n\n\n\n<li>Fornirvi un consulente di viaggio*.<\/li>\n\n\n\n<li>Assicurare che le informazioni sull&#8217;offerta turistica locale siano affidabili e aggiornate.<\/li>\n\n\n\n<li>Aggiornamento dei dati sull&#8217;offerta turistica nella propria area geografica di attivit\u00e0<\/li>\n<\/ul>\n\n\n\n<h2 class=\"wp-block-heading\" id=\"reseau-adn-tourisme\">Rete turistica ADN<br\/><a name=\"otf\"><\/a><\/h2>\n\n\n\n<p class=\"wp-block-paragraph\"><em>L&#8217;Ufficio del Turismo di Gassin \u00e8 membro di ADN Tourisme, che riunisce <\/em><strong>tre storiche federazioni di operatori turistici istituzionali<\/strong>: Offices de Tourisme de France, Tourisme &amp; Territoires e Destination R\u00e9gions.<\/p>\n\n\n\n<figure class=\"wp-block-image aligncenter\"><img loading=\"lazy\" decoding=\"async\" width=\"300\" height=\"182\" data-tippy-content=\"adn-logo-2024-1\" src=\"https:\/\/gassin.eu\/wp-content\/uploads\/2024\/07\/adn-logo-2024-1-300x182.png\" alt=\"\" class=\"wp-image-4564\" srcset=\"https:\/\/gassin.eu\/wp-content\/uploads\/2024\/07\/adn-logo-2024-1-300x182.png 300w, https:\/\/gassin.eu\/wp-content\/uploads\/2024\/07\/adn-logo-2024-1.png 469w\" sizes=\"auto, (max-width: 300px) 100vw, 300px\" \/><\/figure>\n<\/div>\n","protected":false},"excerpt":{"rendered":"<p>L&#8217;Ufficio del Turismo di Gassin, situato nel cuore della penisola del Golfo di Saint-Tropez, ha aperto le sue porte il 1\u00b0 aprile 20216 e ha accolto oltre 150.000 visitatori dalla sua apertura. Questo servizio amministrativo pubblico opera in modo autonomo sotto il municipio e attualmente impiega 5 dipendenti. Classificato come categoria I all&#8217;inizio del 2018,&#8230;<\/p>\n","protected":false},"author":7,"featured_media":0,"parent":119,"menu_order":97,"comment_status":"closed","ping_status":"closed","template":"","meta":{"_acf_changed":false,"_crdt_document":"","footnotes":""},"class_list":["post-220","page","type-page","status-publish","hentry"],"acf":[],"_links":{"self":[{"href":"https:\/\/gassin.eu\/it\/wp-json\/wp\/v2\/pages\/220","targetHints":{"allow":["GET"]}}],"collection":[{"href":"https:\/\/gassin.eu\/it\/wp-json\/wp\/v2\/pages"}],"about":[{"href":"https:\/\/gassin.eu\/it\/wp-json\/wp\/v2\/types\/page"}],"author":[{"embeddable":true,"href":"https:\/\/gassin.eu\/it\/wp-json\/wp\/v2\/users\/7"}],"replies":[{"embeddable":true,"href":"https:\/\/gassin.eu\/it\/wp-json\/wp\/v2\/comments?post=220"}],"version-history":[{"count":16,"href":"https:\/\/gassin.eu\/it\/wp-json\/wp\/v2\/pages\/220\/revisions"}],"predecessor-version":[{"id":5338,"href":"https:\/\/gassin.eu\/it\/wp-json\/wp\/v2\/pages\/220\/revisions\/5338"}],"up":[{"embeddable":true,"href":"https:\/\/gassin.eu\/it\/wp-json\/wp\/v2\/pages\/119"}],"wp:attachment":[{"href":"https:\/\/gassin.eu\/it\/wp-json\/wp\/v2\/media?parent=220"}],"curies":[{"name":"wp","href":"https:\/\/api.w.org\/{rel}","templated":true}]}}