{"id":5035,"date":"2025-06-29T17:53:51","date_gmt":"2025-06-29T15:53:51","guid":{"rendered":"https:\/\/gassin.eu\/informazioni-legali\/"},"modified":"2025-06-29T18:20:47","modified_gmt":"2025-06-29T16:20:47","slug":"informazioni-legali","status":"publish","type":"page","link":"https:\/\/gassin.eu\/it\/informazioni-legali\/","title":{"rendered":"Informazioni legali"},"content":{"rendered":"\n<div class=\"wp-block-group is-layout-constrained wp-block-group-is-layout-constrained\">\n<p class=\"wp-block-paragraph\"><strong>Proprietario del sito web <a href=\"https:\/\/gassin.eu\/\">gassin.eu<\/a>:<\/strong><br\/>OFFICE DE TOURISME DE GASSIN<br\/>20 place L\u00e9on Martel<br\/>83580 Gassin<br\/>Tel. +33 (0)4 98 11 56 51<\/p>\n\n\n\n<p class=\"wp-block-paragraph\"><strong>Produzione del sito web:<\/strong><br\/>Franck M\u00e9zi\u00e8re &#8211; Webdesign e sviluppo &#8211; <a href=\"http:\/\/meziere.net\">meziere.net<\/a><\/p>\n\n\n\n<p class=\"wp-block-paragraph\"><strong>Musica dalla segreteria telefonica:<\/strong> Titolo: <a href=\"https:\/\/auboutdufil.com\/?id=610\">Stay With Me<\/a>, Autore: <a href=\"https:\/\/soundcloud.com\/rexlambo*\">Rexlambo<\/a>. Licenza: <a href=\"https:\/\/creativecommons.org\/licenses\/by\/3.0\/deed.fr\">https:\/\/creativecommons.org\/licenses\/by\/3.0\/deed.fr.<\/a> <\/p>\n\n\n\n<p class=\"wp-block-paragraph\"><strong>Fotografie:<\/strong> e.bertrand, Guillaume Voiturier, Aurelien Ferriere, Ufficio del Turismo di Gassin<\/p>\n\n\n\n<p class=\"wp-block-paragraph\">Questo sito web \u00e8 una creazione intellettuale originale ed \u00e8 pertanto protetto da copyright. Anche il suo contenuto \u00e8 protetto da diritti di propriet\u00e0 intellettuale e\/o industriale. Chiunque violi i diritti di propriet\u00e0 intellettuale connessi ai vari oggetti presenti su questo sito si rende colpevole del reato di contraffazione ed \u00e8 passibile delle sanzioni penali previste dalla legge.  <\/p>\n\n\n\n<p class=\"wp-block-paragraph\">Trattamento dei dati:<br\/>Le informazioni raccolte sono trattate elettronicamente allo scopo di rispondere all&#8217;utente.<\/p>\n\n\n\n<p class=\"wp-block-paragraph\">Ai sensi della legge francese sulla protezione dei dati personali del 6 gennaio 1978, modificata nel 2004, avete il diritto di accedere e rettificare le informazioni in vostro possesso. Potete esercitare questo diritto rivolgendovi all&#8217;Ufficio del Turismo &#8211; 20 place L\u00e9on Martel &#8211; 83580 Gassin.<\/p>\n\n\n\n<p class=\"wp-block-paragraph\">Potete anche, per motivi legittimi, opporvi al trattamento dei vostri dati.<\/p>\n<\/div>\n","protected":false},"excerpt":{"rendered":"<p>Proprietario del sito web gassin.eu:OFFICE DE TOURISME DE GASSIN20 place L\u00e9on Martel83580 GassinTel. +33 (0)4 98 11 56 51 Produzione del sito web:Franck M\u00e9zi\u00e8re &#8211; Webdesign e sviluppo &#8211; meziere.net Musica dalla segreteria telefonica: Titolo: Stay With Me, Autore: Rexlambo. Licenza: https:\/\/creativecommons.org\/licenses\/by\/3.0\/deed.fr. Fotografie: e.bertrand, Guillaume Voiturier, Aurelien Ferriere, Ufficio del Turismo di Gassin Questo sito&#8230;<\/p>\n","protected":false},"author":6,"featured_media":0,"parent":0,"menu_order":47,"comment_status":"closed","ping_status":"closed","template":"","meta":{"_acf_changed":false,"_crdt_document":"","footnotes":""},"class_list":["post-5035","page","type-page","status-publish","hentry"],"acf":[],"_links":{"self":[{"href":"https:\/\/gassin.eu\/it\/wp-json\/wp\/v2\/pages\/5035","targetHints":{"allow":["GET"]}}],"collection":[{"href":"https:\/\/gassin.eu\/it\/wp-json\/wp\/v2\/pages"}],"about":[{"href":"https:\/\/gassin.eu\/it\/wp-json\/wp\/v2\/types\/page"}],"author":[{"embeddable":true,"href":"https:\/\/gassin.eu\/it\/wp-json\/wp\/v2\/users\/6"}],"replies":[{"embeddable":true,"href":"https:\/\/gassin.eu\/it\/wp-json\/wp\/v2\/comments?post=5035"}],"version-history":[{"count":1,"href":"https:\/\/gassin.eu\/it\/wp-json\/wp\/v2\/pages\/5035\/revisions"}],"predecessor-version":[{"id":5036,"href":"https:\/\/gassin.eu\/it\/wp-json\/wp\/v2\/pages\/5035\/revisions\/5036"}],"wp:attachment":[{"href":"https:\/\/gassin.eu\/it\/wp-json\/wp\/v2\/media?parent=5035"}],"curies":[{"name":"wp","href":"https:\/\/api.w.org\/{rel}","templated":true}]}}